
{"id":21512,"date":"2022-07-11T11:05:19","date_gmt":"2022-07-11T09:05:19","guid":{"rendered":"https:\/\/www.comercialanma.es\/?post_type=product&#038;p=21512"},"modified":"2022-07-11T11:21:43","modified_gmt":"2022-07-11T09:21:43","slug":"woodford-rye-reserve","status":"publish","type":"product","link":"https:\/\/www.comercialanma.es\/?product=woodford-rye-reserve","title":{"rendered":"Woodford Rye Reserve 70cl."},"content":{"rendered":"<h3>Nota de cata:<\/h3>\n<h3 class=\"c-type c-type--link u-mb8 u-mt20\">NARIZ<\/h3>\n<ul>\n<li class=\"c-type c-type--body\">Especiado con notas distintivas de centeno, pimienta negra, cedro y corteza de casia endulzado con una capa de mazap\u00e1n.\u00a0Toques de pera, manzana y almendra bailan en sus profundidades.<\/li>\n<\/ul>\n<h3 class=\"c-type c-type--link u-mb8 u-mt20\">GUSTO<\/h3>\n<ul>\n<li class=\"c-type c-type--body\">Clavo, centeno, menta, melaza, sorgo y miel se mezclan con toques de manzana y malta.<\/li>\n<\/ul>\n<h3 class=\"c-type c-type--link u-mb8 u-mt20\">FINALIZAR<\/h3>\n<ul>\n<li class=\"c-type c-type--body\">Largo y dulcemente especiado<\/li>\n<\/ul>\n<h3>Graduaci\u00f3n:<\/h3>\n<ul>\n<li>45,2% vol.<\/li>\n<\/ul>\n","protected":false},"excerpt":{"rendered":"<div>Woodford Reserve Kentucky Straight Rye Whiskey 1L 45.2%vol. es un whisky de centeno elaborado utilizando el m\u00e9todo tradicional de Kentucky, con una mezcla dominada, como no pod\u00eda ser de otra manera, por el centeno. El destilado se presenta con car\u00e1cter, con potentes especias delante que dan paso a hoja de tabaco arom\u00e1tica, mazap\u00e1n, pera, cedro y recuerdos dulces de miel y que dejan en boca un persistente roble especiado.<\/div>\n<p>&nbsp;<\/p>\n","protected":false},"featured_media":21513,"template":"","meta":{"spay_email":""},"yoast_head":"<!-- This site is optimized with the Yoast SEO plugin v15.9 - https:\/\/yoast.com\/wordpress\/plugins\/seo\/ -->\n<title>Woodford Rye Reserve 70cl. - Comercial de Hosteleria Anma<\/title>\n<meta name=\"description\" content=\"Woodford Rye Reserve | 70cl.| 45,2\u00ba | Whisky de centeno elaborado utilizando el m\u00e9todo tradicional de Kentucky.\" \/>\n<meta name=\"robots\" content=\"index, follow, max-snippet:-1, max-image-preview:large, max-video-preview:-1\" \/>\n<link rel=\"canonical\" href=\"https:\/\/www.comercialanma.es\/?product=woodford-rye-reserve\" \/>\n<meta property=\"og:locale\" content=\"es_ES\" \/>\n<meta property=\"og:type\" content=\"article\" \/>\n<meta property=\"og:title\" content=\"Woodford Rye Reserve 70cl. - Comercial de Hosteleria Anma\" \/>\n<meta property=\"og:description\" content=\"Woodford Rye Reserve | 70cl.| 45,2\u00ba | Whisky de centeno elaborado utilizando el m\u00e9todo tradicional de Kentucky.\" \/>\n<meta property=\"og:url\" content=\"https:\/\/www.comercialanma.es\/?product=woodford-rye-reserve\" \/>\n<meta property=\"og:site_name\" content=\"Comercial de Hosteleria Anma\" \/>\n<meta property=\"article:publisher\" content=\"https:\/\/www.facebook.com\/AnmaHosteleria\" \/>\n<meta property=\"article:modified_time\" content=\"2022-07-11T09:21:43+00:00\" \/>\n<meta property=\"og:image\" content=\"https:\/\/i1.wp.com\/www.comercialanma.es\/wp-content\/uploads\/2022\/07\/Woodford-rye-reserva.jpg?fit=1080%2C1080&#038;ssl=1\" \/>\n\t<meta property=\"og:image:width\" content=\"1080\" \/>\n\t<meta property=\"og:image:height\" content=\"1080\" \/>\n<meta name=\"twitter:card\" content=\"summary_large_image\" \/>\n<meta name=\"twitter:label1\" content=\"Tiempo de lectura\">\n\t<meta name=\"twitter:data1\" content=\"1 minuto\">\n<script type=\"application\/ld+json\" class=\"yoast-schema-graph\">{\"@context\":\"https:\/\/schema.org\",\"@graph\":[{\"@type\":\"Organization\",\"@id\":\"https:\/\/www.comercialanma.es\/#organization\",\"name\":\"Comercial Anma\",\"url\":\"https:\/\/www.comercialanma.es\/\",\"sameAs\":[\"https:\/\/www.facebook.com\/AnmaHosteleria\",\"https:\/\/www.instagram.com\/anmahosteleria\/?hl=es\",\"https:\/\/www.youtube.com\/channel\/UCT2nmn08Ntks0hmpZPnDgCA\"],\"logo\":{\"@type\":\"ImageObject\",\"@id\":\"https:\/\/www.comercialanma.es\/#logo\",\"inLanguage\":\"es\",\"url\":\"https:\/\/i2.wp.com\/www.comercialanma.es\/wp-content\/uploads\/2019\/06\/logo-anma-color.png?fit=247%2C101&ssl=1\",\"width\":247,\"height\":101,\"caption\":\"Comercial Anma\"},\"image\":{\"@id\":\"https:\/\/www.comercialanma.es\/#logo\"}},{\"@type\":\"WebSite\",\"@id\":\"https:\/\/www.comercialanma.es\/#website\",\"url\":\"https:\/\/www.comercialanma.es\/\",\"name\":\"Comercial de Hosteleria Anma\",\"description\":\"\",\"publisher\":{\"@id\":\"https:\/\/www.comercialanma.es\/#organization\"},\"potentialAction\":[{\"@type\":\"SearchAction\",\"target\":\"https:\/\/www.comercialanma.es\/?s={search_term_string}\",\"query-input\":\"required name=search_term_string\"}],\"inLanguage\":\"es\"},{\"@type\":\"ImageObject\",\"@id\":\"https:\/\/www.comercialanma.es\/?product=woodford-rye-reserve#primaryimage\",\"inLanguage\":\"es\",\"url\":\"https:\/\/i1.wp.com\/www.comercialanma.es\/wp-content\/uploads\/2022\/07\/Woodford-rye-reserva.jpg?fit=1080%2C1080&ssl=1\",\"width\":1080,\"height\":1080},{\"@type\":\"WebPage\",\"@id\":\"https:\/\/www.comercialanma.es\/?product=woodford-rye-reserve#webpage\",\"url\":\"https:\/\/www.comercialanma.es\/?product=woodford-rye-reserve\",\"name\":\"Woodford Rye Reserve 70cl. - Comercial de Hosteleria Anma\",\"isPartOf\":{\"@id\":\"https:\/\/www.comercialanma.es\/#website\"},\"primaryImageOfPage\":{\"@id\":\"https:\/\/www.comercialanma.es\/?product=woodford-rye-reserve#primaryimage\"},\"datePublished\":\"2022-07-11T09:05:19+00:00\",\"dateModified\":\"2022-07-11T09:21:43+00:00\",\"description\":\"Woodford Rye Reserve | 70cl.| 45,2\\u00ba | Whisky de centeno elaborado utilizando el m\\u00e9todo tradicional de Kentucky.\",\"breadcrumb\":{\"@id\":\"https:\/\/www.comercialanma.es\/?product=woodford-rye-reserve#breadcrumb\"},\"inLanguage\":\"es\",\"potentialAction\":[{\"@type\":\"ReadAction\",\"target\":[\"https:\/\/www.comercialanma.es\/?product=woodford-rye-reserve\"]}]},{\"@type\":\"BreadcrumbList\",\"@id\":\"https:\/\/www.comercialanma.es\/?product=woodford-rye-reserve#breadcrumb\",\"itemListElement\":[{\"@type\":\"ListItem\",\"position\":1,\"item\":{\"@type\":\"WebPage\",\"@id\":\"https:\/\/www.comercialanma.es\/\",\"url\":\"https:\/\/www.comercialanma.es\/\",\"name\":\"Portada\"}},{\"@type\":\"ListItem\",\"position\":2,\"item\":{\"@type\":\"WebPage\",\"@id\":\"https:\/\/www.comercialanma.es\/?page_id=3963\",\"url\":\"https:\/\/www.comercialanma.es\/?page_id=3963\",\"name\":\"Cat\\u00e1logo de Productos\"}},{\"@type\":\"ListItem\",\"position\":3,\"item\":{\"@type\":\"WebPage\",\"@id\":\"https:\/\/www.comercialanma.es\/?product=woodford-rye-reserve\",\"url\":\"https:\/\/www.comercialanma.es\/?product=woodford-rye-reserve\",\"name\":\"Woodford Rye Reserve 70cl.\"}}]}]}<\/script>\n<!-- \/ Yoast SEO plugin. -->","_links":{"self":[{"href":"https:\/\/www.comercialanma.es\/index.php?rest_route=\/wp\/v2\/product\/21512"}],"collection":[{"href":"https:\/\/www.comercialanma.es\/index.php?rest_route=\/wp\/v2\/product"}],"about":[{"href":"https:\/\/www.comercialanma.es\/index.php?rest_route=\/wp\/v2\/types\/product"}],"version-history":[{"count":2,"href":"https:\/\/www.comercialanma.es\/index.php?rest_route=\/wp\/v2\/product\/21512\/revisions"}],"predecessor-version":[{"id":21515,"href":"https:\/\/www.comercialanma.es\/index.php?rest_route=\/wp\/v2\/product\/21512\/revisions\/21515"}],"wp:featuredmedia":[{"embeddable":true,"href":"https:\/\/www.comercialanma.es\/index.php?rest_route=\/wp\/v2\/media\/21513"}],"wp:attachment":[{"href":"https:\/\/www.comercialanma.es\/index.php?rest_route=%2Fwp%2Fv2%2Fmedia&parent=21512"}],"curies":[{"name":"wp","href":"https:\/\/api.w.org\/{rel}","templated":true}]}}