
{"id":21555,"date":"2022-07-12T16:30:14","date_gmt":"2022-07-12T14:30:14","guid":{"rendered":"https:\/\/www.comercialanma.es\/?post_type=product&#038;p=21555"},"modified":"2022-07-12T16:40:37","modified_gmt":"2022-07-12T14:40:37","slug":"801-street","status":"publish","type":"product","link":"https:\/\/www.comercialanma.es\/?product=801-street","title":{"rendered":"801 Street Gin 70cl."},"content":{"rendered":"<ul>\n<li>Marca: Gin Street 801<\/li>\n<li>Alcohol: 40,0% vol.<\/li>\n<li>Volumen: 70cl.<\/li>\n<\/ul>\n<h3>Nota de cata:<\/h3>\n<div class=\"elementor-element elementor-element-1e47ab52 elementor-view-default elementor-vertical-align-top elementor-widget elementor-widget-icon-box\" data-id=\"1e47ab52\" data-element_type=\"widget\" data-widget_type=\"icon-box.default\">\n<div class=\"elementor-widget-container\">\n<div class=\"elementor-icon-box-wrapper\">\n<div class=\"elementor-icon-box-content\">\n<ul>\n<li class=\"elementor-icon-box-title\">Color transparente y brillante. Aromas frescos, notas de enebro.<\/li>\n<li class=\"elementor-icon-box-title\">En boca suave, seca, con notas de canela, cardamomo y c\u00edtricos<\/li>\n<\/ul>\n<\/div>\n<\/div>\n<\/div>\n<\/div>\n","protected":false},"excerpt":{"rendered":"<p>En 1650 naci\u00f3 la receta original de la Ginebra. En la legendaria calle 801 de Londres, Franciscus Sylvius guard\u00f3 en secreto durante a\u00f1os su querida formula.<\/p>\n<p>Elaborada a base de ma\u00edz, centeno y cebada. Posteriormente, el enebro se macera en este alcohol, y finalmente se destila. La ginebra tiene un delicioso y cl\u00e1sico sabor a ginebra con una fuerte nota de enebro, pero a\u00fan as\u00ed es suave y arom\u00e1tica, exactamente como deber\u00eda ser una ginebra cl\u00e1sica s\u00faper premium. 801 Gin St es la \u00fanica ginebra en el mundo que conserva los matices y aromas de esta centenaria receta.<\/p>\n<p>Una ginebra seca cl\u00e1sica.<\/p>\n<p>&nbsp;<\/p>\n<p>&nbsp;<\/p>\n","protected":false},"featured_media":21556,"template":"","meta":{"spay_email":""},"yoast_head":"<!-- This site is optimized with the Yoast SEO plugin v15.9 - https:\/\/yoast.com\/wordpress\/plugins\/seo\/ -->\n<title>801 Street Gin 70cl. - Comercial de Hosteleria Anma<\/title>\n<meta name=\"description\" content=\"801 Gin | 70cl. | 801 Gin St. \u00fanica ginebra en el mundo que conserva los matices y aromas de esta centenaria receta.\" \/>\n<meta name=\"robots\" content=\"index, follow, max-snippet:-1, max-image-preview:large, max-video-preview:-1\" \/>\n<link rel=\"canonical\" href=\"https:\/\/www.comercialanma.es\/?product=801-street\" \/>\n<meta property=\"og:locale\" content=\"es_ES\" \/>\n<meta property=\"og:type\" content=\"article\" \/>\n<meta property=\"og:title\" content=\"801 Street Gin 70cl. - Comercial de Hosteleria Anma\" \/>\n<meta property=\"og:description\" content=\"801 Gin | 70cl. | 801 Gin St. \u00fanica ginebra en el mundo que conserva los matices y aromas de esta centenaria receta.\" \/>\n<meta property=\"og:url\" content=\"https:\/\/www.comercialanma.es\/?product=801-street\" \/>\n<meta property=\"og:site_name\" content=\"Comercial de Hosteleria Anma\" \/>\n<meta property=\"article:publisher\" content=\"https:\/\/www.facebook.com\/AnmaHosteleria\" \/>\n<meta property=\"article:modified_time\" content=\"2022-07-12T14:40:37+00:00\" \/>\n<meta property=\"og:image\" content=\"https:\/\/i0.wp.com\/www.comercialanma.es\/wp-content\/uploads\/2022\/07\/801-street-gin.jpg?fit=1080%2C1080&#038;ssl=1\" \/>\n\t<meta property=\"og:image:width\" content=\"1080\" \/>\n\t<meta property=\"og:image:height\" content=\"1080\" \/>\n<meta name=\"twitter:card\" content=\"summary_large_image\" \/>\n<meta name=\"twitter:label1\" content=\"Tiempo de lectura\">\n\t<meta name=\"twitter:data1\" content=\"1 minuto\">\n<script type=\"application\/ld+json\" class=\"yoast-schema-graph\">{\"@context\":\"https:\/\/schema.org\",\"@graph\":[{\"@type\":\"Organization\",\"@id\":\"https:\/\/www.comercialanma.es\/#organization\",\"name\":\"Comercial Anma\",\"url\":\"https:\/\/www.comercialanma.es\/\",\"sameAs\":[\"https:\/\/www.facebook.com\/AnmaHosteleria\",\"https:\/\/www.instagram.com\/anmahosteleria\/?hl=es\",\"https:\/\/www.youtube.com\/channel\/UCT2nmn08Ntks0hmpZPnDgCA\"],\"logo\":{\"@type\":\"ImageObject\",\"@id\":\"https:\/\/www.comercialanma.es\/#logo\",\"inLanguage\":\"es\",\"url\":\"https:\/\/i2.wp.com\/www.comercialanma.es\/wp-content\/uploads\/2019\/06\/logo-anma-color.png?fit=247%2C101&ssl=1\",\"width\":247,\"height\":101,\"caption\":\"Comercial Anma\"},\"image\":{\"@id\":\"https:\/\/www.comercialanma.es\/#logo\"}},{\"@type\":\"WebSite\",\"@id\":\"https:\/\/www.comercialanma.es\/#website\",\"url\":\"https:\/\/www.comercialanma.es\/\",\"name\":\"Comercial de Hosteleria Anma\",\"description\":\"\",\"publisher\":{\"@id\":\"https:\/\/www.comercialanma.es\/#organization\"},\"potentialAction\":[{\"@type\":\"SearchAction\",\"target\":\"https:\/\/www.comercialanma.es\/?s={search_term_string}\",\"query-input\":\"required name=search_term_string\"}],\"inLanguage\":\"es\"},{\"@type\":\"ImageObject\",\"@id\":\"https:\/\/www.comercialanma.es\/?product=801-street#primaryimage\",\"inLanguage\":\"es\",\"url\":\"https:\/\/i0.wp.com\/www.comercialanma.es\/wp-content\/uploads\/2022\/07\/801-street-gin.jpg?fit=1080%2C1080&ssl=1\",\"width\":1080,\"height\":1080},{\"@type\":\"WebPage\",\"@id\":\"https:\/\/www.comercialanma.es\/?product=801-street#webpage\",\"url\":\"https:\/\/www.comercialanma.es\/?product=801-street\",\"name\":\"801 Street Gin 70cl. - Comercial de Hosteleria Anma\",\"isPartOf\":{\"@id\":\"https:\/\/www.comercialanma.es\/#website\"},\"primaryImageOfPage\":{\"@id\":\"https:\/\/www.comercialanma.es\/?product=801-street#primaryimage\"},\"datePublished\":\"2022-07-12T14:30:14+00:00\",\"dateModified\":\"2022-07-12T14:40:37+00:00\",\"description\":\"801 Gin | 70cl. | 801 Gin St. \\u00fanica ginebra en el mundo que conserva los matices y aromas de esta centenaria receta.\",\"breadcrumb\":{\"@id\":\"https:\/\/www.comercialanma.es\/?product=801-street#breadcrumb\"},\"inLanguage\":\"es\",\"potentialAction\":[{\"@type\":\"ReadAction\",\"target\":[\"https:\/\/www.comercialanma.es\/?product=801-street\"]}]},{\"@type\":\"BreadcrumbList\",\"@id\":\"https:\/\/www.comercialanma.es\/?product=801-street#breadcrumb\",\"itemListElement\":[{\"@type\":\"ListItem\",\"position\":1,\"item\":{\"@type\":\"WebPage\",\"@id\":\"https:\/\/www.comercialanma.es\/\",\"url\":\"https:\/\/www.comercialanma.es\/\",\"name\":\"Portada\"}},{\"@type\":\"ListItem\",\"position\":2,\"item\":{\"@type\":\"WebPage\",\"@id\":\"https:\/\/www.comercialanma.es\/?page_id=3963\",\"url\":\"https:\/\/www.comercialanma.es\/?page_id=3963\",\"name\":\"Cat\\u00e1logo de Productos\"}},{\"@type\":\"ListItem\",\"position\":3,\"item\":{\"@type\":\"WebPage\",\"@id\":\"https:\/\/www.comercialanma.es\/?product=801-street\",\"url\":\"https:\/\/www.comercialanma.es\/?product=801-street\",\"name\":\"801 Street Gin 70cl.\"}}]}]}<\/script>\n<!-- \/ Yoast SEO plugin. -->","_links":{"self":[{"href":"https:\/\/www.comercialanma.es\/index.php?rest_route=\/wp\/v2\/product\/21555"}],"collection":[{"href":"https:\/\/www.comercialanma.es\/index.php?rest_route=\/wp\/v2\/product"}],"about":[{"href":"https:\/\/www.comercialanma.es\/index.php?rest_route=\/wp\/v2\/types\/product"}],"version-history":[{"count":1,"href":"https:\/\/www.comercialanma.es\/index.php?rest_route=\/wp\/v2\/product\/21555\/revisions"}],"predecessor-version":[{"id":21557,"href":"https:\/\/www.comercialanma.es\/index.php?rest_route=\/wp\/v2\/product\/21555\/revisions\/21557"}],"wp:featuredmedia":[{"embeddable":true,"href":"https:\/\/www.comercialanma.es\/index.php?rest_route=\/wp\/v2\/media\/21556"}],"wp:attachment":[{"href":"https:\/\/www.comercialanma.es\/index.php?rest_route=%2Fwp%2Fv2%2Fmedia&parent=21555"}],"curies":[{"name":"wp","href":"https:\/\/api.w.org\/{rel}","templated":true}]}}