
{"id":21710,"date":"2022-07-25T09:57:10","date_gmt":"2022-07-25T07:57:10","guid":{"rendered":"https:\/\/www.comercialanma.es\/?post_type=product&#038;p=21710"},"modified":"2022-07-25T10:09:04","modified_gmt":"2022-07-25T08:09:04","slug":"aceite-girasol-bau-25","status":"publish","type":"product","link":"https:\/\/www.comercialanma.es\/?product=aceite-girasol-bau-25","title":{"rendered":"Aceite girasol refinado Bau 25L."},"content":{"rendered":"<p>Marca: Bau<br \/>\nCantidad: 25L.<br \/>\nAcidez m\u00e1xima 0,2%<br \/>\nIngredientes: Aceite refinado de girasol<\/p>\n","protected":false},"excerpt":{"rendered":"<p>El aceite de girasol se obtiene de la prensa de las semillas de la planta del girasol. Se extrae en fr\u00edo para que mantenga sus extraordinarias propiedades.<br \/>\nEl aceite de girasol es ligero en gusto y aspecto, y provee m\u00e1s vitamina E que cualquier otro aceite vegetal. Su suave sabor le convierte en un ideal aceite culinario aportando grasas saludables sin un sabor<\/p>\n<p>Es de f\u00e1cil manipulaci\u00f3n envasado en bid\u00f3n.<\/p>\n","protected":false},"featured_media":21711,"template":"","meta":{"spay_email":""},"yoast_head":"<!-- This site is optimized with the Yoast SEO plugin v15.9 - https:\/\/yoast.com\/wordpress\/plugins\/seo\/ -->\n<title>Aceite girasol refinado Bau 25L. - Comercial de Hosteleria Anma<\/title>\n<meta name=\"description\" content=\"Aceite girasol refinado | Bau | 25L. | El aceite de girasol es ligero en gusto y aspecto, y provee m\u00e1s vitamina E.\" \/>\n<meta name=\"robots\" content=\"index, follow, max-snippet:-1, max-image-preview:large, max-video-preview:-1\" \/>\n<link rel=\"canonical\" href=\"https:\/\/www.comercialanma.es\/?product=aceite-girasol-bau-25\" \/>\n<meta property=\"og:locale\" content=\"es_ES\" \/>\n<meta property=\"og:type\" content=\"article\" \/>\n<meta property=\"og:title\" content=\"Aceite girasol refinado Bau 25L. - Comercial de Hosteleria Anma\" \/>\n<meta property=\"og:description\" content=\"Aceite girasol refinado | Bau | 25L. | El aceite de girasol es ligero en gusto y aspecto, y provee m\u00e1s vitamina E.\" \/>\n<meta property=\"og:url\" content=\"https:\/\/www.comercialanma.es\/?product=aceite-girasol-bau-25\" \/>\n<meta property=\"og:site_name\" content=\"Comercial de Hosteleria Anma\" \/>\n<meta property=\"article:publisher\" content=\"https:\/\/www.facebook.com\/AnmaHosteleria\" \/>\n<meta property=\"article:modified_time\" content=\"2022-07-25T08:09:04+00:00\" \/>\n<meta property=\"og:image\" content=\"https:\/\/i1.wp.com\/www.comercialanma.es\/wp-content\/uploads\/2022\/07\/aceite-refinado-de-girasol-bau-25l.jpg?fit=1080%2C1080&#038;ssl=1\" \/>\n\t<meta property=\"og:image:width\" content=\"1080\" \/>\n\t<meta property=\"og:image:height\" content=\"1080\" \/>\n<meta name=\"twitter:card\" content=\"summary_large_image\" \/>\n<meta name=\"twitter:label1\" content=\"Tiempo de lectura\">\n\t<meta name=\"twitter:data1\" content=\"1 minuto\">\n<script type=\"application\/ld+json\" class=\"yoast-schema-graph\">{\"@context\":\"https:\/\/schema.org\",\"@graph\":[{\"@type\":\"Organization\",\"@id\":\"https:\/\/www.comercialanma.es\/#organization\",\"name\":\"Comercial Anma\",\"url\":\"https:\/\/www.comercialanma.es\/\",\"sameAs\":[\"https:\/\/www.facebook.com\/AnmaHosteleria\",\"https:\/\/www.instagram.com\/anmahosteleria\/?hl=es\",\"https:\/\/www.youtube.com\/channel\/UCT2nmn08Ntks0hmpZPnDgCA\"],\"logo\":{\"@type\":\"ImageObject\",\"@id\":\"https:\/\/www.comercialanma.es\/#logo\",\"inLanguage\":\"es\",\"url\":\"https:\/\/i2.wp.com\/www.comercialanma.es\/wp-content\/uploads\/2019\/06\/logo-anma-color.png?fit=247%2C101&ssl=1\",\"width\":247,\"height\":101,\"caption\":\"Comercial Anma\"},\"image\":{\"@id\":\"https:\/\/www.comercialanma.es\/#logo\"}},{\"@type\":\"WebSite\",\"@id\":\"https:\/\/www.comercialanma.es\/#website\",\"url\":\"https:\/\/www.comercialanma.es\/\",\"name\":\"Comercial de Hosteleria Anma\",\"description\":\"\",\"publisher\":{\"@id\":\"https:\/\/www.comercialanma.es\/#organization\"},\"potentialAction\":[{\"@type\":\"SearchAction\",\"target\":\"https:\/\/www.comercialanma.es\/?s={search_term_string}\",\"query-input\":\"required name=search_term_string\"}],\"inLanguage\":\"es\"},{\"@type\":\"ImageObject\",\"@id\":\"https:\/\/www.comercialanma.es\/?product=aceite-girasol-bau-25#primaryimage\",\"inLanguage\":\"es\",\"url\":\"https:\/\/i1.wp.com\/www.comercialanma.es\/wp-content\/uploads\/2022\/07\/aceite-refinado-de-girasol-bau-25l.jpg?fit=1080%2C1080&ssl=1\",\"width\":1080,\"height\":1080},{\"@type\":\"WebPage\",\"@id\":\"https:\/\/www.comercialanma.es\/?product=aceite-girasol-bau-25#webpage\",\"url\":\"https:\/\/www.comercialanma.es\/?product=aceite-girasol-bau-25\",\"name\":\"Aceite girasol refinado Bau 25L. - Comercial de Hosteleria Anma\",\"isPartOf\":{\"@id\":\"https:\/\/www.comercialanma.es\/#website\"},\"primaryImageOfPage\":{\"@id\":\"https:\/\/www.comercialanma.es\/?product=aceite-girasol-bau-25#primaryimage\"},\"datePublished\":\"2022-07-25T07:57:10+00:00\",\"dateModified\":\"2022-07-25T08:09:04+00:00\",\"description\":\"Aceite girasol refinado | Bau | 25L. | El aceite de girasol es ligero en gusto y aspecto, y provee m\\u00e1s vitamina E.\",\"breadcrumb\":{\"@id\":\"https:\/\/www.comercialanma.es\/?product=aceite-girasol-bau-25#breadcrumb\"},\"inLanguage\":\"es\",\"potentialAction\":[{\"@type\":\"ReadAction\",\"target\":[\"https:\/\/www.comercialanma.es\/?product=aceite-girasol-bau-25\"]}]},{\"@type\":\"BreadcrumbList\",\"@id\":\"https:\/\/www.comercialanma.es\/?product=aceite-girasol-bau-25#breadcrumb\",\"itemListElement\":[{\"@type\":\"ListItem\",\"position\":1,\"item\":{\"@type\":\"WebPage\",\"@id\":\"https:\/\/www.comercialanma.es\/\",\"url\":\"https:\/\/www.comercialanma.es\/\",\"name\":\"Portada\"}},{\"@type\":\"ListItem\",\"position\":2,\"item\":{\"@type\":\"WebPage\",\"@id\":\"https:\/\/www.comercialanma.es\/?page_id=3963\",\"url\":\"https:\/\/www.comercialanma.es\/?page_id=3963\",\"name\":\"Cat\\u00e1logo de Productos\"}},{\"@type\":\"ListItem\",\"position\":3,\"item\":{\"@type\":\"WebPage\",\"@id\":\"https:\/\/www.comercialanma.es\/?product=aceite-girasol-bau-25\",\"url\":\"https:\/\/www.comercialanma.es\/?product=aceite-girasol-bau-25\",\"name\":\"Aceite girasol refinado Bau 25L.\"}}]}]}<\/script>\n<!-- \/ Yoast SEO plugin. -->","_links":{"self":[{"href":"https:\/\/www.comercialanma.es\/index.php?rest_route=\/wp\/v2\/product\/21710"}],"collection":[{"href":"https:\/\/www.comercialanma.es\/index.php?rest_route=\/wp\/v2\/product"}],"about":[{"href":"https:\/\/www.comercialanma.es\/index.php?rest_route=\/wp\/v2\/types\/product"}],"version-history":[{"count":1,"href":"https:\/\/www.comercialanma.es\/index.php?rest_route=\/wp\/v2\/product\/21710\/revisions"}],"predecessor-version":[{"id":21712,"href":"https:\/\/www.comercialanma.es\/index.php?rest_route=\/wp\/v2\/product\/21710\/revisions\/21712"}],"wp:featuredmedia":[{"embeddable":true,"href":"https:\/\/www.comercialanma.es\/index.php?rest_route=\/wp\/v2\/media\/21711"}],"wp:attachment":[{"href":"https:\/\/www.comercialanma.es\/index.php?rest_route=%2Fwp%2Fv2%2Fmedia&parent=21710"}],"curies":[{"name":"wp","href":"https:\/\/api.w.org\/{rel}","templated":true}]}}