
{"id":21732,"date":"2022-07-25T15:51:27","date_gmt":"2022-07-25T13:51:27","guid":{"rendered":"https:\/\/www.comercialanma.es\/?post_type=product&#038;p=21732"},"modified":"2023-10-31T16:13:58","modified_gmt":"2023-10-31T15:13:58","slug":"chile-chipotle-chamaquito","status":"publish","type":"product","link":"https:\/\/www.comercialanma.es\/?product=chile-chipotle-chamaquito","title":{"rendered":"Chile Chipotle El Chamaquito 2,8kg."},"content":{"rendered":"<h3>Ingredientes:<\/h3>\n<p>Agua, chile chipotle (m\u00ednimo 22%), cebolla, vinagre, pasta de tomate, sal yodada, chiles secos, az\u00facar, aceite vegetal (soja) y mezcla de especias.<\/p>\n","protected":false},"excerpt":{"rendered":"<p>Chiles jalape\u00f1os rojos, secos y ahumados en adobo, listos para sr usados en distintas preparaciones<\/p>\n<p>Para elaboraci\u00f3n de todo tipos y guisos mexicanos. El chile chipotle es uno de los chiles que se utilizan en la preparaci\u00f3n de la tinga de pollo. Tambi\u00e9n por su sabor ahumado, queda muy bien en salsa para acompa\u00f1ar carnes a la brasa o a la parrilla<\/p>\n","protected":false},"featured_media":21733,"template":"","meta":{"spay_email":""},"yoast_head":"<!-- This site is optimized with the Yoast SEO plugin v15.9 - https:\/\/yoast.com\/wordpress\/plugins\/seo\/ -->\n<title>Chile Chipotle El Chamaquito 2,8kg. - Comercial de Hosteleria Anma<\/title>\n<meta name=\"description\" content=\"Chile Chipotle | El Chamaquito | 2,8kg. | Chiles jalape\u00f1os rojos, secos y ahumados en adobo, para ser usados en distintas preparaciones.\" \/>\n<meta name=\"robots\" content=\"index, follow, max-snippet:-1, max-image-preview:large, max-video-preview:-1\" \/>\n<link rel=\"canonical\" href=\"https:\/\/www.comercialanma.es\/?product=chile-chipotle-chamaquito\" \/>\n<meta property=\"og:locale\" content=\"es_ES\" \/>\n<meta property=\"og:type\" content=\"article\" \/>\n<meta property=\"og:title\" content=\"Chile Chipotle El Chamaquito 2,8kg. - Comercial de Hosteleria Anma\" \/>\n<meta property=\"og:description\" content=\"Chile Chipotle | El Chamaquito | 2,8kg. | Chiles jalape\u00f1os rojos, secos y ahumados en adobo, para ser usados en distintas preparaciones.\" \/>\n<meta property=\"og:url\" content=\"https:\/\/www.comercialanma.es\/?product=chile-chipotle-chamaquito\" \/>\n<meta property=\"og:site_name\" content=\"Comercial de Hosteleria Anma\" \/>\n<meta property=\"article:publisher\" content=\"https:\/\/www.facebook.com\/AnmaHosteleria\" \/>\n<meta property=\"article:modified_time\" content=\"2023-10-31T15:13:58+00:00\" \/>\n<meta property=\"og:image\" content=\"https:\/\/i1.wp.com\/www.comercialanma.es\/wp-content\/uploads\/2022\/07\/CHILE-CHIPOTLE-CHAMAQUITO-350.jpg?fit=1080%2C1080&#038;ssl=1\" \/>\n\t<meta property=\"og:image:width\" content=\"1080\" \/>\n\t<meta property=\"og:image:height\" content=\"1080\" \/>\n<meta name=\"twitter:card\" content=\"summary_large_image\" \/>\n<meta name=\"twitter:label1\" content=\"Tiempo de lectura\">\n\t<meta name=\"twitter:data1\" content=\"1 minuto\">\n<script type=\"application\/ld+json\" class=\"yoast-schema-graph\">{\"@context\":\"https:\/\/schema.org\",\"@graph\":[{\"@type\":\"Organization\",\"@id\":\"https:\/\/www.comercialanma.es\/#organization\",\"name\":\"Comercial Anma\",\"url\":\"https:\/\/www.comercialanma.es\/\",\"sameAs\":[\"https:\/\/www.facebook.com\/AnmaHosteleria\",\"https:\/\/www.instagram.com\/anmahosteleria\/?hl=es\",\"https:\/\/www.youtube.com\/channel\/UCT2nmn08Ntks0hmpZPnDgCA\"],\"logo\":{\"@type\":\"ImageObject\",\"@id\":\"https:\/\/www.comercialanma.es\/#logo\",\"inLanguage\":\"es\",\"url\":\"https:\/\/i2.wp.com\/www.comercialanma.es\/wp-content\/uploads\/2019\/06\/logo-anma-color.png?fit=247%2C101&ssl=1\",\"width\":247,\"height\":101,\"caption\":\"Comercial Anma\"},\"image\":{\"@id\":\"https:\/\/www.comercialanma.es\/#logo\"}},{\"@type\":\"WebSite\",\"@id\":\"https:\/\/www.comercialanma.es\/#website\",\"url\":\"https:\/\/www.comercialanma.es\/\",\"name\":\"Comercial de Hosteleria Anma\",\"description\":\"\",\"publisher\":{\"@id\":\"https:\/\/www.comercialanma.es\/#organization\"},\"potentialAction\":[{\"@type\":\"SearchAction\",\"target\":\"https:\/\/www.comercialanma.es\/?s={search_term_string}\",\"query-input\":\"required name=search_term_string\"}],\"inLanguage\":\"es\"},{\"@type\":\"ImageObject\",\"@id\":\"https:\/\/www.comercialanma.es\/?product=chile-chipotle-chamaquito#primaryimage\",\"inLanguage\":\"es\",\"url\":\"https:\/\/i1.wp.com\/www.comercialanma.es\/wp-content\/uploads\/2022\/07\/CHILE-CHIPOTLE-CHAMAQUITO-350.jpg?fit=1080%2C1080&ssl=1\",\"width\":1080,\"height\":1080},{\"@type\":\"WebPage\",\"@id\":\"https:\/\/www.comercialanma.es\/?product=chile-chipotle-chamaquito#webpage\",\"url\":\"https:\/\/www.comercialanma.es\/?product=chile-chipotle-chamaquito\",\"name\":\"Chile Chipotle El Chamaquito 2,8kg. - Comercial de Hosteleria Anma\",\"isPartOf\":{\"@id\":\"https:\/\/www.comercialanma.es\/#website\"},\"primaryImageOfPage\":{\"@id\":\"https:\/\/www.comercialanma.es\/?product=chile-chipotle-chamaquito#primaryimage\"},\"datePublished\":\"2022-07-25T13:51:27+00:00\",\"dateModified\":\"2023-10-31T15:13:58+00:00\",\"description\":\"Chile Chipotle | El Chamaquito | 2,8kg. | Chiles jalape\\u00f1os rojos, secos y ahumados en adobo, para ser usados en distintas preparaciones.\",\"breadcrumb\":{\"@id\":\"https:\/\/www.comercialanma.es\/?product=chile-chipotle-chamaquito#breadcrumb\"},\"inLanguage\":\"es\",\"potentialAction\":[{\"@type\":\"ReadAction\",\"target\":[\"https:\/\/www.comercialanma.es\/?product=chile-chipotle-chamaquito\"]}]},{\"@type\":\"BreadcrumbList\",\"@id\":\"https:\/\/www.comercialanma.es\/?product=chile-chipotle-chamaquito#breadcrumb\",\"itemListElement\":[{\"@type\":\"ListItem\",\"position\":1,\"item\":{\"@type\":\"WebPage\",\"@id\":\"https:\/\/www.comercialanma.es\/\",\"url\":\"https:\/\/www.comercialanma.es\/\",\"name\":\"Portada\"}},{\"@type\":\"ListItem\",\"position\":2,\"item\":{\"@type\":\"WebPage\",\"@id\":\"https:\/\/www.comercialanma.es\/?page_id=3963\",\"url\":\"https:\/\/www.comercialanma.es\/?page_id=3963\",\"name\":\"Cat\\u00e1logo de Productos\"}},{\"@type\":\"ListItem\",\"position\":3,\"item\":{\"@type\":\"WebPage\",\"@id\":\"https:\/\/www.comercialanma.es\/?product=chile-chipotle-chamaquito\",\"url\":\"https:\/\/www.comercialanma.es\/?product=chile-chipotle-chamaquito\",\"name\":\"Chile Chipotle El Chamaquito 2,8kg.\"}}]}]}<\/script>\n<!-- \/ Yoast SEO plugin. -->","_links":{"self":[{"href":"https:\/\/www.comercialanma.es\/index.php?rest_route=\/wp\/v2\/product\/21732"}],"collection":[{"href":"https:\/\/www.comercialanma.es\/index.php?rest_route=\/wp\/v2\/product"}],"about":[{"href":"https:\/\/www.comercialanma.es\/index.php?rest_route=\/wp\/v2\/types\/product"}],"version-history":[{"count":2,"href":"https:\/\/www.comercialanma.es\/index.php?rest_route=\/wp\/v2\/product\/21732\/revisions"}],"predecessor-version":[{"id":22803,"href":"https:\/\/www.comercialanma.es\/index.php?rest_route=\/wp\/v2\/product\/21732\/revisions\/22803"}],"wp:featuredmedia":[{"embeddable":true,"href":"https:\/\/www.comercialanma.es\/index.php?rest_route=\/wp\/v2\/media\/21733"}],"wp:attachment":[{"href":"https:\/\/www.comercialanma.es\/index.php?rest_route=%2Fwp%2Fv2%2Fmedia&parent=21732"}],"curies":[{"name":"wp","href":"https:\/\/api.w.org\/{rel}","templated":true}]}}