
{"id":21783,"date":"2022-08-04T16:45:08","date_gmt":"2022-08-04T14:45:08","guid":{"rendered":"https:\/\/www.comercialanma.es\/?post_type=product&#038;p=21783"},"modified":"2022-08-04T16:52:09","modified_gmt":"2022-08-04T14:52:09","slug":"atopia-gin","status":"publish","type":"product","link":"https:\/\/www.comercialanma.es\/?product=atopia-gin","title":{"rendered":"Atopia sin alcohol Gin 70cl."},"content":{"rendered":"<h3>Nota de cata:<\/h3>\n<ul>\n<li>Los destilados y las ginebras sin alcohol no son solo la moda del momento, imperdible en las fiestas de moda, sino que con sus gustos y aromas, son capaces de satisfacer los paladares m\u00e1s exigentes, manteniendo beneficios para la salud del cuerpo y licencia de conducir..<br \/>\nEn Atopia, los sabores y extractos naturales de especias, azahar y ajenjo confieren una delicada profundidad arom\u00e1tica a la nariz y al paladar.<\/li>\n<\/ul>\n<h3>Graduaci\u00f3n:<\/h3>\n<ul>\n<li>0\u00ba<\/li>\n<\/ul>\n","protected":false},"excerpt":{"rendered":"<p>Atopia es un destilado natural de naranja, enebro, cilantro, ra\u00edz de ang\u00e9lica y lim\u00f3n que pertenece a la familia de las bebidas espirituosas ultrabajas con solo 0,5% de contenido de alcohol.<br \/>\nAtopia fue creado por Lesley Gracie, el premiado maestro destilador de William Grant &amp; Sons, el mismo que invent\u00f3 Gin Hendrick&#8217;s, con la intenci\u00f3n de crear un perfil de sabor accesible pero especial para elevar cada experiencia de sabor.<br \/>\nInspirado en el estilo de vida del atento consumidor actual, el destilado ha sido seleccionado y combinado con sumo cuidado y precisi\u00f3n, donde cada sabor se aprecia por separado sin prevalecer sobre los dem\u00e1s.<br \/>\nCuando est\u00e9 buscando algo especial y refrescante, opte por un Atopia Spiced Citrus &amp; Tonica Fever-Tree.<br \/>\nPara disfrutar mezclado con agua t\u00f3nica, servido con abundante hielo y una rodaja de naranja.<\/p>\n","protected":false},"featured_media":21784,"template":"","meta":{"spay_email":""},"yoast_head":"<!-- This site is optimized with the Yoast SEO plugin v15.9 - https:\/\/yoast.com\/wordpress\/plugins\/seo\/ -->\n<title>Atopia sin alcohol Gin 70cl. - Comercial de Hosteleria Anma<\/title>\n<meta name=\"description\" content=\"Atopia gin sin alcohol | 70cl. | 0\u00ba | Destilado natural de naranja, enebro, cilantro, ra\u00edz de ang\u00e9lica y lim\u00f3n.\" \/>\n<meta name=\"robots\" content=\"index, follow, max-snippet:-1, max-image-preview:large, max-video-preview:-1\" \/>\n<link rel=\"canonical\" href=\"https:\/\/www.comercialanma.es\/?product=atopia-gin\" \/>\n<meta property=\"og:locale\" content=\"es_ES\" \/>\n<meta property=\"og:type\" content=\"article\" \/>\n<meta property=\"og:title\" content=\"Atopia sin alcohol Gin 70cl. - Comercial de Hosteleria Anma\" \/>\n<meta property=\"og:description\" content=\"Atopia gin sin alcohol | 70cl. | 0\u00ba | Destilado natural de naranja, enebro, cilantro, ra\u00edz de ang\u00e9lica y lim\u00f3n.\" \/>\n<meta property=\"og:url\" content=\"https:\/\/www.comercialanma.es\/?product=atopia-gin\" \/>\n<meta property=\"og:site_name\" content=\"Comercial de Hosteleria Anma\" \/>\n<meta property=\"article:publisher\" content=\"https:\/\/www.facebook.com\/AnmaHosteleria\" \/>\n<meta property=\"article:modified_time\" content=\"2022-08-04T14:52:09+00:00\" \/>\n<meta property=\"og:image\" content=\"https:\/\/i2.wp.com\/www.comercialanma.es\/wp-content\/uploads\/2022\/08\/Atopia-sin-alcohol-gin.jpg?fit=1080%2C1080&#038;ssl=1\" \/>\n\t<meta property=\"og:image:width\" content=\"1080\" \/>\n\t<meta property=\"og:image:height\" content=\"1080\" \/>\n<meta name=\"twitter:card\" content=\"summary_large_image\" \/>\n<meta name=\"twitter:label1\" content=\"Tiempo de lectura\">\n\t<meta name=\"twitter:data1\" content=\"1 minuto\">\n<script type=\"application\/ld+json\" class=\"yoast-schema-graph\">{\"@context\":\"https:\/\/schema.org\",\"@graph\":[{\"@type\":\"Organization\",\"@id\":\"https:\/\/www.comercialanma.es\/#organization\",\"name\":\"Comercial Anma\",\"url\":\"https:\/\/www.comercialanma.es\/\",\"sameAs\":[\"https:\/\/www.facebook.com\/AnmaHosteleria\",\"https:\/\/www.instagram.com\/anmahosteleria\/?hl=es\",\"https:\/\/www.youtube.com\/channel\/UCT2nmn08Ntks0hmpZPnDgCA\"],\"logo\":{\"@type\":\"ImageObject\",\"@id\":\"https:\/\/www.comercialanma.es\/#logo\",\"inLanguage\":\"es\",\"url\":\"https:\/\/i2.wp.com\/www.comercialanma.es\/wp-content\/uploads\/2019\/06\/logo-anma-color.png?fit=247%2C101&ssl=1\",\"width\":247,\"height\":101,\"caption\":\"Comercial Anma\"},\"image\":{\"@id\":\"https:\/\/www.comercialanma.es\/#logo\"}},{\"@type\":\"WebSite\",\"@id\":\"https:\/\/www.comercialanma.es\/#website\",\"url\":\"https:\/\/www.comercialanma.es\/\",\"name\":\"Comercial de Hosteleria Anma\",\"description\":\"\",\"publisher\":{\"@id\":\"https:\/\/www.comercialanma.es\/#organization\"},\"potentialAction\":[{\"@type\":\"SearchAction\",\"target\":\"https:\/\/www.comercialanma.es\/?s={search_term_string}\",\"query-input\":\"required name=search_term_string\"}],\"inLanguage\":\"es\"},{\"@type\":\"ImageObject\",\"@id\":\"https:\/\/www.comercialanma.es\/?product=atopia-gin#primaryimage\",\"inLanguage\":\"es\",\"url\":\"https:\/\/i2.wp.com\/www.comercialanma.es\/wp-content\/uploads\/2022\/08\/Atopia-sin-alcohol-gin.jpg?fit=1080%2C1080&ssl=1\",\"width\":1080,\"height\":1080},{\"@type\":\"WebPage\",\"@id\":\"https:\/\/www.comercialanma.es\/?product=atopia-gin#webpage\",\"url\":\"https:\/\/www.comercialanma.es\/?product=atopia-gin\",\"name\":\"Atopia sin alcohol Gin 70cl. - Comercial de Hosteleria Anma\",\"isPartOf\":{\"@id\":\"https:\/\/www.comercialanma.es\/#website\"},\"primaryImageOfPage\":{\"@id\":\"https:\/\/www.comercialanma.es\/?product=atopia-gin#primaryimage\"},\"datePublished\":\"2022-08-04T14:45:08+00:00\",\"dateModified\":\"2022-08-04T14:52:09+00:00\",\"description\":\"Atopia gin sin alcohol | 70cl. | 0\\u00ba | Destilado natural de naranja, enebro, cilantro, ra\\u00edz de ang\\u00e9lica y lim\\u00f3n.\",\"breadcrumb\":{\"@id\":\"https:\/\/www.comercialanma.es\/?product=atopia-gin#breadcrumb\"},\"inLanguage\":\"es\",\"potentialAction\":[{\"@type\":\"ReadAction\",\"target\":[\"https:\/\/www.comercialanma.es\/?product=atopia-gin\"]}]},{\"@type\":\"BreadcrumbList\",\"@id\":\"https:\/\/www.comercialanma.es\/?product=atopia-gin#breadcrumb\",\"itemListElement\":[{\"@type\":\"ListItem\",\"position\":1,\"item\":{\"@type\":\"WebPage\",\"@id\":\"https:\/\/www.comercialanma.es\/\",\"url\":\"https:\/\/www.comercialanma.es\/\",\"name\":\"Portada\"}},{\"@type\":\"ListItem\",\"position\":2,\"item\":{\"@type\":\"WebPage\",\"@id\":\"https:\/\/www.comercialanma.es\/?page_id=3963\",\"url\":\"https:\/\/www.comercialanma.es\/?page_id=3963\",\"name\":\"Cat\\u00e1logo de Productos\"}},{\"@type\":\"ListItem\",\"position\":3,\"item\":{\"@type\":\"WebPage\",\"@id\":\"https:\/\/www.comercialanma.es\/?product=atopia-gin\",\"url\":\"https:\/\/www.comercialanma.es\/?product=atopia-gin\",\"name\":\"Atopia sin alcohol Gin 70cl.\"}}]}]}<\/script>\n<!-- \/ Yoast SEO plugin. -->","_links":{"self":[{"href":"https:\/\/www.comercialanma.es\/index.php?rest_route=\/wp\/v2\/product\/21783"}],"collection":[{"href":"https:\/\/www.comercialanma.es\/index.php?rest_route=\/wp\/v2\/product"}],"about":[{"href":"https:\/\/www.comercialanma.es\/index.php?rest_route=\/wp\/v2\/types\/product"}],"version-history":[{"count":1,"href":"https:\/\/www.comercialanma.es\/index.php?rest_route=\/wp\/v2\/product\/21783\/revisions"}],"predecessor-version":[{"id":21785,"href":"https:\/\/www.comercialanma.es\/index.php?rest_route=\/wp\/v2\/product\/21783\/revisions\/21785"}],"wp:featuredmedia":[{"embeddable":true,"href":"https:\/\/www.comercialanma.es\/index.php?rest_route=\/wp\/v2\/media\/21784"}],"wp:attachment":[{"href":"https:\/\/www.comercialanma.es\/index.php?rest_route=%2Fwp%2Fv2%2Fmedia&parent=21783"}],"curies":[{"name":"wp","href":"https:\/\/api.w.org\/{rel}","templated":true}]}}