
{"id":21820,"date":"2022-09-26T08:39:03","date_gmt":"2022-09-26T06:39:03","guid":{"rendered":"https:\/\/www.comercialanma.es\/?post_type=product&#038;p=21820"},"modified":"2022-09-26T09:25:04","modified_gmt":"2022-09-26T07:25:04","slug":"olla-presion-rapida","status":"publish","type":"product","link":"https:\/\/www.comercialanma.es\/?product=olla-presion-rapida","title":{"rendered":"Olla R\u00e1pida a Presi\u00f3n Boj Lightning 4L."},"content":{"rendered":"<p>Marca: Boj Ola\u00f1eta<\/p>\n<p>Di\u00e1metro: 22 cm.<\/p>\n<p>Altura: 11,5 cm.<\/p>\n<p>Peso: 2,40 kg.<\/p>\n<p>&nbsp;<\/p>\n<p>&nbsp;<\/p>\n","protected":false},"excerpt":{"rendered":"<p>Las ollas a presi\u00f3n r\u00e1pidas Lightning de BOJ se encuentran disponibles en tres capacidades distintas: 2.7L, 4L y 6L. Todas ellas acabadas en acero inoxidable de alta calidad.<br \/>\nAl igual que las ollas a presi\u00f3n cl\u00e1sicas incorporan un sistema de seguridad triple compuesto por una v\u00e1lvula, una ventana de escape y un cierre de seguridad que impide abrirla cuando la olla se encuentra en uso.<\/p>\n<p>Ergon\u00f3mico: Asa y mango ergon\u00f3micos de baquelita y acero inoxidable termoresistentes.<br \/>\nCalidad: Est\u00e1 fabricada en acero inoxidable muy resistente al desgaste, con 2 niveles de presi\u00f3n y sistema de despresurizaci\u00f3n. Cuerpo en Acero Inoxidable de 1 MM de espesor. Reparto homog\u00e9neo del calor.<br \/>\nSeguridad: Ventana de seguridad lateral y bloqueo autom\u00e1tico de apertura.<br \/>\nAccesorios: Incluye cestillo inox. para cocinar al vapor.<br \/>\nApta: Es apta para todo tipo de fuegos, incluida la inducci\u00f3n. Adem\u00e1s su cuerpo es apto para lavavajillas.<\/p>\n","protected":false},"featured_media":21821,"template":"","meta":{"spay_email":""},"yoast_head":"<!-- This site is optimized with the Yoast SEO plugin v15.9 - https:\/\/yoast.com\/wordpress\/plugins\/seo\/ -->\n<title>Olla R\u00e1pida a Presi\u00f3n Boj Lightning 4L. - Comercial de Hosteleria Anma<\/title>\n<meta name=\"description\" content=\"Olla a presi\u00f3n r\u00e1pida Lightning | Boj | 4L. | Olla a presi\u00f3n fabricada en acero inoxidable 18\/10. Con escala de litros.\" \/>\n<meta name=\"robots\" content=\"index, follow, max-snippet:-1, max-image-preview:large, max-video-preview:-1\" \/>\n<link rel=\"canonical\" href=\"https:\/\/www.comercialanma.es\/?product=olla-presion-rapida\" \/>\n<meta property=\"og:locale\" content=\"es_ES\" \/>\n<meta property=\"og:type\" content=\"article\" \/>\n<meta property=\"og:title\" content=\"Olla R\u00e1pida a Presi\u00f3n Boj Lightning 4L. - Comercial de Hosteleria Anma\" \/>\n<meta property=\"og:description\" content=\"Olla a presi\u00f3n r\u00e1pida Lightning | Boj | 4L. | Olla a presi\u00f3n fabricada en acero inoxidable 18\/10. Con escala de litros.\" \/>\n<meta property=\"og:url\" content=\"https:\/\/www.comercialanma.es\/?product=olla-presion-rapida\" \/>\n<meta property=\"og:site_name\" content=\"Comercial de Hosteleria Anma\" \/>\n<meta property=\"article:publisher\" content=\"https:\/\/www.facebook.com\/AnmaHosteleria\" \/>\n<meta property=\"article:modified_time\" content=\"2022-09-26T07:25:04+00:00\" \/>\n<meta property=\"og:image\" content=\"https:\/\/i2.wp.com\/www.comercialanma.es\/wp-content\/uploads\/2022\/09\/olla-rapida-a-presion-boj.jpg?fit=1080%2C1080&#038;ssl=1\" \/>\n\t<meta property=\"og:image:width\" content=\"1080\" \/>\n\t<meta property=\"og:image:height\" content=\"1080\" \/>\n<meta name=\"twitter:card\" content=\"summary_large_image\" \/>\n<meta name=\"twitter:label1\" content=\"Tiempo de lectura\">\n\t<meta name=\"twitter:data1\" content=\"1 minuto\">\n<script type=\"application\/ld+json\" class=\"yoast-schema-graph\">{\"@context\":\"https:\/\/schema.org\",\"@graph\":[{\"@type\":\"Organization\",\"@id\":\"https:\/\/www.comercialanma.es\/#organization\",\"name\":\"Comercial Anma\",\"url\":\"https:\/\/www.comercialanma.es\/\",\"sameAs\":[\"https:\/\/www.facebook.com\/AnmaHosteleria\",\"https:\/\/www.instagram.com\/anmahosteleria\/?hl=es\",\"https:\/\/www.youtube.com\/channel\/UCT2nmn08Ntks0hmpZPnDgCA\"],\"logo\":{\"@type\":\"ImageObject\",\"@id\":\"https:\/\/www.comercialanma.es\/#logo\",\"inLanguage\":\"es\",\"url\":\"https:\/\/i2.wp.com\/www.comercialanma.es\/wp-content\/uploads\/2019\/06\/logo-anma-color.png?fit=247%2C101&ssl=1\",\"width\":247,\"height\":101,\"caption\":\"Comercial Anma\"},\"image\":{\"@id\":\"https:\/\/www.comercialanma.es\/#logo\"}},{\"@type\":\"WebSite\",\"@id\":\"https:\/\/www.comercialanma.es\/#website\",\"url\":\"https:\/\/www.comercialanma.es\/\",\"name\":\"Comercial de Hosteleria Anma\",\"description\":\"\",\"publisher\":{\"@id\":\"https:\/\/www.comercialanma.es\/#organization\"},\"potentialAction\":[{\"@type\":\"SearchAction\",\"target\":\"https:\/\/www.comercialanma.es\/?s={search_term_string}\",\"query-input\":\"required name=search_term_string\"}],\"inLanguage\":\"es\"},{\"@type\":\"ImageObject\",\"@id\":\"https:\/\/www.comercialanma.es\/?product=olla-presion-rapida#primaryimage\",\"inLanguage\":\"es\",\"url\":\"https:\/\/i2.wp.com\/www.comercialanma.es\/wp-content\/uploads\/2022\/09\/olla-rapida-a-presion-boj.jpg?fit=1080%2C1080&ssl=1\",\"width\":1080,\"height\":1080},{\"@type\":\"WebPage\",\"@id\":\"https:\/\/www.comercialanma.es\/?product=olla-presion-rapida#webpage\",\"url\":\"https:\/\/www.comercialanma.es\/?product=olla-presion-rapida\",\"name\":\"Olla R\\u00e1pida a Presi\\u00f3n Boj Lightning 4L. - Comercial de Hosteleria Anma\",\"isPartOf\":{\"@id\":\"https:\/\/www.comercialanma.es\/#website\"},\"primaryImageOfPage\":{\"@id\":\"https:\/\/www.comercialanma.es\/?product=olla-presion-rapida#primaryimage\"},\"datePublished\":\"2022-09-26T06:39:03+00:00\",\"dateModified\":\"2022-09-26T07:25:04+00:00\",\"description\":\"Olla a presi\\u00f3n r\\u00e1pida Lightning | Boj | 4L. | Olla a presi\\u00f3n fabricada en acero inoxidable 18\/10. Con escala de litros.\",\"breadcrumb\":{\"@id\":\"https:\/\/www.comercialanma.es\/?product=olla-presion-rapida#breadcrumb\"},\"inLanguage\":\"es\",\"potentialAction\":[{\"@type\":\"ReadAction\",\"target\":[\"https:\/\/www.comercialanma.es\/?product=olla-presion-rapida\"]}]},{\"@type\":\"BreadcrumbList\",\"@id\":\"https:\/\/www.comercialanma.es\/?product=olla-presion-rapida#breadcrumb\",\"itemListElement\":[{\"@type\":\"ListItem\",\"position\":1,\"item\":{\"@type\":\"WebPage\",\"@id\":\"https:\/\/www.comercialanma.es\/\",\"url\":\"https:\/\/www.comercialanma.es\/\",\"name\":\"Portada\"}},{\"@type\":\"ListItem\",\"position\":2,\"item\":{\"@type\":\"WebPage\",\"@id\":\"https:\/\/www.comercialanma.es\/?page_id=3963\",\"url\":\"https:\/\/www.comercialanma.es\/?page_id=3963\",\"name\":\"Cat\\u00e1logo de Productos\"}},{\"@type\":\"ListItem\",\"position\":3,\"item\":{\"@type\":\"WebPage\",\"@id\":\"https:\/\/www.comercialanma.es\/?product=olla-presion-rapida\",\"url\":\"https:\/\/www.comercialanma.es\/?product=olla-presion-rapida\",\"name\":\"Olla R\\u00e1pida a Presi\\u00f3n Boj Lightning 4L.\"}}]}]}<\/script>\n<!-- \/ Yoast SEO plugin. -->","_links":{"self":[{"href":"https:\/\/www.comercialanma.es\/index.php?rest_route=\/wp\/v2\/product\/21820"}],"collection":[{"href":"https:\/\/www.comercialanma.es\/index.php?rest_route=\/wp\/v2\/product"}],"about":[{"href":"https:\/\/www.comercialanma.es\/index.php?rest_route=\/wp\/v2\/types\/product"}],"version-history":[{"count":1,"href":"https:\/\/www.comercialanma.es\/index.php?rest_route=\/wp\/v2\/product\/21820\/revisions"}],"predecessor-version":[{"id":21822,"href":"https:\/\/www.comercialanma.es\/index.php?rest_route=\/wp\/v2\/product\/21820\/revisions\/21822"}],"wp:featuredmedia":[{"embeddable":true,"href":"https:\/\/www.comercialanma.es\/index.php?rest_route=\/wp\/v2\/media\/21821"}],"wp:attachment":[{"href":"https:\/\/www.comercialanma.es\/index.php?rest_route=%2Fwp%2Fv2%2Fmedia&parent=21820"}],"curies":[{"name":"wp","href":"https:\/\/api.w.org\/{rel}","templated":true}]}}