
{"id":21826,"date":"2022-09-29T10:53:45","date_gmt":"2022-09-29T08:53:45","guid":{"rendered":"https:\/\/www.comercialanma.es\/?post_type=product&#038;p=21826"},"modified":"2022-09-29T11:03:35","modified_gmt":"2022-09-29T09:03:35","slug":"dewar-japanese-smooth","status":"publish","type":"product","link":"https:\/\/www.comercialanma.es\/?product=dewar-japanese-smooth","title":{"rendered":"Dewar \u00b4s White Label Japanese Smooth 8 a\u00f1os 70cl."},"content":{"rendered":"<h3>Nota de cata:<\/h3>\n<ul>\n<li>Vibrante combinaci\u00f3n del sabor de Escocia y Jap\u00f3n que despertar\u00e1n una experiencia de sabor incre\u00edble que ensalza la mezcla distintiva y armoniosa de la canela, el s\u00e1ndalo y las notas florales creando un final suave y asequible con unos matices sorprendentemente diferentes.<\/li>\n<li>Graduaci\u00f3n: 40% vol.<\/li>\n<\/ul>\n","protected":false},"excerpt":{"rendered":"<p>Dewar \u00b4s White Label Japanese Smooth 8 a\u00f1os | 70cl. |<\/p>\n<p>Dewar\u2019s Japanese Smooth es un whisky escoc\u00e9s de 8 a\u00f1os con doble envejecimiento que ha sido terminado en barricas de roble japon\u00e9s Mizunara durante seis meses. El whisky resultante presenta sutiles notas florales de miel y brezo junto con complejos aromas de s\u00e1ndalo en la nariz, seguidos de especias de canela en el paladar, resultado de las cualidades porosas de la rara variedad de roble Mizunara de 200 a\u00f1os, tambi\u00e9n conocido como \u201croble de agua\u201d.<\/p>\n","protected":false},"featured_media":21827,"template":"","meta":{"spay_email":""},"yoast_head":"<!-- This site is optimized with the Yoast SEO plugin v15.9 - https:\/\/yoast.com\/wordpress\/plugins\/seo\/ -->\n<title>Dewar \u00b4s White Label Japanese Smooth 8 a\u00f1os 70cl. - Comercial de Hosteleria Anma<\/title>\n<meta name=\"description\" content=\"Dewar \u00b4s White Label Japanese Smooth 8 a\u00f1os | 70cl. | Es un whisky escoc\u00e9s Blend de 8 a\u00f1os con acabado en barricas de roble Japon\u00e9s Mizunara.\" \/>\n<meta name=\"robots\" content=\"index, follow, max-snippet:-1, max-image-preview:large, max-video-preview:-1\" \/>\n<link rel=\"canonical\" href=\"https:\/\/www.comercialanma.es\/?product=dewar-japanese-smooth\" \/>\n<meta property=\"og:locale\" content=\"es_ES\" \/>\n<meta property=\"og:type\" content=\"article\" \/>\n<meta property=\"og:title\" content=\"Dewar \u00b4s White Label Japanese Smooth 8 a\u00f1os 70cl. - Comercial de Hosteleria Anma\" \/>\n<meta property=\"og:description\" content=\"Dewar \u00b4s White Label Japanese Smooth 8 a\u00f1os | 70cl. | Es un whisky escoc\u00e9s Blend de 8 a\u00f1os con acabado en barricas de roble Japon\u00e9s Mizunara.\" \/>\n<meta property=\"og:url\" content=\"https:\/\/www.comercialanma.es\/?product=dewar-japanese-smooth\" \/>\n<meta property=\"og:site_name\" content=\"Comercial de Hosteleria Anma\" \/>\n<meta property=\"article:publisher\" content=\"https:\/\/www.facebook.com\/AnmaHosteleria\" \/>\n<meta property=\"article:modified_time\" content=\"2022-09-29T09:03:35+00:00\" \/>\n<meta property=\"og:image\" content=\"https:\/\/i0.wp.com\/www.comercialanma.es\/wp-content\/uploads\/2022\/09\/dewars-japanese-smooth.jpg?fit=1080%2C1080&#038;ssl=1\" \/>\n\t<meta property=\"og:image:width\" content=\"1080\" \/>\n\t<meta property=\"og:image:height\" content=\"1080\" \/>\n<meta name=\"twitter:card\" content=\"summary_large_image\" \/>\n<meta name=\"twitter:label1\" content=\"Tiempo de lectura\">\n\t<meta name=\"twitter:data1\" content=\"1 minuto\">\n<script type=\"application\/ld+json\" class=\"yoast-schema-graph\">{\"@context\":\"https:\/\/schema.org\",\"@graph\":[{\"@type\":\"Organization\",\"@id\":\"https:\/\/www.comercialanma.es\/#organization\",\"name\":\"Comercial Anma\",\"url\":\"https:\/\/www.comercialanma.es\/\",\"sameAs\":[\"https:\/\/www.facebook.com\/AnmaHosteleria\",\"https:\/\/www.instagram.com\/anmahosteleria\/?hl=es\",\"https:\/\/www.youtube.com\/channel\/UCT2nmn08Ntks0hmpZPnDgCA\"],\"logo\":{\"@type\":\"ImageObject\",\"@id\":\"https:\/\/www.comercialanma.es\/#logo\",\"inLanguage\":\"es\",\"url\":\"https:\/\/i2.wp.com\/www.comercialanma.es\/wp-content\/uploads\/2019\/06\/logo-anma-color.png?fit=247%2C101&ssl=1\",\"width\":247,\"height\":101,\"caption\":\"Comercial Anma\"},\"image\":{\"@id\":\"https:\/\/www.comercialanma.es\/#logo\"}},{\"@type\":\"WebSite\",\"@id\":\"https:\/\/www.comercialanma.es\/#website\",\"url\":\"https:\/\/www.comercialanma.es\/\",\"name\":\"Comercial de Hosteleria Anma\",\"description\":\"\",\"publisher\":{\"@id\":\"https:\/\/www.comercialanma.es\/#organization\"},\"potentialAction\":[{\"@type\":\"SearchAction\",\"target\":\"https:\/\/www.comercialanma.es\/?s={search_term_string}\",\"query-input\":\"required name=search_term_string\"}],\"inLanguage\":\"es\"},{\"@type\":\"ImageObject\",\"@id\":\"https:\/\/www.comercialanma.es\/?product=dewar-japanese-smooth#primaryimage\",\"inLanguage\":\"es\",\"url\":\"https:\/\/i0.wp.com\/www.comercialanma.es\/wp-content\/uploads\/2022\/09\/dewars-japanese-smooth.jpg?fit=1080%2C1080&ssl=1\",\"width\":1080,\"height\":1080},{\"@type\":\"WebPage\",\"@id\":\"https:\/\/www.comercialanma.es\/?product=dewar-japanese-smooth#webpage\",\"url\":\"https:\/\/www.comercialanma.es\/?product=dewar-japanese-smooth\",\"name\":\"Dewar \\u00b4s White Label Japanese Smooth 8 a\\u00f1os 70cl. - Comercial de Hosteleria Anma\",\"isPartOf\":{\"@id\":\"https:\/\/www.comercialanma.es\/#website\"},\"primaryImageOfPage\":{\"@id\":\"https:\/\/www.comercialanma.es\/?product=dewar-japanese-smooth#primaryimage\"},\"datePublished\":\"2022-09-29T08:53:45+00:00\",\"dateModified\":\"2022-09-29T09:03:35+00:00\",\"description\":\"Dewar \\u00b4s White Label Japanese Smooth 8 a\\u00f1os | 70cl. | Es un whisky escoc\\u00e9s Blend de 8 a\\u00f1os con acabado en barricas de roble Japon\\u00e9s Mizunara.\",\"breadcrumb\":{\"@id\":\"https:\/\/www.comercialanma.es\/?product=dewar-japanese-smooth#breadcrumb\"},\"inLanguage\":\"es\",\"potentialAction\":[{\"@type\":\"ReadAction\",\"target\":[\"https:\/\/www.comercialanma.es\/?product=dewar-japanese-smooth\"]}]},{\"@type\":\"BreadcrumbList\",\"@id\":\"https:\/\/www.comercialanma.es\/?product=dewar-japanese-smooth#breadcrumb\",\"itemListElement\":[{\"@type\":\"ListItem\",\"position\":1,\"item\":{\"@type\":\"WebPage\",\"@id\":\"https:\/\/www.comercialanma.es\/\",\"url\":\"https:\/\/www.comercialanma.es\/\",\"name\":\"Portada\"}},{\"@type\":\"ListItem\",\"position\":2,\"item\":{\"@type\":\"WebPage\",\"@id\":\"https:\/\/www.comercialanma.es\/?page_id=3963\",\"url\":\"https:\/\/www.comercialanma.es\/?page_id=3963\",\"name\":\"Cat\\u00e1logo de Productos\"}},{\"@type\":\"ListItem\",\"position\":3,\"item\":{\"@type\":\"WebPage\",\"@id\":\"https:\/\/www.comercialanma.es\/?product=dewar-japanese-smooth\",\"url\":\"https:\/\/www.comercialanma.es\/?product=dewar-japanese-smooth\",\"name\":\"Dewar \\u00b4s White Label Japanese Smooth 8 a\\u00f1os 70cl.\"}}]}]}<\/script>\n<!-- \/ Yoast SEO plugin. -->","_links":{"self":[{"href":"https:\/\/www.comercialanma.es\/index.php?rest_route=\/wp\/v2\/product\/21826"}],"collection":[{"href":"https:\/\/www.comercialanma.es\/index.php?rest_route=\/wp\/v2\/product"}],"about":[{"href":"https:\/\/www.comercialanma.es\/index.php?rest_route=\/wp\/v2\/types\/product"}],"version-history":[{"count":1,"href":"https:\/\/www.comercialanma.es\/index.php?rest_route=\/wp\/v2\/product\/21826\/revisions"}],"predecessor-version":[{"id":21828,"href":"https:\/\/www.comercialanma.es\/index.php?rest_route=\/wp\/v2\/product\/21826\/revisions\/21828"}],"wp:featuredmedia":[{"embeddable":true,"href":"https:\/\/www.comercialanma.es\/index.php?rest_route=\/wp\/v2\/media\/21827"}],"wp:attachment":[{"href":"https:\/\/www.comercialanma.es\/index.php?rest_route=%2Fwp%2Fv2%2Fmedia&parent=21826"}],"curies":[{"name":"wp","href":"https:\/\/api.w.org\/{rel}","templated":true}]}}