
{"id":21847,"date":"2022-10-19T10:18:41","date_gmt":"2022-10-19T08:18:41","guid":{"rendered":"https:\/\/www.comercialanma.es\/?post_type=product&#038;p=21847"},"modified":"2022-11-16T08:32:29","modified_gmt":"2022-11-16T07:32:29","slug":"sirope-almendra-monin-70cl","status":"publish","type":"product","link":"https:\/\/www.comercialanma.es\/?product=sirope-almendra-monin-70cl","title":{"rendered":"Sirope Almendra Monin 70cl."},"content":{"rendered":"<h3>INGREDIENTES<\/h3>\n<div class=\"ProductAttributeValue \">Pure\u00a0Cane\u00a0Sugar,\u00a0Water,\u00a0Natural\u00a0Flavor,\u00a0Natural\u00a0Almond\u00a0Flavor,\u00a0Citric\u00a0Acid.<\/div>\n<h3>NOTAS DE SABOR<\/h3>\n<div class=\"ProductAttributeValue \">Aroma\u00a0de\u00a0almendra\u00a0puro\u00a0y\u00a0distintivo;\u00a0sabor\u00a0dulce\u00a0y\u00a0satisfactorio<\/div>\n<h3>COLOR<\/h3>\n<div class=\"ProductAttributeValue \">Transparente\u00a0\/\u00a0Claro<\/div>\n<h3>ESPECIFICACIONES DEL PRODUCTO<\/h3>\n<div class=\"ProductAttributeValue \">Libre\u00a0de\u00a0al\u00e9rgenos,\u00a0Sin\u00a0l\u00e1cteos,\u00a0Sin\u00a0gluten,\u00a0Halal,\u00a0Kosher,\u00a0Sin\u00a0colores\u00a0artificiales,\u00a0Sin\u00a0sabores\u00a0artificiales,\u00a0Sin\u00a0ingredientes\u00a0artificiales,\u00a0Sin\u00a0conservantes\u00a0artificiales,\u00a0Sin\u00a0Endulzantes\u00a0artificiales,\u00a0Sin\u00a0GMO,\u00a0Etiqueta\u00a0Limpia<\/div>\n","protected":false},"excerpt":{"rendered":"<p>Las almendras son deliciosas. Tambi\u00e9n lo es nuestro Saborizante de Almendras con su sutil dulzura y rico aroma almendrado. \u00dasalo para agregar un verdadero sabor equilibrado a bebidas calientes o fr\u00edas de caf\u00e9, c\u00f3cteles especiales y m\u00e1s.<\/p>\n","protected":false},"featured_media":21848,"template":"","meta":{"spay_email":""},"yoast_head":"<!-- This site is optimized with the Yoast SEO plugin v15.9 - https:\/\/yoast.com\/wordpress\/plugins\/seo\/ -->\n<title>Sirope Almendra Monin 70cl. - Comercial de Hosteleria Anma<\/title>\n<meta name=\"description\" content=\"Sirope de almendra | Monin | 70cl. | Saborizante de Almendras con su sutil dulzura y rico aroma almendrado.\" \/>\n<meta name=\"robots\" content=\"index, follow, max-snippet:-1, max-image-preview:large, max-video-preview:-1\" \/>\n<link rel=\"canonical\" href=\"https:\/\/www.comercialanma.es\/?product=sirope-almendra-monin-70cl\" \/>\n<meta property=\"og:locale\" content=\"es_ES\" \/>\n<meta property=\"og:type\" content=\"article\" \/>\n<meta property=\"og:title\" content=\"Sirope Almendra Monin 70cl. - Comercial de Hosteleria Anma\" \/>\n<meta property=\"og:description\" content=\"Sirope de almendra | Monin | 70cl. | Saborizante de Almendras con su sutil dulzura y rico aroma almendrado.\" \/>\n<meta property=\"og:url\" content=\"https:\/\/www.comercialanma.es\/?product=sirope-almendra-monin-70cl\" \/>\n<meta property=\"og:site_name\" content=\"Comercial de Hosteleria Anma\" \/>\n<meta property=\"article:publisher\" content=\"https:\/\/www.facebook.com\/AnmaHosteleria\" \/>\n<meta property=\"article:modified_time\" content=\"2022-11-16T07:32:29+00:00\" \/>\n<meta property=\"og:image\" content=\"https:\/\/i0.wp.com\/www.comercialanma.es\/wp-content\/uploads\/2022\/10\/sirope-de-almendras-monin.jpg?fit=1080%2C1080&#038;ssl=1\" \/>\n\t<meta property=\"og:image:width\" content=\"1080\" \/>\n\t<meta property=\"og:image:height\" content=\"1080\" \/>\n<meta name=\"twitter:card\" content=\"summary_large_image\" \/>\n<meta name=\"twitter:label1\" content=\"Tiempo de lectura\">\n\t<meta name=\"twitter:data1\" content=\"1 minuto\">\n<script type=\"application\/ld+json\" class=\"yoast-schema-graph\">{\"@context\":\"https:\/\/schema.org\",\"@graph\":[{\"@type\":\"Organization\",\"@id\":\"https:\/\/www.comercialanma.es\/#organization\",\"name\":\"Comercial Anma\",\"url\":\"https:\/\/www.comercialanma.es\/\",\"sameAs\":[\"https:\/\/www.facebook.com\/AnmaHosteleria\",\"https:\/\/www.instagram.com\/anmahosteleria\/?hl=es\",\"https:\/\/www.youtube.com\/channel\/UCT2nmn08Ntks0hmpZPnDgCA\"],\"logo\":{\"@type\":\"ImageObject\",\"@id\":\"https:\/\/www.comercialanma.es\/#logo\",\"inLanguage\":\"es\",\"url\":\"https:\/\/i2.wp.com\/www.comercialanma.es\/wp-content\/uploads\/2019\/06\/logo-anma-color.png?fit=247%2C101&ssl=1\",\"width\":247,\"height\":101,\"caption\":\"Comercial Anma\"},\"image\":{\"@id\":\"https:\/\/www.comercialanma.es\/#logo\"}},{\"@type\":\"WebSite\",\"@id\":\"https:\/\/www.comercialanma.es\/#website\",\"url\":\"https:\/\/www.comercialanma.es\/\",\"name\":\"Comercial de Hosteleria Anma\",\"description\":\"\",\"publisher\":{\"@id\":\"https:\/\/www.comercialanma.es\/#organization\"},\"potentialAction\":[{\"@type\":\"SearchAction\",\"target\":\"https:\/\/www.comercialanma.es\/?s={search_term_string}\",\"query-input\":\"required name=search_term_string\"}],\"inLanguage\":\"es\"},{\"@type\":\"ImageObject\",\"@id\":\"https:\/\/www.comercialanma.es\/?product=sirope-almendra-monin-70cl#primaryimage\",\"inLanguage\":\"es\",\"url\":\"https:\/\/i0.wp.com\/www.comercialanma.es\/wp-content\/uploads\/2022\/10\/sirope-de-almendras-monin.jpg?fit=1080%2C1080&ssl=1\",\"width\":1080,\"height\":1080},{\"@type\":\"WebPage\",\"@id\":\"https:\/\/www.comercialanma.es\/?product=sirope-almendra-monin-70cl#webpage\",\"url\":\"https:\/\/www.comercialanma.es\/?product=sirope-almendra-monin-70cl\",\"name\":\"Sirope Almendra Monin 70cl. - Comercial de Hosteleria Anma\",\"isPartOf\":{\"@id\":\"https:\/\/www.comercialanma.es\/#website\"},\"primaryImageOfPage\":{\"@id\":\"https:\/\/www.comercialanma.es\/?product=sirope-almendra-monin-70cl#primaryimage\"},\"datePublished\":\"2022-10-19T08:18:41+00:00\",\"dateModified\":\"2022-11-16T07:32:29+00:00\",\"description\":\"Sirope de almendra | Monin | 70cl. | Saborizante de Almendras con su sutil dulzura y rico aroma almendrado.\",\"breadcrumb\":{\"@id\":\"https:\/\/www.comercialanma.es\/?product=sirope-almendra-monin-70cl#breadcrumb\"},\"inLanguage\":\"es\",\"potentialAction\":[{\"@type\":\"ReadAction\",\"target\":[\"https:\/\/www.comercialanma.es\/?product=sirope-almendra-monin-70cl\"]}]},{\"@type\":\"BreadcrumbList\",\"@id\":\"https:\/\/www.comercialanma.es\/?product=sirope-almendra-monin-70cl#breadcrumb\",\"itemListElement\":[{\"@type\":\"ListItem\",\"position\":1,\"item\":{\"@type\":\"WebPage\",\"@id\":\"https:\/\/www.comercialanma.es\/\",\"url\":\"https:\/\/www.comercialanma.es\/\",\"name\":\"Portada\"}},{\"@type\":\"ListItem\",\"position\":2,\"item\":{\"@type\":\"WebPage\",\"@id\":\"https:\/\/www.comercialanma.es\/?page_id=3963\",\"url\":\"https:\/\/www.comercialanma.es\/?page_id=3963\",\"name\":\"Cat\\u00e1logo de Productos\"}},{\"@type\":\"ListItem\",\"position\":3,\"item\":{\"@type\":\"WebPage\",\"@id\":\"https:\/\/www.comercialanma.es\/?product=sirope-almendra-monin-70cl\",\"url\":\"https:\/\/www.comercialanma.es\/?product=sirope-almendra-monin-70cl\",\"name\":\"Sirope Almendra Monin 70cl.\"}}]}]}<\/script>\n<!-- \/ Yoast SEO plugin. -->","_links":{"self":[{"href":"https:\/\/www.comercialanma.es\/index.php?rest_route=\/wp\/v2\/product\/21847"}],"collection":[{"href":"https:\/\/www.comercialanma.es\/index.php?rest_route=\/wp\/v2\/product"}],"about":[{"href":"https:\/\/www.comercialanma.es\/index.php?rest_route=\/wp\/v2\/types\/product"}],"version-history":[{"count":1,"href":"https:\/\/www.comercialanma.es\/index.php?rest_route=\/wp\/v2\/product\/21847\/revisions"}],"predecessor-version":[{"id":21849,"href":"https:\/\/www.comercialanma.es\/index.php?rest_route=\/wp\/v2\/product\/21847\/revisions\/21849"}],"wp:featuredmedia":[{"embeddable":true,"href":"https:\/\/www.comercialanma.es\/index.php?rest_route=\/wp\/v2\/media\/21848"}],"wp:attachment":[{"href":"https:\/\/www.comercialanma.es\/index.php?rest_route=%2Fwp%2Fv2%2Fmedia&parent=21847"}],"curies":[{"name":"wp","href":"https:\/\/api.w.org\/{rel}","templated":true}]}}