
{"id":21861,"date":"2022-10-25T09:32:58","date_gmt":"2022-10-25T07:32:58","guid":{"rendered":"https:\/\/www.comercialanma.es\/?post_type=product&#038;p=21861"},"modified":"2022-10-25T09:40:42","modified_gmt":"2022-10-25T07:40:42","slug":"red-bull-winter-2022","status":"publish","type":"product","link":"https:\/\/www.comercialanma.es\/?product=red-bull-winter-2022","title":{"rendered":"Red Bull Winter Edition 250ml."},"content":{"rendered":"<ul class=\"a-unordered-list a-vertical a-spacing-mini\">\n<li>Marca: Red Bull<\/li>\n<li>Formato: Lata<\/li>\n<li>Capacidad: 250ml.<\/li>\n<\/ul>\n<h3>Ingredientes:<\/h3>\n<p>Agua, sacarosa, glucosa, acidulante (\u00e1cido c\u00edtrico), carbonatado, taurina (0,4%), regulador de la acidez (citratos de sodio), cafe\u00edna (0,03%), vitaminas (niacina, \u00e1cido pantot\u00e9nico, B6, B12), sabores, colorantes (az\u00facar de az\u00facar, beta-apo-8\u00b4-caroteno (C30) ), Riboflav. ine), antioxidante (\u00e1cido asc\u00f3rbico)<\/p>\n","protected":false},"excerpt":{"rendered":"<p>Red Bull Winter Edition | 250ml.| by Red Bull | Envase Lata |<\/p>\n<p><span class=\"a-list-item\">La nueva edici\u00f3n Red Bull Winter con el delicioso sabor de higo y manzana, complementada con un toque de notas invernales.<\/span><\/p>\n","protected":false},"featured_media":21862,"template":"","meta":{"spay_email":""},"yoast_head":"<!-- This site is optimized with the Yoast SEO plugin v15.9 - https:\/\/yoast.com\/wordpress\/plugins\/seo\/ -->\n<title>Red Bull Winter Edition 250ml. - Comercial de Hosteleria Anma<\/title>\n<meta name=\"description\" content=\"Red Bull Winter Edition | 250ml.| by Red Bull | Delicioso sabor de higo y manzana, complementada con un toque de notas invernales.\" \/>\n<meta name=\"robots\" content=\"index, follow, max-snippet:-1, max-image-preview:large, max-video-preview:-1\" \/>\n<link rel=\"canonical\" href=\"https:\/\/www.comercialanma.es\/?product=red-bull-winter-2022\" \/>\n<meta property=\"og:locale\" content=\"es_ES\" \/>\n<meta property=\"og:type\" content=\"article\" \/>\n<meta property=\"og:title\" content=\"Red Bull Winter Edition 250ml. - Comercial de Hosteleria Anma\" \/>\n<meta property=\"og:description\" content=\"Red Bull Winter Edition | 250ml.| by Red Bull | Delicioso sabor de higo y manzana, complementada con un toque de notas invernales.\" \/>\n<meta property=\"og:url\" content=\"https:\/\/www.comercialanma.es\/?product=red-bull-winter-2022\" \/>\n<meta property=\"og:site_name\" content=\"Comercial de Hosteleria Anma\" \/>\n<meta property=\"article:publisher\" content=\"https:\/\/www.facebook.com\/AnmaHosteleria\" \/>\n<meta property=\"article:modified_time\" content=\"2022-10-25T07:40:42+00:00\" \/>\n<meta property=\"og:image\" content=\"https:\/\/i1.wp.com\/www.comercialanma.es\/wp-content\/uploads\/2022\/10\/Red-Bull-Winter-Edition-2022.jpg?fit=1080%2C1080&#038;ssl=1\" \/>\n\t<meta property=\"og:image:width\" content=\"1080\" \/>\n\t<meta property=\"og:image:height\" content=\"1080\" \/>\n<meta name=\"twitter:card\" content=\"summary_large_image\" \/>\n<meta name=\"twitter:label1\" content=\"Tiempo de lectura\">\n\t<meta name=\"twitter:data1\" content=\"1 minuto\">\n<script type=\"application\/ld+json\" class=\"yoast-schema-graph\">{\"@context\":\"https:\/\/schema.org\",\"@graph\":[{\"@type\":\"Organization\",\"@id\":\"https:\/\/www.comercialanma.es\/#organization\",\"name\":\"Comercial Anma\",\"url\":\"https:\/\/www.comercialanma.es\/\",\"sameAs\":[\"https:\/\/www.facebook.com\/AnmaHosteleria\",\"https:\/\/www.instagram.com\/anmahosteleria\/?hl=es\",\"https:\/\/www.youtube.com\/channel\/UCT2nmn08Ntks0hmpZPnDgCA\"],\"logo\":{\"@type\":\"ImageObject\",\"@id\":\"https:\/\/www.comercialanma.es\/#logo\",\"inLanguage\":\"es\",\"url\":\"https:\/\/i2.wp.com\/www.comercialanma.es\/wp-content\/uploads\/2019\/06\/logo-anma-color.png?fit=247%2C101&ssl=1\",\"width\":247,\"height\":101,\"caption\":\"Comercial Anma\"},\"image\":{\"@id\":\"https:\/\/www.comercialanma.es\/#logo\"}},{\"@type\":\"WebSite\",\"@id\":\"https:\/\/www.comercialanma.es\/#website\",\"url\":\"https:\/\/www.comercialanma.es\/\",\"name\":\"Comercial de Hosteleria Anma\",\"description\":\"\",\"publisher\":{\"@id\":\"https:\/\/www.comercialanma.es\/#organization\"},\"potentialAction\":[{\"@type\":\"SearchAction\",\"target\":\"https:\/\/www.comercialanma.es\/?s={search_term_string}\",\"query-input\":\"required name=search_term_string\"}],\"inLanguage\":\"es\"},{\"@type\":\"ImageObject\",\"@id\":\"https:\/\/www.comercialanma.es\/?product=red-bull-winter-2022#primaryimage\",\"inLanguage\":\"es\",\"url\":\"https:\/\/i1.wp.com\/www.comercialanma.es\/wp-content\/uploads\/2022\/10\/Red-Bull-Winter-Edition-2022.jpg?fit=1080%2C1080&ssl=1\",\"width\":1080,\"height\":1080},{\"@type\":\"WebPage\",\"@id\":\"https:\/\/www.comercialanma.es\/?product=red-bull-winter-2022#webpage\",\"url\":\"https:\/\/www.comercialanma.es\/?product=red-bull-winter-2022\",\"name\":\"Red Bull Winter Edition 250ml. - Comercial de Hosteleria Anma\",\"isPartOf\":{\"@id\":\"https:\/\/www.comercialanma.es\/#website\"},\"primaryImageOfPage\":{\"@id\":\"https:\/\/www.comercialanma.es\/?product=red-bull-winter-2022#primaryimage\"},\"datePublished\":\"2022-10-25T07:32:58+00:00\",\"dateModified\":\"2022-10-25T07:40:42+00:00\",\"description\":\"Red Bull Winter Edition | 250ml.| by Red Bull | Delicioso sabor de higo y manzana, complementada con un toque de notas invernales.\",\"breadcrumb\":{\"@id\":\"https:\/\/www.comercialanma.es\/?product=red-bull-winter-2022#breadcrumb\"},\"inLanguage\":\"es\",\"potentialAction\":[{\"@type\":\"ReadAction\",\"target\":[\"https:\/\/www.comercialanma.es\/?product=red-bull-winter-2022\"]}]},{\"@type\":\"BreadcrumbList\",\"@id\":\"https:\/\/www.comercialanma.es\/?product=red-bull-winter-2022#breadcrumb\",\"itemListElement\":[{\"@type\":\"ListItem\",\"position\":1,\"item\":{\"@type\":\"WebPage\",\"@id\":\"https:\/\/www.comercialanma.es\/\",\"url\":\"https:\/\/www.comercialanma.es\/\",\"name\":\"Portada\"}},{\"@type\":\"ListItem\",\"position\":2,\"item\":{\"@type\":\"WebPage\",\"@id\":\"https:\/\/www.comercialanma.es\/?page_id=3963\",\"url\":\"https:\/\/www.comercialanma.es\/?page_id=3963\",\"name\":\"Cat\\u00e1logo de Productos\"}},{\"@type\":\"ListItem\",\"position\":3,\"item\":{\"@type\":\"WebPage\",\"@id\":\"https:\/\/www.comercialanma.es\/?product=red-bull-winter-2022\",\"url\":\"https:\/\/www.comercialanma.es\/?product=red-bull-winter-2022\",\"name\":\"Red Bull Winter Edition 250ml.\"}}]}]}<\/script>\n<!-- \/ Yoast SEO plugin. -->","_links":{"self":[{"href":"https:\/\/www.comercialanma.es\/index.php?rest_route=\/wp\/v2\/product\/21861"}],"collection":[{"href":"https:\/\/www.comercialanma.es\/index.php?rest_route=\/wp\/v2\/product"}],"about":[{"href":"https:\/\/www.comercialanma.es\/index.php?rest_route=\/wp\/v2\/types\/product"}],"version-history":[{"count":1,"href":"https:\/\/www.comercialanma.es\/index.php?rest_route=\/wp\/v2\/product\/21861\/revisions"}],"predecessor-version":[{"id":21863,"href":"https:\/\/www.comercialanma.es\/index.php?rest_route=\/wp\/v2\/product\/21861\/revisions\/21863"}],"wp:featuredmedia":[{"embeddable":true,"href":"https:\/\/www.comercialanma.es\/index.php?rest_route=\/wp\/v2\/media\/21862"}],"wp:attachment":[{"href":"https:\/\/www.comercialanma.es\/index.php?rest_route=%2Fwp%2Fv2%2Fmedia&parent=21861"}],"curies":[{"name":"wp","href":"https:\/\/api.w.org\/{rel}","templated":true}]}}