
{"id":21866,"date":"2022-10-25T11:42:12","date_gmt":"2022-10-25T09:42:12","guid":{"rendered":"https:\/\/www.comercialanma.es\/?post_type=product&#038;p=21866"},"modified":"2022-10-25T11:50:07","modified_gmt":"2022-10-25T09:50:07","slug":"orujo-blanco-valdomino","status":"publish","type":"product","link":"https:\/\/www.comercialanma.es\/?product=orujo-blanco-valdomino","title":{"rendered":"Orujo blanco Pazo de Valdomi\u00f1o 70cl."},"content":{"rendered":"<ul>\n<li>Pazo de Valdomi\u00f1o se dedica a la elaboraci\u00f3n de licores y aguardientes tradicionales de Galicia. Est\u00e1 ubicada en el valle de O Rosal, en la desembocadura del r\u00edo Mi\u00f1o, coraz\u00f3n de las R\u00edas Baixas.<\/li>\n<li>Este aguardiente blanco est\u00e1 elaborado con aguardiente de orujo de albari\u00f1o por triple destilaci\u00f3n. Permanece en reposo durante un a\u00f1o previamente a su embotellado.<\/li>\n<li>Graduaci\u00f3n 43\u00ba<\/li>\n<\/ul>\n","protected":false},"excerpt":{"rendered":"<p>Destilado elaborado con Aguardiente de Orujo de Albari\u00f1o mediante triple destilaci\u00f3n. Permanece en reposo un a\u00f1o previamente a su embotellado.<\/p>\n","protected":false},"featured_media":21867,"template":"","meta":{"spay_email":""},"yoast_head":"<!-- This site is optimized with the Yoast SEO plugin v15.9 - https:\/\/yoast.com\/wordpress\/plugins\/seo\/ -->\n<title>Orujo blanco Pazo de Valdomi\u00f1o 70cl. - Comercial de Hosteleria Anma<\/title>\n<meta name=\"description\" content=\"Orujo blanco Pazo de Valdomi\u00f1o | 70cl.| Destilado elaborado con Aguardiente de Orujo de Albari\u00f1o mediante triple destilaci\u00f3n.\" \/>\n<meta name=\"robots\" content=\"index, follow, max-snippet:-1, max-image-preview:large, max-video-preview:-1\" \/>\n<link rel=\"canonical\" href=\"https:\/\/www.comercialanma.es\/?product=orujo-blanco-valdomino\" \/>\n<meta property=\"og:locale\" content=\"es_ES\" \/>\n<meta property=\"og:type\" content=\"article\" \/>\n<meta property=\"og:title\" content=\"Orujo blanco Pazo de Valdomi\u00f1o 70cl. - Comercial de Hosteleria Anma\" \/>\n<meta property=\"og:description\" content=\"Orujo blanco Pazo de Valdomi\u00f1o | 70cl.| Destilado elaborado con Aguardiente de Orujo de Albari\u00f1o mediante triple destilaci\u00f3n.\" \/>\n<meta property=\"og:url\" content=\"https:\/\/www.comercialanma.es\/?product=orujo-blanco-valdomino\" \/>\n<meta property=\"og:site_name\" content=\"Comercial de Hosteleria Anma\" \/>\n<meta property=\"article:publisher\" content=\"https:\/\/www.facebook.com\/AnmaHosteleria\" \/>\n<meta property=\"article:modified_time\" content=\"2022-10-25T09:50:07+00:00\" \/>\n<meta property=\"og:image\" content=\"https:\/\/i1.wp.com\/www.comercialanma.es\/wp-content\/uploads\/2022\/10\/Orujo-blanco-valdomin\u0303o.jpg?fit=1080%2C1080&#038;ssl=1\" \/>\n\t<meta property=\"og:image:width\" content=\"1080\" \/>\n\t<meta property=\"og:image:height\" content=\"1080\" \/>\n<meta name=\"twitter:card\" content=\"summary_large_image\" \/>\n<meta name=\"twitter:label1\" content=\"Tiempo de lectura\">\n\t<meta name=\"twitter:data1\" content=\"1 minuto\">\n<script type=\"application\/ld+json\" class=\"yoast-schema-graph\">{\"@context\":\"https:\/\/schema.org\",\"@graph\":[{\"@type\":\"Organization\",\"@id\":\"https:\/\/www.comercialanma.es\/#organization\",\"name\":\"Comercial Anma\",\"url\":\"https:\/\/www.comercialanma.es\/\",\"sameAs\":[\"https:\/\/www.facebook.com\/AnmaHosteleria\",\"https:\/\/www.instagram.com\/anmahosteleria\/?hl=es\",\"https:\/\/www.youtube.com\/channel\/UCT2nmn08Ntks0hmpZPnDgCA\"],\"logo\":{\"@type\":\"ImageObject\",\"@id\":\"https:\/\/www.comercialanma.es\/#logo\",\"inLanguage\":\"es\",\"url\":\"https:\/\/i2.wp.com\/www.comercialanma.es\/wp-content\/uploads\/2019\/06\/logo-anma-color.png?fit=247%2C101&ssl=1\",\"width\":247,\"height\":101,\"caption\":\"Comercial Anma\"},\"image\":{\"@id\":\"https:\/\/www.comercialanma.es\/#logo\"}},{\"@type\":\"WebSite\",\"@id\":\"https:\/\/www.comercialanma.es\/#website\",\"url\":\"https:\/\/www.comercialanma.es\/\",\"name\":\"Comercial de Hosteleria Anma\",\"description\":\"\",\"publisher\":{\"@id\":\"https:\/\/www.comercialanma.es\/#organization\"},\"potentialAction\":[{\"@type\":\"SearchAction\",\"target\":\"https:\/\/www.comercialanma.es\/?s={search_term_string}\",\"query-input\":\"required name=search_term_string\"}],\"inLanguage\":\"es\"},{\"@type\":\"ImageObject\",\"@id\":\"https:\/\/www.comercialanma.es\/?product=orujo-blanco-valdomino#primaryimage\",\"inLanguage\":\"es\",\"url\":\"https:\/\/i1.wp.com\/www.comercialanma.es\/wp-content\/uploads\/2022\/10\/Orujo-blanco-valdomin\\u0303o.jpg?fit=1080%2C1080&ssl=1\",\"width\":1080,\"height\":1080},{\"@type\":\"WebPage\",\"@id\":\"https:\/\/www.comercialanma.es\/?product=orujo-blanco-valdomino#webpage\",\"url\":\"https:\/\/www.comercialanma.es\/?product=orujo-blanco-valdomino\",\"name\":\"Orujo blanco Pazo de Valdomi\\u00f1o 70cl. - Comercial de Hosteleria Anma\",\"isPartOf\":{\"@id\":\"https:\/\/www.comercialanma.es\/#website\"},\"primaryImageOfPage\":{\"@id\":\"https:\/\/www.comercialanma.es\/?product=orujo-blanco-valdomino#primaryimage\"},\"datePublished\":\"2022-10-25T09:42:12+00:00\",\"dateModified\":\"2022-10-25T09:50:07+00:00\",\"description\":\"Orujo blanco Pazo de Valdomi\\u00f1o | 70cl.| Destilado elaborado con Aguardiente de Orujo de Albari\\u00f1o mediante triple destilaci\\u00f3n.\",\"breadcrumb\":{\"@id\":\"https:\/\/www.comercialanma.es\/?product=orujo-blanco-valdomino#breadcrumb\"},\"inLanguage\":\"es\",\"potentialAction\":[{\"@type\":\"ReadAction\",\"target\":[\"https:\/\/www.comercialanma.es\/?product=orujo-blanco-valdomino\"]}]},{\"@type\":\"BreadcrumbList\",\"@id\":\"https:\/\/www.comercialanma.es\/?product=orujo-blanco-valdomino#breadcrumb\",\"itemListElement\":[{\"@type\":\"ListItem\",\"position\":1,\"item\":{\"@type\":\"WebPage\",\"@id\":\"https:\/\/www.comercialanma.es\/\",\"url\":\"https:\/\/www.comercialanma.es\/\",\"name\":\"Portada\"}},{\"@type\":\"ListItem\",\"position\":2,\"item\":{\"@type\":\"WebPage\",\"@id\":\"https:\/\/www.comercialanma.es\/?page_id=3963\",\"url\":\"https:\/\/www.comercialanma.es\/?page_id=3963\",\"name\":\"Cat\\u00e1logo de Productos\"}},{\"@type\":\"ListItem\",\"position\":3,\"item\":{\"@type\":\"WebPage\",\"@id\":\"https:\/\/www.comercialanma.es\/?product=orujo-blanco-valdomino\",\"url\":\"https:\/\/www.comercialanma.es\/?product=orujo-blanco-valdomino\",\"name\":\"Orujo blanco Pazo de Valdomi\\u00f1o 70cl.\"}}]}]}<\/script>\n<!-- \/ Yoast SEO plugin. -->","_links":{"self":[{"href":"https:\/\/www.comercialanma.es\/index.php?rest_route=\/wp\/v2\/product\/21866"}],"collection":[{"href":"https:\/\/www.comercialanma.es\/index.php?rest_route=\/wp\/v2\/product"}],"about":[{"href":"https:\/\/www.comercialanma.es\/index.php?rest_route=\/wp\/v2\/types\/product"}],"version-history":[{"count":1,"href":"https:\/\/www.comercialanma.es\/index.php?rest_route=\/wp\/v2\/product\/21866\/revisions"}],"predecessor-version":[{"id":21868,"href":"https:\/\/www.comercialanma.es\/index.php?rest_route=\/wp\/v2\/product\/21866\/revisions\/21868"}],"wp:featuredmedia":[{"embeddable":true,"href":"https:\/\/www.comercialanma.es\/index.php?rest_route=\/wp\/v2\/media\/21867"}],"wp:attachment":[{"href":"https:\/\/www.comercialanma.es\/index.php?rest_route=%2Fwp%2Fv2%2Fmedia&parent=21866"}],"curies":[{"name":"wp","href":"https:\/\/api.w.org\/{rel}","templated":true}]}}