
{"id":21926,"date":"2022-11-15T10:53:51","date_gmt":"2022-11-15T09:53:51","guid":{"rendered":"https:\/\/www.comercialanma.es\/?post_type=product&#038;p=21926"},"modified":"2022-11-15T11:07:00","modified_gmt":"2022-11-15T10:07:00","slug":"gran-vino-pazo-barrante","status":"publish","type":"product","link":"https:\/\/www.comercialanma.es\/?product=gran-vino-pazo-barrante","title":{"rendered":"Gran vino Pazo Barrante 75cl."},"content":{"rendered":"<h3>D.O.:<\/h3>\n<ul>\n<li>R\u00edas Baixas<\/li>\n<\/ul>\n<h3>Variedades de uva:<\/h3>\n<ul>\n<li>Albari\u00f1o.<\/li>\n<\/ul>\n<h3>Graduaci\u00f3n:<\/h3>\n<ul>\n<li>Graduaci\u00f3n: 13,0% vol.<\/li>\n<\/ul>\n<h3>Nota de cata:<\/h3>\n<div class=\"field\">\n<ul>\n<li class=\"field-label\">Nariz muy elegante y expresiva con predominancia de aromas de fruta blanca de hueso, notas c\u00edtricas y bals\u00e1micas, y un toque de flor de acacia y laurel.<\/li>\n<li class=\"field-label\">Es un vino muy fresco y vivo en boca, de textura fluida y final largo y equilibrado<\/li>\n<\/ul>\n<\/div>\n<h3>Maridaje:<\/h3>\n<ul>\n<li>Zamburi\u00f1a asada sobre patata l\u00edquida trufada y granos de caviar de Aquitania. Milhojas de anguila ahumada, foie gras y manzana \u00e1cida caramelizada con mayonesa de cebolla y mantequilla. Berberechos al vapor de Pazo de Barrantes y lima.<\/li>\n<\/ul>\n<p>&nbsp;<\/p>\n","protected":false},"excerpt":{"rendered":"<p>Gran vino Pazo Barrante | 75cl. | R\u00edas Baixas Galicia | 13,0\u00ba<\/p>\n<p>Un blanco muy elegante y fresco, pleno de matices, con boca viva y fluida.<\/p>\n","protected":false},"featured_media":21928,"template":"","meta":{"spay_email":""},"yoast_head":"<!-- This site is optimized with the Yoast SEO plugin v15.9 - https:\/\/yoast.com\/wordpress\/plugins\/seo\/ -->\n<title>Gran vino Pazo Barrante 75cl. - Comercial de Hosteleria Anma<\/title>\n<meta name=\"description\" content=\"Gran vino Pazo Barrante | 75cl. | R\u00edas Baixas Galicia | 13,0\u00ba | Un blanco muy elegante y fresco, pleno de matices, con boca viva y fluida.\" \/>\n<meta name=\"robots\" content=\"index, follow, max-snippet:-1, max-image-preview:large, max-video-preview:-1\" \/>\n<link rel=\"canonical\" href=\"https:\/\/www.comercialanma.es\/?product=gran-vino-pazo-barrante\" \/>\n<meta property=\"og:locale\" content=\"es_ES\" \/>\n<meta property=\"og:type\" content=\"article\" \/>\n<meta property=\"og:title\" content=\"Gran vino Pazo Barrante 75cl. - Comercial de Hosteleria Anma\" \/>\n<meta property=\"og:description\" content=\"Gran vino Pazo Barrante | 75cl. | R\u00edas Baixas Galicia | 13,0\u00ba | Un blanco muy elegante y fresco, pleno de matices, con boca viva y fluida.\" \/>\n<meta property=\"og:url\" content=\"https:\/\/www.comercialanma.es\/?product=gran-vino-pazo-barrante\" \/>\n<meta property=\"og:site_name\" content=\"Comercial de Hosteleria Anma\" \/>\n<meta property=\"article:publisher\" content=\"https:\/\/www.facebook.com\/AnmaHosteleria\" \/>\n<meta property=\"article:modified_time\" content=\"2022-11-15T10:07:00+00:00\" \/>\n<meta property=\"og:image\" content=\"https:\/\/i0.wp.com\/www.comercialanma.es\/wp-content\/uploads\/2022\/11\/Gran-pazo-de-barrantes.jpg?fit=1080%2C1080&#038;ssl=1\" \/>\n\t<meta property=\"og:image:width\" content=\"1080\" \/>\n\t<meta property=\"og:image:height\" content=\"1080\" \/>\n<meta name=\"twitter:card\" content=\"summary_large_image\" \/>\n<meta name=\"twitter:label1\" content=\"Tiempo de lectura\">\n\t<meta name=\"twitter:data1\" content=\"1 minuto\">\n<script type=\"application\/ld+json\" class=\"yoast-schema-graph\">{\"@context\":\"https:\/\/schema.org\",\"@graph\":[{\"@type\":\"Organization\",\"@id\":\"https:\/\/www.comercialanma.es\/#organization\",\"name\":\"Comercial Anma\",\"url\":\"https:\/\/www.comercialanma.es\/\",\"sameAs\":[\"https:\/\/www.facebook.com\/AnmaHosteleria\",\"https:\/\/www.instagram.com\/anmahosteleria\/?hl=es\",\"https:\/\/www.youtube.com\/channel\/UCT2nmn08Ntks0hmpZPnDgCA\"],\"logo\":{\"@type\":\"ImageObject\",\"@id\":\"https:\/\/www.comercialanma.es\/#logo\",\"inLanguage\":\"es\",\"url\":\"https:\/\/i2.wp.com\/www.comercialanma.es\/wp-content\/uploads\/2019\/06\/logo-anma-color.png?fit=247%2C101&ssl=1\",\"width\":247,\"height\":101,\"caption\":\"Comercial Anma\"},\"image\":{\"@id\":\"https:\/\/www.comercialanma.es\/#logo\"}},{\"@type\":\"WebSite\",\"@id\":\"https:\/\/www.comercialanma.es\/#website\",\"url\":\"https:\/\/www.comercialanma.es\/\",\"name\":\"Comercial de Hosteleria Anma\",\"description\":\"\",\"publisher\":{\"@id\":\"https:\/\/www.comercialanma.es\/#organization\"},\"potentialAction\":[{\"@type\":\"SearchAction\",\"target\":\"https:\/\/www.comercialanma.es\/?s={search_term_string}\",\"query-input\":\"required name=search_term_string\"}],\"inLanguage\":\"es\"},{\"@type\":\"ImageObject\",\"@id\":\"https:\/\/www.comercialanma.es\/?product=gran-vino-pazo-barrante#primaryimage\",\"inLanguage\":\"es\",\"url\":\"https:\/\/i0.wp.com\/www.comercialanma.es\/wp-content\/uploads\/2022\/11\/Gran-pazo-de-barrantes.jpg?fit=1080%2C1080&ssl=1\",\"width\":1080,\"height\":1080},{\"@type\":\"WebPage\",\"@id\":\"https:\/\/www.comercialanma.es\/?product=gran-vino-pazo-barrante#webpage\",\"url\":\"https:\/\/www.comercialanma.es\/?product=gran-vino-pazo-barrante\",\"name\":\"Gran vino Pazo Barrante 75cl. - Comercial de Hosteleria Anma\",\"isPartOf\":{\"@id\":\"https:\/\/www.comercialanma.es\/#website\"},\"primaryImageOfPage\":{\"@id\":\"https:\/\/www.comercialanma.es\/?product=gran-vino-pazo-barrante#primaryimage\"},\"datePublished\":\"2022-11-15T09:53:51+00:00\",\"dateModified\":\"2022-11-15T10:07:00+00:00\",\"description\":\"Gran vino Pazo Barrante | 75cl. | R\\u00edas Baixas Galicia | 13,0\\u00ba | Un blanco muy elegante y fresco, pleno de matices, con boca viva y fluida.\",\"breadcrumb\":{\"@id\":\"https:\/\/www.comercialanma.es\/?product=gran-vino-pazo-barrante#breadcrumb\"},\"inLanguage\":\"es\",\"potentialAction\":[{\"@type\":\"ReadAction\",\"target\":[\"https:\/\/www.comercialanma.es\/?product=gran-vino-pazo-barrante\"]}]},{\"@type\":\"BreadcrumbList\",\"@id\":\"https:\/\/www.comercialanma.es\/?product=gran-vino-pazo-barrante#breadcrumb\",\"itemListElement\":[{\"@type\":\"ListItem\",\"position\":1,\"item\":{\"@type\":\"WebPage\",\"@id\":\"https:\/\/www.comercialanma.es\/\",\"url\":\"https:\/\/www.comercialanma.es\/\",\"name\":\"Portada\"}},{\"@type\":\"ListItem\",\"position\":2,\"item\":{\"@type\":\"WebPage\",\"@id\":\"https:\/\/www.comercialanma.es\/?page_id=3963\",\"url\":\"https:\/\/www.comercialanma.es\/?page_id=3963\",\"name\":\"Cat\\u00e1logo de Productos\"}},{\"@type\":\"ListItem\",\"position\":3,\"item\":{\"@type\":\"WebPage\",\"@id\":\"https:\/\/www.comercialanma.es\/?product=gran-vino-pazo-barrante\",\"url\":\"https:\/\/www.comercialanma.es\/?product=gran-vino-pazo-barrante\",\"name\":\"Gran vino Pazo Barrante 75cl.\"}}]}]}<\/script>\n<!-- \/ Yoast SEO plugin. -->","_links":{"self":[{"href":"https:\/\/www.comercialanma.es\/index.php?rest_route=\/wp\/v2\/product\/21926"}],"collection":[{"href":"https:\/\/www.comercialanma.es\/index.php?rest_route=\/wp\/v2\/product"}],"about":[{"href":"https:\/\/www.comercialanma.es\/index.php?rest_route=\/wp\/v2\/types\/product"}],"version-history":[{"count":2,"href":"https:\/\/www.comercialanma.es\/index.php?rest_route=\/wp\/v2\/product\/21926\/revisions"}],"predecessor-version":[{"id":21929,"href":"https:\/\/www.comercialanma.es\/index.php?rest_route=\/wp\/v2\/product\/21926\/revisions\/21929"}],"wp:featuredmedia":[{"embeddable":true,"href":"https:\/\/www.comercialanma.es\/index.php?rest_route=\/wp\/v2\/media\/21928"}],"wp:attachment":[{"href":"https:\/\/www.comercialanma.es\/index.php?rest_route=%2Fwp%2Fv2%2Fmedia&parent=21926"}],"curies":[{"name":"wp","href":"https:\/\/api.w.org\/{rel}","templated":true}]}}