
{"id":21935,"date":"2022-11-16T08:34:16","date_gmt":"2022-11-16T07:34:16","guid":{"rendered":"https:\/\/www.comercialanma.es\/?post_type=product&#038;p=21935"},"modified":"2022-11-16T08:50:23","modified_gmt":"2022-11-16T07:50:23","slug":"olive-lemonade","status":"publish","type":"product","link":"https:\/\/www.comercialanma.es\/?product=olive-lemonade","title":{"rendered":"Olive Lemonade Le Tribute 20cl."},"content":{"rendered":"<ul class=\"a-unordered-list a-vertical a-spacing-mini\">\n<li>Marca: Le tribute<\/li>\n<li>No retornable<\/li>\n<li>Capacidad: 20cl.<\/li>\n<\/ul>\n<h3>Ingredientes:<\/h3>\n<ul>\n<li>Agua carbonatada, az\u00facar, aroma natural de arbequina y lim\u00f3n (5,8%), zumo de lim\u00f3n y lima a partir deconcentrado (2%), agua de mar, acidulante: \u00e1cido c\u00edtrico (E330), estabilizador: ester glic\u00e9rido de colofonia (E445), conservante: sorbato pot\u00e1sico (E202)<\/li>\n<\/ul>\n","protected":false},"excerpt":{"rendered":"<p class=\"pdd_p\">Elaborado con:<\/p>\n<p class=\"pdd_p\">Zumo natural, tras pelar los limones y guardar sus pieles para macerarlas y destilarlas, se extrae su zumo como base de la limonada.<\/p>\n<p class=\"pdd_p\">Aceitunas y piel de lim\u00f3n, se destila en agua las pieles de lim\u00f3n con una peque\u00f1a cantidad de aceitunas para extraer los aceites de la piel y dar el toque sutil pero inconfundible de aceituna a la bebida.<\/p>\n<p class=\"pdd_p\">Agua marina, se a\u00f1ade un toque de agua de mar para ensalzar los sabores de la aceituna y el lim\u00f3n.<\/p>\n<p class=\"pdd_p\">Agua desmineralizada y sin sabor, se extrae el agua de un manantial de la propia destiler\u00eda mediante un proceso de \u00f3smosis interna que garantiza la mayor pureza.<\/p>\n<p class=\"pdd_p\">Burbuja sedosa y duradera gracias al carb\u00f3nico suave e integrado y al enfriado del l\u00edquido hasta los 2\u00baC antes de embotellar.<\/p>\n<p class=\"pdd_p\">Color amarillo transl\u00facido, con burbuja no muy grande pero de larga duraci\u00f3n. En nariz, lo primero que notamos es una sutil y sorprendente nota de oliva y posteriormente predomina al intenso aroma a lim\u00f3n natural.<\/p>\n<p class=\"pdd_p\">En boca, sabor refrescante y c\u00edtrico con buen equilibrio entre acidez y dulzor, con un toque especial de oliva.<\/p>\n","protected":false},"featured_media":21936,"template":"","meta":{"spay_email":""},"yoast_head":"<!-- This site is optimized with the Yoast SEO plugin v15.9 - https:\/\/yoast.com\/wordpress\/plugins\/seo\/ -->\n<title>Olive Lemonade Le Tribute 20cl. - Comercial de Hosteleria Anma<\/title>\n<meta name=\"description\" content=\"Olive Lemonade Le Tribute 20cl. | 20cl.| Refresco elaborado con extractos de jengibre natural de la india, con una burbuja sedosa y duradera.\" \/>\n<meta name=\"robots\" content=\"index, follow, max-snippet:-1, max-image-preview:large, max-video-preview:-1\" \/>\n<link rel=\"canonical\" href=\"https:\/\/www.comercialanma.es\/?product=olive-lemonade\" \/>\n<meta property=\"og:locale\" content=\"es_ES\" \/>\n<meta property=\"og:type\" content=\"article\" \/>\n<meta property=\"og:title\" content=\"Olive Lemonade Le Tribute 20cl. - Comercial de Hosteleria Anma\" \/>\n<meta property=\"og:description\" content=\"Olive Lemonade Le Tribute 20cl. | 20cl.| Refresco elaborado con extractos de jengibre natural de la india, con una burbuja sedosa y duradera.\" \/>\n<meta property=\"og:url\" content=\"https:\/\/www.comercialanma.es\/?product=olive-lemonade\" \/>\n<meta property=\"og:site_name\" content=\"Comercial de Hosteleria Anma\" \/>\n<meta property=\"article:publisher\" content=\"https:\/\/www.facebook.com\/AnmaHosteleria\" \/>\n<meta property=\"article:modified_time\" content=\"2022-11-16T07:50:23+00:00\" \/>\n<meta property=\"og:image\" content=\"https:\/\/i1.wp.com\/www.comercialanma.es\/wp-content\/uploads\/2022\/11\/olive-lemonade-le-tribute.png?fit=1080%2C1080&#038;ssl=1\" \/>\n\t<meta property=\"og:image:width\" content=\"1080\" \/>\n\t<meta property=\"og:image:height\" content=\"1080\" \/>\n<meta name=\"twitter:card\" content=\"summary_large_image\" \/>\n<meta name=\"twitter:label1\" content=\"Tiempo de lectura\">\n\t<meta name=\"twitter:data1\" content=\"1 minuto\">\n<script type=\"application\/ld+json\" class=\"yoast-schema-graph\">{\"@context\":\"https:\/\/schema.org\",\"@graph\":[{\"@type\":\"Organization\",\"@id\":\"https:\/\/www.comercialanma.es\/#organization\",\"name\":\"Comercial Anma\",\"url\":\"https:\/\/www.comercialanma.es\/\",\"sameAs\":[\"https:\/\/www.facebook.com\/AnmaHosteleria\",\"https:\/\/www.instagram.com\/anmahosteleria\/?hl=es\",\"https:\/\/www.youtube.com\/channel\/UCT2nmn08Ntks0hmpZPnDgCA\"],\"logo\":{\"@type\":\"ImageObject\",\"@id\":\"https:\/\/www.comercialanma.es\/#logo\",\"inLanguage\":\"es\",\"url\":\"https:\/\/i2.wp.com\/www.comercialanma.es\/wp-content\/uploads\/2019\/06\/logo-anma-color.png?fit=247%2C101&ssl=1\",\"width\":247,\"height\":101,\"caption\":\"Comercial Anma\"},\"image\":{\"@id\":\"https:\/\/www.comercialanma.es\/#logo\"}},{\"@type\":\"WebSite\",\"@id\":\"https:\/\/www.comercialanma.es\/#website\",\"url\":\"https:\/\/www.comercialanma.es\/\",\"name\":\"Comercial de Hosteleria Anma\",\"description\":\"\",\"publisher\":{\"@id\":\"https:\/\/www.comercialanma.es\/#organization\"},\"potentialAction\":[{\"@type\":\"SearchAction\",\"target\":\"https:\/\/www.comercialanma.es\/?s={search_term_string}\",\"query-input\":\"required name=search_term_string\"}],\"inLanguage\":\"es\"},{\"@type\":\"ImageObject\",\"@id\":\"https:\/\/www.comercialanma.es\/?product=olive-lemonade#primaryimage\",\"inLanguage\":\"es\",\"url\":\"https:\/\/i1.wp.com\/www.comercialanma.es\/wp-content\/uploads\/2022\/11\/olive-lemonade-le-tribute.png?fit=1080%2C1080&ssl=1\",\"width\":1080,\"height\":1080},{\"@type\":\"WebPage\",\"@id\":\"https:\/\/www.comercialanma.es\/?product=olive-lemonade#webpage\",\"url\":\"https:\/\/www.comercialanma.es\/?product=olive-lemonade\",\"name\":\"Olive Lemonade Le Tribute 20cl. - Comercial de Hosteleria Anma\",\"isPartOf\":{\"@id\":\"https:\/\/www.comercialanma.es\/#website\"},\"primaryImageOfPage\":{\"@id\":\"https:\/\/www.comercialanma.es\/?product=olive-lemonade#primaryimage\"},\"datePublished\":\"2022-11-16T07:34:16+00:00\",\"dateModified\":\"2022-11-16T07:50:23+00:00\",\"description\":\"Olive Lemonade Le Tribute 20cl. | 20cl.| Refresco elaborado con extractos de jengibre natural de la india, con una burbuja sedosa y duradera.\",\"breadcrumb\":{\"@id\":\"https:\/\/www.comercialanma.es\/?product=olive-lemonade#breadcrumb\"},\"inLanguage\":\"es\",\"potentialAction\":[{\"@type\":\"ReadAction\",\"target\":[\"https:\/\/www.comercialanma.es\/?product=olive-lemonade\"]}]},{\"@type\":\"BreadcrumbList\",\"@id\":\"https:\/\/www.comercialanma.es\/?product=olive-lemonade#breadcrumb\",\"itemListElement\":[{\"@type\":\"ListItem\",\"position\":1,\"item\":{\"@type\":\"WebPage\",\"@id\":\"https:\/\/www.comercialanma.es\/\",\"url\":\"https:\/\/www.comercialanma.es\/\",\"name\":\"Portada\"}},{\"@type\":\"ListItem\",\"position\":2,\"item\":{\"@type\":\"WebPage\",\"@id\":\"https:\/\/www.comercialanma.es\/?page_id=3963\",\"url\":\"https:\/\/www.comercialanma.es\/?page_id=3963\",\"name\":\"Cat\\u00e1logo de Productos\"}},{\"@type\":\"ListItem\",\"position\":3,\"item\":{\"@type\":\"WebPage\",\"@id\":\"https:\/\/www.comercialanma.es\/?product=olive-lemonade\",\"url\":\"https:\/\/www.comercialanma.es\/?product=olive-lemonade\",\"name\":\"Olive Lemonade Le Tribute 20cl.\"}}]}]}<\/script>\n<!-- \/ Yoast SEO plugin. -->","_links":{"self":[{"href":"https:\/\/www.comercialanma.es\/index.php?rest_route=\/wp\/v2\/product\/21935"}],"collection":[{"href":"https:\/\/www.comercialanma.es\/index.php?rest_route=\/wp\/v2\/product"}],"about":[{"href":"https:\/\/www.comercialanma.es\/index.php?rest_route=\/wp\/v2\/types\/product"}],"version-history":[{"count":1,"href":"https:\/\/www.comercialanma.es\/index.php?rest_route=\/wp\/v2\/product\/21935\/revisions"}],"predecessor-version":[{"id":21937,"href":"https:\/\/www.comercialanma.es\/index.php?rest_route=\/wp\/v2\/product\/21935\/revisions\/21937"}],"wp:featuredmedia":[{"embeddable":true,"href":"https:\/\/www.comercialanma.es\/index.php?rest_route=\/wp\/v2\/media\/21936"}],"wp:attachment":[{"href":"https:\/\/www.comercialanma.es\/index.php?rest_route=%2Fwp%2Fv2%2Fmedia&parent=21935"}],"curies":[{"name":"wp","href":"https:\/\/api.w.org\/{rel}","templated":true}]}}