
{"id":21957,"date":"2022-12-05T09:44:36","date_gmt":"2022-12-05T08:44:36","guid":{"rendered":"https:\/\/www.comercialanma.es\/?post_type=product&#038;p=21957"},"modified":"2025-04-01T08:46:04","modified_gmt":"2025-04-01T06:46:04","slug":"tomate-troceado-dantza","status":"publish","type":"product","link":"https:\/\/www.comercialanma.es\/?product=tomate-troceado-dantza","title":{"rendered":"Tomate troceado Dantza 5kg."},"content":{"rendered":"<h3>Ingredientes:<\/h3>\n<p>Tomate, Sal y Acidulante (\u00c1cido C\u00edtrico E-330).<\/p>\n","protected":false},"excerpt":{"rendered":"<div>\n<div class=\"cls_prodDescription\">\n<div tabindex=\"0\" aria-label=\"En Orlando elaboramos el tomate triturado con tomates frescos seleccionados en su punto de madurez, y lo envasamos enseguida para mantener toda su riqueza nutritiva. Por su exquisito sabor, aroma y consistencia puede usarse como base para elaborar salsas o como ingrediente para cocinar los platos m\u00e1s diversos.\">Tomate troceado 100% natural<br \/>\n\u00cdntegramente producido por los agricultores socios y en cuya elaboraci\u00f3n se combina perfectamente la tradici\u00f3n y la tecnolog\u00eda m\u00e1s moderna. Un producto 100% natural de sabor excepcional y disponible en una amplia variedad de gama: tomate entero pelado, triturado, troceado y frito.<\/div>\n<\/div>\n<\/div>\n","protected":false},"featured_media":24227,"template":"","meta":{"spay_email":""},"yoast_head":"<!-- This site is optimized with the Yoast SEO plugin v15.9 - https:\/\/yoast.com\/wordpress\/plugins\/seo\/ -->\n<title>Tomate troceado Dantza 5kg. - Comercial de Hosteleria Anma<\/title>\n<meta name=\"description\" content=\"Tomate troceado | Dantza | 5kg. | Tomate 100% natural \u00edntegramente producido por los agricultores socios. Elaboraci\u00f3n tradicional.\" \/>\n<meta name=\"robots\" content=\"index, follow, max-snippet:-1, max-image-preview:large, max-video-preview:-1\" \/>\n<link rel=\"canonical\" href=\"https:\/\/www.comercialanma.es\/?product=tomate-troceado-dantza\" \/>\n<meta property=\"og:locale\" content=\"es_ES\" \/>\n<meta property=\"og:type\" content=\"article\" \/>\n<meta property=\"og:title\" content=\"Tomate troceado Dantza 5kg. - Comercial de Hosteleria Anma\" \/>\n<meta property=\"og:description\" content=\"Tomate troceado | Dantza | 5kg. | Tomate 100% natural \u00edntegramente producido por los agricultores socios. Elaboraci\u00f3n tradicional.\" \/>\n<meta property=\"og:url\" content=\"https:\/\/www.comercialanma.es\/?product=tomate-troceado-dantza\" \/>\n<meta property=\"og:site_name\" content=\"Comercial de Hosteleria Anma\" \/>\n<meta property=\"article:publisher\" content=\"https:\/\/www.facebook.com\/AnmaHosteleria\" \/>\n<meta property=\"article:modified_time\" content=\"2025-04-01T06:46:04+00:00\" \/>\n<meta property=\"og:image\" content=\"https:\/\/i0.wp.com\/www.comercialanma.es\/wp-content\/uploads\/2022\/12\/TOMATE-DANTZA-TROCEADO-PELADO-5KG.jpg?fit=1080%2C1080&#038;ssl=1\" \/>\n\t<meta property=\"og:image:width\" content=\"1080\" \/>\n\t<meta property=\"og:image:height\" content=\"1080\" \/>\n<meta name=\"twitter:card\" content=\"summary_large_image\" \/>\n<script type=\"application\/ld+json\" class=\"yoast-schema-graph\">{\"@context\":\"https:\/\/schema.org\",\"@graph\":[{\"@type\":\"Organization\",\"@id\":\"https:\/\/www.comercialanma.es\/#organization\",\"name\":\"Comercial Anma\",\"url\":\"https:\/\/www.comercialanma.es\/\",\"sameAs\":[\"https:\/\/www.facebook.com\/AnmaHosteleria\",\"https:\/\/www.instagram.com\/anmahosteleria\/?hl=es\",\"https:\/\/www.youtube.com\/channel\/UCT2nmn08Ntks0hmpZPnDgCA\"],\"logo\":{\"@type\":\"ImageObject\",\"@id\":\"https:\/\/www.comercialanma.es\/#logo\",\"inLanguage\":\"es\",\"url\":\"https:\/\/i2.wp.com\/www.comercialanma.es\/wp-content\/uploads\/2019\/06\/logo-anma-color.png?fit=247%2C101&ssl=1\",\"width\":247,\"height\":101,\"caption\":\"Comercial Anma\"},\"image\":{\"@id\":\"https:\/\/www.comercialanma.es\/#logo\"}},{\"@type\":\"WebSite\",\"@id\":\"https:\/\/www.comercialanma.es\/#website\",\"url\":\"https:\/\/www.comercialanma.es\/\",\"name\":\"Comercial de Hosteleria Anma\",\"description\":\"\",\"publisher\":{\"@id\":\"https:\/\/www.comercialanma.es\/#organization\"},\"potentialAction\":[{\"@type\":\"SearchAction\",\"target\":\"https:\/\/www.comercialanma.es\/?s={search_term_string}\",\"query-input\":\"required name=search_term_string\"}],\"inLanguage\":\"es\"},{\"@type\":\"ImageObject\",\"@id\":\"https:\/\/www.comercialanma.es\/?product=tomate-troceado-dantza#primaryimage\",\"inLanguage\":\"es\",\"url\":\"https:\/\/i0.wp.com\/www.comercialanma.es\/wp-content\/uploads\/2022\/12\/TOMATE-DANTZA-TROCEADO-PELADO-5KG.jpg?fit=1080%2C1080&ssl=1\",\"width\":1080,\"height\":1080},{\"@type\":\"WebPage\",\"@id\":\"https:\/\/www.comercialanma.es\/?product=tomate-troceado-dantza#webpage\",\"url\":\"https:\/\/www.comercialanma.es\/?product=tomate-troceado-dantza\",\"name\":\"Tomate troceado Dantza 5kg. - Comercial de Hosteleria Anma\",\"isPartOf\":{\"@id\":\"https:\/\/www.comercialanma.es\/#website\"},\"primaryImageOfPage\":{\"@id\":\"https:\/\/www.comercialanma.es\/?product=tomate-troceado-dantza#primaryimage\"},\"datePublished\":\"2022-12-05T08:44:36+00:00\",\"dateModified\":\"2025-04-01T06:46:04+00:00\",\"description\":\"Tomate troceado | Dantza | 5kg. | Tomate 100% natural \\u00edntegramente producido por los agricultores socios. Elaboraci\\u00f3n tradicional.\",\"breadcrumb\":{\"@id\":\"https:\/\/www.comercialanma.es\/?product=tomate-troceado-dantza#breadcrumb\"},\"inLanguage\":\"es\",\"potentialAction\":[{\"@type\":\"ReadAction\",\"target\":[\"https:\/\/www.comercialanma.es\/?product=tomate-troceado-dantza\"]}]},{\"@type\":\"BreadcrumbList\",\"@id\":\"https:\/\/www.comercialanma.es\/?product=tomate-troceado-dantza#breadcrumb\",\"itemListElement\":[{\"@type\":\"ListItem\",\"position\":1,\"item\":{\"@type\":\"WebPage\",\"@id\":\"https:\/\/www.comercialanma.es\/\",\"url\":\"https:\/\/www.comercialanma.es\/\",\"name\":\"Portada\"}},{\"@type\":\"ListItem\",\"position\":2,\"item\":{\"@type\":\"WebPage\",\"@id\":\"https:\/\/www.comercialanma.es\/?page_id=3963\",\"url\":\"https:\/\/www.comercialanma.es\/?page_id=3963\",\"name\":\"Cat\\u00e1logo de Productos\"}},{\"@type\":\"ListItem\",\"position\":3,\"item\":{\"@type\":\"WebPage\",\"@id\":\"https:\/\/www.comercialanma.es\/?product=tomate-troceado-dantza\",\"url\":\"https:\/\/www.comercialanma.es\/?product=tomate-troceado-dantza\",\"name\":\"Tomate troceado Dantza 5kg.\"}}]}]}<\/script>\n<!-- \/ Yoast SEO plugin. -->","_links":{"self":[{"href":"https:\/\/www.comercialanma.es\/index.php?rest_route=\/wp\/v2\/product\/21957"}],"collection":[{"href":"https:\/\/www.comercialanma.es\/index.php?rest_route=\/wp\/v2\/product"}],"about":[{"href":"https:\/\/www.comercialanma.es\/index.php?rest_route=\/wp\/v2\/types\/product"}],"version-history":[{"count":1,"href":"https:\/\/www.comercialanma.es\/index.php?rest_route=\/wp\/v2\/product\/21957\/revisions"}],"predecessor-version":[{"id":21959,"href":"https:\/\/www.comercialanma.es\/index.php?rest_route=\/wp\/v2\/product\/21957\/revisions\/21959"}],"wp:featuredmedia":[{"embeddable":true,"href":"https:\/\/www.comercialanma.es\/index.php?rest_route=\/wp\/v2\/media\/24227"}],"wp:attachment":[{"href":"https:\/\/www.comercialanma.es\/index.php?rest_route=%2Fwp%2Fv2%2Fmedia&parent=21957"}],"curies":[{"name":"wp","href":"https:\/\/api.w.org\/{rel}","templated":true}]}}