
{"id":21985,"date":"2022-12-28T12:45:36","date_gmt":"2022-12-28T11:45:36","guid":{"rendered":"https:\/\/www.comercialanma.es\/?post_type=product&#038;p=21985"},"modified":"2022-12-28T12:50:33","modified_gmt":"2022-12-28T11:50:33","slug":"peligro-catrina-mango","status":"publish","type":"product","link":"https:\/\/www.comercialanma.es\/?product=peligro-catrina-mango","title":{"rendered":"Crema Tequila Peligro Catrina Mango 70cl."},"content":{"rendered":"<h3>Nota de Cata:<\/h3>\n<ul>\n<li>Vista: Textura cremosa con una intensa tonalidad crom\u00e1tica amarilla y anaranjada similar a la pulpa del mango.<\/li>\n<li>Nariz: Profundo aroma a mango maduro acompa\u00f1ado de las caracter\u00edsticas notas del tequila.<\/li>\n<li>En Boca: Sensaci\u00f3n suave y cremosa, con predominancia de un sabor dulce y eminentemente tropical y pinceladas al agave propio del tequila.<\/li>\n<\/ul>\n<p><strong>Contiene productos l\u00e1cteos<\/strong><\/p>\n<h3>Graduaci\u00f3n:<\/h3>\n<ul>\n<li>15% vol.<\/li>\n<\/ul>\n","protected":false},"excerpt":{"rendered":"<p>Descaro y delicadeza unidos bajo una atrevida propuesta. Con su marcada presencia tropical, el mango combina a la perfecci\u00f3n con esta crema elaborada a partir del tequila tradicional, con base l\u00e1ctea y agradable textura. Ideal para compartir experiencias con amigos ya sea consumi\u00e9ndolo a bajas temperaturas, o emple\u00e1ndolo en la elaboraci\u00f3n de otras propuestas creativas como c\u00f3cteles y postres<\/p>\n","protected":false},"featured_media":21986,"template":"","meta":{"spay_email":""},"yoast_head":"<!-- This site is optimized with the Yoast SEO plugin v15.9 - https:\/\/yoast.com\/wordpress\/plugins\/seo\/ -->\n<title>Crema Tequila Peligro Catrina Mango 70cl. - Comercial de Hosteleria Anma<\/title>\n<meta name=\"description\" content=\"Crema Tequila Peligro Catrina Mango | 70cl.| 15\u00ba vol. | Atrevida propuesta. Crema elaborada a partir del tequila tradicional.\" \/>\n<meta name=\"robots\" content=\"index, follow, max-snippet:-1, max-image-preview:large, max-video-preview:-1\" \/>\n<link rel=\"canonical\" href=\"https:\/\/www.comercialanma.es\/?product=peligro-catrina-mango\" \/>\n<meta property=\"og:locale\" content=\"es_ES\" \/>\n<meta property=\"og:type\" content=\"article\" \/>\n<meta property=\"og:title\" content=\"Crema Tequila Peligro Catrina Mango 70cl. - Comercial de Hosteleria Anma\" \/>\n<meta property=\"og:description\" content=\"Crema Tequila Peligro Catrina Mango | 70cl.| 15\u00ba vol. | Atrevida propuesta. Crema elaborada a partir del tequila tradicional.\" \/>\n<meta property=\"og:url\" content=\"https:\/\/www.comercialanma.es\/?product=peligro-catrina-mango\" \/>\n<meta property=\"og:site_name\" content=\"Comercial de Hosteleria Anma\" \/>\n<meta property=\"article:publisher\" content=\"https:\/\/www.facebook.com\/AnmaHosteleria\" \/>\n<meta property=\"article:modified_time\" content=\"2022-12-28T11:50:33+00:00\" \/>\n<meta property=\"og:image\" content=\"https:\/\/i2.wp.com\/www.comercialanma.es\/wp-content\/uploads\/2022\/12\/Peligro-catrina-mango.jpg?fit=1080%2C1080&#038;ssl=1\" \/>\n\t<meta property=\"og:image:width\" content=\"1080\" \/>\n\t<meta property=\"og:image:height\" content=\"1080\" \/>\n<meta name=\"twitter:card\" content=\"summary_large_image\" \/>\n<meta name=\"twitter:label1\" content=\"Tiempo de lectura\">\n\t<meta name=\"twitter:data1\" content=\"1 minuto\">\n<script type=\"application\/ld+json\" class=\"yoast-schema-graph\">{\"@context\":\"https:\/\/schema.org\",\"@graph\":[{\"@type\":\"Organization\",\"@id\":\"https:\/\/www.comercialanma.es\/#organization\",\"name\":\"Comercial Anma\",\"url\":\"https:\/\/www.comercialanma.es\/\",\"sameAs\":[\"https:\/\/www.facebook.com\/AnmaHosteleria\",\"https:\/\/www.instagram.com\/anmahosteleria\/?hl=es\",\"https:\/\/www.youtube.com\/channel\/UCT2nmn08Ntks0hmpZPnDgCA\"],\"logo\":{\"@type\":\"ImageObject\",\"@id\":\"https:\/\/www.comercialanma.es\/#logo\",\"inLanguage\":\"es\",\"url\":\"https:\/\/i2.wp.com\/www.comercialanma.es\/wp-content\/uploads\/2019\/06\/logo-anma-color.png?fit=247%2C101&ssl=1\",\"width\":247,\"height\":101,\"caption\":\"Comercial Anma\"},\"image\":{\"@id\":\"https:\/\/www.comercialanma.es\/#logo\"}},{\"@type\":\"WebSite\",\"@id\":\"https:\/\/www.comercialanma.es\/#website\",\"url\":\"https:\/\/www.comercialanma.es\/\",\"name\":\"Comercial de Hosteleria Anma\",\"description\":\"\",\"publisher\":{\"@id\":\"https:\/\/www.comercialanma.es\/#organization\"},\"potentialAction\":[{\"@type\":\"SearchAction\",\"target\":\"https:\/\/www.comercialanma.es\/?s={search_term_string}\",\"query-input\":\"required name=search_term_string\"}],\"inLanguage\":\"es\"},{\"@type\":\"ImageObject\",\"@id\":\"https:\/\/www.comercialanma.es\/?product=peligro-catrina-mango#primaryimage\",\"inLanguage\":\"es\",\"url\":\"https:\/\/i2.wp.com\/www.comercialanma.es\/wp-content\/uploads\/2022\/12\/Peligro-catrina-mango.jpg?fit=1080%2C1080&ssl=1\",\"width\":1080,\"height\":1080},{\"@type\":\"WebPage\",\"@id\":\"https:\/\/www.comercialanma.es\/?product=peligro-catrina-mango#webpage\",\"url\":\"https:\/\/www.comercialanma.es\/?product=peligro-catrina-mango\",\"name\":\"Crema Tequila Peligro Catrina Mango 70cl. - Comercial de Hosteleria Anma\",\"isPartOf\":{\"@id\":\"https:\/\/www.comercialanma.es\/#website\"},\"primaryImageOfPage\":{\"@id\":\"https:\/\/www.comercialanma.es\/?product=peligro-catrina-mango#primaryimage\"},\"datePublished\":\"2022-12-28T11:45:36+00:00\",\"dateModified\":\"2022-12-28T11:50:33+00:00\",\"description\":\"Crema Tequila Peligro Catrina Mango | 70cl.| 15\\u00ba vol. | Atrevida propuesta. Crema elaborada a partir del tequila tradicional.\",\"breadcrumb\":{\"@id\":\"https:\/\/www.comercialanma.es\/?product=peligro-catrina-mango#breadcrumb\"},\"inLanguage\":\"es\",\"potentialAction\":[{\"@type\":\"ReadAction\",\"target\":[\"https:\/\/www.comercialanma.es\/?product=peligro-catrina-mango\"]}]},{\"@type\":\"BreadcrumbList\",\"@id\":\"https:\/\/www.comercialanma.es\/?product=peligro-catrina-mango#breadcrumb\",\"itemListElement\":[{\"@type\":\"ListItem\",\"position\":1,\"item\":{\"@type\":\"WebPage\",\"@id\":\"https:\/\/www.comercialanma.es\/\",\"url\":\"https:\/\/www.comercialanma.es\/\",\"name\":\"Portada\"}},{\"@type\":\"ListItem\",\"position\":2,\"item\":{\"@type\":\"WebPage\",\"@id\":\"https:\/\/www.comercialanma.es\/?page_id=3963\",\"url\":\"https:\/\/www.comercialanma.es\/?page_id=3963\",\"name\":\"Cat\\u00e1logo de Productos\"}},{\"@type\":\"ListItem\",\"position\":3,\"item\":{\"@type\":\"WebPage\",\"@id\":\"https:\/\/www.comercialanma.es\/?product=peligro-catrina-mango\",\"url\":\"https:\/\/www.comercialanma.es\/?product=peligro-catrina-mango\",\"name\":\"Crema Tequila Peligro Catrina Mango 70cl.\"}}]}]}<\/script>\n<!-- \/ Yoast SEO plugin. -->","_links":{"self":[{"href":"https:\/\/www.comercialanma.es\/index.php?rest_route=\/wp\/v2\/product\/21985"}],"collection":[{"href":"https:\/\/www.comercialanma.es\/index.php?rest_route=\/wp\/v2\/product"}],"about":[{"href":"https:\/\/www.comercialanma.es\/index.php?rest_route=\/wp\/v2\/types\/product"}],"version-history":[{"count":1,"href":"https:\/\/www.comercialanma.es\/index.php?rest_route=\/wp\/v2\/product\/21985\/revisions"}],"predecessor-version":[{"id":21987,"href":"https:\/\/www.comercialanma.es\/index.php?rest_route=\/wp\/v2\/product\/21985\/revisions\/21987"}],"wp:featuredmedia":[{"embeddable":true,"href":"https:\/\/www.comercialanma.es\/index.php?rest_route=\/wp\/v2\/media\/21986"}],"wp:attachment":[{"href":"https:\/\/www.comercialanma.es\/index.php?rest_route=%2Fwp%2Fv2%2Fmedia&parent=21985"}],"curies":[{"name":"wp","href":"https:\/\/api.w.org\/{rel}","templated":true}]}}