
{"id":22001,"date":"2023-01-03T11:56:47","date_gmt":"2023-01-03T10:56:47","guid":{"rendered":"https:\/\/www.comercialanma.es\/?post_type=product&#038;p=22001"},"modified":"2023-01-03T12:16:10","modified_gmt":"2023-01-03T11:16:10","slug":"jack-daniels-bonded-triple-mash","status":"publish","type":"product","link":"https:\/\/www.comercialanma.es\/?product=jack-daniels-bonded-triple-mash","title":{"rendered":"Jack Daniel \u00b4s Bonded Triple Mash 70cl."},"content":{"rendered":"<div class=\"field field-type-text field-field-vista\">\n<div class=\"info two-coulumn-wrapper cata\">\n<div class=\"field\">\n<div><\/div>\n<div class=\"field-items\">\n<p><strong>Embotellado 2022<\/strong><\/p>\n<p>Tipo de barrica Barril de roble americano carbonizado nuevo<\/p>\n<p><strong>Fuerza<\/strong> 50.0 %<\/p>\n<p><strong>Vol.Tama\u00f1o<\/strong>\u00a0<span class=\"whisky-bottle default\">700 ml<\/span><\/p>\n<h3>Nota de Cata:<\/h3>\n<p id=\"ContentPlaceHolder1_ctl00_ctl02_TastingNoteBox_ctl00_noseTastingNote\" class=\"pageCopy\"><b><span>Nariz:<\/span><\/b><span>\u00a0\u00a0c\u00e1lido roble, petricor, vainilla y manzanas acarameladas.<\/span><\/p>\n<p id=\"ContentPlaceHolder1_ctl00_ctl02_TastingNoteBox_ctl00_palateTastingNote\" class=\"pageCopy\"><b><span>Boca:<\/span><\/b><span>\u00a0\u00a0Miel sobre tostadas de granero, frutas secas y especias para hornear se unen a la fiesta.<\/span><\/p>\n<p id=\"ContentPlaceHolder1_ctl00_ctl02_TastingNoteBox_ctl00_finishTastingNote\" class=\"pageCopy\"><b><span>Final:<\/span><\/b><span>\u00a0La especia de centeno hormiguea por un tiempo.<\/span><\/p>\n<\/div>\n<\/div>\n<\/div>\n<\/div>\n","protected":false},"excerpt":{"rendered":"<p><span>Triple Mash es un whisky Bottled-in-Bond, lo que significa que debe ser destilado por un solo destilador durante una sola temporada de destilaci\u00f3n, madurado en un dep\u00f3sito oficial del gobierno durante al menos cuatro a\u00f1os y embotellado a 100 grados (50% ABV) .\u00a0<\/span><span>Todas esas regulaciones se cumplen en cada whisky que Jack Daniel&#8217;s lanzar\u00e1 en su serie Bonded, que comenz\u00f3 con esta belleza y con su embotellado Bonded.<\/span><\/p>\n<p>Esto fu\u00e9 un movimiento de marketing muy inteligente, s\u00ed, pero tambi\u00e9n nos dice que esta etiqueta verde y dorada fue producida antes de 1904.<\/p>\n<p>Graduaci\u00f3n: 43% vol.<\/p>\n","protected":false},"featured_media":22002,"template":"","meta":{"spay_email":""},"yoast_head":"<!-- This site is optimized with the Yoast SEO plugin v15.9 - https:\/\/yoast.com\/wordpress\/plugins\/seo\/ -->\n<title>Jack Daniel \u00b4s Bonded Triple Mash 70cl. - Comercial de Hosteleria Anma<\/title>\n<meta name=\"description\" content=\"Jack Daniel \u00b4s Bonded Triple Mash | 70cl.|\" \/>\n<meta name=\"robots\" content=\"index, follow, max-snippet:-1, max-image-preview:large, max-video-preview:-1\" \/>\n<link rel=\"canonical\" href=\"https:\/\/www.comercialanma.es\/?product=jack-daniels-bonded-triple-mash\" \/>\n<meta property=\"og:locale\" content=\"es_ES\" \/>\n<meta property=\"og:type\" content=\"article\" \/>\n<meta property=\"og:title\" content=\"Jack Daniel \u00b4s Bonded Triple Mash 70cl. - Comercial de Hosteleria Anma\" \/>\n<meta property=\"og:description\" content=\"Jack Daniel \u00b4s Bonded Triple Mash | 70cl.|\" \/>\n<meta property=\"og:url\" content=\"https:\/\/www.comercialanma.es\/?product=jack-daniels-bonded-triple-mash\" \/>\n<meta property=\"og:site_name\" content=\"Comercial de Hosteleria Anma\" \/>\n<meta property=\"article:publisher\" content=\"https:\/\/www.facebook.com\/AnmaHosteleria\" \/>\n<meta property=\"article:modified_time\" content=\"2023-01-03T11:16:10+00:00\" \/>\n<meta property=\"og:image\" content=\"https:\/\/i0.wp.com\/www.comercialanma.es\/wp-content\/uploads\/2023\/01\/Jack-daniels-bonded-triple-mash.jpg?fit=1080%2C1080&#038;ssl=1\" \/>\n\t<meta property=\"og:image:width\" content=\"1080\" \/>\n\t<meta property=\"og:image:height\" content=\"1080\" \/>\n<meta name=\"twitter:card\" content=\"summary_large_image\" \/>\n<meta name=\"twitter:label1\" content=\"Tiempo de lectura\">\n\t<meta name=\"twitter:data1\" content=\"1 minuto\">\n<script type=\"application\/ld+json\" class=\"yoast-schema-graph\">{\"@context\":\"https:\/\/schema.org\",\"@graph\":[{\"@type\":\"Organization\",\"@id\":\"https:\/\/www.comercialanma.es\/#organization\",\"name\":\"Comercial Anma\",\"url\":\"https:\/\/www.comercialanma.es\/\",\"sameAs\":[\"https:\/\/www.facebook.com\/AnmaHosteleria\",\"https:\/\/www.instagram.com\/anmahosteleria\/?hl=es\",\"https:\/\/www.youtube.com\/channel\/UCT2nmn08Ntks0hmpZPnDgCA\"],\"logo\":{\"@type\":\"ImageObject\",\"@id\":\"https:\/\/www.comercialanma.es\/#logo\",\"inLanguage\":\"es\",\"url\":\"https:\/\/i2.wp.com\/www.comercialanma.es\/wp-content\/uploads\/2019\/06\/logo-anma-color.png?fit=247%2C101&ssl=1\",\"width\":247,\"height\":101,\"caption\":\"Comercial Anma\"},\"image\":{\"@id\":\"https:\/\/www.comercialanma.es\/#logo\"}},{\"@type\":\"WebSite\",\"@id\":\"https:\/\/www.comercialanma.es\/#website\",\"url\":\"https:\/\/www.comercialanma.es\/\",\"name\":\"Comercial de Hosteleria Anma\",\"description\":\"\",\"publisher\":{\"@id\":\"https:\/\/www.comercialanma.es\/#organization\"},\"potentialAction\":[{\"@type\":\"SearchAction\",\"target\":\"https:\/\/www.comercialanma.es\/?s={search_term_string}\",\"query-input\":\"required name=search_term_string\"}],\"inLanguage\":\"es\"},{\"@type\":\"ImageObject\",\"@id\":\"https:\/\/www.comercialanma.es\/?product=jack-daniels-bonded-triple-mash#primaryimage\",\"inLanguage\":\"es\",\"url\":\"https:\/\/i0.wp.com\/www.comercialanma.es\/wp-content\/uploads\/2023\/01\/Jack-daniels-bonded-triple-mash.jpg?fit=1080%2C1080&ssl=1\",\"width\":1080,\"height\":1080},{\"@type\":\"WebPage\",\"@id\":\"https:\/\/www.comercialanma.es\/?product=jack-daniels-bonded-triple-mash#webpage\",\"url\":\"https:\/\/www.comercialanma.es\/?product=jack-daniels-bonded-triple-mash\",\"name\":\"Jack Daniel \\u00b4s Bonded Triple Mash 70cl. - Comercial de Hosteleria Anma\",\"isPartOf\":{\"@id\":\"https:\/\/www.comercialanma.es\/#website\"},\"primaryImageOfPage\":{\"@id\":\"https:\/\/www.comercialanma.es\/?product=jack-daniels-bonded-triple-mash#primaryimage\"},\"datePublished\":\"2023-01-03T10:56:47+00:00\",\"dateModified\":\"2023-01-03T11:16:10+00:00\",\"description\":\"Jack Daniel \\u00b4s Bonded Triple Mash | 70cl.|\",\"breadcrumb\":{\"@id\":\"https:\/\/www.comercialanma.es\/?product=jack-daniels-bonded-triple-mash#breadcrumb\"},\"inLanguage\":\"es\",\"potentialAction\":[{\"@type\":\"ReadAction\",\"target\":[\"https:\/\/www.comercialanma.es\/?product=jack-daniels-bonded-triple-mash\"]}]},{\"@type\":\"BreadcrumbList\",\"@id\":\"https:\/\/www.comercialanma.es\/?product=jack-daniels-bonded-triple-mash#breadcrumb\",\"itemListElement\":[{\"@type\":\"ListItem\",\"position\":1,\"item\":{\"@type\":\"WebPage\",\"@id\":\"https:\/\/www.comercialanma.es\/\",\"url\":\"https:\/\/www.comercialanma.es\/\",\"name\":\"Portada\"}},{\"@type\":\"ListItem\",\"position\":2,\"item\":{\"@type\":\"WebPage\",\"@id\":\"https:\/\/www.comercialanma.es\/?page_id=3963\",\"url\":\"https:\/\/www.comercialanma.es\/?page_id=3963\",\"name\":\"Cat\\u00e1logo de Productos\"}},{\"@type\":\"ListItem\",\"position\":3,\"item\":{\"@type\":\"WebPage\",\"@id\":\"https:\/\/www.comercialanma.es\/?product=jack-daniels-bonded-triple-mash\",\"url\":\"https:\/\/www.comercialanma.es\/?product=jack-daniels-bonded-triple-mash\",\"name\":\"Jack Daniel \\u00b4s Bonded Triple Mash 70cl.\"}}]}]}<\/script>\n<!-- \/ Yoast SEO plugin. -->","_links":{"self":[{"href":"https:\/\/www.comercialanma.es\/index.php?rest_route=\/wp\/v2\/product\/22001"}],"collection":[{"href":"https:\/\/www.comercialanma.es\/index.php?rest_route=\/wp\/v2\/product"}],"about":[{"href":"https:\/\/www.comercialanma.es\/index.php?rest_route=\/wp\/v2\/types\/product"}],"version-history":[{"count":1,"href":"https:\/\/www.comercialanma.es\/index.php?rest_route=\/wp\/v2\/product\/22001\/revisions"}],"predecessor-version":[{"id":22003,"href":"https:\/\/www.comercialanma.es\/index.php?rest_route=\/wp\/v2\/product\/22001\/revisions\/22003"}],"wp:featuredmedia":[{"embeddable":true,"href":"https:\/\/www.comercialanma.es\/index.php?rest_route=\/wp\/v2\/media\/22002"}],"wp:attachment":[{"href":"https:\/\/www.comercialanma.es\/index.php?rest_route=%2Fwp%2Fv2%2Fmedia&parent=22001"}],"curies":[{"name":"wp","href":"https:\/\/api.w.org\/{rel}","templated":true}]}}