
{"id":22069,"date":"2023-02-08T12:45:39","date_gmt":"2023-02-08T11:45:39","guid":{"rendered":"https:\/\/www.comercialanma.es\/?post_type=product&#038;p=22069"},"modified":"2023-02-08T12:57:42","modified_gmt":"2023-02-08T11:57:42","slug":"seagram-00","status":"publish","type":"product","link":"https:\/\/www.comercialanma.es\/?product=seagram-00","title":{"rendered":"Seagram\u00b4s 0,0 70cl."},"content":{"rendered":"<h3>Formato<\/h3>\n<p>En formato 1L, perfecta para combinar con tu refresco favorito Seagram\u2019s Gin 0,0% Vol. Alc.<\/p>\n<h3>Notas de Cata<\/h3>\n<p>Elaborada con los mismos bot\u00e1nicos que Dry Gin, Seagram\u2019s 0,0% es una bebida sin alcohol que luce un ligero color oro y un aroma suave a c\u00edtricos, bot\u00e1nicos y hierbas de tocador. Mantiene un sabor cl\u00e1sico que combina notas de enebro con toques herb\u00e1ceos.<\/p>\n","protected":false},"excerpt":{"rendered":"<div id=\"short_description_content\" class=\"rte align_justify\">\n<p>Seagram\u2019s 0,0% es la versi\u00f3n sin alcohol de nuestra ginebra americana. Fiel a sus bot\u00e1nicos, Seagram\u2019s 0,0% es la opci\u00f3n que te permite disfrutar de tu Seagram\u2019s en cualquier situaci\u00f3n, sin importar tus planes y, sobre todo, sin importar el qu\u00e9 dir\u00e1n.<\/p>\n<\/div>\n<p>&nbsp;<\/p>\n","protected":false},"featured_media":22070,"template":"","meta":{"spay_email":""},"yoast_head":"<!-- This site is optimized with the Yoast SEO plugin v15.9 - https:\/\/yoast.com\/wordpress\/plugins\/seo\/ -->\n<title>Seagram\u00b4s 0,0 70cl. - Comercial de Hosteleria Anma<\/title>\n<meta name=\"description\" content=\"Seagram\u00b4s 0,0 | 70cl.| Disfruta de tu Seagram\u2019s en cualquier situaci\u00f3n, sin importar tus planes y, sobre todo, sin importar el qu\u00e9 dir\u00e1n.\" \/>\n<meta name=\"robots\" content=\"index, follow, max-snippet:-1, max-image-preview:large, max-video-preview:-1\" \/>\n<link rel=\"canonical\" href=\"https:\/\/www.comercialanma.es\/?product=seagram-00\" \/>\n<meta property=\"og:locale\" content=\"es_ES\" \/>\n<meta property=\"og:type\" content=\"article\" \/>\n<meta property=\"og:title\" content=\"Seagram\u00b4s 0,0 70cl. - Comercial de Hosteleria Anma\" \/>\n<meta property=\"og:description\" content=\"Seagram\u00b4s 0,0 | 70cl.| Disfruta de tu Seagram\u2019s en cualquier situaci\u00f3n, sin importar tus planes y, sobre todo, sin importar el qu\u00e9 dir\u00e1n.\" \/>\n<meta property=\"og:url\" content=\"https:\/\/www.comercialanma.es\/?product=seagram-00\" \/>\n<meta property=\"og:site_name\" content=\"Comercial de Hosteleria Anma\" \/>\n<meta property=\"article:publisher\" content=\"https:\/\/www.facebook.com\/AnmaHosteleria\" \/>\n<meta property=\"article:modified_time\" content=\"2023-02-08T11:57:42+00:00\" \/>\n<meta property=\"og:image\" content=\"https:\/\/i2.wp.com\/www.comercialanma.es\/wp-content\/uploads\/2023\/02\/SEAGRAM-00.jpg?fit=1080%2C1080&#038;ssl=1\" \/>\n\t<meta property=\"og:image:width\" content=\"1080\" \/>\n\t<meta property=\"og:image:height\" content=\"1080\" \/>\n<meta name=\"twitter:card\" content=\"summary_large_image\" \/>\n<meta name=\"twitter:label1\" content=\"Tiempo de lectura\">\n\t<meta name=\"twitter:data1\" content=\"1 minuto\">\n<script type=\"application\/ld+json\" class=\"yoast-schema-graph\">{\"@context\":\"https:\/\/schema.org\",\"@graph\":[{\"@type\":\"Organization\",\"@id\":\"https:\/\/www.comercialanma.es\/#organization\",\"name\":\"Comercial Anma\",\"url\":\"https:\/\/www.comercialanma.es\/\",\"sameAs\":[\"https:\/\/www.facebook.com\/AnmaHosteleria\",\"https:\/\/www.instagram.com\/anmahosteleria\/?hl=es\",\"https:\/\/www.youtube.com\/channel\/UCT2nmn08Ntks0hmpZPnDgCA\"],\"logo\":{\"@type\":\"ImageObject\",\"@id\":\"https:\/\/www.comercialanma.es\/#logo\",\"inLanguage\":\"es\",\"url\":\"https:\/\/i2.wp.com\/www.comercialanma.es\/wp-content\/uploads\/2019\/06\/logo-anma-color.png?fit=247%2C101&ssl=1\",\"width\":247,\"height\":101,\"caption\":\"Comercial Anma\"},\"image\":{\"@id\":\"https:\/\/www.comercialanma.es\/#logo\"}},{\"@type\":\"WebSite\",\"@id\":\"https:\/\/www.comercialanma.es\/#website\",\"url\":\"https:\/\/www.comercialanma.es\/\",\"name\":\"Comercial de Hosteleria Anma\",\"description\":\"\",\"publisher\":{\"@id\":\"https:\/\/www.comercialanma.es\/#organization\"},\"potentialAction\":[{\"@type\":\"SearchAction\",\"target\":\"https:\/\/www.comercialanma.es\/?s={search_term_string}\",\"query-input\":\"required name=search_term_string\"}],\"inLanguage\":\"es\"},{\"@type\":\"ImageObject\",\"@id\":\"https:\/\/www.comercialanma.es\/?product=seagram-00#primaryimage\",\"inLanguage\":\"es\",\"url\":\"https:\/\/i2.wp.com\/www.comercialanma.es\/wp-content\/uploads\/2023\/02\/SEAGRAM-00.jpg?fit=1080%2C1080&ssl=1\",\"width\":1080,\"height\":1080},{\"@type\":\"WebPage\",\"@id\":\"https:\/\/www.comercialanma.es\/?product=seagram-00#webpage\",\"url\":\"https:\/\/www.comercialanma.es\/?product=seagram-00\",\"name\":\"Seagram\\u00b4s 0,0 70cl. - Comercial de Hosteleria Anma\",\"isPartOf\":{\"@id\":\"https:\/\/www.comercialanma.es\/#website\"},\"primaryImageOfPage\":{\"@id\":\"https:\/\/www.comercialanma.es\/?product=seagram-00#primaryimage\"},\"datePublished\":\"2023-02-08T11:45:39+00:00\",\"dateModified\":\"2023-02-08T11:57:42+00:00\",\"description\":\"Seagram\\u00b4s 0,0 | 70cl.| Disfruta de tu Seagram\\u2019s en cualquier situaci\\u00f3n, sin importar tus planes y, sobre todo, sin importar el qu\\u00e9 dir\\u00e1n.\",\"breadcrumb\":{\"@id\":\"https:\/\/www.comercialanma.es\/?product=seagram-00#breadcrumb\"},\"inLanguage\":\"es\",\"potentialAction\":[{\"@type\":\"ReadAction\",\"target\":[\"https:\/\/www.comercialanma.es\/?product=seagram-00\"]}]},{\"@type\":\"BreadcrumbList\",\"@id\":\"https:\/\/www.comercialanma.es\/?product=seagram-00#breadcrumb\",\"itemListElement\":[{\"@type\":\"ListItem\",\"position\":1,\"item\":{\"@type\":\"WebPage\",\"@id\":\"https:\/\/www.comercialanma.es\/\",\"url\":\"https:\/\/www.comercialanma.es\/\",\"name\":\"Portada\"}},{\"@type\":\"ListItem\",\"position\":2,\"item\":{\"@type\":\"WebPage\",\"@id\":\"https:\/\/www.comercialanma.es\/?page_id=3963\",\"url\":\"https:\/\/www.comercialanma.es\/?page_id=3963\",\"name\":\"Cat\\u00e1logo de Productos\"}},{\"@type\":\"ListItem\",\"position\":3,\"item\":{\"@type\":\"WebPage\",\"@id\":\"https:\/\/www.comercialanma.es\/?product=seagram-00\",\"url\":\"https:\/\/www.comercialanma.es\/?product=seagram-00\",\"name\":\"Seagram\\u00b4s 0,0 70cl.\"}}]}]}<\/script>\n<!-- \/ Yoast SEO plugin. -->","_links":{"self":[{"href":"https:\/\/www.comercialanma.es\/index.php?rest_route=\/wp\/v2\/product\/22069"}],"collection":[{"href":"https:\/\/www.comercialanma.es\/index.php?rest_route=\/wp\/v2\/product"}],"about":[{"href":"https:\/\/www.comercialanma.es\/index.php?rest_route=\/wp\/v2\/types\/product"}],"version-history":[{"count":1,"href":"https:\/\/www.comercialanma.es\/index.php?rest_route=\/wp\/v2\/product\/22069\/revisions"}],"predecessor-version":[{"id":22071,"href":"https:\/\/www.comercialanma.es\/index.php?rest_route=\/wp\/v2\/product\/22069\/revisions\/22071"}],"wp:featuredmedia":[{"embeddable":true,"href":"https:\/\/www.comercialanma.es\/index.php?rest_route=\/wp\/v2\/media\/22070"}],"wp:attachment":[{"href":"https:\/\/www.comercialanma.es\/index.php?rest_route=%2Fwp%2Fv2%2Fmedia&parent=22069"}],"curies":[{"name":"wp","href":"https:\/\/api.w.org\/{rel}","templated":true}]}}