
{"id":22072,"date":"2023-02-08T16:08:17","date_gmt":"2023-02-08T15:08:17","guid":{"rendered":"https:\/\/www.comercialanma.es\/?post_type=product&#038;p=22072"},"modified":"2023-02-08T16:25:46","modified_gmt":"2023-02-08T15:25:46","slug":"beefeter-pink-light","status":"publish","type":"product","link":"https:\/\/www.comercialanma.es\/?product=beefeter-pink-light","title":{"rendered":"Beefeater Pink Light 70cl."},"content":{"rendered":"<h3>Nota de cata:<\/h3>\n<ul>\n<li>Aroma: Fresa natural dulce.<\/li>\n<li>Gusto: Fresa equilibrada con las caracter\u00edsticas cl\u00e1sicas de la ginebra terminando con un final seco.<\/li>\n<li>Acabado: un delicado color rosa que se mantiene cuando se mezcla con t\u00f3nica.<\/li>\n<li>Graduaci\u00f3n. 20,0\u00ba<\/li>\n<\/ul>\n","protected":false},"excerpt":{"rendered":"<p>Beefeater Pink Light\u00a0es una bebida espirituosa con todo el sabor y calidad de Beefeater Pink pero con la mitad de alcohol y calor\u00edas. Se elabora con los mismos 9 bot\u00e1nicos que Beefeater Dry y el aroma natural de fresa caracter\u00edstico de Beefeater Pink. Perfecta para la sobremesa y el\u00a0afterwork, as\u00ed como como\u00a0copa de despu\u00e9s de las comidas, durante la tarde o despu\u00e9s de una cena.<\/p>\n","protected":false},"featured_media":21454,"template":"","meta":{"spay_email":""},"yoast_head":"<!-- This site is optimized with the Yoast SEO plugin v15.9 - https:\/\/yoast.com\/wordpress\/plugins\/seo\/ -->\n<title>Beefeater Pink Light 70cl. - Comercial de Hosteleria Anma<\/title>\n<meta name=\"description\" content=\"Beefeater Pink Light | 70cl. |\" \/>\n<meta name=\"robots\" content=\"index, follow, max-snippet:-1, max-image-preview:large, max-video-preview:-1\" \/>\n<link rel=\"canonical\" href=\"https:\/\/www.comercialanma.es\/?product=beefeter-pink-light\" \/>\n<meta property=\"og:locale\" content=\"es_ES\" \/>\n<meta property=\"og:type\" content=\"article\" \/>\n<meta property=\"og:title\" content=\"Beefeater Pink Light 70cl. - Comercial de Hosteleria Anma\" \/>\n<meta property=\"og:description\" content=\"Beefeater Pink Light | 70cl. |\" \/>\n<meta property=\"og:url\" content=\"https:\/\/www.comercialanma.es\/?product=beefeter-pink-light\" \/>\n<meta property=\"og:site_name\" content=\"Comercial de Hosteleria Anma\" \/>\n<meta property=\"article:publisher\" content=\"https:\/\/www.facebook.com\/AnmaHosteleria\" \/>\n<meta property=\"article:modified_time\" content=\"2023-02-08T15:25:46+00:00\" \/>\n<meta property=\"og:image\" content=\"https:\/\/i2.wp.com\/www.comercialanma.es\/wp-content\/uploads\/2019\/07\/Beefeater-Pink-2022.jpg?fit=1080%2C1080&#038;ssl=1\" \/>\n\t<meta property=\"og:image:width\" content=\"1080\" \/>\n\t<meta property=\"og:image:height\" content=\"1080\" \/>\n<meta name=\"twitter:card\" content=\"summary_large_image\" \/>\n<meta name=\"twitter:label1\" content=\"Tiempo de lectura\">\n\t<meta name=\"twitter:data1\" content=\"1 minuto\">\n<script type=\"application\/ld+json\" class=\"yoast-schema-graph\">{\"@context\":\"https:\/\/schema.org\",\"@graph\":[{\"@type\":\"Organization\",\"@id\":\"https:\/\/www.comercialanma.es\/#organization\",\"name\":\"Comercial Anma\",\"url\":\"https:\/\/www.comercialanma.es\/\",\"sameAs\":[\"https:\/\/www.facebook.com\/AnmaHosteleria\",\"https:\/\/www.instagram.com\/anmahosteleria\/?hl=es\",\"https:\/\/www.youtube.com\/channel\/UCT2nmn08Ntks0hmpZPnDgCA\"],\"logo\":{\"@type\":\"ImageObject\",\"@id\":\"https:\/\/www.comercialanma.es\/#logo\",\"inLanguage\":\"es\",\"url\":\"https:\/\/i2.wp.com\/www.comercialanma.es\/wp-content\/uploads\/2019\/06\/logo-anma-color.png?fit=247%2C101&ssl=1\",\"width\":247,\"height\":101,\"caption\":\"Comercial Anma\"},\"image\":{\"@id\":\"https:\/\/www.comercialanma.es\/#logo\"}},{\"@type\":\"WebSite\",\"@id\":\"https:\/\/www.comercialanma.es\/#website\",\"url\":\"https:\/\/www.comercialanma.es\/\",\"name\":\"Comercial de Hosteleria Anma\",\"description\":\"\",\"publisher\":{\"@id\":\"https:\/\/www.comercialanma.es\/#organization\"},\"potentialAction\":[{\"@type\":\"SearchAction\",\"target\":\"https:\/\/www.comercialanma.es\/?s={search_term_string}\",\"query-input\":\"required name=search_term_string\"}],\"inLanguage\":\"es\"},{\"@type\":\"ImageObject\",\"@id\":\"https:\/\/www.comercialanma.es\/?product=beefeter-pink-light#primaryimage\",\"inLanguage\":\"es\",\"url\":\"https:\/\/i2.wp.com\/www.comercialanma.es\/wp-content\/uploads\/2019\/07\/Beefeater-Pink-2022.jpg?fit=1080%2C1080&ssl=1\",\"width\":1080,\"height\":1080},{\"@type\":\"WebPage\",\"@id\":\"https:\/\/www.comercialanma.es\/?product=beefeter-pink-light#webpage\",\"url\":\"https:\/\/www.comercialanma.es\/?product=beefeter-pink-light\",\"name\":\"Beefeater Pink Light 70cl. - Comercial de Hosteleria Anma\",\"isPartOf\":{\"@id\":\"https:\/\/www.comercialanma.es\/#website\"},\"primaryImageOfPage\":{\"@id\":\"https:\/\/www.comercialanma.es\/?product=beefeter-pink-light#primaryimage\"},\"datePublished\":\"2023-02-08T15:08:17+00:00\",\"dateModified\":\"2023-02-08T15:25:46+00:00\",\"description\":\"Beefeater Pink Light | 70cl. |\",\"breadcrumb\":{\"@id\":\"https:\/\/www.comercialanma.es\/?product=beefeter-pink-light#breadcrumb\"},\"inLanguage\":\"es\",\"potentialAction\":[{\"@type\":\"ReadAction\",\"target\":[\"https:\/\/www.comercialanma.es\/?product=beefeter-pink-light\"]}]},{\"@type\":\"BreadcrumbList\",\"@id\":\"https:\/\/www.comercialanma.es\/?product=beefeter-pink-light#breadcrumb\",\"itemListElement\":[{\"@type\":\"ListItem\",\"position\":1,\"item\":{\"@type\":\"WebPage\",\"@id\":\"https:\/\/www.comercialanma.es\/\",\"url\":\"https:\/\/www.comercialanma.es\/\",\"name\":\"Portada\"}},{\"@type\":\"ListItem\",\"position\":2,\"item\":{\"@type\":\"WebPage\",\"@id\":\"https:\/\/www.comercialanma.es\/?page_id=3963\",\"url\":\"https:\/\/www.comercialanma.es\/?page_id=3963\",\"name\":\"Cat\\u00e1logo de Productos\"}},{\"@type\":\"ListItem\",\"position\":3,\"item\":{\"@type\":\"WebPage\",\"@id\":\"https:\/\/www.comercialanma.es\/?product=beefeter-pink-light\",\"url\":\"https:\/\/www.comercialanma.es\/?product=beefeter-pink-light\",\"name\":\"Beefeater Pink Light 70cl.\"}}]}]}<\/script>\n<!-- \/ Yoast SEO plugin. -->","_links":{"self":[{"href":"https:\/\/www.comercialanma.es\/index.php?rest_route=\/wp\/v2\/product\/22072"}],"collection":[{"href":"https:\/\/www.comercialanma.es\/index.php?rest_route=\/wp\/v2\/product"}],"about":[{"href":"https:\/\/www.comercialanma.es\/index.php?rest_route=\/wp\/v2\/types\/product"}],"version-history":[{"count":1,"href":"https:\/\/www.comercialanma.es\/index.php?rest_route=\/wp\/v2\/product\/22072\/revisions"}],"predecessor-version":[{"id":22073,"href":"https:\/\/www.comercialanma.es\/index.php?rest_route=\/wp\/v2\/product\/22072\/revisions\/22073"}],"wp:featuredmedia":[{"embeddable":true,"href":"https:\/\/www.comercialanma.es\/index.php?rest_route=\/wp\/v2\/media\/21454"}],"wp:attachment":[{"href":"https:\/\/www.comercialanma.es\/index.php?rest_route=%2Fwp%2Fv2%2Fmedia&parent=22072"}],"curies":[{"name":"wp","href":"https:\/\/api.w.org\/{rel}","templated":true}]}}