
{"id":22092,"date":"2023-02-16T15:11:47","date_gmt":"2023-02-16T14:11:47","guid":{"rendered":"https:\/\/www.comercialanma.es\/?post_type=product&#038;p=22092"},"modified":"2023-02-16T15:32:09","modified_gmt":"2023-02-16T14:32:09","slug":"aguila-sin-filtrar-lata","status":"publish","type":"product","link":"https:\/\/www.comercialanma.es\/?product=aguila-sin-filtrar-lata","title":{"rendered":"El \u00c1guila Sin Filtrar Lata 33cl."},"content":{"rendered":"<div class=\"grid-wrapper\">\n<div class=\"grid-l-14 grid-xs-24\">\n<div class=\"product-info-list-wrap\">\n<p>Cerveza tipo lager.<\/p>\n<h3>Contenido<\/h3>\n<ul>\n<li>330 mililitros<\/li>\n<\/ul>\n<h3>Ingredientes<\/h3>\n<ul>\n<li>Agua, malta de cebada, ma\u00edz y l\u00fapulo, este producto se elabora con malta de cebada: contiene gluten.<\/li>\n<\/ul>\n<h3>Nota de Cata<\/h3>\n<ul>\n<li>Turbia y con cuerpo, potenciado por la ausencia de filtraci\u00f3n de la cerveza y por la utilizaci\u00f3n de la t\u00e9cnica de lupulado denominada \u2019late hopping\u2019, que consiste en a\u00f1adir l\u00fapulo al final del proceso de cocci\u00f3n.<\/li>\n<li>Un m\u00e9todo que intensifica el aroma del l\u00fapulo Lemondrop\u00ae utilizado en la receta y que le aporta frescor a la cerveza.<\/li>\n<li>Podemos apreciar toda la suavidad en boca de esta gran cerveza, que gracias a su proceso de elaboraci\u00f3n y a su ritual a la hora de servirla, tiene un gran cuerpo y frescor.<\/li>\n<\/ul>\n<h3>Porcentaje de alcohol<\/h3>\n<\/div>\n<div class=\"product-info-list-wrap\">\n<ul>\n<li>5.5 % vol.<\/li>\n<\/ul>\n<\/div>\n<\/div>\n<\/div>\n","protected":false},"excerpt":{"rendered":"<ul>\n<li>Nacional<\/li>\n<\/ul>\n<p>El \u00c1guila Especial Sin Filtrar mantiene la misma receta que nuestra Lager Especial, una cerveza con un sabor caracter\u00edstico, que combina intensidad de la malta caramelizada con la frescura de una mezcla de l\u00fapulos. La diferencia que eliminamos el proceso de filtraci\u00f3n, manteniendo as\u00ed toda la levadura dentro de la cerveza. El resultado es que puedes disfrutar de la cerveza como reci\u00e9n salida del tanque de fermentaci\u00f3n.<\/p>\n<p>&nbsp;<\/p>\n","protected":false},"featured_media":22093,"template":"","meta":{"spay_email":""},"yoast_head":"<!-- This site is optimized with the Yoast SEO plugin v15.9 - https:\/\/yoast.com\/wordpress\/plugins\/seo\/ -->\n<title>El \u00c1guila Sin Filtrar Lata 33cl. - Comercial de Hosteleria Anma<\/title>\n<meta name=\"description\" content=\"El \u00c1guila Sin Filtrar Lata | 33cl.| Combina intensidad de la malta caramelizada con la frescura de una mezcla de l\u00fapulos\" \/>\n<meta name=\"robots\" content=\"index, follow, max-snippet:-1, max-image-preview:large, max-video-preview:-1\" \/>\n<link rel=\"canonical\" href=\"https:\/\/www.comercialanma.es\/?product=aguila-sin-filtrar-lata\" \/>\n<meta property=\"og:locale\" content=\"es_ES\" \/>\n<meta property=\"og:type\" content=\"article\" \/>\n<meta property=\"og:title\" content=\"El \u00c1guila Sin Filtrar Lata 33cl. - Comercial de Hosteleria Anma\" \/>\n<meta property=\"og:description\" content=\"El \u00c1guila Sin Filtrar Lata | 33cl.| Combina intensidad de la malta caramelizada con la frescura de una mezcla de l\u00fapulos\" \/>\n<meta property=\"og:url\" content=\"https:\/\/www.comercialanma.es\/?product=aguila-sin-filtrar-lata\" \/>\n<meta property=\"og:site_name\" content=\"Comercial de Hosteleria Anma\" \/>\n<meta property=\"article:publisher\" content=\"https:\/\/www.facebook.com\/AnmaHosteleria\" \/>\n<meta property=\"article:modified_time\" content=\"2023-02-16T14:32:09+00:00\" \/>\n<meta property=\"og:image\" content=\"https:\/\/i1.wp.com\/www.comercialanma.es\/wp-content\/uploads\/2023\/02\/el-aguila-sin-filtrar-lata.jpg?fit=1080%2C1080&#038;ssl=1\" \/>\n\t<meta property=\"og:image:width\" content=\"1080\" \/>\n\t<meta property=\"og:image:height\" content=\"1080\" \/>\n<meta name=\"twitter:card\" content=\"summary_large_image\" \/>\n<meta name=\"twitter:label1\" content=\"Tiempo de lectura\">\n\t<meta name=\"twitter:data1\" content=\"1 minuto\">\n<script type=\"application\/ld+json\" class=\"yoast-schema-graph\">{\"@context\":\"https:\/\/schema.org\",\"@graph\":[{\"@type\":\"Organization\",\"@id\":\"https:\/\/www.comercialanma.es\/#organization\",\"name\":\"Comercial Anma\",\"url\":\"https:\/\/www.comercialanma.es\/\",\"sameAs\":[\"https:\/\/www.facebook.com\/AnmaHosteleria\",\"https:\/\/www.instagram.com\/anmahosteleria\/?hl=es\",\"https:\/\/www.youtube.com\/channel\/UCT2nmn08Ntks0hmpZPnDgCA\"],\"logo\":{\"@type\":\"ImageObject\",\"@id\":\"https:\/\/www.comercialanma.es\/#logo\",\"inLanguage\":\"es\",\"url\":\"https:\/\/i2.wp.com\/www.comercialanma.es\/wp-content\/uploads\/2019\/06\/logo-anma-color.png?fit=247%2C101&ssl=1\",\"width\":247,\"height\":101,\"caption\":\"Comercial Anma\"},\"image\":{\"@id\":\"https:\/\/www.comercialanma.es\/#logo\"}},{\"@type\":\"WebSite\",\"@id\":\"https:\/\/www.comercialanma.es\/#website\",\"url\":\"https:\/\/www.comercialanma.es\/\",\"name\":\"Comercial de Hosteleria Anma\",\"description\":\"\",\"publisher\":{\"@id\":\"https:\/\/www.comercialanma.es\/#organization\"},\"potentialAction\":[{\"@type\":\"SearchAction\",\"target\":\"https:\/\/www.comercialanma.es\/?s={search_term_string}\",\"query-input\":\"required name=search_term_string\"}],\"inLanguage\":\"es\"},{\"@type\":\"ImageObject\",\"@id\":\"https:\/\/www.comercialanma.es\/?product=aguila-sin-filtrar-lata#primaryimage\",\"inLanguage\":\"es\",\"url\":\"https:\/\/i1.wp.com\/www.comercialanma.es\/wp-content\/uploads\/2023\/02\/el-aguila-sin-filtrar-lata.jpg?fit=1080%2C1080&ssl=1\",\"width\":1080,\"height\":1080},{\"@type\":\"WebPage\",\"@id\":\"https:\/\/www.comercialanma.es\/?product=aguila-sin-filtrar-lata#webpage\",\"url\":\"https:\/\/www.comercialanma.es\/?product=aguila-sin-filtrar-lata\",\"name\":\"El \\u00c1guila Sin Filtrar Lata 33cl. - Comercial de Hosteleria Anma\",\"isPartOf\":{\"@id\":\"https:\/\/www.comercialanma.es\/#website\"},\"primaryImageOfPage\":{\"@id\":\"https:\/\/www.comercialanma.es\/?product=aguila-sin-filtrar-lata#primaryimage\"},\"datePublished\":\"2023-02-16T14:11:47+00:00\",\"dateModified\":\"2023-02-16T14:32:09+00:00\",\"description\":\"El \\u00c1guila Sin Filtrar Lata | 33cl.| Combina intensidad de la malta caramelizada con la frescura de una mezcla de l\\u00fapulos\",\"breadcrumb\":{\"@id\":\"https:\/\/www.comercialanma.es\/?product=aguila-sin-filtrar-lata#breadcrumb\"},\"inLanguage\":\"es\",\"potentialAction\":[{\"@type\":\"ReadAction\",\"target\":[\"https:\/\/www.comercialanma.es\/?product=aguila-sin-filtrar-lata\"]}]},{\"@type\":\"BreadcrumbList\",\"@id\":\"https:\/\/www.comercialanma.es\/?product=aguila-sin-filtrar-lata#breadcrumb\",\"itemListElement\":[{\"@type\":\"ListItem\",\"position\":1,\"item\":{\"@type\":\"WebPage\",\"@id\":\"https:\/\/www.comercialanma.es\/\",\"url\":\"https:\/\/www.comercialanma.es\/\",\"name\":\"Portada\"}},{\"@type\":\"ListItem\",\"position\":2,\"item\":{\"@type\":\"WebPage\",\"@id\":\"https:\/\/www.comercialanma.es\/?page_id=3963\",\"url\":\"https:\/\/www.comercialanma.es\/?page_id=3963\",\"name\":\"Cat\\u00e1logo de Productos\"}},{\"@type\":\"ListItem\",\"position\":3,\"item\":{\"@type\":\"WebPage\",\"@id\":\"https:\/\/www.comercialanma.es\/?product=aguila-sin-filtrar-lata\",\"url\":\"https:\/\/www.comercialanma.es\/?product=aguila-sin-filtrar-lata\",\"name\":\"El \\u00c1guila Sin Filtrar Lata 33cl.\"}}]}]}<\/script>\n<!-- \/ Yoast SEO plugin. -->","_links":{"self":[{"href":"https:\/\/www.comercialanma.es\/index.php?rest_route=\/wp\/v2\/product\/22092"}],"collection":[{"href":"https:\/\/www.comercialanma.es\/index.php?rest_route=\/wp\/v2\/product"}],"about":[{"href":"https:\/\/www.comercialanma.es\/index.php?rest_route=\/wp\/v2\/types\/product"}],"version-history":[{"count":2,"href":"https:\/\/www.comercialanma.es\/index.php?rest_route=\/wp\/v2\/product\/22092\/revisions"}],"predecessor-version":[{"id":22095,"href":"https:\/\/www.comercialanma.es\/index.php?rest_route=\/wp\/v2\/product\/22092\/revisions\/22095"}],"wp:featuredmedia":[{"embeddable":true,"href":"https:\/\/www.comercialanma.es\/index.php?rest_route=\/wp\/v2\/media\/22093"}],"wp:attachment":[{"href":"https:\/\/www.comercialanma.es\/index.php?rest_route=%2Fwp%2Fv2%2Fmedia&parent=22092"}],"curies":[{"name":"wp","href":"https:\/\/api.w.org\/{rel}","templated":true}]}}