
{"id":22287,"date":"2023-07-18T12:27:14","date_gmt":"2023-07-18T10:27:14","guid":{"rendered":"https:\/\/www.comercialanma.es\/?post_type=product&#038;p=22287"},"modified":"2024-06-25T12:58:37","modified_gmt":"2024-06-25T10:58:37","slug":"white-claw-raspberry","status":"publish","type":"product","link":"https:\/\/www.comercialanma.es\/?product=white-claw-raspberry","title":{"rendered":"White Claw Raspberry 33cl."},"content":{"rendered":"<ul>\n<li>Procedencia: Estados Unidos<\/li>\n<li>Formato: Lata 33cl.<\/li>\n<li>Graduaci\u00f3n: 5% vol.<\/li>\n<\/ul>\n<p><strong>Ingredientes:<\/strong> Ingredientes: Agua con gas purificada, alcohol, sabores naturales, az\u00facar de ca\u00f1a, \u00e1cido c\u00edtrico, concentrado de jugo de frambuesa natural, citrato de sodio.<\/p>\n","protected":false},"excerpt":{"rendered":"<p>White Claw Raspberry | 33cl.| Estados Unidos |<\/p>\n<p>White Claw\u00ae Hard Seltzer est\u00e1 hecho con una mezcla de agua con gas, nuestra base de alcohol sin gluten y un toque de sabor de fruta. A continuaci\u00f3n puedes ver nuestros ingredientes completos y etiquetas nutricionales.<\/p>\n<p>&nbsp;<\/p>\n<p>&nbsp;<\/p>\n<p><span lang=\"es\"><span title=\"\"><span title=\"\">\u00a0<\/span><\/span><\/span><\/p>\n","protected":false},"featured_media":22285,"template":"","meta":{"spay_email":""},"yoast_head":"<!-- This site is optimized with the Yoast SEO plugin v15.9 - https:\/\/yoast.com\/wordpress\/plugins\/seo\/ -->\n<title>White Claw Raspberry 33cl. - Comercial de Hosteleria Anma<\/title>\n<meta name=\"description\" content=\"White Claw Raspberry | 33cl.| Estados Unidos | Mezcla de agua con gas, nuestra base de alcohol sin gluten.\" \/>\n<meta name=\"robots\" content=\"index, follow, max-snippet:-1, max-image-preview:large, max-video-preview:-1\" \/>\n<link rel=\"canonical\" href=\"https:\/\/www.comercialanma.es\/?product=white-claw-raspberry\" \/>\n<meta property=\"og:locale\" content=\"es_ES\" \/>\n<meta property=\"og:type\" content=\"article\" \/>\n<meta property=\"og:title\" content=\"White Claw Raspberry 33cl. - Comercial de Hosteleria Anma\" \/>\n<meta property=\"og:description\" content=\"White Claw Raspberry | 33cl.| Estados Unidos | Mezcla de agua con gas, nuestra base de alcohol sin gluten.\" \/>\n<meta property=\"og:url\" content=\"https:\/\/www.comercialanma.es\/?product=white-claw-raspberry\" \/>\n<meta property=\"og:site_name\" content=\"Comercial de Hosteleria Anma\" \/>\n<meta property=\"article:publisher\" content=\"https:\/\/www.facebook.com\/AnmaHosteleria\" \/>\n<meta property=\"article:modified_time\" content=\"2024-06-25T10:58:37+00:00\" \/>\n<meta property=\"og:image\" content=\"https:\/\/i0.wp.com\/www.comercialanma.es\/wp-content\/uploads\/2023\/07\/white-claw-raspberry-33cl..jpg?fit=1080%2C1080&#038;ssl=1\" \/>\n\t<meta property=\"og:image:width\" content=\"1080\" \/>\n\t<meta property=\"og:image:height\" content=\"1080\" \/>\n<meta name=\"twitter:card\" content=\"summary_large_image\" \/>\n<meta name=\"twitter:label1\" content=\"Tiempo de lectura\">\n\t<meta name=\"twitter:data1\" content=\"1 minuto\">\n<script type=\"application\/ld+json\" class=\"yoast-schema-graph\">{\"@context\":\"https:\/\/schema.org\",\"@graph\":[{\"@type\":\"Organization\",\"@id\":\"https:\/\/www.comercialanma.es\/#organization\",\"name\":\"Comercial Anma\",\"url\":\"https:\/\/www.comercialanma.es\/\",\"sameAs\":[\"https:\/\/www.facebook.com\/AnmaHosteleria\",\"https:\/\/www.instagram.com\/anmahosteleria\/?hl=es\",\"https:\/\/www.youtube.com\/channel\/UCT2nmn08Ntks0hmpZPnDgCA\"],\"logo\":{\"@type\":\"ImageObject\",\"@id\":\"https:\/\/www.comercialanma.es\/#logo\",\"inLanguage\":\"es\",\"url\":\"https:\/\/i2.wp.com\/www.comercialanma.es\/wp-content\/uploads\/2019\/06\/logo-anma-color.png?fit=247%2C101&ssl=1\",\"width\":247,\"height\":101,\"caption\":\"Comercial Anma\"},\"image\":{\"@id\":\"https:\/\/www.comercialanma.es\/#logo\"}},{\"@type\":\"WebSite\",\"@id\":\"https:\/\/www.comercialanma.es\/#website\",\"url\":\"https:\/\/www.comercialanma.es\/\",\"name\":\"Comercial de Hosteleria Anma\",\"description\":\"\",\"publisher\":{\"@id\":\"https:\/\/www.comercialanma.es\/#organization\"},\"potentialAction\":[{\"@type\":\"SearchAction\",\"target\":\"https:\/\/www.comercialanma.es\/?s={search_term_string}\",\"query-input\":\"required name=search_term_string\"}],\"inLanguage\":\"es\"},{\"@type\":\"ImageObject\",\"@id\":\"https:\/\/www.comercialanma.es\/?product=white-claw-raspberry#primaryimage\",\"inLanguage\":\"es\",\"url\":\"https:\/\/i0.wp.com\/www.comercialanma.es\/wp-content\/uploads\/2023\/07\/white-claw-raspberry-33cl..jpg?fit=1080%2C1080&ssl=1\",\"width\":1080,\"height\":1080},{\"@type\":\"WebPage\",\"@id\":\"https:\/\/www.comercialanma.es\/?product=white-claw-raspberry#webpage\",\"url\":\"https:\/\/www.comercialanma.es\/?product=white-claw-raspberry\",\"name\":\"White Claw Raspberry 33cl. - Comercial de Hosteleria Anma\",\"isPartOf\":{\"@id\":\"https:\/\/www.comercialanma.es\/#website\"},\"primaryImageOfPage\":{\"@id\":\"https:\/\/www.comercialanma.es\/?product=white-claw-raspberry#primaryimage\"},\"datePublished\":\"2023-07-18T10:27:14+00:00\",\"dateModified\":\"2024-06-25T10:58:37+00:00\",\"description\":\"White Claw Raspberry | 33cl.| Estados Unidos | Mezcla de agua con gas, nuestra base de alcohol sin gluten.\",\"breadcrumb\":{\"@id\":\"https:\/\/www.comercialanma.es\/?product=white-claw-raspberry#breadcrumb\"},\"inLanguage\":\"es\",\"potentialAction\":[{\"@type\":\"ReadAction\",\"target\":[\"https:\/\/www.comercialanma.es\/?product=white-claw-raspberry\"]}]},{\"@type\":\"BreadcrumbList\",\"@id\":\"https:\/\/www.comercialanma.es\/?product=white-claw-raspberry#breadcrumb\",\"itemListElement\":[{\"@type\":\"ListItem\",\"position\":1,\"item\":{\"@type\":\"WebPage\",\"@id\":\"https:\/\/www.comercialanma.es\/\",\"url\":\"https:\/\/www.comercialanma.es\/\",\"name\":\"Portada\"}},{\"@type\":\"ListItem\",\"position\":2,\"item\":{\"@type\":\"WebPage\",\"@id\":\"https:\/\/www.comercialanma.es\/?page_id=3963\",\"url\":\"https:\/\/www.comercialanma.es\/?page_id=3963\",\"name\":\"Cat\\u00e1logo de Productos\"}},{\"@type\":\"ListItem\",\"position\":3,\"item\":{\"@type\":\"WebPage\",\"@id\":\"https:\/\/www.comercialanma.es\/?product=white-claw-raspberry\",\"url\":\"https:\/\/www.comercialanma.es\/?product=white-claw-raspberry\",\"name\":\"White Claw Raspberry 33cl.\"}}]}]}<\/script>\n<!-- \/ Yoast SEO plugin. -->","_links":{"self":[{"href":"https:\/\/www.comercialanma.es\/index.php?rest_route=\/wp\/v2\/product\/22287"}],"collection":[{"href":"https:\/\/www.comercialanma.es\/index.php?rest_route=\/wp\/v2\/product"}],"about":[{"href":"https:\/\/www.comercialanma.es\/index.php?rest_route=\/wp\/v2\/types\/product"}],"version-history":[{"count":1,"href":"https:\/\/www.comercialanma.es\/index.php?rest_route=\/wp\/v2\/product\/22287\/revisions"}],"predecessor-version":[{"id":22288,"href":"https:\/\/www.comercialanma.es\/index.php?rest_route=\/wp\/v2\/product\/22287\/revisions\/22288"}],"wp:featuredmedia":[{"embeddable":true,"href":"https:\/\/www.comercialanma.es\/index.php?rest_route=\/wp\/v2\/media\/22285"}],"wp:attachment":[{"href":"https:\/\/www.comercialanma.es\/index.php?rest_route=%2Fwp%2Fv2%2Fmedia&parent=22287"}],"curies":[{"name":"wp","href":"https:\/\/api.w.org\/{rel}","templated":true}]}}