
{"id":22294,"date":"2023-08-02T10:06:20","date_gmt":"2023-08-02T08:06:20","guid":{"rendered":"https:\/\/www.comercialanma.es\/?post_type=product&#038;p=22294"},"modified":"2023-08-02T10:27:40","modified_gmt":"2023-08-02T08:27:40","slug":"bonanto","status":"publish","type":"product","link":"https:\/\/www.comercialanma.es\/?product=bonanto","title":{"rendered":"Bonanto 75cl."},"content":{"rendered":"<h3>Nota de Cata<\/h3>\n<ul>\n<li>En boca su sabor es dulce y con amargor justo. Maceraci\u00f3n lenta en fr\u00edo durante dos meses de m\u00e1s de 30 bot\u00e1nicos y ra\u00edces mediterr\u00e1neas como son el laurel, la albahaca y el tomillo y, algo que no puede faltar, como es el ajenjo.<\/li>\n<li>Una selecci\u00f3n de c\u00edtricos y el destilado de cereza y manzana. Esto \u00faltimo es lo m\u00e1s sorprendente y lo que le da la personalidad \u00fanica a este producto. a la vista destaca el color rojo vivo.<\/li>\n<li>Resulta una bebida ligera, fresca y con un toque justo de amargor.<\/li>\n<\/ul>\n<h3>Graduaci\u00f3n<\/h3>\n<ul>\n<li>22\u00ba<\/li>\n<\/ul>\n","protected":false},"excerpt":{"rendered":"<div id=\"info_valoracion\">\n<div id=\"short_description_block\">\n<div id=\"short_description_content\">\n<p>Bonanto es un nuevo proyecto de Mediterranean Premium Spirits, creadores en 2014 de la ginebra. Bonanto es considerado el nuevo aperitivo, ya que no se puede clasificar dentro de la categor\u00eda de vermut. Con esta bebida quieren crear una categor\u00eda propia y una identidad propia.<\/p>\n<\/div>\n<\/div>\n<div class=\"available-box\"><\/div>\n<\/div>\n<p>&nbsp;<\/p>\n","protected":false},"featured_media":22296,"template":"","meta":{"spay_email":""},"yoast_head":"<!-- This site is optimized with the Yoast SEO plugin v15.9 - https:\/\/yoast.com\/wordpress\/plugins\/seo\/ -->\n<title>Bonanto 75cl. - Comercial de Hosteleria Anma<\/title>\n<meta name=\"description\" content=\"Bonanto | Vermut | 75cl. | 22\u00ba Alcohol | Considerado el nuevo aperitivo. Resulta una bebida ligera, fresca y con un toque justo de amargor.\" \/>\n<meta name=\"robots\" content=\"index, follow, max-snippet:-1, max-image-preview:large, max-video-preview:-1\" \/>\n<link rel=\"canonical\" href=\"https:\/\/www.comercialanma.es\/?product=bonanto\" \/>\n<meta property=\"og:locale\" content=\"es_ES\" \/>\n<meta property=\"og:type\" content=\"article\" \/>\n<meta property=\"og:title\" content=\"Bonanto 75cl. - Comercial de Hosteleria Anma\" \/>\n<meta property=\"og:description\" content=\"Bonanto | Vermut | 75cl. | 22\u00ba Alcohol | Considerado el nuevo aperitivo. Resulta una bebida ligera, fresca y con un toque justo de amargor.\" \/>\n<meta property=\"og:url\" content=\"https:\/\/www.comercialanma.es\/?product=bonanto\" \/>\n<meta property=\"og:site_name\" content=\"Comercial de Hosteleria Anma\" \/>\n<meta property=\"article:publisher\" content=\"https:\/\/www.facebook.com\/AnmaHosteleria\" \/>\n<meta property=\"article:modified_time\" content=\"2023-08-02T08:27:40+00:00\" \/>\n<meta property=\"og:image\" content=\"https:\/\/i0.wp.com\/www.comercialanma.es\/wp-content\/uploads\/2023\/08\/Bonanto.jpg?fit=1080%2C1080&#038;ssl=1\" \/>\n\t<meta property=\"og:image:width\" content=\"1080\" \/>\n\t<meta property=\"og:image:height\" content=\"1080\" \/>\n<meta name=\"twitter:card\" content=\"summary_large_image\" \/>\n<meta name=\"twitter:label1\" content=\"Tiempo de lectura\">\n\t<meta name=\"twitter:data1\" content=\"1 minuto\">\n<script type=\"application\/ld+json\" class=\"yoast-schema-graph\">{\"@context\":\"https:\/\/schema.org\",\"@graph\":[{\"@type\":\"Organization\",\"@id\":\"https:\/\/www.comercialanma.es\/#organization\",\"name\":\"Comercial Anma\",\"url\":\"https:\/\/www.comercialanma.es\/\",\"sameAs\":[\"https:\/\/www.facebook.com\/AnmaHosteleria\",\"https:\/\/www.instagram.com\/anmahosteleria\/?hl=es\",\"https:\/\/www.youtube.com\/channel\/UCT2nmn08Ntks0hmpZPnDgCA\"],\"logo\":{\"@type\":\"ImageObject\",\"@id\":\"https:\/\/www.comercialanma.es\/#logo\",\"inLanguage\":\"es\",\"url\":\"https:\/\/i2.wp.com\/www.comercialanma.es\/wp-content\/uploads\/2019\/06\/logo-anma-color.png?fit=247%2C101&ssl=1\",\"width\":247,\"height\":101,\"caption\":\"Comercial Anma\"},\"image\":{\"@id\":\"https:\/\/www.comercialanma.es\/#logo\"}},{\"@type\":\"WebSite\",\"@id\":\"https:\/\/www.comercialanma.es\/#website\",\"url\":\"https:\/\/www.comercialanma.es\/\",\"name\":\"Comercial de Hosteleria Anma\",\"description\":\"\",\"publisher\":{\"@id\":\"https:\/\/www.comercialanma.es\/#organization\"},\"potentialAction\":[{\"@type\":\"SearchAction\",\"target\":\"https:\/\/www.comercialanma.es\/?s={search_term_string}\",\"query-input\":\"required name=search_term_string\"}],\"inLanguage\":\"es\"},{\"@type\":\"ImageObject\",\"@id\":\"https:\/\/www.comercialanma.es\/?product=bonanto#primaryimage\",\"inLanguage\":\"es\",\"url\":\"https:\/\/i0.wp.com\/www.comercialanma.es\/wp-content\/uploads\/2023\/08\/Bonanto.jpg?fit=1080%2C1080&ssl=1\",\"width\":1080,\"height\":1080},{\"@type\":\"WebPage\",\"@id\":\"https:\/\/www.comercialanma.es\/?product=bonanto#webpage\",\"url\":\"https:\/\/www.comercialanma.es\/?product=bonanto\",\"name\":\"Bonanto 75cl. - Comercial de Hosteleria Anma\",\"isPartOf\":{\"@id\":\"https:\/\/www.comercialanma.es\/#website\"},\"primaryImageOfPage\":{\"@id\":\"https:\/\/www.comercialanma.es\/?product=bonanto#primaryimage\"},\"datePublished\":\"2023-08-02T08:06:20+00:00\",\"dateModified\":\"2023-08-02T08:27:40+00:00\",\"description\":\"Bonanto | Vermut | 75cl. | 22\\u00ba Alcohol | Considerado el nuevo aperitivo. Resulta una bebida ligera, fresca y con un toque justo de amargor.\",\"breadcrumb\":{\"@id\":\"https:\/\/www.comercialanma.es\/?product=bonanto#breadcrumb\"},\"inLanguage\":\"es\",\"potentialAction\":[{\"@type\":\"ReadAction\",\"target\":[\"https:\/\/www.comercialanma.es\/?product=bonanto\"]}]},{\"@type\":\"BreadcrumbList\",\"@id\":\"https:\/\/www.comercialanma.es\/?product=bonanto#breadcrumb\",\"itemListElement\":[{\"@type\":\"ListItem\",\"position\":1,\"item\":{\"@type\":\"WebPage\",\"@id\":\"https:\/\/www.comercialanma.es\/\",\"url\":\"https:\/\/www.comercialanma.es\/\",\"name\":\"Portada\"}},{\"@type\":\"ListItem\",\"position\":2,\"item\":{\"@type\":\"WebPage\",\"@id\":\"https:\/\/www.comercialanma.es\/?page_id=3963\",\"url\":\"https:\/\/www.comercialanma.es\/?page_id=3963\",\"name\":\"Cat\\u00e1logo de Productos\"}},{\"@type\":\"ListItem\",\"position\":3,\"item\":{\"@type\":\"WebPage\",\"@id\":\"https:\/\/www.comercialanma.es\/?product=bonanto\",\"url\":\"https:\/\/www.comercialanma.es\/?product=bonanto\",\"name\":\"Bonanto 75cl.\"}}]}]}<\/script>\n<!-- \/ Yoast SEO plugin. -->","_links":{"self":[{"href":"https:\/\/www.comercialanma.es\/index.php?rest_route=\/wp\/v2\/product\/22294"}],"collection":[{"href":"https:\/\/www.comercialanma.es\/index.php?rest_route=\/wp\/v2\/product"}],"about":[{"href":"https:\/\/www.comercialanma.es\/index.php?rest_route=\/wp\/v2\/types\/product"}],"version-history":[{"count":3,"href":"https:\/\/www.comercialanma.es\/index.php?rest_route=\/wp\/v2\/product\/22294\/revisions"}],"predecessor-version":[{"id":22298,"href":"https:\/\/www.comercialanma.es\/index.php?rest_route=\/wp\/v2\/product\/22294\/revisions\/22298"}],"wp:featuredmedia":[{"embeddable":true,"href":"https:\/\/www.comercialanma.es\/index.php?rest_route=\/wp\/v2\/media\/22296"}],"wp:attachment":[{"href":"https:\/\/www.comercialanma.es\/index.php?rest_route=%2Fwp%2Fv2%2Fmedia&parent=22294"}],"curies":[{"name":"wp","href":"https:\/\/api.w.org\/{rel}","templated":true}]}}