
{"id":22304,"date":"2023-08-02T11:46:03","date_gmt":"2023-08-02T09:46:03","guid":{"rendered":"https:\/\/www.comercialanma.es\/?post_type=product&#038;p=22304"},"modified":"2023-08-02T12:09:59","modified_gmt":"2023-08-02T10:09:59","slug":"desengrasante-hornos-campanas-5l","status":"publish","type":"product","link":"https:\/\/www.comercialanma.es\/?product=desengrasante-hornos-campanas-5l","title":{"rendered":"Desengrasante Campanas y Hornos Codina 5L."},"content":{"rendered":"<h3>PROPIEDADES DEL PRODUCTO<\/h3>\n<ul>\n<li>Limpieza de freidoras, hornos, campanas extractoras de humos y grasas, parrillas, planchas y material de cocina muy sucio y grasiento. Disuelve y elimina las grasas m\u00e1s persistentes.<\/li>\n<li>Se utiliza tambi\u00e9n para eliminar los restos que quedan al arrancar moquetas, papel pintado o cualquier recubrimiento pegado con colas, as\u00ed como los restos de cera de los pisos.<\/li>\n<li>Es un valioso auxiliar en la industria naval, talleres, garajes&#8230;<\/li>\n<li>Proporciona un gran rendimiento.<\/li>\n<\/ul>\n<h3>USO<\/h3>\n<ul>\n<li>Aplicar sobre la superficie y dejar de 1 a 5 minutos, limpiar con un pa\u00f1o y aclarar con agua abundante. Puede hacerse tambi\u00e9n por inmersi\u00f3n o cepillado de las piezas a desengrasar.<\/li>\n<li>El empleo es m\u00e1s eficaz si la superficie o el agua est\u00e1 entre 50 y 60\u00baC.<\/li>\n<li>Se aplica directamente o mezclado con agua.<\/li>\n<\/ul>\n","protected":false},"excerpt":{"rendered":"<p>Desengrasante en\u00e9rgico | Codina | 5L.|<\/p>\n<p>F\u00f3rmula muy equilibrada con gran poder de disoluci\u00f3n de todo tipo de grasas adheridas sobre cualquier superficie o tejido.<\/p>\n","protected":false},"featured_media":22305,"template":"","meta":{"spay_email":""},"yoast_head":"<!-- This site is optimized with the Yoast SEO plugin v15.9 - https:\/\/yoast.com\/wordpress\/plugins\/seo\/ -->\n<title>Desengrasante Campanas y Hornos Codina 5L. - Comercial de Hosteleria Anma<\/title>\n<meta name=\"description\" content=\"Desengrasante hornos y campanas | Codina | 5L.| Gran poder de disoluci\u00f3n de todo tipo de grasas adheridas, especialmente campanas y hornos.\" \/>\n<meta name=\"robots\" content=\"index, follow, max-snippet:-1, max-image-preview:large, max-video-preview:-1\" \/>\n<link rel=\"canonical\" href=\"https:\/\/www.comercialanma.es\/?product=desengrasante-hornos-campanas-5l\" \/>\n<meta property=\"og:locale\" content=\"es_ES\" \/>\n<meta property=\"og:type\" content=\"article\" \/>\n<meta property=\"og:title\" content=\"Desengrasante Campanas y Hornos Codina 5L. - Comercial de Hosteleria Anma\" \/>\n<meta property=\"og:description\" content=\"Desengrasante hornos y campanas | Codina | 5L.| Gran poder de disoluci\u00f3n de todo tipo de grasas adheridas, especialmente campanas y hornos.\" \/>\n<meta property=\"og:url\" content=\"https:\/\/www.comercialanma.es\/?product=desengrasante-hornos-campanas-5l\" \/>\n<meta property=\"og:site_name\" content=\"Comercial de Hosteleria Anma\" \/>\n<meta property=\"article:publisher\" content=\"https:\/\/www.facebook.com\/AnmaHosteleria\" \/>\n<meta property=\"article:modified_time\" content=\"2023-08-02T10:09:59+00:00\" \/>\n<meta property=\"og:image\" content=\"https:\/\/i1.wp.com\/www.comercialanma.es\/wp-content\/uploads\/2023\/08\/Desengrasante-hornos-codina-5l.jpg?fit=1080%2C1080&#038;ssl=1\" \/>\n\t<meta property=\"og:image:width\" content=\"1080\" \/>\n\t<meta property=\"og:image:height\" content=\"1080\" \/>\n<meta name=\"twitter:card\" content=\"summary_large_image\" \/>\n<meta name=\"twitter:label1\" content=\"Tiempo de lectura\">\n\t<meta name=\"twitter:data1\" content=\"1 minuto\">\n<script type=\"application\/ld+json\" class=\"yoast-schema-graph\">{\"@context\":\"https:\/\/schema.org\",\"@graph\":[{\"@type\":\"Organization\",\"@id\":\"https:\/\/www.comercialanma.es\/#organization\",\"name\":\"Comercial Anma\",\"url\":\"https:\/\/www.comercialanma.es\/\",\"sameAs\":[\"https:\/\/www.facebook.com\/AnmaHosteleria\",\"https:\/\/www.instagram.com\/anmahosteleria\/?hl=es\",\"https:\/\/www.youtube.com\/channel\/UCT2nmn08Ntks0hmpZPnDgCA\"],\"logo\":{\"@type\":\"ImageObject\",\"@id\":\"https:\/\/www.comercialanma.es\/#logo\",\"inLanguage\":\"es\",\"url\":\"https:\/\/i2.wp.com\/www.comercialanma.es\/wp-content\/uploads\/2019\/06\/logo-anma-color.png?fit=247%2C101&ssl=1\",\"width\":247,\"height\":101,\"caption\":\"Comercial Anma\"},\"image\":{\"@id\":\"https:\/\/www.comercialanma.es\/#logo\"}},{\"@type\":\"WebSite\",\"@id\":\"https:\/\/www.comercialanma.es\/#website\",\"url\":\"https:\/\/www.comercialanma.es\/\",\"name\":\"Comercial de Hosteleria Anma\",\"description\":\"\",\"publisher\":{\"@id\":\"https:\/\/www.comercialanma.es\/#organization\"},\"potentialAction\":[{\"@type\":\"SearchAction\",\"target\":\"https:\/\/www.comercialanma.es\/?s={search_term_string}\",\"query-input\":\"required name=search_term_string\"}],\"inLanguage\":\"es\"},{\"@type\":\"ImageObject\",\"@id\":\"https:\/\/www.comercialanma.es\/?product=desengrasante-hornos-campanas-5l#primaryimage\",\"inLanguage\":\"es\",\"url\":\"https:\/\/i1.wp.com\/www.comercialanma.es\/wp-content\/uploads\/2023\/08\/Desengrasante-hornos-codina-5l.jpg?fit=1080%2C1080&ssl=1\",\"width\":1080,\"height\":1080},{\"@type\":\"WebPage\",\"@id\":\"https:\/\/www.comercialanma.es\/?product=desengrasante-hornos-campanas-5l#webpage\",\"url\":\"https:\/\/www.comercialanma.es\/?product=desengrasante-hornos-campanas-5l\",\"name\":\"Desengrasante Campanas y Hornos Codina 5L. - Comercial de Hosteleria Anma\",\"isPartOf\":{\"@id\":\"https:\/\/www.comercialanma.es\/#website\"},\"primaryImageOfPage\":{\"@id\":\"https:\/\/www.comercialanma.es\/?product=desengrasante-hornos-campanas-5l#primaryimage\"},\"datePublished\":\"2023-08-02T09:46:03+00:00\",\"dateModified\":\"2023-08-02T10:09:59+00:00\",\"description\":\"Desengrasante hornos y campanas | Codina | 5L.| Gran poder de disoluci\\u00f3n de todo tipo de grasas adheridas, especialmente campanas y hornos.\",\"breadcrumb\":{\"@id\":\"https:\/\/www.comercialanma.es\/?product=desengrasante-hornos-campanas-5l#breadcrumb\"},\"inLanguage\":\"es\",\"potentialAction\":[{\"@type\":\"ReadAction\",\"target\":[\"https:\/\/www.comercialanma.es\/?product=desengrasante-hornos-campanas-5l\"]}]},{\"@type\":\"BreadcrumbList\",\"@id\":\"https:\/\/www.comercialanma.es\/?product=desengrasante-hornos-campanas-5l#breadcrumb\",\"itemListElement\":[{\"@type\":\"ListItem\",\"position\":1,\"item\":{\"@type\":\"WebPage\",\"@id\":\"https:\/\/www.comercialanma.es\/\",\"url\":\"https:\/\/www.comercialanma.es\/\",\"name\":\"Portada\"}},{\"@type\":\"ListItem\",\"position\":2,\"item\":{\"@type\":\"WebPage\",\"@id\":\"https:\/\/www.comercialanma.es\/?page_id=3963\",\"url\":\"https:\/\/www.comercialanma.es\/?page_id=3963\",\"name\":\"Cat\\u00e1logo de Productos\"}},{\"@type\":\"ListItem\",\"position\":3,\"item\":{\"@type\":\"WebPage\",\"@id\":\"https:\/\/www.comercialanma.es\/?product=desengrasante-hornos-campanas-5l\",\"url\":\"https:\/\/www.comercialanma.es\/?product=desengrasante-hornos-campanas-5l\",\"name\":\"Desengrasante Campanas y Hornos Codina 5L.\"}}]}]}<\/script>\n<!-- \/ Yoast SEO plugin. -->","_links":{"self":[{"href":"https:\/\/www.comercialanma.es\/index.php?rest_route=\/wp\/v2\/product\/22304"}],"collection":[{"href":"https:\/\/www.comercialanma.es\/index.php?rest_route=\/wp\/v2\/product"}],"about":[{"href":"https:\/\/www.comercialanma.es\/index.php?rest_route=\/wp\/v2\/types\/product"}],"version-history":[{"count":1,"href":"https:\/\/www.comercialanma.es\/index.php?rest_route=\/wp\/v2\/product\/22304\/revisions"}],"predecessor-version":[{"id":22306,"href":"https:\/\/www.comercialanma.es\/index.php?rest_route=\/wp\/v2\/product\/22304\/revisions\/22306"}],"wp:featuredmedia":[{"embeddable":true,"href":"https:\/\/www.comercialanma.es\/index.php?rest_route=\/wp\/v2\/media\/22305"}],"wp:attachment":[{"href":"https:\/\/www.comercialanma.es\/index.php?rest_route=%2Fwp%2Fv2%2Fmedia&parent=22304"}],"curies":[{"name":"wp","href":"https:\/\/api.w.org\/{rel}","templated":true}]}}