
{"id":22310,"date":"2023-08-02T12:29:29","date_gmt":"2023-08-02T10:29:29","guid":{"rendered":"https:\/\/www.comercialanma.es\/?post_type=product&#038;p=22310"},"modified":"2023-08-02T12:46:45","modified_gmt":"2023-08-02T10:46:45","slug":"desengrasante-kh7-pulverizador-750ml","status":"publish","type":"product","link":"https:\/\/www.comercialanma.es\/?product=desengrasante-kh7-pulverizador-750ml","title":{"rendered":"Desengrasante KH7 pulverizador 750ml."},"content":{"rendered":"<h3>USO<\/h3>\n<ul>\n<li>Gracias a su c\u00f3modo pulverizador, podr\u00e1s aplicar f\u00e1cilmente KH-7 Quitagrasas en cualquier espacio que quieras limpiar y utilizando \u00fanicamente la dosis que necesites.<\/li>\n<\/ul>\n<h3>VERS\u00c1TIL<\/h3>\n<p>KH-7 Quitagrasas es ideal para limpiar todas las superficies en las que se acumule grasa y suciedad. \u00a1Incluso tambi\u00e9n puede usarse para lavar la ropa!<\/p>\n<p><b>KH-7 Quitagrasas es eficaz para limpiar:<\/b><\/p>\n<ul class=\"bullet-list\">\n<li><b>Cocina:<\/b>\u00a0con KH-7 Quitagrasas podr\u00e1s limpiar y eliminar la grasa acumulada en los fogones, la campana extractora, la encimera, el horno, las paredes y azulejos, los armarios de la cocina (tanto de forma interior como exterior) y la limpieza de electrodom\u00e9sticos que tienden a acumular grasa como es el caso de la freidora.<\/li>\n<li><b>Lavavajillas:<\/b>\u00a0nuestro producto quitagrasas resultad ideal para reforzar la limpieza de tu vajilla, eliminar los restos de grasa y conseguir un resultado impecable.<\/li>\n<li><b>Ropa:<\/b>\u00a0tambi\u00e9n puedes aprovechar el poder antigrasa de KH-7 en cuellos y pu\u00f1os de camisas que pueden estar manchados por el sudor, los roces, etc. Es muy eficaz para limpiar la ropa de trabajo y conseguir que est\u00e9 impecable.<\/li>\n<li><b>Veh\u00edculos y embarcaciones:<\/b>\u00a0aprovecha el poder de KH-7 Quitagrasas para limpiar la bicicleta, las llantas de tu coche o una embarcaci\u00f3n. Conseguir\u00e1s una apariencia mucho m\u00e1s limpia y brillante, \u00a1sin restos de grasa!<\/li>\n<li><b>Hogar:<\/b>\u00a0KH-7 Quitagrasas es el mejor aliado para la limpieza completa de tu hogar. Podr\u00e1s aprovechar su efectiva f\u00f3rmula en espacios como barbacoas, radiadores, persianas, muebles de jard\u00edn, aparatos de aire acondicionado, etc\u00e9tera.<\/li>\n<\/ul>\n","protected":false},"excerpt":{"rendered":"<p>KH-7 Quitagrasas es un desengrasante profesional que elimina sin esfuerzo la grasa y suciedad, \u00a1incluso la m\u00e1s dura e incrustada!<\/p>\n","protected":false},"featured_media":22314,"template":"","meta":{"spay_email":""},"yoast_head":"<!-- This site is optimized with the Yoast SEO plugin v15.9 - https:\/\/yoast.com\/wordpress\/plugins\/seo\/ -->\n<title>Desengrasante KH7 pulverizador 750ml. - Comercial de Hosteleria Anma<\/title>\n<meta name=\"description\" content=\"Desengrasante profesional KH7 | 5L.| Ideal para limpiar todas las superficies en las que se acumule grasa y suciedad.\" \/>\n<meta name=\"robots\" content=\"index, follow, max-snippet:-1, max-image-preview:large, max-video-preview:-1\" \/>\n<link rel=\"canonical\" href=\"https:\/\/www.comercialanma.es\/?product=desengrasante-kh7-pulverizador-750ml\" \/>\n<meta property=\"og:locale\" content=\"es_ES\" \/>\n<meta property=\"og:type\" content=\"article\" \/>\n<meta property=\"og:title\" content=\"Desengrasante KH7 pulverizador 750ml. - Comercial de Hosteleria Anma\" \/>\n<meta property=\"og:description\" content=\"Desengrasante profesional KH7 | 5L.| Ideal para limpiar todas las superficies en las que se acumule grasa y suciedad.\" \/>\n<meta property=\"og:url\" content=\"https:\/\/www.comercialanma.es\/?product=desengrasante-kh7-pulverizador-750ml\" \/>\n<meta property=\"og:site_name\" content=\"Comercial de Hosteleria Anma\" \/>\n<meta property=\"article:publisher\" content=\"https:\/\/www.facebook.com\/AnmaHosteleria\" \/>\n<meta property=\"article:modified_time\" content=\"2023-08-02T10:46:45+00:00\" \/>\n<meta property=\"og:image\" content=\"https:\/\/i2.wp.com\/www.comercialanma.es\/wp-content\/uploads\/2023\/08\/Quitagrsas-desengrasante-kh7-pulverizador-1.jpg?fit=1080%2C1080&#038;ssl=1\" \/>\n\t<meta property=\"og:image:width\" content=\"1080\" \/>\n\t<meta property=\"og:image:height\" content=\"1080\" \/>\n<meta name=\"twitter:card\" content=\"summary_large_image\" \/>\n<meta name=\"twitter:label1\" content=\"Tiempo de lectura\">\n\t<meta name=\"twitter:data1\" content=\"2 minutos\">\n<script type=\"application\/ld+json\" class=\"yoast-schema-graph\">{\"@context\":\"https:\/\/schema.org\",\"@graph\":[{\"@type\":\"Organization\",\"@id\":\"https:\/\/www.comercialanma.es\/#organization\",\"name\":\"Comercial Anma\",\"url\":\"https:\/\/www.comercialanma.es\/\",\"sameAs\":[\"https:\/\/www.facebook.com\/AnmaHosteleria\",\"https:\/\/www.instagram.com\/anmahosteleria\/?hl=es\",\"https:\/\/www.youtube.com\/channel\/UCT2nmn08Ntks0hmpZPnDgCA\"],\"logo\":{\"@type\":\"ImageObject\",\"@id\":\"https:\/\/www.comercialanma.es\/#logo\",\"inLanguage\":\"es\",\"url\":\"https:\/\/i2.wp.com\/www.comercialanma.es\/wp-content\/uploads\/2019\/06\/logo-anma-color.png?fit=247%2C101&ssl=1\",\"width\":247,\"height\":101,\"caption\":\"Comercial Anma\"},\"image\":{\"@id\":\"https:\/\/www.comercialanma.es\/#logo\"}},{\"@type\":\"WebSite\",\"@id\":\"https:\/\/www.comercialanma.es\/#website\",\"url\":\"https:\/\/www.comercialanma.es\/\",\"name\":\"Comercial de Hosteleria Anma\",\"description\":\"\",\"publisher\":{\"@id\":\"https:\/\/www.comercialanma.es\/#organization\"},\"potentialAction\":[{\"@type\":\"SearchAction\",\"target\":\"https:\/\/www.comercialanma.es\/?s={search_term_string}\",\"query-input\":\"required name=search_term_string\"}],\"inLanguage\":\"es\"},{\"@type\":\"ImageObject\",\"@id\":\"https:\/\/www.comercialanma.es\/?product=desengrasante-kh7-pulverizador-750ml#primaryimage\",\"inLanguage\":\"es\",\"url\":\"https:\/\/i2.wp.com\/www.comercialanma.es\/wp-content\/uploads\/2023\/08\/Quitagrsas-desengrasante-kh7-pulverizador-1.jpg?fit=1080%2C1080&ssl=1\",\"width\":1080,\"height\":1080},{\"@type\":\"WebPage\",\"@id\":\"https:\/\/www.comercialanma.es\/?product=desengrasante-kh7-pulverizador-750ml#webpage\",\"url\":\"https:\/\/www.comercialanma.es\/?product=desengrasante-kh7-pulverizador-750ml\",\"name\":\"Desengrasante KH7 pulverizador 750ml. - Comercial de Hosteleria Anma\",\"isPartOf\":{\"@id\":\"https:\/\/www.comercialanma.es\/#website\"},\"primaryImageOfPage\":{\"@id\":\"https:\/\/www.comercialanma.es\/?product=desengrasante-kh7-pulverizador-750ml#primaryimage\"},\"datePublished\":\"2023-08-02T10:29:29+00:00\",\"dateModified\":\"2023-08-02T10:46:45+00:00\",\"description\":\"Desengrasante profesional KH7 | 5L.| Ideal para limpiar todas las superficies en las que se acumule grasa y suciedad.\",\"breadcrumb\":{\"@id\":\"https:\/\/www.comercialanma.es\/?product=desengrasante-kh7-pulverizador-750ml#breadcrumb\"},\"inLanguage\":\"es\",\"potentialAction\":[{\"@type\":\"ReadAction\",\"target\":[\"https:\/\/www.comercialanma.es\/?product=desengrasante-kh7-pulverizador-750ml\"]}]},{\"@type\":\"BreadcrumbList\",\"@id\":\"https:\/\/www.comercialanma.es\/?product=desengrasante-kh7-pulverizador-750ml#breadcrumb\",\"itemListElement\":[{\"@type\":\"ListItem\",\"position\":1,\"item\":{\"@type\":\"WebPage\",\"@id\":\"https:\/\/www.comercialanma.es\/\",\"url\":\"https:\/\/www.comercialanma.es\/\",\"name\":\"Portada\"}},{\"@type\":\"ListItem\",\"position\":2,\"item\":{\"@type\":\"WebPage\",\"@id\":\"https:\/\/www.comercialanma.es\/?page_id=3963\",\"url\":\"https:\/\/www.comercialanma.es\/?page_id=3963\",\"name\":\"Cat\\u00e1logo de Productos\"}},{\"@type\":\"ListItem\",\"position\":3,\"item\":{\"@type\":\"WebPage\",\"@id\":\"https:\/\/www.comercialanma.es\/?product=desengrasante-kh7-pulverizador-750ml\",\"url\":\"https:\/\/www.comercialanma.es\/?product=desengrasante-kh7-pulverizador-750ml\",\"name\":\"Desengrasante KH7 pulverizador 750ml.\"}}]}]}<\/script>\n<!-- \/ Yoast SEO plugin. -->","_links":{"self":[{"href":"https:\/\/www.comercialanma.es\/index.php?rest_route=\/wp\/v2\/product\/22310"}],"collection":[{"href":"https:\/\/www.comercialanma.es\/index.php?rest_route=\/wp\/v2\/product"}],"about":[{"href":"https:\/\/www.comercialanma.es\/index.php?rest_route=\/wp\/v2\/types\/product"}],"version-history":[{"count":1,"href":"https:\/\/www.comercialanma.es\/index.php?rest_route=\/wp\/v2\/product\/22310\/revisions"}],"predecessor-version":[{"id":22313,"href":"https:\/\/www.comercialanma.es\/index.php?rest_route=\/wp\/v2\/product\/22310\/revisions\/22313"}],"wp:featuredmedia":[{"embeddable":true,"href":"https:\/\/www.comercialanma.es\/index.php?rest_route=\/wp\/v2\/media\/22314"}],"wp:attachment":[{"href":"https:\/\/www.comercialanma.es\/index.php?rest_route=%2Fwp%2Fv2%2Fmedia&parent=22310"}],"curies":[{"name":"wp","href":"https:\/\/api.w.org\/{rel}","templated":true}]}}