
{"id":22324,"date":"2023-08-02T16:37:07","date_gmt":"2023-08-02T14:37:07","guid":{"rendered":"https:\/\/www.comercialanma.es\/?post_type=product&#038;p=22324"},"modified":"2023-08-02T17:25:22","modified_gmt":"2023-08-02T15:25:22","slug":"vermouth-miro-reserva-organico-1l","status":"publish","type":"product","link":"https:\/\/www.comercialanma.es\/?product=vermouth-miro-reserva-organico-1l","title":{"rendered":"Vermouth Mir\u00f3 Reserva Org\u00e1nico 1L."},"content":{"rendered":"<h3>Nota de Cata<\/h3>\n<ul>\n<li class=\"col-12 col-md-4 text-center\"><span class=\"value-atr\">Un color caoba intenso y brillante, con destellos dorados.<\/span><\/li>\n<li class=\"col-12 col-md-4 text-center\"><span class=\"value-atr\">Se perciben notas de hierbas y especias, como el tomillo, la salvia y el clavo de olor, que aportan un car\u00e1cter intenso y profundo al vermut<\/span><\/li>\n<li class=\"col-12 col-md-4 text-center\"><span class=\"value-atr\">Tiene una textura envolvente y cremosa que se desliza suavemente por el paladar, permitiendo disfrutar de una experiencia gustativa \u00fanica.<\/span><\/li>\n<\/ul>\n<h3>Graduaci\u00f3n<\/h3>\n<ul>\n<li>16\u00ba<\/li>\n<\/ul>\n","protected":false},"excerpt":{"rendered":"<p>Mir\u00f3 Organic Reserva es un vermut que se preocupa de que todos sus ingredientes sean ecol\u00f3gicos, desde el vino base hasta cada uno de los\u00a0 bot\u00e1nicos que le aportan un car\u00e1cter diferente. Todo muy bien ensamblado nos da un vermut fresco, complejo, \u00fanico que envejece en barricas de roble franc\u00e9s. Servido solo, con un golpe de soda o en cocktail, este vermut est\u00e1 hecho para disfrutarse.<\/p>\n","protected":false},"featured_media":22327,"template":"","meta":{"spay_email":""},"yoast_head":"<!-- This site is optimized with the Yoast SEO plugin v15.9 - https:\/\/yoast.com\/wordpress\/plugins\/seo\/ -->\n<title>Vermouth Mir\u00f3 Reserva Org\u00e1nico 1L. - Comercial de Hosteleria Anma<\/title>\n<meta name=\"description\" content=\"Vermouth Mir\u00f3 org\u00e1nico reserva | 75cl. | Vermut premium con cuerpo y complejo. Destaca por su compleja estructura y equilibrio.\" \/>\n<meta name=\"robots\" content=\"index, follow, max-snippet:-1, max-image-preview:large, max-video-preview:-1\" \/>\n<link rel=\"canonical\" href=\"https:\/\/www.comercialanma.es\/?product=vermouth-miro-reserva-organico-1l\" \/>\n<meta property=\"og:locale\" content=\"es_ES\" \/>\n<meta property=\"og:type\" content=\"article\" \/>\n<meta property=\"og:title\" content=\"Vermouth Mir\u00f3 Reserva Org\u00e1nico 1L. - Comercial de Hosteleria Anma\" \/>\n<meta property=\"og:description\" content=\"Vermouth Mir\u00f3 org\u00e1nico reserva | 75cl. | Vermut premium con cuerpo y complejo. Destaca por su compleja estructura y equilibrio.\" \/>\n<meta property=\"og:url\" content=\"https:\/\/www.comercialanma.es\/?product=vermouth-miro-reserva-organico-1l\" \/>\n<meta property=\"og:site_name\" content=\"Comercial de Hosteleria Anma\" \/>\n<meta property=\"article:publisher\" content=\"https:\/\/www.facebook.com\/AnmaHosteleria\" \/>\n<meta property=\"article:modified_time\" content=\"2023-08-02T15:25:22+00:00\" \/>\n<meta property=\"og:image\" content=\"https:\/\/i1.wp.com\/www.comercialanma.es\/wp-content\/uploads\/2023\/08\/miro-organico-reserva-1l.jpg?fit=1080%2C1080&#038;ssl=1\" \/>\n\t<meta property=\"og:image:width\" content=\"1080\" \/>\n\t<meta property=\"og:image:height\" content=\"1080\" \/>\n<meta name=\"twitter:card\" content=\"summary_large_image\" \/>\n<meta name=\"twitter:label1\" content=\"Tiempo de lectura\">\n\t<meta name=\"twitter:data1\" content=\"1 minuto\">\n<script type=\"application\/ld+json\" class=\"yoast-schema-graph\">{\"@context\":\"https:\/\/schema.org\",\"@graph\":[{\"@type\":\"Organization\",\"@id\":\"https:\/\/www.comercialanma.es\/#organization\",\"name\":\"Comercial Anma\",\"url\":\"https:\/\/www.comercialanma.es\/\",\"sameAs\":[\"https:\/\/www.facebook.com\/AnmaHosteleria\",\"https:\/\/www.instagram.com\/anmahosteleria\/?hl=es\",\"https:\/\/www.youtube.com\/channel\/UCT2nmn08Ntks0hmpZPnDgCA\"],\"logo\":{\"@type\":\"ImageObject\",\"@id\":\"https:\/\/www.comercialanma.es\/#logo\",\"inLanguage\":\"es\",\"url\":\"https:\/\/i2.wp.com\/www.comercialanma.es\/wp-content\/uploads\/2019\/06\/logo-anma-color.png?fit=247%2C101&ssl=1\",\"width\":247,\"height\":101,\"caption\":\"Comercial Anma\"},\"image\":{\"@id\":\"https:\/\/www.comercialanma.es\/#logo\"}},{\"@type\":\"WebSite\",\"@id\":\"https:\/\/www.comercialanma.es\/#website\",\"url\":\"https:\/\/www.comercialanma.es\/\",\"name\":\"Comercial de Hosteleria Anma\",\"description\":\"\",\"publisher\":{\"@id\":\"https:\/\/www.comercialanma.es\/#organization\"},\"potentialAction\":[{\"@type\":\"SearchAction\",\"target\":\"https:\/\/www.comercialanma.es\/?s={search_term_string}\",\"query-input\":\"required name=search_term_string\"}],\"inLanguage\":\"es\"},{\"@type\":\"ImageObject\",\"@id\":\"https:\/\/www.comercialanma.es\/?product=vermouth-miro-reserva-organico-1l#primaryimage\",\"inLanguage\":\"es\",\"url\":\"https:\/\/i1.wp.com\/www.comercialanma.es\/wp-content\/uploads\/2023\/08\/miro-organico-reserva-1l.jpg?fit=1080%2C1080&ssl=1\",\"width\":1080,\"height\":1080},{\"@type\":\"WebPage\",\"@id\":\"https:\/\/www.comercialanma.es\/?product=vermouth-miro-reserva-organico-1l#webpage\",\"url\":\"https:\/\/www.comercialanma.es\/?product=vermouth-miro-reserva-organico-1l\",\"name\":\"Vermouth Mir\\u00f3 Reserva Org\\u00e1nico 1L. - Comercial de Hosteleria Anma\",\"isPartOf\":{\"@id\":\"https:\/\/www.comercialanma.es\/#website\"},\"primaryImageOfPage\":{\"@id\":\"https:\/\/www.comercialanma.es\/?product=vermouth-miro-reserva-organico-1l#primaryimage\"},\"datePublished\":\"2023-08-02T14:37:07+00:00\",\"dateModified\":\"2023-08-02T15:25:22+00:00\",\"description\":\"Vermouth Mir\\u00f3 org\\u00e1nico reserva | 75cl. | Vermut premium con cuerpo y complejo. Destaca por su compleja estructura y equilibrio.\",\"breadcrumb\":{\"@id\":\"https:\/\/www.comercialanma.es\/?product=vermouth-miro-reserva-organico-1l#breadcrumb\"},\"inLanguage\":\"es\",\"potentialAction\":[{\"@type\":\"ReadAction\",\"target\":[\"https:\/\/www.comercialanma.es\/?product=vermouth-miro-reserva-organico-1l\"]}]},{\"@type\":\"BreadcrumbList\",\"@id\":\"https:\/\/www.comercialanma.es\/?product=vermouth-miro-reserva-organico-1l#breadcrumb\",\"itemListElement\":[{\"@type\":\"ListItem\",\"position\":1,\"item\":{\"@type\":\"WebPage\",\"@id\":\"https:\/\/www.comercialanma.es\/\",\"url\":\"https:\/\/www.comercialanma.es\/\",\"name\":\"Portada\"}},{\"@type\":\"ListItem\",\"position\":2,\"item\":{\"@type\":\"WebPage\",\"@id\":\"https:\/\/www.comercialanma.es\/?page_id=3963\",\"url\":\"https:\/\/www.comercialanma.es\/?page_id=3963\",\"name\":\"Cat\\u00e1logo de Productos\"}},{\"@type\":\"ListItem\",\"position\":3,\"item\":{\"@type\":\"WebPage\",\"@id\":\"https:\/\/www.comercialanma.es\/?product=vermouth-miro-reserva-organico-1l\",\"url\":\"https:\/\/www.comercialanma.es\/?product=vermouth-miro-reserva-organico-1l\",\"name\":\"Vermouth Mir\\u00f3 Reserva Org\\u00e1nico 1L.\"}}]}]}<\/script>\n<!-- \/ Yoast SEO plugin. -->","_links":{"self":[{"href":"https:\/\/www.comercialanma.es\/index.php?rest_route=\/wp\/v2\/product\/22324"}],"collection":[{"href":"https:\/\/www.comercialanma.es\/index.php?rest_route=\/wp\/v2\/product"}],"about":[{"href":"https:\/\/www.comercialanma.es\/index.php?rest_route=\/wp\/v2\/types\/product"}],"version-history":[{"count":3,"href":"https:\/\/www.comercialanma.es\/index.php?rest_route=\/wp\/v2\/product\/22324\/revisions"}],"predecessor-version":[{"id":22330,"href":"https:\/\/www.comercialanma.es\/index.php?rest_route=\/wp\/v2\/product\/22324\/revisions\/22330"}],"wp:featuredmedia":[{"embeddable":true,"href":"https:\/\/www.comercialanma.es\/index.php?rest_route=\/wp\/v2\/media\/22327"}],"wp:attachment":[{"href":"https:\/\/www.comercialanma.es\/index.php?rest_route=%2Fwp%2Fv2%2Fmedia&parent=22324"}],"curies":[{"name":"wp","href":"https:\/\/api.w.org\/{rel}","templated":true}]}}