
{"id":22338,"date":"2023-08-04T10:47:19","date_gmt":"2023-08-04T08:47:19","guid":{"rendered":"https:\/\/www.comercialanma.es\/?post_type=product&#038;p=22338"},"modified":"2023-08-04T15:49:14","modified_gmt":"2023-08-04T13:49:14","slug":"a-mina-orixe","status":"publish","type":"product","link":"https:\/\/www.comercialanma.es\/?product=a-mina-orixe","title":{"rendered":"A Mi\u00f1a Orixe dry Gin 70cl."},"content":{"rendered":"<h3>Nota de cata:<\/h3>\n<div class=\"elementor-element elementor-element-3c30b738 elementor-view-default elementor-vertical-align-top elementor-widget elementor-widget-icon-box\" data-id=\"3c30b738\" data-element_type=\"widget\" data-widget_type=\"icon-box.default\">\n<div class=\"elementor-widget-container\">\n<div class=\"elementor-icon-box-wrapper\">\n<div class=\"elementor-icon-box-content\">\n<ul>\n<li class=\"elementor-icon-box-title\">Color blanco platino.<\/li>\n<li class=\"elementor-icon-box-title\">En nariz destacan notas c\u00edtricas y afrutadas de naranja y lim\u00f3n.<br \/>\nA Mi\u00f1a es una ginebra con personalidad atl\u00e1ntica, denotando un marcado car\u00e1cter herbal y natural procedente de su bot\u00e1nico principal, el pimiento de Padr\u00f3n.<\/li>\n<li class=\"elementor-icon-box-title\">Con un paso por boca fresco y explosivo, realzado por las notas c\u00edtricas y afrutadas de la naranja y el lim\u00f3n.<\/li>\n<\/ul>\n<h3>Graduaci\u00f3n:<\/h3>\n<ul>\n<li>40\u00ba<\/li>\n<\/ul>\n<\/div>\n<\/div>\n<\/div>\n<\/div>\n","protected":false},"excerpt":{"rendered":"<div data-id=\"5ebfe01\" data-element_type=\"widget\" data-settings=\"{&quot;_animation&quot;:&quot;fadeInLeft&quot;,&quot;_animation_delay&quot;:300}\" data-widget_type=\"text-editor.default\">\n<div>\n<p>Esta sorprendente propuesta resalta el sabroso y dulce aroma del mel\u00f3n para tus combinados m\u00e1s veraniegos.<\/p>\n<p>A Mi\u00f1a Orixe\u00a0se elabora con aut\u00e9ntico\u00a0pimiento de Padr\u00f3n\u00a0(DOP Pemento de Herb\u00f3n), aportando un sabor fresco y natural gracias a su mezcla con bot\u00e1nicos c\u00edtricos.<\/p>\n<p>Los\u00a0pimientos de Padr\u00f3n\u00a0son una variedad de pimiento peque\u00f1o originario de la localidad gallega de Padr\u00f3n, en Espa\u00f1a. Estos pimientos son conocidos por su sabor ligeramente picante y su textura tierna y suave.<\/p>\n<\/div>\n<\/div>\n","protected":false},"featured_media":22339,"template":"","meta":{"spay_email":""},"yoast_head":"<!-- This site is optimized with the Yoast SEO plugin v15.9 - https:\/\/yoast.com\/wordpress\/plugins\/seo\/ -->\n<title>A Mi\u00f1a Orixe dry Gin 70cl. - Comercial de Hosteleria Anma<\/title>\n<meta name=\"description\" content=\"Puerto de indias Sweet Melon | 70cl. | Esta sorprendente propuesta resalta el sabroso y dulce aroma del mel\u00f3n para tus combinados de verano.\" \/>\n<meta name=\"robots\" content=\"index, follow, max-snippet:-1, max-image-preview:large, max-video-preview:-1\" \/>\n<link rel=\"canonical\" href=\"https:\/\/www.comercialanma.es\/?product=a-mina-orixe\" \/>\n<meta property=\"og:locale\" content=\"es_ES\" \/>\n<meta property=\"og:type\" content=\"article\" \/>\n<meta property=\"og:title\" content=\"A Mi\u00f1a Orixe dry Gin 70cl. - Comercial de Hosteleria Anma\" \/>\n<meta property=\"og:description\" content=\"Puerto de indias Sweet Melon | 70cl. | Esta sorprendente propuesta resalta el sabroso y dulce aroma del mel\u00f3n para tus combinados de verano.\" \/>\n<meta property=\"og:url\" content=\"https:\/\/www.comercialanma.es\/?product=a-mina-orixe\" \/>\n<meta property=\"og:site_name\" content=\"Comercial de Hosteleria Anma\" \/>\n<meta property=\"article:publisher\" content=\"https:\/\/www.facebook.com\/AnmaHosteleria\" \/>\n<meta property=\"article:modified_time\" content=\"2023-08-04T13:49:14+00:00\" \/>\n<meta property=\"og:image\" content=\"https:\/\/i0.wp.com\/www.comercialanma.es\/wp-content\/uploads\/2023\/08\/o-min\u0303a-orixe.jpg?fit=1080%2C1080&#038;ssl=1\" \/>\n\t<meta property=\"og:image:width\" content=\"1080\" \/>\n\t<meta property=\"og:image:height\" content=\"1080\" \/>\n<meta name=\"twitter:card\" content=\"summary_large_image\" \/>\n<meta name=\"twitter:label1\" content=\"Tiempo de lectura\">\n\t<meta name=\"twitter:data1\" content=\"1 minuto\">\n<script type=\"application\/ld+json\" class=\"yoast-schema-graph\">{\"@context\":\"https:\/\/schema.org\",\"@graph\":[{\"@type\":\"Organization\",\"@id\":\"https:\/\/www.comercialanma.es\/#organization\",\"name\":\"Comercial Anma\",\"url\":\"https:\/\/www.comercialanma.es\/\",\"sameAs\":[\"https:\/\/www.facebook.com\/AnmaHosteleria\",\"https:\/\/www.instagram.com\/anmahosteleria\/?hl=es\",\"https:\/\/www.youtube.com\/channel\/UCT2nmn08Ntks0hmpZPnDgCA\"],\"logo\":{\"@type\":\"ImageObject\",\"@id\":\"https:\/\/www.comercialanma.es\/#logo\",\"inLanguage\":\"es\",\"url\":\"https:\/\/i2.wp.com\/www.comercialanma.es\/wp-content\/uploads\/2019\/06\/logo-anma-color.png?fit=247%2C101&ssl=1\",\"width\":247,\"height\":101,\"caption\":\"Comercial Anma\"},\"image\":{\"@id\":\"https:\/\/www.comercialanma.es\/#logo\"}},{\"@type\":\"WebSite\",\"@id\":\"https:\/\/www.comercialanma.es\/#website\",\"url\":\"https:\/\/www.comercialanma.es\/\",\"name\":\"Comercial de Hosteleria Anma\",\"description\":\"\",\"publisher\":{\"@id\":\"https:\/\/www.comercialanma.es\/#organization\"},\"potentialAction\":[{\"@type\":\"SearchAction\",\"target\":\"https:\/\/www.comercialanma.es\/?s={search_term_string}\",\"query-input\":\"required name=search_term_string\"}],\"inLanguage\":\"es\"},{\"@type\":\"ImageObject\",\"@id\":\"https:\/\/www.comercialanma.es\/?product=a-mina-orixe#primaryimage\",\"inLanguage\":\"es\",\"url\":\"https:\/\/i0.wp.com\/www.comercialanma.es\/wp-content\/uploads\/2023\/08\/o-min\\u0303a-orixe.jpg?fit=1080%2C1080&ssl=1\",\"width\":1080,\"height\":1080},{\"@type\":\"WebPage\",\"@id\":\"https:\/\/www.comercialanma.es\/?product=a-mina-orixe#webpage\",\"url\":\"https:\/\/www.comercialanma.es\/?product=a-mina-orixe\",\"name\":\"A Mi\\u00f1a Orixe dry Gin 70cl. - Comercial de Hosteleria Anma\",\"isPartOf\":{\"@id\":\"https:\/\/www.comercialanma.es\/#website\"},\"primaryImageOfPage\":{\"@id\":\"https:\/\/www.comercialanma.es\/?product=a-mina-orixe#primaryimage\"},\"datePublished\":\"2023-08-04T08:47:19+00:00\",\"dateModified\":\"2023-08-04T13:49:14+00:00\",\"description\":\"Puerto de indias Sweet Melon | 70cl. | Esta sorprendente propuesta resalta el sabroso y dulce aroma del mel\\u00f3n para tus combinados de verano.\",\"breadcrumb\":{\"@id\":\"https:\/\/www.comercialanma.es\/?product=a-mina-orixe#breadcrumb\"},\"inLanguage\":\"es\",\"potentialAction\":[{\"@type\":\"ReadAction\",\"target\":[\"https:\/\/www.comercialanma.es\/?product=a-mina-orixe\"]}]},{\"@type\":\"BreadcrumbList\",\"@id\":\"https:\/\/www.comercialanma.es\/?product=a-mina-orixe#breadcrumb\",\"itemListElement\":[{\"@type\":\"ListItem\",\"position\":1,\"item\":{\"@type\":\"WebPage\",\"@id\":\"https:\/\/www.comercialanma.es\/\",\"url\":\"https:\/\/www.comercialanma.es\/\",\"name\":\"Portada\"}},{\"@type\":\"ListItem\",\"position\":2,\"item\":{\"@type\":\"WebPage\",\"@id\":\"https:\/\/www.comercialanma.es\/?page_id=3963\",\"url\":\"https:\/\/www.comercialanma.es\/?page_id=3963\",\"name\":\"Cat\\u00e1logo de Productos\"}},{\"@type\":\"ListItem\",\"position\":3,\"item\":{\"@type\":\"WebPage\",\"@id\":\"https:\/\/www.comercialanma.es\/?product=a-mina-orixe\",\"url\":\"https:\/\/www.comercialanma.es\/?product=a-mina-orixe\",\"name\":\"A Mi\\u00f1a Orixe dry Gin 70cl.\"}}]}]}<\/script>\n<!-- \/ Yoast SEO plugin. -->","_links":{"self":[{"href":"https:\/\/www.comercialanma.es\/index.php?rest_route=\/wp\/v2\/product\/22338"}],"collection":[{"href":"https:\/\/www.comercialanma.es\/index.php?rest_route=\/wp\/v2\/product"}],"about":[{"href":"https:\/\/www.comercialanma.es\/index.php?rest_route=\/wp\/v2\/types\/product"}],"version-history":[{"count":1,"href":"https:\/\/www.comercialanma.es\/index.php?rest_route=\/wp\/v2\/product\/22338\/revisions"}],"predecessor-version":[{"id":22340,"href":"https:\/\/www.comercialanma.es\/index.php?rest_route=\/wp\/v2\/product\/22338\/revisions\/22340"}],"wp:featuredmedia":[{"embeddable":true,"href":"https:\/\/www.comercialanma.es\/index.php?rest_route=\/wp\/v2\/media\/22339"}],"wp:attachment":[{"href":"https:\/\/www.comercialanma.es\/index.php?rest_route=%2Fwp%2Fv2%2Fmedia&parent=22338"}],"curies":[{"name":"wp","href":"https:\/\/api.w.org\/{rel}","templated":true}]}}