
{"id":22341,"date":"2023-08-04T15:49:44","date_gmt":"2023-08-04T13:49:44","guid":{"rendered":"https:\/\/www.comercialanma.es\/?post_type=product&#038;p=22341"},"modified":"2023-08-04T16:00:21","modified_gmt":"2023-08-04T14:00:21","slug":"cachaza-velho-barreiro","status":"publish","type":"product","link":"https:\/\/www.comercialanma.es\/?product=cachaza-velho-barreiro","title":{"rendered":"Cachaza Velho Barreiro 1L."},"content":{"rendered":"<div id=\"more_info_sheets\" class=\"sheets align_justify\">\n<div id=\"idTab1\" class=\"rte product_accordion open\">\n<div class=\"pa_content\">\n<div class=\"rte\">\n<h3>Nota de cata de Cacha\u00e7a 51 1L<\/h3>\n<div class=\"cont_des_large\">\n<ul>\n<li>Vista: Cacha\u00e7a Velho Barreiro tiene un color ocre p\u00e1lido.<\/li>\n<li>Nariz: Aromas a frutos.<\/li>\n<li>Boca: Muy marcado a ca\u00f1a de az\u00facar.<\/li>\n<\/ul>\n<\/div>\n<\/div>\n<\/div>\n<\/div>\n<\/div>\n","protected":false},"excerpt":{"rendered":"<p>Cacha\u00e7a Velho Barreiro 1L\u00a0es un destilado del puro jugo de la ca\u00f1a de az\u00facar de gran tradici\u00f3n en Brasil.<\/p>\n<p>Desde 1873 Velho Barreiro es sin\u00f3nimo de calidad y tradici\u00f3n y, hoy en d\u00eda, un \u00edcono de Brasil vinculado a la famosa &#8220;Caipirinha&#8221;.<\/p>\n","protected":false},"featured_media":22342,"template":"","meta":{"spay_email":""},"yoast_head":"<!-- This site is optimized with the Yoast SEO plugin v15.9 - https:\/\/yoast.com\/wordpress\/plugins\/seo\/ -->\n<title>Cachaza Velho Barreiro 1L. - Comercial de Hosteleria Anma<\/title>\n<meta name=\"description\" content=\"Cacha\u00e7a Velho Barreiro | 1L.\u00a0| Es un destilado del puro jugo de la ca\u00f1a de az\u00facar de gran tradici\u00f3n en Brasil.\" \/>\n<meta name=\"robots\" content=\"index, follow, max-snippet:-1, max-image-preview:large, max-video-preview:-1\" \/>\n<link rel=\"canonical\" href=\"https:\/\/www.comercialanma.es\/?product=cachaza-velho-barreiro\" \/>\n<meta property=\"og:locale\" content=\"es_ES\" \/>\n<meta property=\"og:type\" content=\"article\" \/>\n<meta property=\"og:title\" content=\"Cachaza Velho Barreiro 1L. - Comercial de Hosteleria Anma\" \/>\n<meta property=\"og:description\" content=\"Cacha\u00e7a Velho Barreiro | 1L.\u00a0| Es un destilado del puro jugo de la ca\u00f1a de az\u00facar de gran tradici\u00f3n en Brasil.\" \/>\n<meta property=\"og:url\" content=\"https:\/\/www.comercialanma.es\/?product=cachaza-velho-barreiro\" \/>\n<meta property=\"og:site_name\" content=\"Comercial de Hosteleria Anma\" \/>\n<meta property=\"article:publisher\" content=\"https:\/\/www.facebook.com\/AnmaHosteleria\" \/>\n<meta property=\"article:modified_time\" content=\"2023-08-04T14:00:21+00:00\" \/>\n<meta property=\"og:image\" content=\"https:\/\/i2.wp.com\/www.comercialanma.es\/wp-content\/uploads\/2023\/08\/Cachaza-velho-barreiro.jpg?fit=1080%2C1080&#038;ssl=1\" \/>\n\t<meta property=\"og:image:width\" content=\"1080\" \/>\n\t<meta property=\"og:image:height\" content=\"1080\" \/>\n<meta name=\"twitter:card\" content=\"summary_large_image\" \/>\n<meta name=\"twitter:label1\" content=\"Tiempo de lectura\">\n\t<meta name=\"twitter:data1\" content=\"1 minuto\">\n<script type=\"application\/ld+json\" class=\"yoast-schema-graph\">{\"@context\":\"https:\/\/schema.org\",\"@graph\":[{\"@type\":\"Organization\",\"@id\":\"https:\/\/www.comercialanma.es\/#organization\",\"name\":\"Comercial Anma\",\"url\":\"https:\/\/www.comercialanma.es\/\",\"sameAs\":[\"https:\/\/www.facebook.com\/AnmaHosteleria\",\"https:\/\/www.instagram.com\/anmahosteleria\/?hl=es\",\"https:\/\/www.youtube.com\/channel\/UCT2nmn08Ntks0hmpZPnDgCA\"],\"logo\":{\"@type\":\"ImageObject\",\"@id\":\"https:\/\/www.comercialanma.es\/#logo\",\"inLanguage\":\"es\",\"url\":\"https:\/\/i2.wp.com\/www.comercialanma.es\/wp-content\/uploads\/2019\/06\/logo-anma-color.png?fit=247%2C101&ssl=1\",\"width\":247,\"height\":101,\"caption\":\"Comercial Anma\"},\"image\":{\"@id\":\"https:\/\/www.comercialanma.es\/#logo\"}},{\"@type\":\"WebSite\",\"@id\":\"https:\/\/www.comercialanma.es\/#website\",\"url\":\"https:\/\/www.comercialanma.es\/\",\"name\":\"Comercial de Hosteleria Anma\",\"description\":\"\",\"publisher\":{\"@id\":\"https:\/\/www.comercialanma.es\/#organization\"},\"potentialAction\":[{\"@type\":\"SearchAction\",\"target\":\"https:\/\/www.comercialanma.es\/?s={search_term_string}\",\"query-input\":\"required name=search_term_string\"}],\"inLanguage\":\"es\"},{\"@type\":\"ImageObject\",\"@id\":\"https:\/\/www.comercialanma.es\/?product=cachaza-velho-barreiro#primaryimage\",\"inLanguage\":\"es\",\"url\":\"https:\/\/i2.wp.com\/www.comercialanma.es\/wp-content\/uploads\/2023\/08\/Cachaza-velho-barreiro.jpg?fit=1080%2C1080&ssl=1\",\"width\":1080,\"height\":1080},{\"@type\":\"WebPage\",\"@id\":\"https:\/\/www.comercialanma.es\/?product=cachaza-velho-barreiro#webpage\",\"url\":\"https:\/\/www.comercialanma.es\/?product=cachaza-velho-barreiro\",\"name\":\"Cachaza Velho Barreiro 1L. - Comercial de Hosteleria Anma\",\"isPartOf\":{\"@id\":\"https:\/\/www.comercialanma.es\/#website\"},\"primaryImageOfPage\":{\"@id\":\"https:\/\/www.comercialanma.es\/?product=cachaza-velho-barreiro#primaryimage\"},\"datePublished\":\"2023-08-04T13:49:44+00:00\",\"dateModified\":\"2023-08-04T14:00:21+00:00\",\"description\":\"Cacha\\u00e7a Velho Barreiro | 1L.\\u00a0| Es un destilado del puro jugo de la ca\\u00f1a de az\\u00facar de gran tradici\\u00f3n en Brasil.\",\"breadcrumb\":{\"@id\":\"https:\/\/www.comercialanma.es\/?product=cachaza-velho-barreiro#breadcrumb\"},\"inLanguage\":\"es\",\"potentialAction\":[{\"@type\":\"ReadAction\",\"target\":[\"https:\/\/www.comercialanma.es\/?product=cachaza-velho-barreiro\"]}]},{\"@type\":\"BreadcrumbList\",\"@id\":\"https:\/\/www.comercialanma.es\/?product=cachaza-velho-barreiro#breadcrumb\",\"itemListElement\":[{\"@type\":\"ListItem\",\"position\":1,\"item\":{\"@type\":\"WebPage\",\"@id\":\"https:\/\/www.comercialanma.es\/\",\"url\":\"https:\/\/www.comercialanma.es\/\",\"name\":\"Portada\"}},{\"@type\":\"ListItem\",\"position\":2,\"item\":{\"@type\":\"WebPage\",\"@id\":\"https:\/\/www.comercialanma.es\/?page_id=3963\",\"url\":\"https:\/\/www.comercialanma.es\/?page_id=3963\",\"name\":\"Cat\\u00e1logo de Productos\"}},{\"@type\":\"ListItem\",\"position\":3,\"item\":{\"@type\":\"WebPage\",\"@id\":\"https:\/\/www.comercialanma.es\/?product=cachaza-velho-barreiro\",\"url\":\"https:\/\/www.comercialanma.es\/?product=cachaza-velho-barreiro\",\"name\":\"Cachaza Velho Barreiro 1L.\"}}]}]}<\/script>\n<!-- \/ Yoast SEO plugin. -->","_links":{"self":[{"href":"https:\/\/www.comercialanma.es\/index.php?rest_route=\/wp\/v2\/product\/22341"}],"collection":[{"href":"https:\/\/www.comercialanma.es\/index.php?rest_route=\/wp\/v2\/product"}],"about":[{"href":"https:\/\/www.comercialanma.es\/index.php?rest_route=\/wp\/v2\/types\/product"}],"version-history":[{"count":1,"href":"https:\/\/www.comercialanma.es\/index.php?rest_route=\/wp\/v2\/product\/22341\/revisions"}],"predecessor-version":[{"id":22343,"href":"https:\/\/www.comercialanma.es\/index.php?rest_route=\/wp\/v2\/product\/22341\/revisions\/22343"}],"wp:featuredmedia":[{"embeddable":true,"href":"https:\/\/www.comercialanma.es\/index.php?rest_route=\/wp\/v2\/media\/22342"}],"wp:attachment":[{"href":"https:\/\/www.comercialanma.es\/index.php?rest_route=%2Fwp%2Fv2%2Fmedia&parent=22341"}],"curies":[{"name":"wp","href":"https:\/\/api.w.org\/{rel}","templated":true}]}}