
{"id":22399,"date":"2023-08-22T10:05:04","date_gmt":"2023-08-22T08:05:04","guid":{"rendered":"https:\/\/www.comercialanma.es\/?post_type=product&#038;p=22399"},"modified":"2023-08-22T11:56:17","modified_gmt":"2023-08-22T09:56:17","slug":"anares-crianza","status":"publish","type":"product","link":"https:\/\/www.comercialanma.es\/?product=anares-crianza","title":{"rendered":"A\u00f1ares Crianza 75cl."},"content":{"rendered":"<h3>D.O.C:<\/h3>\n<ul>\n<li>Rioja.<\/li>\n<\/ul>\n<h3>Variedades de uva:<\/h3>\n<ul>\n<li>Tempranillo, Mazuelo, Garnacha, Graciano.<\/li>\n<\/ul>\n<h3>Graduaci\u00f3n:<\/h3>\n<ul>\n<li>Graduaci\u00f3n: 13,5% vol.<\/li>\n<\/ul>\n<h3>Nota de cata:<\/h3>\n<ul>\n<li class=\"col-12 col-md-4 text-center\">Rojo cerezo vivo y brillante con reflejos p\u00farpura.<\/li>\n<li class=\"col-12 col-md-4 text-center\">Aromas netamente frutales que matizan algunas notas especiadas, ahumadas y bals\u00e1micas.<\/li>\n<li class=\"col-12 col-md-4 text-center\">Amable, suave y de paso f\u00e1cil en boca. Largo y fresco.<\/li>\n<\/ul>\n","protected":false},"excerpt":{"rendered":"<p>A\u00f1ares Crianza\u00a0representa la voluntad de esta bodega de contar la historia moderna de\u00a0Rioja\u00a0a trav\u00e9s de un vino de gran presencia. Elaborado a partir de\u00a0Tempranillo, Garnacha, Mazuelo y Graciano, es un tinto comprometido con su tierra, pero tambi\u00e9n capaz de expresar una\u00a0personalidad propia, realmente sigular. Con un\u00a0buen equilibrio entre fruta y madera\u00a0y una\u00a0boca suave y fresca.<\/p>\n","protected":false},"featured_media":22400,"template":"","meta":{"spay_email":""},"yoast_head":"<!-- This site is optimized with the Yoast SEO plugin v15.9 - https:\/\/yoast.com\/wordpress\/plugins\/seo\/ -->\n<title>A\u00f1ares Crianza 75cl. - Comercial de Hosteleria Anma<\/title>\n<meta name=\"description\" content=\"A\u00f1ares Crianza | 75cl.| A\u00f1ares Crianza representa la voluntad de esta bodega de contar la historia moderna de Rioja a trav\u00e9s de un vino.\" \/>\n<meta name=\"robots\" content=\"index, follow, max-snippet:-1, max-image-preview:large, max-video-preview:-1\" \/>\n<link rel=\"canonical\" href=\"https:\/\/www.comercialanma.es\/?product=anares-crianza\" \/>\n<meta property=\"og:locale\" content=\"es_ES\" \/>\n<meta property=\"og:type\" content=\"article\" \/>\n<meta property=\"og:title\" content=\"A\u00f1ares Crianza 75cl. - Comercial de Hosteleria Anma\" \/>\n<meta property=\"og:description\" content=\"A\u00f1ares Crianza | 75cl.| A\u00f1ares Crianza representa la voluntad de esta bodega de contar la historia moderna de Rioja a trav\u00e9s de un vino.\" \/>\n<meta property=\"og:url\" content=\"https:\/\/www.comercialanma.es\/?product=anares-crianza\" \/>\n<meta property=\"og:site_name\" content=\"Comercial de Hosteleria Anma\" \/>\n<meta property=\"article:publisher\" content=\"https:\/\/www.facebook.com\/AnmaHosteleria\" \/>\n<meta property=\"article:modified_time\" content=\"2023-08-22T09:56:17+00:00\" \/>\n<meta property=\"og:image\" content=\"https:\/\/i0.wp.com\/www.comercialanma.es\/wp-content\/uploads\/2023\/08\/an\u0303ares-crianza.jpg?fit=1080%2C1080&#038;ssl=1\" \/>\n\t<meta property=\"og:image:width\" content=\"1080\" \/>\n\t<meta property=\"og:image:height\" content=\"1080\" \/>\n<meta name=\"twitter:card\" content=\"summary_large_image\" \/>\n<meta name=\"twitter:label1\" content=\"Tiempo de lectura\">\n\t<meta name=\"twitter:data1\" content=\"1 minuto\">\n<script type=\"application\/ld+json\" class=\"yoast-schema-graph\">{\"@context\":\"https:\/\/schema.org\",\"@graph\":[{\"@type\":\"Organization\",\"@id\":\"https:\/\/www.comercialanma.es\/#organization\",\"name\":\"Comercial Anma\",\"url\":\"https:\/\/www.comercialanma.es\/\",\"sameAs\":[\"https:\/\/www.facebook.com\/AnmaHosteleria\",\"https:\/\/www.instagram.com\/anmahosteleria\/?hl=es\",\"https:\/\/www.youtube.com\/channel\/UCT2nmn08Ntks0hmpZPnDgCA\"],\"logo\":{\"@type\":\"ImageObject\",\"@id\":\"https:\/\/www.comercialanma.es\/#logo\",\"inLanguage\":\"es\",\"url\":\"https:\/\/i2.wp.com\/www.comercialanma.es\/wp-content\/uploads\/2019\/06\/logo-anma-color.png?fit=247%2C101&ssl=1\",\"width\":247,\"height\":101,\"caption\":\"Comercial Anma\"},\"image\":{\"@id\":\"https:\/\/www.comercialanma.es\/#logo\"}},{\"@type\":\"WebSite\",\"@id\":\"https:\/\/www.comercialanma.es\/#website\",\"url\":\"https:\/\/www.comercialanma.es\/\",\"name\":\"Comercial de Hosteleria Anma\",\"description\":\"\",\"publisher\":{\"@id\":\"https:\/\/www.comercialanma.es\/#organization\"},\"potentialAction\":[{\"@type\":\"SearchAction\",\"target\":\"https:\/\/www.comercialanma.es\/?s={search_term_string}\",\"query-input\":\"required name=search_term_string\"}],\"inLanguage\":\"es\"},{\"@type\":\"ImageObject\",\"@id\":\"https:\/\/www.comercialanma.es\/?product=anares-crianza#primaryimage\",\"inLanguage\":\"es\",\"url\":\"https:\/\/i0.wp.com\/www.comercialanma.es\/wp-content\/uploads\/2023\/08\/an\\u0303ares-crianza.jpg?fit=1080%2C1080&ssl=1\",\"width\":1080,\"height\":1080},{\"@type\":\"WebPage\",\"@id\":\"https:\/\/www.comercialanma.es\/?product=anares-crianza#webpage\",\"url\":\"https:\/\/www.comercialanma.es\/?product=anares-crianza\",\"name\":\"A\\u00f1ares Crianza 75cl. - Comercial de Hosteleria Anma\",\"isPartOf\":{\"@id\":\"https:\/\/www.comercialanma.es\/#website\"},\"primaryImageOfPage\":{\"@id\":\"https:\/\/www.comercialanma.es\/?product=anares-crianza#primaryimage\"},\"datePublished\":\"2023-08-22T08:05:04+00:00\",\"dateModified\":\"2023-08-22T09:56:17+00:00\",\"description\":\"A\\u00f1ares Crianza | 75cl.| A\\u00f1ares Crianza representa la voluntad de esta bodega de contar la historia moderna de Rioja a trav\\u00e9s de un vino.\",\"breadcrumb\":{\"@id\":\"https:\/\/www.comercialanma.es\/?product=anares-crianza#breadcrumb\"},\"inLanguage\":\"es\",\"potentialAction\":[{\"@type\":\"ReadAction\",\"target\":[\"https:\/\/www.comercialanma.es\/?product=anares-crianza\"]}]},{\"@type\":\"BreadcrumbList\",\"@id\":\"https:\/\/www.comercialanma.es\/?product=anares-crianza#breadcrumb\",\"itemListElement\":[{\"@type\":\"ListItem\",\"position\":1,\"item\":{\"@type\":\"WebPage\",\"@id\":\"https:\/\/www.comercialanma.es\/\",\"url\":\"https:\/\/www.comercialanma.es\/\",\"name\":\"Portada\"}},{\"@type\":\"ListItem\",\"position\":2,\"item\":{\"@type\":\"WebPage\",\"@id\":\"https:\/\/www.comercialanma.es\/?page_id=3963\",\"url\":\"https:\/\/www.comercialanma.es\/?page_id=3963\",\"name\":\"Cat\\u00e1logo de Productos\"}},{\"@type\":\"ListItem\",\"position\":3,\"item\":{\"@type\":\"WebPage\",\"@id\":\"https:\/\/www.comercialanma.es\/?product=anares-crianza\",\"url\":\"https:\/\/www.comercialanma.es\/?product=anares-crianza\",\"name\":\"A\\u00f1ares Crianza 75cl.\"}}]}]}<\/script>\n<!-- \/ Yoast SEO plugin. -->","_links":{"self":[{"href":"https:\/\/www.comercialanma.es\/index.php?rest_route=\/wp\/v2\/product\/22399"}],"collection":[{"href":"https:\/\/www.comercialanma.es\/index.php?rest_route=\/wp\/v2\/product"}],"about":[{"href":"https:\/\/www.comercialanma.es\/index.php?rest_route=\/wp\/v2\/types\/product"}],"version-history":[{"count":1,"href":"https:\/\/www.comercialanma.es\/index.php?rest_route=\/wp\/v2\/product\/22399\/revisions"}],"predecessor-version":[{"id":22401,"href":"https:\/\/www.comercialanma.es\/index.php?rest_route=\/wp\/v2\/product\/22399\/revisions\/22401"}],"wp:featuredmedia":[{"embeddable":true,"href":"https:\/\/www.comercialanma.es\/index.php?rest_route=\/wp\/v2\/media\/22400"}],"wp:attachment":[{"href":"https:\/\/www.comercialanma.es\/index.php?rest_route=%2Fwp%2Fv2%2Fmedia&parent=22399"}],"curies":[{"name":"wp","href":"https:\/\/api.w.org\/{rel}","templated":true}]}}