
{"id":22422,"date":"2023-08-28T16:28:09","date_gmt":"2023-08-28T14:28:09","guid":{"rendered":"https:\/\/www.comercialanma.es\/?post_type=product&#038;p=22422"},"modified":"2023-08-28T16:39:31","modified_gmt":"2023-08-28T14:39:31","slug":"mini-servilleta-tisu-17x17","status":"publish","type":"product","link":"https:\/\/www.comercialanma.es\/?product=mini-servilleta-tisu-17x17","title":{"rendered":"Servilleta Mini Service Tis\u00fa 17&#215;17 Blanca (Hosteler\u00eda)"},"content":{"rendered":"<p>Servilleta mini service<\/p>\n<ul>\n<li>Tis\u00fa<\/li>\n<li>Medida 17x17cm.<\/li>\n<li>400 unidades<\/li>\n<li>Color blanco cenefa<\/li>\n<\/ul>\n","protected":false},"excerpt":{"rendered":"<p>Servilleta Mini Service Tis\u00fa 17&#215;17 Blanca para Hosteler\u00eda, fabricadas en celulosa virgen 100%, con agradable tacto, ideal para bares, restaurantes y hoteles. Las servilletas tissue son m\u00e1s delgadas y ligeras que las servilletas de papel convencionales, pero son m\u00e1s suaves y absorbentes. Adem\u00e1s, debido a su composici\u00f3n de varias capas, son m\u00e1s duraderas y resistentes al desgarro.<\/p>\n","protected":false},"featured_media":22423,"template":"","meta":{"spay_email":""},"yoast_head":"<!-- This site is optimized with the Yoast SEO plugin v15.9 - https:\/\/yoast.com\/wordpress\/plugins\/seo\/ -->\n<title>Servilleta Mini Service Tis\u00fa 17x17 Blanca (Hosteler\u00eda) - Comercial de Hosteleria Anma<\/title>\n<meta name=\"description\" content=\"Servilleta Mini Service Tis\u00fa | 17x17 | Blanca (Hosteler\u00eda) | De agradable tacto, ideal para bares, restaurantes y hoteles.\" \/>\n<meta name=\"robots\" content=\"index, follow, max-snippet:-1, max-image-preview:large, max-video-preview:-1\" \/>\n<link rel=\"canonical\" href=\"https:\/\/www.comercialanma.es\/?product=mini-servilleta-tisu-17x17\" \/>\n<meta property=\"og:locale\" content=\"es_ES\" \/>\n<meta property=\"og:type\" content=\"article\" \/>\n<meta property=\"og:title\" content=\"Servilleta Mini Service Tis\u00fa 17x17 Blanca (Hosteler\u00eda) - Comercial de Hosteleria Anma\" \/>\n<meta property=\"og:description\" content=\"Servilleta Mini Service Tis\u00fa | 17x17 | Blanca (Hosteler\u00eda) | De agradable tacto, ideal para bares, restaurantes y hoteles.\" \/>\n<meta property=\"og:url\" content=\"https:\/\/www.comercialanma.es\/?product=mini-servilleta-tisu-17x17\" \/>\n<meta property=\"og:site_name\" content=\"Comercial de Hosteleria Anma\" \/>\n<meta property=\"article:publisher\" content=\"https:\/\/www.facebook.com\/AnmaHosteleria\" \/>\n<meta property=\"article:modified_time\" content=\"2023-08-28T14:39:31+00:00\" \/>\n<meta property=\"og:image\" content=\"https:\/\/i1.wp.com\/www.comercialanma.es\/wp-content\/uploads\/2023\/08\/servilletas-mini-servis-tisu-400.jpg?fit=1080%2C1080&#038;ssl=1\" \/>\n\t<meta property=\"og:image:width\" content=\"1080\" \/>\n\t<meta property=\"og:image:height\" content=\"1080\" \/>\n<meta name=\"twitter:card\" content=\"summary_large_image\" \/>\n<meta name=\"twitter:label1\" content=\"Tiempo de lectura\">\n\t<meta name=\"twitter:data1\" content=\"1 minuto\">\n<script type=\"application\/ld+json\" class=\"yoast-schema-graph\">{\"@context\":\"https:\/\/schema.org\",\"@graph\":[{\"@type\":\"Organization\",\"@id\":\"https:\/\/www.comercialanma.es\/#organization\",\"name\":\"Comercial Anma\",\"url\":\"https:\/\/www.comercialanma.es\/\",\"sameAs\":[\"https:\/\/www.facebook.com\/AnmaHosteleria\",\"https:\/\/www.instagram.com\/anmahosteleria\/?hl=es\",\"https:\/\/www.youtube.com\/channel\/UCT2nmn08Ntks0hmpZPnDgCA\"],\"logo\":{\"@type\":\"ImageObject\",\"@id\":\"https:\/\/www.comercialanma.es\/#logo\",\"inLanguage\":\"es\",\"url\":\"https:\/\/i2.wp.com\/www.comercialanma.es\/wp-content\/uploads\/2019\/06\/logo-anma-color.png?fit=247%2C101&ssl=1\",\"width\":247,\"height\":101,\"caption\":\"Comercial Anma\"},\"image\":{\"@id\":\"https:\/\/www.comercialanma.es\/#logo\"}},{\"@type\":\"WebSite\",\"@id\":\"https:\/\/www.comercialanma.es\/#website\",\"url\":\"https:\/\/www.comercialanma.es\/\",\"name\":\"Comercial de Hosteleria Anma\",\"description\":\"\",\"publisher\":{\"@id\":\"https:\/\/www.comercialanma.es\/#organization\"},\"potentialAction\":[{\"@type\":\"SearchAction\",\"target\":\"https:\/\/www.comercialanma.es\/?s={search_term_string}\",\"query-input\":\"required name=search_term_string\"}],\"inLanguage\":\"es\"},{\"@type\":\"ImageObject\",\"@id\":\"https:\/\/www.comercialanma.es\/?product=mini-servilleta-tisu-17x17#primaryimage\",\"inLanguage\":\"es\",\"url\":\"https:\/\/i1.wp.com\/www.comercialanma.es\/wp-content\/uploads\/2023\/08\/servilletas-mini-servis-tisu-400.jpg?fit=1080%2C1080&ssl=1\",\"width\":1080,\"height\":1080},{\"@type\":\"WebPage\",\"@id\":\"https:\/\/www.comercialanma.es\/?product=mini-servilleta-tisu-17x17#webpage\",\"url\":\"https:\/\/www.comercialanma.es\/?product=mini-servilleta-tisu-17x17\",\"name\":\"Servilleta Mini Service Tis\\u00fa 17x17 Blanca (Hosteler\\u00eda) - Comercial de Hosteleria Anma\",\"isPartOf\":{\"@id\":\"https:\/\/www.comercialanma.es\/#website\"},\"primaryImageOfPage\":{\"@id\":\"https:\/\/www.comercialanma.es\/?product=mini-servilleta-tisu-17x17#primaryimage\"},\"datePublished\":\"2023-08-28T14:28:09+00:00\",\"dateModified\":\"2023-08-28T14:39:31+00:00\",\"description\":\"Servilleta Mini Service Tis\\u00fa | 17x17 | Blanca (Hosteler\\u00eda) | De agradable tacto, ideal para bares, restaurantes y hoteles.\",\"breadcrumb\":{\"@id\":\"https:\/\/www.comercialanma.es\/?product=mini-servilleta-tisu-17x17#breadcrumb\"},\"inLanguage\":\"es\",\"potentialAction\":[{\"@type\":\"ReadAction\",\"target\":[\"https:\/\/www.comercialanma.es\/?product=mini-servilleta-tisu-17x17\"]}]},{\"@type\":\"BreadcrumbList\",\"@id\":\"https:\/\/www.comercialanma.es\/?product=mini-servilleta-tisu-17x17#breadcrumb\",\"itemListElement\":[{\"@type\":\"ListItem\",\"position\":1,\"item\":{\"@type\":\"WebPage\",\"@id\":\"https:\/\/www.comercialanma.es\/\",\"url\":\"https:\/\/www.comercialanma.es\/\",\"name\":\"Portada\"}},{\"@type\":\"ListItem\",\"position\":2,\"item\":{\"@type\":\"WebPage\",\"@id\":\"https:\/\/www.comercialanma.es\/?page_id=3963\",\"url\":\"https:\/\/www.comercialanma.es\/?page_id=3963\",\"name\":\"Cat\\u00e1logo de Productos\"}},{\"@type\":\"ListItem\",\"position\":3,\"item\":{\"@type\":\"WebPage\",\"@id\":\"https:\/\/www.comercialanma.es\/?product=mini-servilleta-tisu-17x17\",\"url\":\"https:\/\/www.comercialanma.es\/?product=mini-servilleta-tisu-17x17\",\"name\":\"Servilleta Mini Service Tis\\u00fa 17&#215;17 Blanca (Hosteler\\u00eda)\"}}]}]}<\/script>\n<!-- \/ Yoast SEO plugin. -->","_links":{"self":[{"href":"https:\/\/www.comercialanma.es\/index.php?rest_route=\/wp\/v2\/product\/22422"}],"collection":[{"href":"https:\/\/www.comercialanma.es\/index.php?rest_route=\/wp\/v2\/product"}],"about":[{"href":"https:\/\/www.comercialanma.es\/index.php?rest_route=\/wp\/v2\/types\/product"}],"version-history":[{"count":1,"href":"https:\/\/www.comercialanma.es\/index.php?rest_route=\/wp\/v2\/product\/22422\/revisions"}],"predecessor-version":[{"id":22424,"href":"https:\/\/www.comercialanma.es\/index.php?rest_route=\/wp\/v2\/product\/22422\/revisions\/22424"}],"wp:featuredmedia":[{"embeddable":true,"href":"https:\/\/www.comercialanma.es\/index.php?rest_route=\/wp\/v2\/media\/22423"}],"wp:attachment":[{"href":"https:\/\/www.comercialanma.es\/index.php?rest_route=%2Fwp%2Fv2%2Fmedia&parent=22422"}],"curies":[{"name":"wp","href":"https:\/\/api.w.org\/{rel}","templated":true}]}}