
{"id":22428,"date":"2023-08-28T17:16:47","date_gmt":"2023-08-28T15:16:47","guid":{"rendered":"https:\/\/www.comercialanma.es\/?post_type=product&#038;p=22428"},"modified":"2023-08-28T17:41:02","modified_gmt":"2023-08-28T15:41:02","slug":"servilleta-elegance-tissue","status":"publish","type":"product","link":"https:\/\/www.comercialanma.es\/?product=servilleta-elegance-tissue","title":{"rendered":"Servilleta Elegance Tissue 40x40cm. 40u."},"content":{"rendered":"<p>Servilleta Kraft nature<\/p>\n<ul>\n<li>Material Kraft<\/li>\n<li>Medida 40x40cm.<\/li>\n<li>40 unidades<\/li>\n<\/ul>\n","protected":false},"excerpt":{"rendered":"<p>Dentro de las servilletas de un solo uso, la elegance tissue puede ser la m\u00e1s cercana en tacto, suavidad y elegancia a la servilleta de tela. Compuesta por un 60% pulpa de celulosa y un 40% poli\u00e9ster puede convertirse en la soluci\u00f3n perfecta para establecimientos de prestigio.<\/p>\n<p>Estas servilletas, son 100% reciclables contribuyendo as\u00ed con la sostenibilidad del planeta, adem\u00e1s de ahorrar problemas y costes en lavander\u00eda, deterioridad, reposici\u00f3n, consumo de agua y agentes qu\u00edmicos am\u00e9n de un considerable ahorro de tiempo.<\/p>\n","protected":false},"featured_media":22429,"template":"","meta":{"spay_email":""},"yoast_head":"<!-- This site is optimized with the Yoast SEO plugin v15.9 - https:\/\/yoast.com\/wordpress\/plugins\/seo\/ -->\n<title>Servilleta Elegance Tissue 40x40cm. 40u. - Comercial de Hosteleria Anma<\/title>\n<meta name=\"description\" content=\"Servilleta Elegance marr\u00f3n | 40x40cm.| 40u. | Nupik | La m\u00e1s cercana en tacto, suavidad y elegancia a la servilleta de tela.\" \/>\n<meta name=\"robots\" content=\"index, follow, max-snippet:-1, max-image-preview:large, max-video-preview:-1\" \/>\n<link rel=\"canonical\" href=\"https:\/\/www.comercialanma.es\/?product=servilleta-elegance-tissue\" \/>\n<meta property=\"og:locale\" content=\"es_ES\" \/>\n<meta property=\"og:type\" content=\"article\" \/>\n<meta property=\"og:title\" content=\"Servilleta Elegance Tissue 40x40cm. 40u. - Comercial de Hosteleria Anma\" \/>\n<meta property=\"og:description\" content=\"Servilleta Elegance marr\u00f3n | 40x40cm.| 40u. | Nupik | La m\u00e1s cercana en tacto, suavidad y elegancia a la servilleta de tela.\" \/>\n<meta property=\"og:url\" content=\"https:\/\/www.comercialanma.es\/?product=servilleta-elegance-tissue\" \/>\n<meta property=\"og:site_name\" content=\"Comercial de Hosteleria Anma\" \/>\n<meta property=\"article:publisher\" content=\"https:\/\/www.facebook.com\/AnmaHosteleria\" \/>\n<meta property=\"article:modified_time\" content=\"2023-08-28T15:41:02+00:00\" \/>\n<meta property=\"og:image\" content=\"https:\/\/i2.wp.com\/www.comercialanma.es\/wp-content\/uploads\/2023\/08\/servilleta-elegance-nupik-40x40-1.jpg?fit=1080%2C1080&#038;ssl=1\" \/>\n\t<meta property=\"og:image:width\" content=\"1080\" \/>\n\t<meta property=\"og:image:height\" content=\"1080\" \/>\n<meta name=\"twitter:card\" content=\"summary_large_image\" \/>\n<meta name=\"twitter:label1\" content=\"Tiempo de lectura\">\n\t<meta name=\"twitter:data1\" content=\"1 minuto\">\n<script type=\"application\/ld+json\" class=\"yoast-schema-graph\">{\"@context\":\"https:\/\/schema.org\",\"@graph\":[{\"@type\":\"Organization\",\"@id\":\"https:\/\/www.comercialanma.es\/#organization\",\"name\":\"Comercial Anma\",\"url\":\"https:\/\/www.comercialanma.es\/\",\"sameAs\":[\"https:\/\/www.facebook.com\/AnmaHosteleria\",\"https:\/\/www.instagram.com\/anmahosteleria\/?hl=es\",\"https:\/\/www.youtube.com\/channel\/UCT2nmn08Ntks0hmpZPnDgCA\"],\"logo\":{\"@type\":\"ImageObject\",\"@id\":\"https:\/\/www.comercialanma.es\/#logo\",\"inLanguage\":\"es\",\"url\":\"https:\/\/i2.wp.com\/www.comercialanma.es\/wp-content\/uploads\/2019\/06\/logo-anma-color.png?fit=247%2C101&ssl=1\",\"width\":247,\"height\":101,\"caption\":\"Comercial Anma\"},\"image\":{\"@id\":\"https:\/\/www.comercialanma.es\/#logo\"}},{\"@type\":\"WebSite\",\"@id\":\"https:\/\/www.comercialanma.es\/#website\",\"url\":\"https:\/\/www.comercialanma.es\/\",\"name\":\"Comercial de Hosteleria Anma\",\"description\":\"\",\"publisher\":{\"@id\":\"https:\/\/www.comercialanma.es\/#organization\"},\"potentialAction\":[{\"@type\":\"SearchAction\",\"target\":\"https:\/\/www.comercialanma.es\/?s={search_term_string}\",\"query-input\":\"required name=search_term_string\"}],\"inLanguage\":\"es\"},{\"@type\":\"ImageObject\",\"@id\":\"https:\/\/www.comercialanma.es\/?product=servilleta-elegance-tissue#primaryimage\",\"inLanguage\":\"es\",\"url\":\"https:\/\/i2.wp.com\/www.comercialanma.es\/wp-content\/uploads\/2023\/08\/servilleta-elegance-nupik-40x40-1.jpg?fit=1080%2C1080&ssl=1\",\"width\":1080,\"height\":1080},{\"@type\":\"WebPage\",\"@id\":\"https:\/\/www.comercialanma.es\/?product=servilleta-elegance-tissue#webpage\",\"url\":\"https:\/\/www.comercialanma.es\/?product=servilleta-elegance-tissue\",\"name\":\"Servilleta Elegance Tissue 40x40cm. 40u. - Comercial de Hosteleria Anma\",\"isPartOf\":{\"@id\":\"https:\/\/www.comercialanma.es\/#website\"},\"primaryImageOfPage\":{\"@id\":\"https:\/\/www.comercialanma.es\/?product=servilleta-elegance-tissue#primaryimage\"},\"datePublished\":\"2023-08-28T15:16:47+00:00\",\"dateModified\":\"2023-08-28T15:41:02+00:00\",\"description\":\"Servilleta Elegance marr\\u00f3n | 40x40cm.| 40u. | Nupik | La m\\u00e1s cercana en tacto, suavidad y elegancia a la servilleta de tela.\",\"breadcrumb\":{\"@id\":\"https:\/\/www.comercialanma.es\/?product=servilleta-elegance-tissue#breadcrumb\"},\"inLanguage\":\"es\",\"potentialAction\":[{\"@type\":\"ReadAction\",\"target\":[\"https:\/\/www.comercialanma.es\/?product=servilleta-elegance-tissue\"]}]},{\"@type\":\"BreadcrumbList\",\"@id\":\"https:\/\/www.comercialanma.es\/?product=servilleta-elegance-tissue#breadcrumb\",\"itemListElement\":[{\"@type\":\"ListItem\",\"position\":1,\"item\":{\"@type\":\"WebPage\",\"@id\":\"https:\/\/www.comercialanma.es\/\",\"url\":\"https:\/\/www.comercialanma.es\/\",\"name\":\"Portada\"}},{\"@type\":\"ListItem\",\"position\":2,\"item\":{\"@type\":\"WebPage\",\"@id\":\"https:\/\/www.comercialanma.es\/?page_id=3963\",\"url\":\"https:\/\/www.comercialanma.es\/?page_id=3963\",\"name\":\"Cat\\u00e1logo de Productos\"}},{\"@type\":\"ListItem\",\"position\":3,\"item\":{\"@type\":\"WebPage\",\"@id\":\"https:\/\/www.comercialanma.es\/?product=servilleta-elegance-tissue\",\"url\":\"https:\/\/www.comercialanma.es\/?product=servilleta-elegance-tissue\",\"name\":\"Servilleta Elegance Tissue 40x40cm. 40u.\"}}]}]}<\/script>\n<!-- \/ Yoast SEO plugin. -->","_links":{"self":[{"href":"https:\/\/www.comercialanma.es\/index.php?rest_route=\/wp\/v2\/product\/22428"}],"collection":[{"href":"https:\/\/www.comercialanma.es\/index.php?rest_route=\/wp\/v2\/product"}],"about":[{"href":"https:\/\/www.comercialanma.es\/index.php?rest_route=\/wp\/v2\/types\/product"}],"version-history":[{"count":1,"href":"https:\/\/www.comercialanma.es\/index.php?rest_route=\/wp\/v2\/product\/22428\/revisions"}],"predecessor-version":[{"id":22430,"href":"https:\/\/www.comercialanma.es\/index.php?rest_route=\/wp\/v2\/product\/22428\/revisions\/22430"}],"wp:featuredmedia":[{"embeddable":true,"href":"https:\/\/www.comercialanma.es\/index.php?rest_route=\/wp\/v2\/media\/22429"}],"wp:attachment":[{"href":"https:\/\/www.comercialanma.es\/index.php?rest_route=%2Fwp%2Fv2%2Fmedia&parent=22428"}],"curies":[{"name":"wp","href":"https:\/\/api.w.org\/{rel}","templated":true}]}}