
{"id":22445,"date":"2023-08-29T15:51:25","date_gmt":"2023-08-29T13:51:25","guid":{"rendered":"https:\/\/www.comercialanma.es\/?post_type=product&#038;p=22445"},"modified":"2023-08-29T16:08:46","modified_gmt":"2023-08-29T14:08:46","slug":"bolsa-basura-bano","status":"publish","type":"product","link":"https:\/\/www.comercialanma.es\/?product=bolsa-basura-bano","title":{"rendered":"Bolsa de basura Ba\u00f1o Autocierre Plasbel 39x40cm. 30 litros"},"content":{"rendered":"<p id=\"title\" class=\"a-size-large a-spacing-none\"><span id=\"productTitle\" class=\"a-size-large product-title-word-break\">Bolsa de basura ba\u00f1o con Autocierre perfumada<\/span><\/p>\n<ul>\n<li>Marca: Plasbel<\/li>\n<li>Medida: 39x40cm.<\/li>\n<li>Capacidad: 30L.<\/li>\n<li>Unidades: 10<\/li>\n<\/ul>\n","protected":false},"excerpt":{"rendered":"<p>Bolsas de Basura de 39&#215;40, perfumadas con aroma a fresa.<br \/>\nTama\u00f1o perfecto para cubos de cuartos de ba\u00f1o.<br \/>\nCapacidad para 10 Litros. Los rollos son de 30 bolsas, tienen autocierre y son de f\u00e1cil separaci\u00f3n.<br \/>\nEst\u00e1n fabricadas con material tricapa, son antigoteo y resistentes.<br \/>\nGalga 50.<\/p>\n<p>&nbsp;<\/p>\n","protected":false},"featured_media":22446,"template":"","meta":{"spay_email":""},"yoast_head":"<!-- This site is optimized with the Yoast SEO plugin v15.9 - https:\/\/yoast.com\/wordpress\/plugins\/seo\/ -->\n<title>Bolsa de basura Ba\u00f1o Autocierre Plasbel 39x40cm. 30 litros - Comercial de Hosteleria Anma<\/title>\n<meta name=\"description\" content=\"Bolsa basura ba\u00f1o autocierre | Plasbel | Medida 39x40cm.| 10u. | 30l. | Tama\u00f1o perfecto para cubos de cuartos de ba\u00f1o.\" \/>\n<meta name=\"robots\" content=\"index, follow, max-snippet:-1, max-image-preview:large, max-video-preview:-1\" \/>\n<link rel=\"canonical\" href=\"https:\/\/www.comercialanma.es\/?product=bolsa-basura-bano\" \/>\n<meta property=\"og:locale\" content=\"es_ES\" \/>\n<meta property=\"og:type\" content=\"article\" \/>\n<meta property=\"og:title\" content=\"Bolsa de basura Ba\u00f1o Autocierre Plasbel 39x40cm. 30 litros - Comercial de Hosteleria Anma\" \/>\n<meta property=\"og:description\" content=\"Bolsa basura ba\u00f1o autocierre | Plasbel | Medida 39x40cm.| 10u. | 30l. | Tama\u00f1o perfecto para cubos de cuartos de ba\u00f1o.\" \/>\n<meta property=\"og:url\" content=\"https:\/\/www.comercialanma.es\/?product=bolsa-basura-bano\" \/>\n<meta property=\"og:site_name\" content=\"Comercial de Hosteleria Anma\" \/>\n<meta property=\"article:publisher\" content=\"https:\/\/www.facebook.com\/AnmaHosteleria\" \/>\n<meta property=\"article:modified_time\" content=\"2023-08-29T14:08:46+00:00\" \/>\n<meta property=\"og:image\" content=\"https:\/\/i0.wp.com\/www.comercialanma.es\/wp-content\/uploads\/2023\/08\/bolsa-basura-ban\u0303o-autocierre.jpg?fit=1080%2C1080&#038;ssl=1\" \/>\n\t<meta property=\"og:image:width\" content=\"1080\" \/>\n\t<meta property=\"og:image:height\" content=\"1080\" \/>\n<meta name=\"twitter:card\" content=\"summary_large_image\" \/>\n<meta name=\"twitter:label1\" content=\"Tiempo de lectura\">\n\t<meta name=\"twitter:data1\" content=\"1 minuto\">\n<script type=\"application\/ld+json\" class=\"yoast-schema-graph\">{\"@context\":\"https:\/\/schema.org\",\"@graph\":[{\"@type\":\"Organization\",\"@id\":\"https:\/\/www.comercialanma.es\/#organization\",\"name\":\"Comercial Anma\",\"url\":\"https:\/\/www.comercialanma.es\/\",\"sameAs\":[\"https:\/\/www.facebook.com\/AnmaHosteleria\",\"https:\/\/www.instagram.com\/anmahosteleria\/?hl=es\",\"https:\/\/www.youtube.com\/channel\/UCT2nmn08Ntks0hmpZPnDgCA\"],\"logo\":{\"@type\":\"ImageObject\",\"@id\":\"https:\/\/www.comercialanma.es\/#logo\",\"inLanguage\":\"es\",\"url\":\"https:\/\/i2.wp.com\/www.comercialanma.es\/wp-content\/uploads\/2019\/06\/logo-anma-color.png?fit=247%2C101&ssl=1\",\"width\":247,\"height\":101,\"caption\":\"Comercial Anma\"},\"image\":{\"@id\":\"https:\/\/www.comercialanma.es\/#logo\"}},{\"@type\":\"WebSite\",\"@id\":\"https:\/\/www.comercialanma.es\/#website\",\"url\":\"https:\/\/www.comercialanma.es\/\",\"name\":\"Comercial de Hosteleria Anma\",\"description\":\"\",\"publisher\":{\"@id\":\"https:\/\/www.comercialanma.es\/#organization\"},\"potentialAction\":[{\"@type\":\"SearchAction\",\"target\":\"https:\/\/www.comercialanma.es\/?s={search_term_string}\",\"query-input\":\"required name=search_term_string\"}],\"inLanguage\":\"es\"},{\"@type\":\"ImageObject\",\"@id\":\"https:\/\/www.comercialanma.es\/?product=bolsa-basura-bano#primaryimage\",\"inLanguage\":\"es\",\"url\":\"https:\/\/i0.wp.com\/www.comercialanma.es\/wp-content\/uploads\/2023\/08\/bolsa-basura-ban\\u0303o-autocierre.jpg?fit=1080%2C1080&ssl=1\",\"width\":1080,\"height\":1080},{\"@type\":\"WebPage\",\"@id\":\"https:\/\/www.comercialanma.es\/?product=bolsa-basura-bano#webpage\",\"url\":\"https:\/\/www.comercialanma.es\/?product=bolsa-basura-bano\",\"name\":\"Bolsa de basura Ba\\u00f1o Autocierre Plasbel 39x40cm. 30 litros - Comercial de Hosteleria Anma\",\"isPartOf\":{\"@id\":\"https:\/\/www.comercialanma.es\/#website\"},\"primaryImageOfPage\":{\"@id\":\"https:\/\/www.comercialanma.es\/?product=bolsa-basura-bano#primaryimage\"},\"datePublished\":\"2023-08-29T13:51:25+00:00\",\"dateModified\":\"2023-08-29T14:08:46+00:00\",\"description\":\"Bolsa basura ba\\u00f1o autocierre | Plasbel | Medida 39x40cm.| 10u. | 30l. | Tama\\u00f1o perfecto para cubos de cuartos de ba\\u00f1o.\",\"breadcrumb\":{\"@id\":\"https:\/\/www.comercialanma.es\/?product=bolsa-basura-bano#breadcrumb\"},\"inLanguage\":\"es\",\"potentialAction\":[{\"@type\":\"ReadAction\",\"target\":[\"https:\/\/www.comercialanma.es\/?product=bolsa-basura-bano\"]}]},{\"@type\":\"BreadcrumbList\",\"@id\":\"https:\/\/www.comercialanma.es\/?product=bolsa-basura-bano#breadcrumb\",\"itemListElement\":[{\"@type\":\"ListItem\",\"position\":1,\"item\":{\"@type\":\"WebPage\",\"@id\":\"https:\/\/www.comercialanma.es\/\",\"url\":\"https:\/\/www.comercialanma.es\/\",\"name\":\"Portada\"}},{\"@type\":\"ListItem\",\"position\":2,\"item\":{\"@type\":\"WebPage\",\"@id\":\"https:\/\/www.comercialanma.es\/?page_id=3963\",\"url\":\"https:\/\/www.comercialanma.es\/?page_id=3963\",\"name\":\"Cat\\u00e1logo de Productos\"}},{\"@type\":\"ListItem\",\"position\":3,\"item\":{\"@type\":\"WebPage\",\"@id\":\"https:\/\/www.comercialanma.es\/?product=bolsa-basura-bano\",\"url\":\"https:\/\/www.comercialanma.es\/?product=bolsa-basura-bano\",\"name\":\"Bolsa de basura Ba\\u00f1o Autocierre Plasbel 39x40cm. 30 litros\"}}]}]}<\/script>\n<!-- \/ Yoast SEO plugin. -->","_links":{"self":[{"href":"https:\/\/www.comercialanma.es\/index.php?rest_route=\/wp\/v2\/product\/22445"}],"collection":[{"href":"https:\/\/www.comercialanma.es\/index.php?rest_route=\/wp\/v2\/product"}],"about":[{"href":"https:\/\/www.comercialanma.es\/index.php?rest_route=\/wp\/v2\/types\/product"}],"version-history":[{"count":2,"href":"https:\/\/www.comercialanma.es\/index.php?rest_route=\/wp\/v2\/product\/22445\/revisions"}],"predecessor-version":[{"id":22448,"href":"https:\/\/www.comercialanma.es\/index.php?rest_route=\/wp\/v2\/product\/22445\/revisions\/22448"}],"wp:featuredmedia":[{"embeddable":true,"href":"https:\/\/www.comercialanma.es\/index.php?rest_route=\/wp\/v2\/media\/22446"}],"wp:attachment":[{"href":"https:\/\/www.comercialanma.es\/index.php?rest_route=%2Fwp%2Fv2%2Fmedia&parent=22445"}],"curies":[{"name":"wp","href":"https:\/\/api.w.org\/{rel}","templated":true}]}}