
{"id":22496,"date":"2023-09-14T10:58:35","date_gmt":"2023-09-14T08:58:35","guid":{"rendered":"https:\/\/www.comercialanma.es\/?post_type=product&#038;p=22496"},"modified":"2023-09-18T09:46:43","modified_gmt":"2023-09-18T07:46:43","slug":"ramon-bilbao-edicion-limitada-garnacha","status":"publish","type":"product","link":"https:\/\/www.comercialanma.es\/?product=ramon-bilbao-edicion-limitada-garnacha","title":{"rendered":"Ram\u00f3n Bilbao Edici\u00f3n Limitada Garnacha 75cl."},"content":{"rendered":"<h3>D.O:<\/h3>\n<ul>\n<li>Rioja<\/li>\n<\/ul>\n<h3>Variedades de uva:<\/h3>\n<ul>\n<li><span class=\"tlid-translation translation\" lang=\"es\"><span title=\"\"><span class=\"tablaValorContenido\">100% Garnacha<\/span><\/span><\/span><\/li>\n<\/ul>\n<h3>Graduaci\u00f3n:<\/h3>\n<ul>\n<li>Graduaci\u00f3n: 14,2% vol.<\/li>\n<\/ul>\n<h3>Nota de Cata:<\/h3>\n<ul>\n<li>Edici\u00f3n Limitada Garnacha es pura ligereza, basada en la presencia y protagonismo de la fruta primaria con una aportaci\u00f3n de barrica de forma muy sutil. La altura y situaci\u00f3n del vi\u00f1edo aporta el frescor y su car\u00e1cter mediterr\u00e1neo. Es un vino muy abierto de color, con una nariz en la que destaca la fruta roja y una boca suave y aterciopelada con un tanino envuelto y equilibrado.<\/li>\n<\/ul>\n","protected":false},"excerpt":{"rendered":"<p>Edici\u00f3n Limitada Garnacha es pura ligereza, basada en la presencia y protagonismo de la fruta primaria con una aportaci\u00f3n de barrica de forma muy sutil. La altura y situaci\u00f3n del vi\u00f1edo aporta el frescor y su car\u00e1cter mediterr\u00e1neo. Es un vino muy abierto de color, con una nariz en la que destaca la fruta roja y una boca suave y aterciopelada con un tanino envuelto y equilibrado.<\/p>\n","protected":false},"featured_media":22497,"template":"","meta":{"spay_email":""},"yoast_head":"<!-- This site is optimized with the Yoast SEO plugin v15.9 - https:\/\/yoast.com\/wordpress\/plugins\/seo\/ -->\n<title>Ram\u00f3n Bilbao Edici\u00f3n Limitada Garnacha 75cl. - Comercial de Hosteleria Anma<\/title>\n<meta name=\"description\" content=\"Ram\u00f3n Bilbao Edici\u00f3n Limitada Garnacha | 75cl.| Edici\u00f3n Limitada Garnacha es pura ligereza, basada en la presencia de la fruta primaria.\" \/>\n<meta name=\"robots\" content=\"index, follow, max-snippet:-1, max-image-preview:large, max-video-preview:-1\" \/>\n<link rel=\"canonical\" href=\"https:\/\/www.comercialanma.es\/?product=ramon-bilbao-edicion-limitada-garnacha\" \/>\n<meta property=\"og:locale\" content=\"es_ES\" \/>\n<meta property=\"og:type\" content=\"article\" \/>\n<meta property=\"og:title\" content=\"Ram\u00f3n Bilbao Edici\u00f3n Limitada Garnacha 75cl. - Comercial de Hosteleria Anma\" \/>\n<meta property=\"og:description\" content=\"Ram\u00f3n Bilbao Edici\u00f3n Limitada Garnacha | 75cl.| Edici\u00f3n Limitada Garnacha es pura ligereza, basada en la presencia de la fruta primaria.\" \/>\n<meta property=\"og:url\" content=\"https:\/\/www.comercialanma.es\/?product=ramon-bilbao-edicion-limitada-garnacha\" \/>\n<meta property=\"og:site_name\" content=\"Comercial de Hosteleria Anma\" \/>\n<meta property=\"article:publisher\" content=\"https:\/\/www.facebook.com\/AnmaHosteleria\" \/>\n<meta property=\"article:modified_time\" content=\"2023-09-18T07:46:43+00:00\" \/>\n<meta property=\"og:image\" content=\"https:\/\/i2.wp.com\/www.comercialanma.es\/wp-content\/uploads\/2023\/09\/ramon-bilbao-edicion-limitada-garnacha.jpg?fit=1080%2C1080&#038;ssl=1\" \/>\n\t<meta property=\"og:image:width\" content=\"1080\" \/>\n\t<meta property=\"og:image:height\" content=\"1080\" \/>\n<meta name=\"twitter:card\" content=\"summary_large_image\" \/>\n<meta name=\"twitter:label1\" content=\"Tiempo de lectura\">\n\t<meta name=\"twitter:data1\" content=\"1 minuto\">\n<script type=\"application\/ld+json\" class=\"yoast-schema-graph\">{\"@context\":\"https:\/\/schema.org\",\"@graph\":[{\"@type\":\"Organization\",\"@id\":\"https:\/\/www.comercialanma.es\/#organization\",\"name\":\"Comercial Anma\",\"url\":\"https:\/\/www.comercialanma.es\/\",\"sameAs\":[\"https:\/\/www.facebook.com\/AnmaHosteleria\",\"https:\/\/www.instagram.com\/anmahosteleria\/?hl=es\",\"https:\/\/www.youtube.com\/channel\/UCT2nmn08Ntks0hmpZPnDgCA\"],\"logo\":{\"@type\":\"ImageObject\",\"@id\":\"https:\/\/www.comercialanma.es\/#logo\",\"inLanguage\":\"es\",\"url\":\"https:\/\/i2.wp.com\/www.comercialanma.es\/wp-content\/uploads\/2019\/06\/logo-anma-color.png?fit=247%2C101&ssl=1\",\"width\":247,\"height\":101,\"caption\":\"Comercial Anma\"},\"image\":{\"@id\":\"https:\/\/www.comercialanma.es\/#logo\"}},{\"@type\":\"WebSite\",\"@id\":\"https:\/\/www.comercialanma.es\/#website\",\"url\":\"https:\/\/www.comercialanma.es\/\",\"name\":\"Comercial de Hosteleria Anma\",\"description\":\"\",\"publisher\":{\"@id\":\"https:\/\/www.comercialanma.es\/#organization\"},\"potentialAction\":[{\"@type\":\"SearchAction\",\"target\":\"https:\/\/www.comercialanma.es\/?s={search_term_string}\",\"query-input\":\"required name=search_term_string\"}],\"inLanguage\":\"es\"},{\"@type\":\"ImageObject\",\"@id\":\"https:\/\/www.comercialanma.es\/?product=ramon-bilbao-edicion-limitada-garnacha#primaryimage\",\"inLanguage\":\"es\",\"url\":\"https:\/\/i2.wp.com\/www.comercialanma.es\/wp-content\/uploads\/2023\/09\/ramon-bilbao-edicion-limitada-garnacha.jpg?fit=1080%2C1080&ssl=1\",\"width\":1080,\"height\":1080},{\"@type\":\"WebPage\",\"@id\":\"https:\/\/www.comercialanma.es\/?product=ramon-bilbao-edicion-limitada-garnacha#webpage\",\"url\":\"https:\/\/www.comercialanma.es\/?product=ramon-bilbao-edicion-limitada-garnacha\",\"name\":\"Ram\\u00f3n Bilbao Edici\\u00f3n Limitada Garnacha 75cl. - Comercial de Hosteleria Anma\",\"isPartOf\":{\"@id\":\"https:\/\/www.comercialanma.es\/#website\"},\"primaryImageOfPage\":{\"@id\":\"https:\/\/www.comercialanma.es\/?product=ramon-bilbao-edicion-limitada-garnacha#primaryimage\"},\"datePublished\":\"2023-09-14T08:58:35+00:00\",\"dateModified\":\"2023-09-18T07:46:43+00:00\",\"description\":\"Ram\\u00f3n Bilbao Edici\\u00f3n Limitada Garnacha | 75cl.| Edici\\u00f3n Limitada Garnacha es pura ligereza, basada en la presencia de la fruta primaria.\",\"breadcrumb\":{\"@id\":\"https:\/\/www.comercialanma.es\/?product=ramon-bilbao-edicion-limitada-garnacha#breadcrumb\"},\"inLanguage\":\"es\",\"potentialAction\":[{\"@type\":\"ReadAction\",\"target\":[\"https:\/\/www.comercialanma.es\/?product=ramon-bilbao-edicion-limitada-garnacha\"]}]},{\"@type\":\"BreadcrumbList\",\"@id\":\"https:\/\/www.comercialanma.es\/?product=ramon-bilbao-edicion-limitada-garnacha#breadcrumb\",\"itemListElement\":[{\"@type\":\"ListItem\",\"position\":1,\"item\":{\"@type\":\"WebPage\",\"@id\":\"https:\/\/www.comercialanma.es\/\",\"url\":\"https:\/\/www.comercialanma.es\/\",\"name\":\"Portada\"}},{\"@type\":\"ListItem\",\"position\":2,\"item\":{\"@type\":\"WebPage\",\"@id\":\"https:\/\/www.comercialanma.es\/?page_id=3963\",\"url\":\"https:\/\/www.comercialanma.es\/?page_id=3963\",\"name\":\"Cat\\u00e1logo de Productos\"}},{\"@type\":\"ListItem\",\"position\":3,\"item\":{\"@type\":\"WebPage\",\"@id\":\"https:\/\/www.comercialanma.es\/?product=ramon-bilbao-edicion-limitada-garnacha\",\"url\":\"https:\/\/www.comercialanma.es\/?product=ramon-bilbao-edicion-limitada-garnacha\",\"name\":\"Ram\\u00f3n Bilbao Edici\\u00f3n Limitada Garnacha 75cl.\"}}]}]}<\/script>\n<!-- \/ Yoast SEO plugin. -->","_links":{"self":[{"href":"https:\/\/www.comercialanma.es\/index.php?rest_route=\/wp\/v2\/product\/22496"}],"collection":[{"href":"https:\/\/www.comercialanma.es\/index.php?rest_route=\/wp\/v2\/product"}],"about":[{"href":"https:\/\/www.comercialanma.es\/index.php?rest_route=\/wp\/v2\/types\/product"}],"version-history":[{"count":1,"href":"https:\/\/www.comercialanma.es\/index.php?rest_route=\/wp\/v2\/product\/22496\/revisions"}],"predecessor-version":[{"id":22498,"href":"https:\/\/www.comercialanma.es\/index.php?rest_route=\/wp\/v2\/product\/22496\/revisions\/22498"}],"wp:featuredmedia":[{"embeddable":true,"href":"https:\/\/www.comercialanma.es\/index.php?rest_route=\/wp\/v2\/media\/22497"}],"wp:attachment":[{"href":"https:\/\/www.comercialanma.es\/index.php?rest_route=%2Fwp%2Fv2%2Fmedia&parent=22496"}],"curies":[{"name":"wp","href":"https:\/\/api.w.org\/{rel}","templated":true}]}}