
{"id":22525,"date":"2023-09-18T15:08:14","date_gmt":"2023-09-18T13:08:14","guid":{"rendered":"https:\/\/www.comercialanma.es\/?post_type=product&#038;p=22525"},"modified":"2023-09-18T15:28:29","modified_gmt":"2023-09-18T13:28:29","slug":"lonchas-queso-oldenburg-1kg","status":"publish","type":"product","link":"https:\/\/www.comercialanma.es\/?product=lonchas-queso-oldenburg-1kg","title":{"rendered":"Lonchas Queso Edam Oldenburg 1kg."},"content":{"rendered":"<p>Ingredientes: Leche pasteurizada de vaca, sal, fermentos l\u00e1cticos, cuajo microbiano.<\/p>\n<p>Formato: Bandeja lonchas<\/p>\n<p>Cantidad: 1kg.<\/p>\n","protected":false},"excerpt":{"rendered":"<p>Oldenburger Edam es el cl\u00e1sico queso suave. Su presentaci\u00f3n en pr\u00e1ticas lonchas lo convierte en el ingrediente perfecto para comer con pan. Adem\u00e1s, es un delicioso tentempi\u00e9 para degustar entre horas o en un atractivo surtido de quesos. Su facilidad para fundirse lo convierte en un arom\u00e1tico acompa\u00f1amiento para diversos platos calientes como, por ejemplo, los gratinados. El queso debe degustarse a temperatura ambiente para que despliegue todo su sabor.<\/p>\n<p>&nbsp;<\/p>\n<p>&nbsp;<\/p>\n","protected":false},"featured_media":22526,"template":"","meta":{"spay_email":""},"yoast_head":"<!-- This site is optimized with the Yoast SEO plugin v15.9 - https:\/\/yoast.com\/wordpress\/plugins\/seo\/ -->\n<title>Lonchas Queso Edam Oldenburg 1kg. - Comercial de Hosteleria Anma<\/title>\n<meta name=\"description\" content=\"Lonchas Queso Edam Oldenburg |1kg.| Su presentaci\u00f3n en pr\u00e1ticas lonchas lo convierte en el ingrediente perfecto para comer con pan.\" \/>\n<meta name=\"robots\" content=\"index, follow, max-snippet:-1, max-image-preview:large, max-video-preview:-1\" \/>\n<link rel=\"canonical\" href=\"https:\/\/www.comercialanma.es\/?product=lonchas-queso-oldenburg-1kg\" \/>\n<meta property=\"og:locale\" content=\"es_ES\" \/>\n<meta property=\"og:type\" content=\"article\" \/>\n<meta property=\"og:title\" content=\"Lonchas Queso Edam Oldenburg 1kg. - Comercial de Hosteleria Anma\" \/>\n<meta property=\"og:description\" content=\"Lonchas Queso Edam Oldenburg |1kg.| Su presentaci\u00f3n en pr\u00e1ticas lonchas lo convierte en el ingrediente perfecto para comer con pan.\" \/>\n<meta property=\"og:url\" content=\"https:\/\/www.comercialanma.es\/?product=lonchas-queso-oldenburg-1kg\" \/>\n<meta property=\"og:site_name\" content=\"Comercial de Hosteleria Anma\" \/>\n<meta property=\"article:publisher\" content=\"https:\/\/www.facebook.com\/AnmaHosteleria\" \/>\n<meta property=\"article:modified_time\" content=\"2023-09-18T13:28:29+00:00\" \/>\n<meta property=\"og:image\" content=\"https:\/\/i1.wp.com\/www.comercialanma.es\/wp-content\/uploads\/2023\/09\/Queso-Edam-lonchas-oldenburguer-1kg.jpg?fit=1080%2C1080&#038;ssl=1\" \/>\n\t<meta property=\"og:image:width\" content=\"1080\" \/>\n\t<meta property=\"og:image:height\" content=\"1080\" \/>\n<meta name=\"twitter:card\" content=\"summary_large_image\" \/>\n<meta name=\"twitter:label1\" content=\"Tiempo de lectura\">\n\t<meta name=\"twitter:data1\" content=\"1 minuto\">\n<script type=\"application\/ld+json\" class=\"yoast-schema-graph\">{\"@context\":\"https:\/\/schema.org\",\"@graph\":[{\"@type\":\"Organization\",\"@id\":\"https:\/\/www.comercialanma.es\/#organization\",\"name\":\"Comercial Anma\",\"url\":\"https:\/\/www.comercialanma.es\/\",\"sameAs\":[\"https:\/\/www.facebook.com\/AnmaHosteleria\",\"https:\/\/www.instagram.com\/anmahosteleria\/?hl=es\",\"https:\/\/www.youtube.com\/channel\/UCT2nmn08Ntks0hmpZPnDgCA\"],\"logo\":{\"@type\":\"ImageObject\",\"@id\":\"https:\/\/www.comercialanma.es\/#logo\",\"inLanguage\":\"es\",\"url\":\"https:\/\/i2.wp.com\/www.comercialanma.es\/wp-content\/uploads\/2019\/06\/logo-anma-color.png?fit=247%2C101&ssl=1\",\"width\":247,\"height\":101,\"caption\":\"Comercial Anma\"},\"image\":{\"@id\":\"https:\/\/www.comercialanma.es\/#logo\"}},{\"@type\":\"WebSite\",\"@id\":\"https:\/\/www.comercialanma.es\/#website\",\"url\":\"https:\/\/www.comercialanma.es\/\",\"name\":\"Comercial de Hosteleria Anma\",\"description\":\"\",\"publisher\":{\"@id\":\"https:\/\/www.comercialanma.es\/#organization\"},\"potentialAction\":[{\"@type\":\"SearchAction\",\"target\":\"https:\/\/www.comercialanma.es\/?s={search_term_string}\",\"query-input\":\"required name=search_term_string\"}],\"inLanguage\":\"es\"},{\"@type\":\"ImageObject\",\"@id\":\"https:\/\/www.comercialanma.es\/?product=lonchas-queso-oldenburg-1kg#primaryimage\",\"inLanguage\":\"es\",\"url\":\"https:\/\/i1.wp.com\/www.comercialanma.es\/wp-content\/uploads\/2023\/09\/Queso-Edam-lonchas-oldenburguer-1kg.jpg?fit=1080%2C1080&ssl=1\",\"width\":1080,\"height\":1080},{\"@type\":\"WebPage\",\"@id\":\"https:\/\/www.comercialanma.es\/?product=lonchas-queso-oldenburg-1kg#webpage\",\"url\":\"https:\/\/www.comercialanma.es\/?product=lonchas-queso-oldenburg-1kg\",\"name\":\"Lonchas Queso Edam Oldenburg 1kg. - Comercial de Hosteleria Anma\",\"isPartOf\":{\"@id\":\"https:\/\/www.comercialanma.es\/#website\"},\"primaryImageOfPage\":{\"@id\":\"https:\/\/www.comercialanma.es\/?product=lonchas-queso-oldenburg-1kg#primaryimage\"},\"datePublished\":\"2023-09-18T13:08:14+00:00\",\"dateModified\":\"2023-09-18T13:28:29+00:00\",\"description\":\"Lonchas Queso Edam Oldenburg |1kg.| Su presentaci\\u00f3n en pr\\u00e1ticas lonchas lo convierte en el ingrediente perfecto para comer con pan.\",\"breadcrumb\":{\"@id\":\"https:\/\/www.comercialanma.es\/?product=lonchas-queso-oldenburg-1kg#breadcrumb\"},\"inLanguage\":\"es\",\"potentialAction\":[{\"@type\":\"ReadAction\",\"target\":[\"https:\/\/www.comercialanma.es\/?product=lonchas-queso-oldenburg-1kg\"]}]},{\"@type\":\"BreadcrumbList\",\"@id\":\"https:\/\/www.comercialanma.es\/?product=lonchas-queso-oldenburg-1kg#breadcrumb\",\"itemListElement\":[{\"@type\":\"ListItem\",\"position\":1,\"item\":{\"@type\":\"WebPage\",\"@id\":\"https:\/\/www.comercialanma.es\/\",\"url\":\"https:\/\/www.comercialanma.es\/\",\"name\":\"Portada\"}},{\"@type\":\"ListItem\",\"position\":2,\"item\":{\"@type\":\"WebPage\",\"@id\":\"https:\/\/www.comercialanma.es\/?page_id=3963\",\"url\":\"https:\/\/www.comercialanma.es\/?page_id=3963\",\"name\":\"Cat\\u00e1logo de Productos\"}},{\"@type\":\"ListItem\",\"position\":3,\"item\":{\"@type\":\"WebPage\",\"@id\":\"https:\/\/www.comercialanma.es\/?product=lonchas-queso-oldenburg-1kg\",\"url\":\"https:\/\/www.comercialanma.es\/?product=lonchas-queso-oldenburg-1kg\",\"name\":\"Lonchas Queso Edam Oldenburg 1kg.\"}}]}]}<\/script>\n<!-- \/ Yoast SEO plugin. -->","_links":{"self":[{"href":"https:\/\/www.comercialanma.es\/index.php?rest_route=\/wp\/v2\/product\/22525"}],"collection":[{"href":"https:\/\/www.comercialanma.es\/index.php?rest_route=\/wp\/v2\/product"}],"about":[{"href":"https:\/\/www.comercialanma.es\/index.php?rest_route=\/wp\/v2\/types\/product"}],"version-history":[{"count":1,"href":"https:\/\/www.comercialanma.es\/index.php?rest_route=\/wp\/v2\/product\/22525\/revisions"}],"predecessor-version":[{"id":22530,"href":"https:\/\/www.comercialanma.es\/index.php?rest_route=\/wp\/v2\/product\/22525\/revisions\/22530"}],"wp:featuredmedia":[{"embeddable":true,"href":"https:\/\/www.comercialanma.es\/index.php?rest_route=\/wp\/v2\/media\/22526"}],"wp:attachment":[{"href":"https:\/\/www.comercialanma.es\/index.php?rest_route=%2Fwp%2Fv2%2Fmedia&parent=22525"}],"curies":[{"name":"wp","href":"https:\/\/api.w.org\/{rel}","templated":true}]}}