
{"id":22543,"date":"2023-09-20T10:54:22","date_gmt":"2023-09-20T08:54:22","guid":{"rendered":"https:\/\/www.comercialanma.es\/?post_type=product&#038;p=22543"},"modified":"2023-09-20T11:02:34","modified_gmt":"2023-09-20T09:02:34","slug":"whisky-four-roses-1l","status":"publish","type":"product","link":"https:\/\/www.comercialanma.es\/?product=whisky-four-roses-1l","title":{"rendered":"Whisky Four Roses 1L."},"content":{"rendered":"<h3>Nota de cata:<\/h3>\n<ul>\n<li>Vista: El whisky Four Roses Bourbon es de color ambar.<\/li>\n<li>Nariz: Es\u00a0afrutado y floral, con una suavidad destacada.<\/li>\n<li>Boca: En boca se desenvuelve tambi\u00e9n suave y equilibrado, con notas a peras y manzana.<\/li>\n<li>Graduaci\u00f3n: 43% vol.<\/li>\n<\/ul>\n","protected":false},"excerpt":{"rendered":"<p>Whisky Four Roses Bourbon, es un whisky suave y largo, que ha recibido a lo largo de su historia varios reconocimientos en forma de galardones como bourbon whiskey o american whiskies.<\/p>\n<p>Se compone de al menos 10 whiskies bourbon que son envejecidos entre 5 y 10 a\u00f1os en distintas barricas de roble blanco americano carbonizadas en su interior.<\/p>\n<p>En su elaboraci\u00f3n se utiliza una mezcla de ma\u00edz, cebada y centeno \u00fanica en la industria del Bourbon. Esta combinaci\u00f3n permite obtener dos sabores distintos: el m\u00e1s dulce del ma\u00edz y el m\u00e1s \u00e1cido y arom\u00e1tico del centeno y la cebada.<\/p>\n","protected":false},"featured_media":22544,"template":"","meta":{"spay_email":""},"yoast_head":"<!-- This site is optimized with the Yoast SEO plugin v15.9 - https:\/\/yoast.com\/wordpress\/plugins\/seo\/ -->\n<title>Whisky Four Roses 1L. - Comercial de Hosteleria Anma<\/title>\n<meta name=\"description\" content=\"Whisky Four Roses | 1L.| Whisky Four Roses Bourbon, es un whisky suave y largo, muy reconocido y galardonado.\" \/>\n<meta name=\"robots\" content=\"index, follow, max-snippet:-1, max-image-preview:large, max-video-preview:-1\" \/>\n<link rel=\"canonical\" href=\"https:\/\/www.comercialanma.es\/?product=whisky-four-roses-1l\" \/>\n<meta property=\"og:locale\" content=\"es_ES\" \/>\n<meta property=\"og:type\" content=\"article\" \/>\n<meta property=\"og:title\" content=\"Whisky Four Roses 1L. - Comercial de Hosteleria Anma\" \/>\n<meta property=\"og:description\" content=\"Whisky Four Roses | 1L.| Whisky Four Roses Bourbon, es un whisky suave y largo, muy reconocido y galardonado.\" \/>\n<meta property=\"og:url\" content=\"https:\/\/www.comercialanma.es\/?product=whisky-four-roses-1l\" \/>\n<meta property=\"og:site_name\" content=\"Comercial de Hosteleria Anma\" \/>\n<meta property=\"article:publisher\" content=\"https:\/\/www.facebook.com\/AnmaHosteleria\" \/>\n<meta property=\"article:modified_time\" content=\"2023-09-20T09:02:34+00:00\" \/>\n<meta property=\"og:image\" content=\"https:\/\/i0.wp.com\/www.comercialanma.es\/wp-content\/uploads\/2023\/09\/Four-roses-1L.jpg?fit=1080%2C1080&#038;ssl=1\" \/>\n\t<meta property=\"og:image:width\" content=\"1080\" \/>\n\t<meta property=\"og:image:height\" content=\"1080\" \/>\n<meta name=\"twitter:card\" content=\"summary_large_image\" \/>\n<script type=\"application\/ld+json\" class=\"yoast-schema-graph\">{\"@context\":\"https:\/\/schema.org\",\"@graph\":[{\"@type\":\"Organization\",\"@id\":\"https:\/\/www.comercialanma.es\/#organization\",\"name\":\"Comercial Anma\",\"url\":\"https:\/\/www.comercialanma.es\/\",\"sameAs\":[\"https:\/\/www.facebook.com\/AnmaHosteleria\",\"https:\/\/www.instagram.com\/anmahosteleria\/?hl=es\",\"https:\/\/www.youtube.com\/channel\/UCT2nmn08Ntks0hmpZPnDgCA\"],\"logo\":{\"@type\":\"ImageObject\",\"@id\":\"https:\/\/www.comercialanma.es\/#logo\",\"inLanguage\":\"es\",\"url\":\"https:\/\/i2.wp.com\/www.comercialanma.es\/wp-content\/uploads\/2019\/06\/logo-anma-color.png?fit=247%2C101&ssl=1\",\"width\":247,\"height\":101,\"caption\":\"Comercial Anma\"},\"image\":{\"@id\":\"https:\/\/www.comercialanma.es\/#logo\"}},{\"@type\":\"WebSite\",\"@id\":\"https:\/\/www.comercialanma.es\/#website\",\"url\":\"https:\/\/www.comercialanma.es\/\",\"name\":\"Comercial de Hosteleria Anma\",\"description\":\"\",\"publisher\":{\"@id\":\"https:\/\/www.comercialanma.es\/#organization\"},\"potentialAction\":[{\"@type\":\"SearchAction\",\"target\":\"https:\/\/www.comercialanma.es\/?s={search_term_string}\",\"query-input\":\"required name=search_term_string\"}],\"inLanguage\":\"es\"},{\"@type\":\"ImageObject\",\"@id\":\"https:\/\/www.comercialanma.es\/?product=whisky-four-roses-1l#primaryimage\",\"inLanguage\":\"es\",\"url\":\"https:\/\/i0.wp.com\/www.comercialanma.es\/wp-content\/uploads\/2023\/09\/Four-roses-1L.jpg?fit=1080%2C1080&ssl=1\",\"width\":1080,\"height\":1080},{\"@type\":\"WebPage\",\"@id\":\"https:\/\/www.comercialanma.es\/?product=whisky-four-roses-1l#webpage\",\"url\":\"https:\/\/www.comercialanma.es\/?product=whisky-four-roses-1l\",\"name\":\"Whisky Four Roses 1L. - Comercial de Hosteleria Anma\",\"isPartOf\":{\"@id\":\"https:\/\/www.comercialanma.es\/#website\"},\"primaryImageOfPage\":{\"@id\":\"https:\/\/www.comercialanma.es\/?product=whisky-four-roses-1l#primaryimage\"},\"datePublished\":\"2023-09-20T08:54:22+00:00\",\"dateModified\":\"2023-09-20T09:02:34+00:00\",\"description\":\"Whisky Four Roses | 1L.| Whisky Four Roses Bourbon, es un whisky suave y largo, muy reconocido y galardonado.\",\"breadcrumb\":{\"@id\":\"https:\/\/www.comercialanma.es\/?product=whisky-four-roses-1l#breadcrumb\"},\"inLanguage\":\"es\",\"potentialAction\":[{\"@type\":\"ReadAction\",\"target\":[\"https:\/\/www.comercialanma.es\/?product=whisky-four-roses-1l\"]}]},{\"@type\":\"BreadcrumbList\",\"@id\":\"https:\/\/www.comercialanma.es\/?product=whisky-four-roses-1l#breadcrumb\",\"itemListElement\":[{\"@type\":\"ListItem\",\"position\":1,\"item\":{\"@type\":\"WebPage\",\"@id\":\"https:\/\/www.comercialanma.es\/\",\"url\":\"https:\/\/www.comercialanma.es\/\",\"name\":\"Portada\"}},{\"@type\":\"ListItem\",\"position\":2,\"item\":{\"@type\":\"WebPage\",\"@id\":\"https:\/\/www.comercialanma.es\/?page_id=3963\",\"url\":\"https:\/\/www.comercialanma.es\/?page_id=3963\",\"name\":\"Cat\\u00e1logo de Productos\"}},{\"@type\":\"ListItem\",\"position\":3,\"item\":{\"@type\":\"WebPage\",\"@id\":\"https:\/\/www.comercialanma.es\/?product=whisky-four-roses-1l\",\"url\":\"https:\/\/www.comercialanma.es\/?product=whisky-four-roses-1l\",\"name\":\"Whisky Four Roses 1L.\"}}]}]}<\/script>\n<!-- \/ Yoast SEO plugin. -->","_links":{"self":[{"href":"https:\/\/www.comercialanma.es\/index.php?rest_route=\/wp\/v2\/product\/22543"}],"collection":[{"href":"https:\/\/www.comercialanma.es\/index.php?rest_route=\/wp\/v2\/product"}],"about":[{"href":"https:\/\/www.comercialanma.es\/index.php?rest_route=\/wp\/v2\/types\/product"}],"version-history":[{"count":1,"href":"https:\/\/www.comercialanma.es\/index.php?rest_route=\/wp\/v2\/product\/22543\/revisions"}],"predecessor-version":[{"id":22545,"href":"https:\/\/www.comercialanma.es\/index.php?rest_route=\/wp\/v2\/product\/22543\/revisions\/22545"}],"wp:featuredmedia":[{"embeddable":true,"href":"https:\/\/www.comercialanma.es\/index.php?rest_route=\/wp\/v2\/media\/22544"}],"wp:attachment":[{"href":"https:\/\/www.comercialanma.es\/index.php?rest_route=%2Fwp%2Fv2%2Fmedia&parent=22543"}],"curies":[{"name":"wp","href":"https:\/\/api.w.org\/{rel}","templated":true}]}}