
{"id":22546,"date":"2023-09-20T11:08:20","date_gmt":"2023-09-20T09:08:20","guid":{"rendered":"https:\/\/www.comercialanma.es\/?post_type=product&#038;p=22546"},"modified":"2023-09-20T11:20:10","modified_gmt":"2023-09-20T09:20:10","slug":"laphroaig-25","status":"publish","type":"product","link":"https:\/\/www.comercialanma.es\/?product=laphroaig-25","title":{"rendered":"Laphroaig whisky malta 25 a\u00f1os 70cl."},"content":{"rendered":"<h3>Nota de cata:<\/h3>\n<ul>\n<li>Color: dorado claro.<\/li>\n<li>Nariz: dulce, ahumado, especiado, frutos secos, vainilla, madera y tocino ahumado. gramo<\/li>\n<li>Nariz: en capas, de crema, pimienta, yodo, humo de turba y un toque de manzana verde.<\/li>\n<li>Final: duradero, redondo.<br \/>\n<h3><\/h3>\n<\/li>\n<\/ul>\n<h3>Nota de cata:<\/h3>\n<ul>\n<li>Graduaci\u00f3n: 53,4% vol.<\/li>\n<\/ul>\n","protected":false},"excerpt":{"rendered":"<p>El whisky Laphroaig de 25 a\u00f1os se considera la malta m\u00e1s medicinal de Escocia y tambi\u00e9n uno de los whiskies de turba de mayor a\u00f1ejamiento del mundo. El whisky single malt Laphroaig de 25 a\u00f1os se a\u00f1eja en barricas individuales y la exaltaci\u00f3n de los aromas es m\u00e1xima. Uno de los single malts de Islay m\u00e1s vendidos en el mundo es el Laphroaig 25 y.o. porque considerado entre todos los whiskies escoceses de malta \u00fanica el m\u00e1s rico en perfumes.<\/p>\n<p>El whisky Laphroaig 25 a\u00f1os es una aut\u00e9ntica expresi\u00f3n de la isla de Islay, envejecido en bodegas de la costa de la isla adquiere su caracter\u00edstico sabor yodado.<\/p>\n<p>Laphroaig 25 a\u00f1os island single malt que tiene un rico sabor debido al proceso de hacer cebada germinada que se seca sobre un fuego de turba.<\/p>\n<p>El humo de esta turba, que s\u00f3lo se encuentra en Islay, es su nota caracter\u00edstica.<\/p>\n<p>El whisky Laphroaig envejece 25 a\u00f1os en barricas de roble, cerca del mar, es este largo refinamiento el que crea el con las caracter\u00edsticas notas yodadas que conducen a un final casi salino y con recuerdos a humo de turba.<\/p>\n<p>Es el cl\u00e1sico whisky escoc\u00e9s Laphroaig, elaborado desde hace 75 a\u00f1os y siempre igual porque lo que funciona no cambia.<\/p>\n<p>El empaque con una caja de madera blanca y decoraciones verdes es hermoso, este whisky de malta \u00fanica es perfecto como un regalo importante para catadores apasionados o coleccionistas de whiskies de turba.<\/p>\n","protected":false},"featured_media":22547,"template":"","meta":{"spay_email":""},"yoast_head":"<!-- This site is optimized with the Yoast SEO plugin v15.9 - https:\/\/yoast.com\/wordpress\/plugins\/seo\/ -->\n<title>Laphroaig whisky malta 25 a\u00f1os 70cl. - Comercial de Hosteleria Anma<\/title>\n<meta name=\"description\" content=\"El whisky Laphroaig de 25 se considera la malta m\u00e1s medicinal de Escocia y uno de los whiskies de turba de mayor a\u00f1ejamiento del mundo.\" \/>\n<meta name=\"robots\" content=\"index, follow, max-snippet:-1, max-image-preview:large, max-video-preview:-1\" \/>\n<link rel=\"canonical\" href=\"https:\/\/www.comercialanma.es\/?product=laphroaig-25\" \/>\n<meta property=\"og:locale\" content=\"es_ES\" \/>\n<meta property=\"og:type\" content=\"article\" \/>\n<meta property=\"og:title\" content=\"Laphroaig whisky malta 25 a\u00f1os 70cl. - Comercial de Hosteleria Anma\" \/>\n<meta property=\"og:description\" content=\"El whisky Laphroaig de 25 se considera la malta m\u00e1s medicinal de Escocia y uno de los whiskies de turba de mayor a\u00f1ejamiento del mundo.\" \/>\n<meta property=\"og:url\" content=\"https:\/\/www.comercialanma.es\/?product=laphroaig-25\" \/>\n<meta property=\"og:site_name\" content=\"Comercial de Hosteleria Anma\" \/>\n<meta property=\"article:publisher\" content=\"https:\/\/www.facebook.com\/AnmaHosteleria\" \/>\n<meta property=\"article:modified_time\" content=\"2023-09-20T09:20:10+00:00\" \/>\n<meta property=\"og:image\" content=\"https:\/\/i0.wp.com\/www.comercialanma.es\/wp-content\/uploads\/2023\/09\/Laphroaig-25-whisky.jpg?fit=1080%2C1080&#038;ssl=1\" \/>\n\t<meta property=\"og:image:width\" content=\"1080\" \/>\n\t<meta property=\"og:image:height\" content=\"1080\" \/>\n<meta name=\"twitter:card\" content=\"summary_large_image\" \/>\n<meta name=\"twitter:label1\" content=\"Tiempo de lectura\">\n\t<meta name=\"twitter:data1\" content=\"1 minuto\">\n<script type=\"application\/ld+json\" class=\"yoast-schema-graph\">{\"@context\":\"https:\/\/schema.org\",\"@graph\":[{\"@type\":\"Organization\",\"@id\":\"https:\/\/www.comercialanma.es\/#organization\",\"name\":\"Comercial Anma\",\"url\":\"https:\/\/www.comercialanma.es\/\",\"sameAs\":[\"https:\/\/www.facebook.com\/AnmaHosteleria\",\"https:\/\/www.instagram.com\/anmahosteleria\/?hl=es\",\"https:\/\/www.youtube.com\/channel\/UCT2nmn08Ntks0hmpZPnDgCA\"],\"logo\":{\"@type\":\"ImageObject\",\"@id\":\"https:\/\/www.comercialanma.es\/#logo\",\"inLanguage\":\"es\",\"url\":\"https:\/\/i2.wp.com\/www.comercialanma.es\/wp-content\/uploads\/2019\/06\/logo-anma-color.png?fit=247%2C101&ssl=1\",\"width\":247,\"height\":101,\"caption\":\"Comercial Anma\"},\"image\":{\"@id\":\"https:\/\/www.comercialanma.es\/#logo\"}},{\"@type\":\"WebSite\",\"@id\":\"https:\/\/www.comercialanma.es\/#website\",\"url\":\"https:\/\/www.comercialanma.es\/\",\"name\":\"Comercial de Hosteleria Anma\",\"description\":\"\",\"publisher\":{\"@id\":\"https:\/\/www.comercialanma.es\/#organization\"},\"potentialAction\":[{\"@type\":\"SearchAction\",\"target\":\"https:\/\/www.comercialanma.es\/?s={search_term_string}\",\"query-input\":\"required name=search_term_string\"}],\"inLanguage\":\"es\"},{\"@type\":\"ImageObject\",\"@id\":\"https:\/\/www.comercialanma.es\/?product=laphroaig-25#primaryimage\",\"inLanguage\":\"es\",\"url\":\"https:\/\/i0.wp.com\/www.comercialanma.es\/wp-content\/uploads\/2023\/09\/Laphroaig-25-whisky.jpg?fit=1080%2C1080&ssl=1\",\"width\":1080,\"height\":1080},{\"@type\":\"WebPage\",\"@id\":\"https:\/\/www.comercialanma.es\/?product=laphroaig-25#webpage\",\"url\":\"https:\/\/www.comercialanma.es\/?product=laphroaig-25\",\"name\":\"Laphroaig whisky malta 25 a\\u00f1os 70cl. - Comercial de Hosteleria Anma\",\"isPartOf\":{\"@id\":\"https:\/\/www.comercialanma.es\/#website\"},\"primaryImageOfPage\":{\"@id\":\"https:\/\/www.comercialanma.es\/?product=laphroaig-25#primaryimage\"},\"datePublished\":\"2023-09-20T09:08:20+00:00\",\"dateModified\":\"2023-09-20T09:20:10+00:00\",\"description\":\"El whisky Laphroaig de 25 se considera la malta m\\u00e1s medicinal de Escocia y uno de los whiskies de turba de mayor a\\u00f1ejamiento del mundo.\",\"breadcrumb\":{\"@id\":\"https:\/\/www.comercialanma.es\/?product=laphroaig-25#breadcrumb\"},\"inLanguage\":\"es\",\"potentialAction\":[{\"@type\":\"ReadAction\",\"target\":[\"https:\/\/www.comercialanma.es\/?product=laphroaig-25\"]}]},{\"@type\":\"BreadcrumbList\",\"@id\":\"https:\/\/www.comercialanma.es\/?product=laphroaig-25#breadcrumb\",\"itemListElement\":[{\"@type\":\"ListItem\",\"position\":1,\"item\":{\"@type\":\"WebPage\",\"@id\":\"https:\/\/www.comercialanma.es\/\",\"url\":\"https:\/\/www.comercialanma.es\/\",\"name\":\"Portada\"}},{\"@type\":\"ListItem\",\"position\":2,\"item\":{\"@type\":\"WebPage\",\"@id\":\"https:\/\/www.comercialanma.es\/?page_id=3963\",\"url\":\"https:\/\/www.comercialanma.es\/?page_id=3963\",\"name\":\"Cat\\u00e1logo de Productos\"}},{\"@type\":\"ListItem\",\"position\":3,\"item\":{\"@type\":\"WebPage\",\"@id\":\"https:\/\/www.comercialanma.es\/?product=laphroaig-25\",\"url\":\"https:\/\/www.comercialanma.es\/?product=laphroaig-25\",\"name\":\"Laphroaig whisky malta 25 a\\u00f1os 70cl.\"}}]}]}<\/script>\n<!-- \/ Yoast SEO plugin. -->","_links":{"self":[{"href":"https:\/\/www.comercialanma.es\/index.php?rest_route=\/wp\/v2\/product\/22546"}],"collection":[{"href":"https:\/\/www.comercialanma.es\/index.php?rest_route=\/wp\/v2\/product"}],"about":[{"href":"https:\/\/www.comercialanma.es\/index.php?rest_route=\/wp\/v2\/types\/product"}],"version-history":[{"count":1,"href":"https:\/\/www.comercialanma.es\/index.php?rest_route=\/wp\/v2\/product\/22546\/revisions"}],"predecessor-version":[{"id":22548,"href":"https:\/\/www.comercialanma.es\/index.php?rest_route=\/wp\/v2\/product\/22546\/revisions\/22548"}],"wp:featuredmedia":[{"embeddable":true,"href":"https:\/\/www.comercialanma.es\/index.php?rest_route=\/wp\/v2\/media\/22547"}],"wp:attachment":[{"href":"https:\/\/www.comercialanma.es\/index.php?rest_route=%2Fwp%2Fv2%2Fmedia&parent=22546"}],"curies":[{"name":"wp","href":"https:\/\/api.w.org\/{rel}","templated":true}]}}