
{"id":22549,"date":"2023-09-20T11:32:13","date_gmt":"2023-09-20T09:32:13","guid":{"rendered":"https:\/\/www.comercialanma.es\/?post_type=product&#038;p=22549"},"modified":"2023-09-20T11:39:40","modified_gmt":"2023-09-20T09:39:40","slug":"sol-de-nit-secco-rosado","status":"publish","type":"product","link":"https:\/\/www.comercialanma.es\/?product=sol-de-nit-secco-rosado","title":{"rendered":"Sol de Nit Secco Rosado 75cl."},"content":{"rendered":"<h3>Variedades de uva:<\/h3>\n<ul>\n<li><span class=\"tlid-translation translation\" lang=\"es\"><span title=\"\"><span class=\"tablaValorContenido\">Trepat 100%<br \/>\n<\/span><\/span><\/span><\/li>\n<\/ul>\n<h3>Graduaci\u00f3n:<\/h3>\n<ul>\n<li>Graduaci\u00f3n: 11,0% vol.<\/li>\n<\/ul>\n<h3>Nota de Cata:<\/h3>\n<div class=\"elementor-element elementor-element-d559774 elementor-position-left animated-slow dc-has-condition dc-condition-empty dce_masking-none elementor-vertical-align-top elementor-widget elementor-widget-image-box animated fadeInUp\" data-id=\"d559774\" data-element_type=\"widget\" data-settings=\"{&quot;_animation&quot;:&quot;fadeInUp&quot;}\" data-widget_type=\"image-box.default\">\n<div class=\"elementor-widget-container\">\n<div class=\"elementor-image-box-wrapper\">\n<div class=\"elementor-image-box-content\">\n<ul>\n<li class=\"elementor-image-box-description\">Claro. Brillante. Matices rosados color frambuesa.<\/li>\n<li class=\"elementor-image-box-description\">Fruta roja. Frambuesas h\u00famedas y violeta.<\/li>\n<li class=\"elementor-image-box-description\">Buena frescura con aromas de fruta roja (fresa, frambuesa) y notas de fruta tropical.<\/li>\n<\/ul>\n<\/div>\n<\/div>\n<\/div>\n<\/div>\n<div class=\"elementor-element elementor-element-49891f0 elementor-position-left animated-slow dc-has-condition dc-condition-empty dce_masking-none elementor-vertical-align-top elementor-widget elementor-widget-image-box animated fadeInUp\" data-id=\"49891f0\" data-element_type=\"widget\" data-settings=\"{&quot;_animation&quot;:&quot;fadeInUp&quot;}\" data-widget_type=\"image-box.default\">\n<div class=\"elementor-widget-container\">\n<div class=\"elementor-image-box-wrapper\">\n<div class=\"elementor-image-box-content\">\n<h3 class=\"elementor-image-box-title\">Maridajes<\/h3>\n<ul>\n<li class=\"elementor-image-box-description\">Perfecto para un c\u00f3ctel, un aperitivo, tapas variadas, arroces y cocina asi\u00e1tica. Su frescura mejorar\u00e1 los buenos momentos de compartir.<\/li>\n<\/ul>\n<\/div>\n<\/div>\n<\/div>\n<\/div>\n<p>&nbsp;<\/p>\n","protected":false},"excerpt":{"rendered":"<p>Sol de Nit se refiere al momento m\u00e1gico del amanecer, cuando la noche poco a poco se desvanece y la luz del sol empieza a te\u00f1ir el horizonte pero todav\u00eda<\/p>\n","protected":false},"featured_media":22550,"template":"","meta":{"spay_email":""},"yoast_head":"<!-- This site is optimized with the Yoast SEO plugin v15.9 - https:\/\/yoast.com\/wordpress\/plugins\/seo\/ -->\n<title>Sol de Nit Secco Rosado 75cl. - Comercial de Hosteleria Anma<\/title>\n<meta name=\"description\" content=\"Sol de Nit Secco rosado | 75cl. | Un vino espumoso,refrescante y delicado quecapta la esencia del momentom\u00e1gico del amanecer.\" \/>\n<meta name=\"robots\" content=\"index, follow, max-snippet:-1, max-image-preview:large, max-video-preview:-1\" \/>\n<link rel=\"canonical\" href=\"https:\/\/www.comercialanma.es\/?product=sol-de-nit-secco-rosado\" \/>\n<meta property=\"og:locale\" content=\"es_ES\" \/>\n<meta property=\"og:type\" content=\"article\" \/>\n<meta property=\"og:title\" content=\"Sol de Nit Secco Rosado 75cl. - Comercial de Hosteleria Anma\" \/>\n<meta property=\"og:description\" content=\"Sol de Nit Secco rosado | 75cl. | Un vino espumoso,refrescante y delicado quecapta la esencia del momentom\u00e1gico del amanecer.\" \/>\n<meta property=\"og:url\" content=\"https:\/\/www.comercialanma.es\/?product=sol-de-nit-secco-rosado\" \/>\n<meta property=\"og:site_name\" content=\"Comercial de Hosteleria Anma\" \/>\n<meta property=\"article:publisher\" content=\"https:\/\/www.facebook.com\/AnmaHosteleria\" \/>\n<meta property=\"article:modified_time\" content=\"2023-09-20T09:39:40+00:00\" \/>\n<meta property=\"og:image\" content=\"https:\/\/i2.wp.com\/www.comercialanma.es\/wp-content\/uploads\/2023\/09\/sol-de-nit-secco-rosado.jpg?fit=1080%2C1080&#038;ssl=1\" \/>\n\t<meta property=\"og:image:width\" content=\"1080\" \/>\n\t<meta property=\"og:image:height\" content=\"1080\" \/>\n<meta name=\"twitter:card\" content=\"summary_large_image\" \/>\n<meta name=\"twitter:label1\" content=\"Tiempo de lectura\">\n\t<meta name=\"twitter:data1\" content=\"1 minuto\">\n<script type=\"application\/ld+json\" class=\"yoast-schema-graph\">{\"@context\":\"https:\/\/schema.org\",\"@graph\":[{\"@type\":\"Organization\",\"@id\":\"https:\/\/www.comercialanma.es\/#organization\",\"name\":\"Comercial Anma\",\"url\":\"https:\/\/www.comercialanma.es\/\",\"sameAs\":[\"https:\/\/www.facebook.com\/AnmaHosteleria\",\"https:\/\/www.instagram.com\/anmahosteleria\/?hl=es\",\"https:\/\/www.youtube.com\/channel\/UCT2nmn08Ntks0hmpZPnDgCA\"],\"logo\":{\"@type\":\"ImageObject\",\"@id\":\"https:\/\/www.comercialanma.es\/#logo\",\"inLanguage\":\"es\",\"url\":\"https:\/\/i2.wp.com\/www.comercialanma.es\/wp-content\/uploads\/2019\/06\/logo-anma-color.png?fit=247%2C101&ssl=1\",\"width\":247,\"height\":101,\"caption\":\"Comercial Anma\"},\"image\":{\"@id\":\"https:\/\/www.comercialanma.es\/#logo\"}},{\"@type\":\"WebSite\",\"@id\":\"https:\/\/www.comercialanma.es\/#website\",\"url\":\"https:\/\/www.comercialanma.es\/\",\"name\":\"Comercial de Hosteleria Anma\",\"description\":\"\",\"publisher\":{\"@id\":\"https:\/\/www.comercialanma.es\/#organization\"},\"potentialAction\":[{\"@type\":\"SearchAction\",\"target\":\"https:\/\/www.comercialanma.es\/?s={search_term_string}\",\"query-input\":\"required name=search_term_string\"}],\"inLanguage\":\"es\"},{\"@type\":\"ImageObject\",\"@id\":\"https:\/\/www.comercialanma.es\/?product=sol-de-nit-secco-rosado#primaryimage\",\"inLanguage\":\"es\",\"url\":\"https:\/\/i2.wp.com\/www.comercialanma.es\/wp-content\/uploads\/2023\/09\/sol-de-nit-secco-rosado.jpg?fit=1080%2C1080&ssl=1\",\"width\":1080,\"height\":1080},{\"@type\":\"WebPage\",\"@id\":\"https:\/\/www.comercialanma.es\/?product=sol-de-nit-secco-rosado#webpage\",\"url\":\"https:\/\/www.comercialanma.es\/?product=sol-de-nit-secco-rosado\",\"name\":\"Sol de Nit Secco Rosado 75cl. - Comercial de Hosteleria Anma\",\"isPartOf\":{\"@id\":\"https:\/\/www.comercialanma.es\/#website\"},\"primaryImageOfPage\":{\"@id\":\"https:\/\/www.comercialanma.es\/?product=sol-de-nit-secco-rosado#primaryimage\"},\"datePublished\":\"2023-09-20T09:32:13+00:00\",\"dateModified\":\"2023-09-20T09:39:40+00:00\",\"description\":\"Sol de Nit Secco rosado | 75cl. | Un vino espumoso,refrescante y delicado quecapta la esencia del momentom\\u00e1gico del amanecer.\",\"breadcrumb\":{\"@id\":\"https:\/\/www.comercialanma.es\/?product=sol-de-nit-secco-rosado#breadcrumb\"},\"inLanguage\":\"es\",\"potentialAction\":[{\"@type\":\"ReadAction\",\"target\":[\"https:\/\/www.comercialanma.es\/?product=sol-de-nit-secco-rosado\"]}]},{\"@type\":\"BreadcrumbList\",\"@id\":\"https:\/\/www.comercialanma.es\/?product=sol-de-nit-secco-rosado#breadcrumb\",\"itemListElement\":[{\"@type\":\"ListItem\",\"position\":1,\"item\":{\"@type\":\"WebPage\",\"@id\":\"https:\/\/www.comercialanma.es\/\",\"url\":\"https:\/\/www.comercialanma.es\/\",\"name\":\"Portada\"}},{\"@type\":\"ListItem\",\"position\":2,\"item\":{\"@type\":\"WebPage\",\"@id\":\"https:\/\/www.comercialanma.es\/?page_id=3963\",\"url\":\"https:\/\/www.comercialanma.es\/?page_id=3963\",\"name\":\"Cat\\u00e1logo de Productos\"}},{\"@type\":\"ListItem\",\"position\":3,\"item\":{\"@type\":\"WebPage\",\"@id\":\"https:\/\/www.comercialanma.es\/?product=sol-de-nit-secco-rosado\",\"url\":\"https:\/\/www.comercialanma.es\/?product=sol-de-nit-secco-rosado\",\"name\":\"Sol de Nit Secco Rosado 75cl.\"}}]}]}<\/script>\n<!-- \/ Yoast SEO plugin. -->","_links":{"self":[{"href":"https:\/\/www.comercialanma.es\/index.php?rest_route=\/wp\/v2\/product\/22549"}],"collection":[{"href":"https:\/\/www.comercialanma.es\/index.php?rest_route=\/wp\/v2\/product"}],"about":[{"href":"https:\/\/www.comercialanma.es\/index.php?rest_route=\/wp\/v2\/types\/product"}],"version-history":[{"count":2,"href":"https:\/\/www.comercialanma.es\/index.php?rest_route=\/wp\/v2\/product\/22549\/revisions"}],"predecessor-version":[{"id":22552,"href":"https:\/\/www.comercialanma.es\/index.php?rest_route=\/wp\/v2\/product\/22549\/revisions\/22552"}],"wp:featuredmedia":[{"embeddable":true,"href":"https:\/\/www.comercialanma.es\/index.php?rest_route=\/wp\/v2\/media\/22550"}],"wp:attachment":[{"href":"https:\/\/www.comercialanma.es\/index.php?rest_route=%2Fwp%2Fv2%2Fmedia&parent=22549"}],"curies":[{"name":"wp","href":"https:\/\/api.w.org\/{rel}","templated":true}]}}