
{"id":22559,"date":"2023-09-20T12:11:20","date_gmt":"2023-09-20T10:11:20","guid":{"rendered":"https:\/\/www.comercialanma.es\/?post_type=product&#038;p=22559"},"modified":"2023-09-20T12:25:07","modified_gmt":"2023-09-20T10:25:07","slug":"monteveiga","status":"publish","type":"product","link":"https:\/\/www.comercialanma.es\/?product=monteveiga","title":{"rendered":"Finca Monteveiga Mar de Frades 75cl."},"content":{"rendered":"<h3>D.O.:<\/h3>\n<ul>\n<li>R\u00edas Baixas<\/li>\n<\/ul>\n<h3>Variedades de uva:<\/h3>\n<ul>\n<li><span class=\"tlid-translation translation\" lang=\"es\"><span title=\"\"><span class=\"tablaValorContenido\">Albarinyo<\/span><\/span><\/span><\/li>\n<\/ul>\n<h3>Graduaci\u00f3n:<\/h3>\n<ul>\n<li>Graduaci\u00f3n: 13,5% vol.<\/li>\n<\/ul>\n<h3>Nota de cata:<\/h3>\n<ul>\n<li>\n<div>Nariz: Aromas de fruta madura (manzana y albaricoque), menta y eucalipto.<\/div>\n<\/li>\n<li>\n<div>Boca: Acidez equilibrada y una textura envolvente.<\/div>\n<\/li>\n<\/ul>\n<p>&nbsp;<\/p>\n","protected":false},"excerpt":{"rendered":"<p>Finca Monteveiga\u00a0nace en el coraz\u00f3n de la Ribera del R\u00edo Ulla, en la zona lim\u00edtrofe con la\u00a0Denominaci\u00f3n de Origen de R\u00edas Baixas, un lugar que se caracteriza por su paisaje monta\u00f1oso.\u00a0Un vino que muestra su\u00a0car\u00e1cter atl\u00e1ntico\u00a0en un versi\u00f3n m\u00e1s\u00a0continental y longeva\u00a0gracias a sus\u00a015 meses de crianza sobre l\u00edas.\u00a0Una nueva reinterpretaci\u00f3n del caracter\u00edstico car\u00e1cter salino de la bodega.<\/p>\n","protected":false},"featured_media":22560,"template":"","meta":{"spay_email":""},"yoast_head":"<!-- This site is optimized with the Yoast SEO plugin v15.9 - https:\/\/yoast.com\/wordpress\/plugins\/seo\/ -->\n<title>Finca Monteveiga Mar de Frades 75cl. - Comercial de Hosteleria Anma<\/title>\n<meta name=\"description\" content=\"Finca Monteveiga | Mar de Frades | 13,5% | Un vino que muestra su\u00a0car\u00e1cter atl\u00e1ntico\u00a0en un versi\u00f3n m\u00e1s\u00a0continental y longeva.\" \/>\n<meta name=\"robots\" content=\"index, follow, max-snippet:-1, max-image-preview:large, max-video-preview:-1\" \/>\n<link rel=\"canonical\" href=\"https:\/\/www.comercialanma.es\/?product=monteveiga\" \/>\n<meta property=\"og:locale\" content=\"es_ES\" \/>\n<meta property=\"og:type\" content=\"article\" \/>\n<meta property=\"og:title\" content=\"Finca Monteveiga Mar de Frades 75cl. - Comercial de Hosteleria Anma\" \/>\n<meta property=\"og:description\" content=\"Finca Monteveiga | Mar de Frades | 13,5% | Un vino que muestra su\u00a0car\u00e1cter atl\u00e1ntico\u00a0en un versi\u00f3n m\u00e1s\u00a0continental y longeva.\" \/>\n<meta property=\"og:url\" content=\"https:\/\/www.comercialanma.es\/?product=monteveiga\" \/>\n<meta property=\"og:site_name\" content=\"Comercial de Hosteleria Anma\" \/>\n<meta property=\"article:publisher\" content=\"https:\/\/www.facebook.com\/AnmaHosteleria\" \/>\n<meta property=\"article:modified_time\" content=\"2023-09-20T10:25:07+00:00\" \/>\n<meta property=\"og:image\" content=\"https:\/\/i1.wp.com\/www.comercialanma.es\/wp-content\/uploads\/2023\/09\/Albarinyo-monteveiga-mar-de-frades-.jpg?fit=1080%2C1080&#038;ssl=1\" \/>\n\t<meta property=\"og:image:width\" content=\"1080\" \/>\n\t<meta property=\"og:image:height\" content=\"1080\" \/>\n<meta name=\"twitter:card\" content=\"summary_large_image\" \/>\n<meta name=\"twitter:label1\" content=\"Tiempo de lectura\">\n\t<meta name=\"twitter:data1\" content=\"1 minuto\">\n<script type=\"application\/ld+json\" class=\"yoast-schema-graph\">{\"@context\":\"https:\/\/schema.org\",\"@graph\":[{\"@type\":\"Organization\",\"@id\":\"https:\/\/www.comercialanma.es\/#organization\",\"name\":\"Comercial Anma\",\"url\":\"https:\/\/www.comercialanma.es\/\",\"sameAs\":[\"https:\/\/www.facebook.com\/AnmaHosteleria\",\"https:\/\/www.instagram.com\/anmahosteleria\/?hl=es\",\"https:\/\/www.youtube.com\/channel\/UCT2nmn08Ntks0hmpZPnDgCA\"],\"logo\":{\"@type\":\"ImageObject\",\"@id\":\"https:\/\/www.comercialanma.es\/#logo\",\"inLanguage\":\"es\",\"url\":\"https:\/\/i2.wp.com\/www.comercialanma.es\/wp-content\/uploads\/2019\/06\/logo-anma-color.png?fit=247%2C101&ssl=1\",\"width\":247,\"height\":101,\"caption\":\"Comercial Anma\"},\"image\":{\"@id\":\"https:\/\/www.comercialanma.es\/#logo\"}},{\"@type\":\"WebSite\",\"@id\":\"https:\/\/www.comercialanma.es\/#website\",\"url\":\"https:\/\/www.comercialanma.es\/\",\"name\":\"Comercial de Hosteleria Anma\",\"description\":\"\",\"publisher\":{\"@id\":\"https:\/\/www.comercialanma.es\/#organization\"},\"potentialAction\":[{\"@type\":\"SearchAction\",\"target\":\"https:\/\/www.comercialanma.es\/?s={search_term_string}\",\"query-input\":\"required name=search_term_string\"}],\"inLanguage\":\"es\"},{\"@type\":\"ImageObject\",\"@id\":\"https:\/\/www.comercialanma.es\/?product=monteveiga#primaryimage\",\"inLanguage\":\"es\",\"url\":\"https:\/\/i1.wp.com\/www.comercialanma.es\/wp-content\/uploads\/2023\/09\/Albarinyo-monteveiga-mar-de-frades-.jpg?fit=1080%2C1080&ssl=1\",\"width\":1080,\"height\":1080},{\"@type\":\"WebPage\",\"@id\":\"https:\/\/www.comercialanma.es\/?product=monteveiga#webpage\",\"url\":\"https:\/\/www.comercialanma.es\/?product=monteveiga\",\"name\":\"Finca Monteveiga Mar de Frades 75cl. - Comercial de Hosteleria Anma\",\"isPartOf\":{\"@id\":\"https:\/\/www.comercialanma.es\/#website\"},\"primaryImageOfPage\":{\"@id\":\"https:\/\/www.comercialanma.es\/?product=monteveiga#primaryimage\"},\"datePublished\":\"2023-09-20T10:11:20+00:00\",\"dateModified\":\"2023-09-20T10:25:07+00:00\",\"description\":\"Finca Monteveiga | Mar de Frades | 13,5% | Un vino que muestra su\\u00a0car\\u00e1cter atl\\u00e1ntico\\u00a0en un versi\\u00f3n m\\u00e1s\\u00a0continental y longeva.\",\"breadcrumb\":{\"@id\":\"https:\/\/www.comercialanma.es\/?product=monteveiga#breadcrumb\"},\"inLanguage\":\"es\",\"potentialAction\":[{\"@type\":\"ReadAction\",\"target\":[\"https:\/\/www.comercialanma.es\/?product=monteveiga\"]}]},{\"@type\":\"BreadcrumbList\",\"@id\":\"https:\/\/www.comercialanma.es\/?product=monteveiga#breadcrumb\",\"itemListElement\":[{\"@type\":\"ListItem\",\"position\":1,\"item\":{\"@type\":\"WebPage\",\"@id\":\"https:\/\/www.comercialanma.es\/\",\"url\":\"https:\/\/www.comercialanma.es\/\",\"name\":\"Portada\"}},{\"@type\":\"ListItem\",\"position\":2,\"item\":{\"@type\":\"WebPage\",\"@id\":\"https:\/\/www.comercialanma.es\/?page_id=3963\",\"url\":\"https:\/\/www.comercialanma.es\/?page_id=3963\",\"name\":\"Cat\\u00e1logo de Productos\"}},{\"@type\":\"ListItem\",\"position\":3,\"item\":{\"@type\":\"WebPage\",\"@id\":\"https:\/\/www.comercialanma.es\/?product=monteveiga\",\"url\":\"https:\/\/www.comercialanma.es\/?product=monteveiga\",\"name\":\"Finca Monteveiga Mar de Frades 75cl.\"}}]}]}<\/script>\n<!-- \/ Yoast SEO plugin. -->","_links":{"self":[{"href":"https:\/\/www.comercialanma.es\/index.php?rest_route=\/wp\/v2\/product\/22559"}],"collection":[{"href":"https:\/\/www.comercialanma.es\/index.php?rest_route=\/wp\/v2\/product"}],"about":[{"href":"https:\/\/www.comercialanma.es\/index.php?rest_route=\/wp\/v2\/types\/product"}],"version-history":[{"count":1,"href":"https:\/\/www.comercialanma.es\/index.php?rest_route=\/wp\/v2\/product\/22559\/revisions"}],"predecessor-version":[{"id":22561,"href":"https:\/\/www.comercialanma.es\/index.php?rest_route=\/wp\/v2\/product\/22559\/revisions\/22561"}],"wp:featuredmedia":[{"embeddable":true,"href":"https:\/\/www.comercialanma.es\/index.php?rest_route=\/wp\/v2\/media\/22560"}],"wp:attachment":[{"href":"https:\/\/www.comercialanma.es\/index.php?rest_route=%2Fwp%2Fv2%2Fmedia&parent=22559"}],"curies":[{"name":"wp","href":"https:\/\/api.w.org\/{rel}","templated":true}]}}