
{"id":22653,"date":"2023-09-22T11:31:09","date_gmt":"2023-09-22T09:31:09","guid":{"rendered":"https:\/\/www.comercialanma.es\/?post_type=product&#038;p=22653"},"modified":"2023-09-22T12:07:46","modified_gmt":"2023-09-22T10:07:46","slug":"guante-latex-sanic-xp","status":"publish","type":"product","link":"https:\/\/www.comercialanma.es\/?product=guante-latex-sanic-xp","title":{"rendered":"Guantes Sanyc fino con polvo Talla XP"},"content":{"rendered":"<h3>Caracteristicas:<\/h3>\n<div class=\"et_pb_slide et_pb_bg_layout_dark et_pb_media_alignment_center et_pb_slide_4 et-pb-active-slide\">\n<div class=\"et_pb_container clearfix et_pb_empty_slide\">\n<div class=\"et_pb_slider_container_inner\">\n<div class=\"et_pb_slide_description\">\n<div class=\"et_pb_slide_content\">\n<div class=\"et_pb_slide et_pb_bg_layout_dark et_pb_media_alignment_center et_pb_slide_4 et-pb-active-slide\">\n<div class=\"et_pb_container clearfix et_pb_empty_slide\">\n<div class=\"et_pb_slider_container_inner\">\n<div class=\"et_pb_slide_description\">\n<div class=\"et_pb_slide_content\">\n<ul>\n<li>Fabricado con la\u0301tex.<\/li>\n<li>Superficie externa finamente texturada.<\/li>\n<li>Muy ela\u0301stico: se adapta perfectamente a la mano y no oprime.<\/li>\n<li>Pun\u0303o largo con reborde.<\/li>\n<li>Produce una gran sensacio\u0301n de comodidad.<\/li>\n<li>Antifatiga.<\/li>\n<li>Nivel ma\u0301ximo de dexteridad: 5<\/li>\n<li>Ambidiestro.<\/li>\n<li>Apto para el contacto con alimentos alcoho\u0301licos (hasta 10o) y grasos.<\/li>\n<\/ul>\n<\/div>\n<div>\n<h3>E.P.I:<\/h3>\n<div>Categor\u00eda III<\/div>\n<\/div>\n<\/div>\n<\/div>\n<\/div>\n<\/div>\n<\/div>\n<\/div>\n<\/div>\n<\/div>\n<\/div>\n","protected":false},"excerpt":{"rendered":"<p>Guante fino latex XP | Sanyc | Latex con polvo |<\/p>\n<p>Paquete de 100 guantes desechables de l\u00e1tex con polvo para examen m\u00e9dico.<\/p>\n<p>&nbsp;<\/p>\n<p>&nbsp;<\/p>\n<p>&nbsp;<\/p>\n<p>&nbsp;<\/p>\n<p>&nbsp;<\/p>\n<p>&nbsp;<\/p>\n<p>&nbsp;<\/p>\n<p>&nbsp;<\/p>\n","protected":false},"featured_media":22654,"template":"","meta":{"spay_email":""},"yoast_head":"<!-- This site is optimized with the Yoast SEO plugin v15.9 - https:\/\/yoast.com\/wordpress\/plugins\/seo\/ -->\n<title>Guantes Sanyc fino con polvo Talla XP - Comercial de Hosteleria Anma<\/title>\n<meta name=\"description\" content=\"Guante fino latex XP | Sanyc | Latex polvo| Exploraciones m\u00e9dicas, manipulaci\u00f3n material contaminado (qu\u00edmico, biol\u00f3gico) y agentes mec\u00e1nicos.\" \/>\n<meta name=\"robots\" content=\"index, follow, max-snippet:-1, max-image-preview:large, max-video-preview:-1\" \/>\n<link rel=\"canonical\" href=\"https:\/\/www.comercialanma.es\/?product=guante-latex-sanic-xp\" \/>\n<meta property=\"og:locale\" content=\"es_ES\" \/>\n<meta property=\"og:type\" content=\"article\" \/>\n<meta property=\"og:title\" content=\"Guantes Sanyc fino con polvo Talla XP - Comercial de Hosteleria Anma\" \/>\n<meta property=\"og:description\" content=\"Guante fino latex XP | Sanyc | Latex polvo| Exploraciones m\u00e9dicas, manipulaci\u00f3n material contaminado (qu\u00edmico, biol\u00f3gico) y agentes mec\u00e1nicos.\" \/>\n<meta property=\"og:url\" content=\"https:\/\/www.comercialanma.es\/?product=guante-latex-sanic-xp\" \/>\n<meta property=\"og:site_name\" content=\"Comercial de Hosteleria Anma\" \/>\n<meta property=\"article:publisher\" content=\"https:\/\/www.facebook.com\/AnmaHosteleria\" \/>\n<meta property=\"article:modified_time\" content=\"2023-09-22T10:07:46+00:00\" \/>\n<meta property=\"og:image\" content=\"https:\/\/i1.wp.com\/www.comercialanma.es\/wp-content\/uploads\/2023\/09\/GUANTE-FINO-LATEX-XP.jpg?fit=1080%2C1080&#038;ssl=1\" \/>\n\t<meta property=\"og:image:width\" content=\"1080\" \/>\n\t<meta property=\"og:image:height\" content=\"1080\" \/>\n<meta name=\"twitter:card\" content=\"summary_large_image\" \/>\n<script type=\"application\/ld+json\" class=\"yoast-schema-graph\">{\"@context\":\"https:\/\/schema.org\",\"@graph\":[{\"@type\":\"Organization\",\"@id\":\"https:\/\/www.comercialanma.es\/#organization\",\"name\":\"Comercial Anma\",\"url\":\"https:\/\/www.comercialanma.es\/\",\"sameAs\":[\"https:\/\/www.facebook.com\/AnmaHosteleria\",\"https:\/\/www.instagram.com\/anmahosteleria\/?hl=es\",\"https:\/\/www.youtube.com\/channel\/UCT2nmn08Ntks0hmpZPnDgCA\"],\"logo\":{\"@type\":\"ImageObject\",\"@id\":\"https:\/\/www.comercialanma.es\/#logo\",\"inLanguage\":\"es\",\"url\":\"https:\/\/i2.wp.com\/www.comercialanma.es\/wp-content\/uploads\/2019\/06\/logo-anma-color.png?fit=247%2C101&ssl=1\",\"width\":247,\"height\":101,\"caption\":\"Comercial Anma\"},\"image\":{\"@id\":\"https:\/\/www.comercialanma.es\/#logo\"}},{\"@type\":\"WebSite\",\"@id\":\"https:\/\/www.comercialanma.es\/#website\",\"url\":\"https:\/\/www.comercialanma.es\/\",\"name\":\"Comercial de Hosteleria Anma\",\"description\":\"\",\"publisher\":{\"@id\":\"https:\/\/www.comercialanma.es\/#organization\"},\"potentialAction\":[{\"@type\":\"SearchAction\",\"target\":\"https:\/\/www.comercialanma.es\/?s={search_term_string}\",\"query-input\":\"required name=search_term_string\"}],\"inLanguage\":\"es\"},{\"@type\":\"ImageObject\",\"@id\":\"https:\/\/www.comercialanma.es\/?product=guante-latex-sanic-xp#primaryimage\",\"inLanguage\":\"es\",\"url\":\"https:\/\/i1.wp.com\/www.comercialanma.es\/wp-content\/uploads\/2023\/09\/GUANTE-FINO-LATEX-XP.jpg?fit=1080%2C1080&ssl=1\",\"width\":1080,\"height\":1080},{\"@type\":\"WebPage\",\"@id\":\"https:\/\/www.comercialanma.es\/?product=guante-latex-sanic-xp#webpage\",\"url\":\"https:\/\/www.comercialanma.es\/?product=guante-latex-sanic-xp\",\"name\":\"Guantes Sanyc fino con polvo Talla XP - Comercial de Hosteleria Anma\",\"isPartOf\":{\"@id\":\"https:\/\/www.comercialanma.es\/#website\"},\"primaryImageOfPage\":{\"@id\":\"https:\/\/www.comercialanma.es\/?product=guante-latex-sanic-xp#primaryimage\"},\"datePublished\":\"2023-09-22T09:31:09+00:00\",\"dateModified\":\"2023-09-22T10:07:46+00:00\",\"description\":\"Guante fino latex XP | Sanyc | Latex polvo| Exploraciones m\\u00e9dicas, manipulaci\\u00f3n material contaminado (qu\\u00edmico, biol\\u00f3gico) y agentes mec\\u00e1nicos.\",\"breadcrumb\":{\"@id\":\"https:\/\/www.comercialanma.es\/?product=guante-latex-sanic-xp#breadcrumb\"},\"inLanguage\":\"es\",\"potentialAction\":[{\"@type\":\"ReadAction\",\"target\":[\"https:\/\/www.comercialanma.es\/?product=guante-latex-sanic-xp\"]}]},{\"@type\":\"BreadcrumbList\",\"@id\":\"https:\/\/www.comercialanma.es\/?product=guante-latex-sanic-xp#breadcrumb\",\"itemListElement\":[{\"@type\":\"ListItem\",\"position\":1,\"item\":{\"@type\":\"WebPage\",\"@id\":\"https:\/\/www.comercialanma.es\/\",\"url\":\"https:\/\/www.comercialanma.es\/\",\"name\":\"Portada\"}},{\"@type\":\"ListItem\",\"position\":2,\"item\":{\"@type\":\"WebPage\",\"@id\":\"https:\/\/www.comercialanma.es\/?page_id=3963\",\"url\":\"https:\/\/www.comercialanma.es\/?page_id=3963\",\"name\":\"Cat\\u00e1logo de Productos\"}},{\"@type\":\"ListItem\",\"position\":3,\"item\":{\"@type\":\"WebPage\",\"@id\":\"https:\/\/www.comercialanma.es\/?product=guante-latex-sanic-xp\",\"url\":\"https:\/\/www.comercialanma.es\/?product=guante-latex-sanic-xp\",\"name\":\"Guantes Sanyc fino con polvo Talla XP\"}}]}]}<\/script>\n<!-- \/ Yoast SEO plugin. -->","_links":{"self":[{"href":"https:\/\/www.comercialanma.es\/index.php?rest_route=\/wp\/v2\/product\/22653"}],"collection":[{"href":"https:\/\/www.comercialanma.es\/index.php?rest_route=\/wp\/v2\/product"}],"about":[{"href":"https:\/\/www.comercialanma.es\/index.php?rest_route=\/wp\/v2\/types\/product"}],"version-history":[{"count":1,"href":"https:\/\/www.comercialanma.es\/index.php?rest_route=\/wp\/v2\/product\/22653\/revisions"}],"predecessor-version":[{"id":22655,"href":"https:\/\/www.comercialanma.es\/index.php?rest_route=\/wp\/v2\/product\/22653\/revisions\/22655"}],"wp:featuredmedia":[{"embeddable":true,"href":"https:\/\/www.comercialanma.es\/index.php?rest_route=\/wp\/v2\/media\/22654"}],"wp:attachment":[{"href":"https:\/\/www.comercialanma.es\/index.php?rest_route=%2Fwp%2Fv2%2Fmedia&parent=22653"}],"curies":[{"name":"wp","href":"https:\/\/api.w.org\/{rel}","templated":true}]}}