
{"id":22700,"date":"2023-09-25T12:39:02","date_gmt":"2023-09-25T10:39:02","guid":{"rendered":"https:\/\/www.comercialanma.es\/?post_type=product&#038;p=22700"},"modified":"2023-09-25T12:45:37","modified_gmt":"2023-09-25T10:45:37","slug":"font-dor-50","status":"publish","type":"product","link":"https:\/\/www.comercialanma.es\/?product=font-dor-50","title":{"rendered":"Agua Font d\u00b4Or 50cl."},"content":{"rendered":"<h3>Composici\u00f3n Qu\u00edmica:<\/h3>\n<ul>\n<li>Residuo seco(128,0 mg\/l)<\/li>\n<li>bicarbonatos(78,8 mg\/l)<\/li>\n<li>sulfatos(13,7 mg\/l)<\/li>\n<li>cloruros(8,6 mg\/l)<\/li>\n<li>s\u00edlice (13,9 mg\/l)<\/li>\n<li>calcio (26,4 mg\/l)<\/li>\n<li>magnesio (3,2 mg\/l)<\/li>\n<li>sodio (9,2 mg\/l).<\/li>\n<\/ul>\n<h3>Nota de cata:<\/h3>\n<ul>\n<li><span class=\"et-dropcap\">F<\/span>ont d\u2019Or es un agua mineral natural minero-medicinal, considerada de mineralizaci\u00f3n d\u00e9bil. Es adecuada para dietas pobres en sodio y para la preparaci\u00f3n de alimentos infantiles. Su baja mineralizaci\u00f3n y su pureza natural le otorgan sutiles propiedades organol\u00e9pticas.<\/li>\n<\/ul>\n<p>&nbsp;<\/p>\n","protected":false},"excerpt":{"rendered":"<p><span class=\"et-dropcap\">F<\/span>ont d\u2019Or es un agua mineral natural minero-medicinal, considerada de mineralizaci\u00f3n d\u00e9bil. Es adecuada para dietas pobres en sodio y para la preparaci\u00f3n de alimentos infantiles. Su baja mineralizaci\u00f3n y su pureza natural le otorgan sutiles propiedades organol\u00e9pticas.<\/p>\n<p>El formato en botellas de PET con sus m\u00faltiples capacidades la convierten en un agua de consumo familiar y para todas las edades.<\/p>\n<p>Amplia gama pensada para satisfacer todo tipo de necesidades y para cualquier momento de consumo.<\/p>\n","protected":false},"featured_media":22701,"template":"","meta":{"spay_email":""},"yoast_head":"<!-- This site is optimized with the Yoast SEO plugin v15.9 - https:\/\/yoast.com\/wordpress\/plugins\/seo\/ -->\n<title>Agua Font d\u00b4Or 50cl. - Comercial de Hosteleria Anma<\/title>\n<meta name=\"description\" content=\"Agua Font d\u2019Or | 50cl. | Font d\u2019Or es un agua mineral natural minero-medicinal, considerada de mineralizaci\u00f3n d\u00e9bil.\" \/>\n<meta name=\"robots\" content=\"index, follow, max-snippet:-1, max-image-preview:large, max-video-preview:-1\" \/>\n<link rel=\"canonical\" href=\"https:\/\/www.comercialanma.es\/?product=font-dor-50\" \/>\n<meta property=\"og:locale\" content=\"es_ES\" \/>\n<meta property=\"og:type\" content=\"article\" \/>\n<meta property=\"og:title\" content=\"Agua Font d\u00b4Or 50cl. - Comercial de Hosteleria Anma\" \/>\n<meta property=\"og:description\" content=\"Agua Font d\u2019Or | 50cl. | Font d\u2019Or es un agua mineral natural minero-medicinal, considerada de mineralizaci\u00f3n d\u00e9bil.\" \/>\n<meta property=\"og:url\" content=\"https:\/\/www.comercialanma.es\/?product=font-dor-50\" \/>\n<meta property=\"og:site_name\" content=\"Comercial de Hosteleria Anma\" \/>\n<meta property=\"article:publisher\" content=\"https:\/\/www.facebook.com\/AnmaHosteleria\" \/>\n<meta property=\"article:modified_time\" content=\"2023-09-25T10:45:37+00:00\" \/>\n<meta property=\"og:image\" content=\"https:\/\/i1.wp.com\/www.comercialanma.es\/wp-content\/uploads\/2023\/09\/Agua-font-d\u00b4or-50.jpg?fit=1080%2C1080&#038;ssl=1\" \/>\n\t<meta property=\"og:image:width\" content=\"1080\" \/>\n\t<meta property=\"og:image:height\" content=\"1080\" \/>\n<meta name=\"twitter:card\" content=\"summary_large_image\" \/>\n<meta name=\"twitter:label1\" content=\"Tiempo de lectura\">\n\t<meta name=\"twitter:data1\" content=\"1 minuto\">\n<script type=\"application\/ld+json\" class=\"yoast-schema-graph\">{\"@context\":\"https:\/\/schema.org\",\"@graph\":[{\"@type\":\"Organization\",\"@id\":\"https:\/\/www.comercialanma.es\/#organization\",\"name\":\"Comercial Anma\",\"url\":\"https:\/\/www.comercialanma.es\/\",\"sameAs\":[\"https:\/\/www.facebook.com\/AnmaHosteleria\",\"https:\/\/www.instagram.com\/anmahosteleria\/?hl=es\",\"https:\/\/www.youtube.com\/channel\/UCT2nmn08Ntks0hmpZPnDgCA\"],\"logo\":{\"@type\":\"ImageObject\",\"@id\":\"https:\/\/www.comercialanma.es\/#logo\",\"inLanguage\":\"es\",\"url\":\"https:\/\/i2.wp.com\/www.comercialanma.es\/wp-content\/uploads\/2019\/06\/logo-anma-color.png?fit=247%2C101&ssl=1\",\"width\":247,\"height\":101,\"caption\":\"Comercial Anma\"},\"image\":{\"@id\":\"https:\/\/www.comercialanma.es\/#logo\"}},{\"@type\":\"WebSite\",\"@id\":\"https:\/\/www.comercialanma.es\/#website\",\"url\":\"https:\/\/www.comercialanma.es\/\",\"name\":\"Comercial de Hosteleria Anma\",\"description\":\"\",\"publisher\":{\"@id\":\"https:\/\/www.comercialanma.es\/#organization\"},\"potentialAction\":[{\"@type\":\"SearchAction\",\"target\":\"https:\/\/www.comercialanma.es\/?s={search_term_string}\",\"query-input\":\"required name=search_term_string\"}],\"inLanguage\":\"es\"},{\"@type\":\"ImageObject\",\"@id\":\"https:\/\/www.comercialanma.es\/?product=font-dor-50#primaryimage\",\"inLanguage\":\"es\",\"url\":\"https:\/\/i1.wp.com\/www.comercialanma.es\/wp-content\/uploads\/2023\/09\/Agua-font-d\\u00b4or-50.jpg?fit=1080%2C1080&ssl=1\",\"width\":1080,\"height\":1080},{\"@type\":\"WebPage\",\"@id\":\"https:\/\/www.comercialanma.es\/?product=font-dor-50#webpage\",\"url\":\"https:\/\/www.comercialanma.es\/?product=font-dor-50\",\"name\":\"Agua Font d\\u00b4Or 50cl. - Comercial de Hosteleria Anma\",\"isPartOf\":{\"@id\":\"https:\/\/www.comercialanma.es\/#website\"},\"primaryImageOfPage\":{\"@id\":\"https:\/\/www.comercialanma.es\/?product=font-dor-50#primaryimage\"},\"datePublished\":\"2023-09-25T10:39:02+00:00\",\"dateModified\":\"2023-09-25T10:45:37+00:00\",\"description\":\"Agua Font d\\u2019Or | 50cl. | Font d\\u2019Or es un agua mineral natural minero-medicinal, considerada de mineralizaci\\u00f3n d\\u00e9bil.\",\"breadcrumb\":{\"@id\":\"https:\/\/www.comercialanma.es\/?product=font-dor-50#breadcrumb\"},\"inLanguage\":\"es\",\"potentialAction\":[{\"@type\":\"ReadAction\",\"target\":[\"https:\/\/www.comercialanma.es\/?product=font-dor-50\"]}]},{\"@type\":\"BreadcrumbList\",\"@id\":\"https:\/\/www.comercialanma.es\/?product=font-dor-50#breadcrumb\",\"itemListElement\":[{\"@type\":\"ListItem\",\"position\":1,\"item\":{\"@type\":\"WebPage\",\"@id\":\"https:\/\/www.comercialanma.es\/\",\"url\":\"https:\/\/www.comercialanma.es\/\",\"name\":\"Portada\"}},{\"@type\":\"ListItem\",\"position\":2,\"item\":{\"@type\":\"WebPage\",\"@id\":\"https:\/\/www.comercialanma.es\/?page_id=3963\",\"url\":\"https:\/\/www.comercialanma.es\/?page_id=3963\",\"name\":\"Cat\\u00e1logo de Productos\"}},{\"@type\":\"ListItem\",\"position\":3,\"item\":{\"@type\":\"WebPage\",\"@id\":\"https:\/\/www.comercialanma.es\/?product=font-dor-50\",\"url\":\"https:\/\/www.comercialanma.es\/?product=font-dor-50\",\"name\":\"Agua Font d\\u00b4Or 50cl.\"}}]}]}<\/script>\n<!-- \/ Yoast SEO plugin. -->","_links":{"self":[{"href":"https:\/\/www.comercialanma.es\/index.php?rest_route=\/wp\/v2\/product\/22700"}],"collection":[{"href":"https:\/\/www.comercialanma.es\/index.php?rest_route=\/wp\/v2\/product"}],"about":[{"href":"https:\/\/www.comercialanma.es\/index.php?rest_route=\/wp\/v2\/types\/product"}],"version-history":[{"count":1,"href":"https:\/\/www.comercialanma.es\/index.php?rest_route=\/wp\/v2\/product\/22700\/revisions"}],"predecessor-version":[{"id":22702,"href":"https:\/\/www.comercialanma.es\/index.php?rest_route=\/wp\/v2\/product\/22700\/revisions\/22702"}],"wp:featuredmedia":[{"embeddable":true,"href":"https:\/\/www.comercialanma.es\/index.php?rest_route=\/wp\/v2\/media\/22701"}],"wp:attachment":[{"href":"https:\/\/www.comercialanma.es\/index.php?rest_route=%2Fwp%2Fv2%2Fmedia&parent=22700"}],"curies":[{"name":"wp","href":"https:\/\/api.w.org\/{rel}","templated":true}]}}