
{"id":22709,"date":"2023-09-25T17:13:31","date_gmt":"2023-09-25T15:13:31","guid":{"rendered":"https:\/\/www.comercialanma.es\/?post_type=product&#038;p=22709"},"modified":"2023-09-25T17:40:32","modified_gmt":"2023-09-25T15:40:32","slug":"paleta-chamuscada-konduroc-dionisio-sanchez","status":"publish","type":"product","link":"https:\/\/www.comercialanma.es\/?product=paleta-chamuscada-konduroc-dionisio-sanchez","title":{"rendered":"Paleta Chamuscada Konduroc Dionisio Sanchez"},"content":{"rendered":"<h3>Ficha T\u00e9cnica:<\/h3>\n<ul>\n<li>Peso 4-4,5kg<\/li>\n<li>Pureza Racial 100% Duroc &#8211; Kacha Negra<\/li>\n<li>Alimentaci\u00f3n: Cereales variados y naturales<\/li>\n<li>Manejo: Criado en granjas especializadas de la Pen\u00ednsula Ib\u00e9rica<\/li>\n<li>Curaci\u00f3n: M\u00ednima 14 meses<\/li>\n<li>Denominaci\u00f3n De Origen: Sin denominaci\u00f3n<\/li>\n<li>Elaborado en: Zamora<\/li>\n<li>Informaci\u00f3n de Al\u00e9rgenos: Sin gluten ni lactosa<\/li>\n<li>Ingredientes: Paleta de Cerdo Cruzado Duroc, Sal Com\u00fan, Az\u00facares, Corrector de Acidez (E331iii), Conservadores (E250 y E252) y Antioxidante (E301)<\/li>\n<\/ul>\n","protected":false},"excerpt":{"rendered":"<p>Paleta Konduroc Chamuscada Centenario\u00a0Hijos de\u00a0Dionisio S\u00e1nchez\u00a0SL\u00a0representa la tradici\u00f3n y los valores en la elaboraci\u00f3n c\u00e1rnica castellano leonesa. En\u00a0Fuentesa\u00faco, Zamora, se sigue elaborando la\u00a0paleta\u00a0Konduroc\u00a0como hace cientos de a\u00f1os.\u00a0La diferencia est\u00e1 en el m\u00e9todo para\u00a0la eliminaci\u00f3n de las cerdas (pelo del animal). La industria c\u00e1rnica lo hace mediante el escaldado. Dionisio S\u00e1nchez utiliza el fuego para chasmuscar el pelo.<\/p>\n<p>Los cerdos de CANTOS PICADOS proceden de progenitores presentes en la misma finca e inscritos en los correspondientes libros geneal\u00f3gicos de la raza IB\u00c9RICA.<\/p>\n<p>Son animales criados en r\u00e9gimen extensivo (en libertad) y no se sacrifican hasta alcanzar una edad m\u00ednima de 18 meses a fin de que sus productos adquieran las mejores cualidades organol\u00e9pticas.<\/p>\n<p>La alimentaci\u00f3n a lo largo de toda su vida es 100% natural.<\/p>\n<p>En base a esta alimentaci\u00f3n, los perfiles de \u00e1cidos grasos de sus grasas son iguales o superiores al 54% en \u00e1cido oleico, por todo ello la grasa de sus productos es calificada como cardiosaludable gracias al perfil de los \u00e1cidos grasos de la misma.<\/p>\n<p>En este sentido, decir que a partir de un 53% de \u00e1cido oleico ya se considera calidad de bellota lo cual implica que nuestro Premium sobrepasa todos los par\u00e1metros establecidos de calidad.<\/p>\n","protected":false},"featured_media":22710,"template":"","meta":{"spay_email":""},"yoast_head":"<!-- This site is optimized with the Yoast SEO plugin v15.9 - https:\/\/yoast.com\/wordpress\/plugins\/seo\/ -->\n<title>Paleta Chamuscada Konduroc Dionisio Sanchez - Comercial de Hosteleria Anma<\/title>\n<meta name=\"description\" content=\"Paleta chamuscada Konduroc | 4-4,5kg.\/ Aprox. | Dionisio S\u00e1nchez | Se cr\u00edan en libertad, aliment\u00e1ndose de los recursos naturales.\" \/>\n<meta name=\"robots\" content=\"index, follow, max-snippet:-1, max-image-preview:large, max-video-preview:-1\" \/>\n<link rel=\"canonical\" href=\"https:\/\/www.comercialanma.es\/?product=paleta-chamuscada-konduroc-dionisio-sanchez\" \/>\n<meta property=\"og:locale\" content=\"es_ES\" \/>\n<meta property=\"og:type\" content=\"article\" \/>\n<meta property=\"og:title\" content=\"Paleta Chamuscada Konduroc Dionisio Sanchez - Comercial de Hosteleria Anma\" \/>\n<meta property=\"og:description\" content=\"Paleta chamuscada Konduroc | 4-4,5kg.\/ Aprox. | Dionisio S\u00e1nchez | Se cr\u00edan en libertad, aliment\u00e1ndose de los recursos naturales.\" \/>\n<meta property=\"og:url\" content=\"https:\/\/www.comercialanma.es\/?product=paleta-chamuscada-konduroc-dionisio-sanchez\" \/>\n<meta property=\"og:site_name\" content=\"Comercial de Hosteleria Anma\" \/>\n<meta property=\"article:publisher\" content=\"https:\/\/www.facebook.com\/AnmaHosteleria\" \/>\n<meta property=\"article:modified_time\" content=\"2023-09-25T15:40:32+00:00\" \/>\n<meta property=\"og:image\" content=\"https:\/\/i0.wp.com\/www.comercialanma.es\/wp-content\/uploads\/2023\/09\/Paleta-konduroc-dionisio-sanchez.jpg?fit=1080%2C1080&#038;ssl=1\" \/>\n\t<meta property=\"og:image:width\" content=\"1080\" \/>\n\t<meta property=\"og:image:height\" content=\"1080\" \/>\n<meta name=\"twitter:card\" content=\"summary_large_image\" \/>\n<meta name=\"twitter:label1\" content=\"Tiempo de lectura\">\n\t<meta name=\"twitter:data1\" content=\"1 minuto\">\n<script type=\"application\/ld+json\" class=\"yoast-schema-graph\">{\"@context\":\"https:\/\/schema.org\",\"@graph\":[{\"@type\":\"Organization\",\"@id\":\"https:\/\/www.comercialanma.es\/#organization\",\"name\":\"Comercial Anma\",\"url\":\"https:\/\/www.comercialanma.es\/\",\"sameAs\":[\"https:\/\/www.facebook.com\/AnmaHosteleria\",\"https:\/\/www.instagram.com\/anmahosteleria\/?hl=es\",\"https:\/\/www.youtube.com\/channel\/UCT2nmn08Ntks0hmpZPnDgCA\"],\"logo\":{\"@type\":\"ImageObject\",\"@id\":\"https:\/\/www.comercialanma.es\/#logo\",\"inLanguage\":\"es\",\"url\":\"https:\/\/i2.wp.com\/www.comercialanma.es\/wp-content\/uploads\/2019\/06\/logo-anma-color.png?fit=247%2C101&ssl=1\",\"width\":247,\"height\":101,\"caption\":\"Comercial Anma\"},\"image\":{\"@id\":\"https:\/\/www.comercialanma.es\/#logo\"}},{\"@type\":\"WebSite\",\"@id\":\"https:\/\/www.comercialanma.es\/#website\",\"url\":\"https:\/\/www.comercialanma.es\/\",\"name\":\"Comercial de Hosteleria Anma\",\"description\":\"\",\"publisher\":{\"@id\":\"https:\/\/www.comercialanma.es\/#organization\"},\"potentialAction\":[{\"@type\":\"SearchAction\",\"target\":\"https:\/\/www.comercialanma.es\/?s={search_term_string}\",\"query-input\":\"required name=search_term_string\"}],\"inLanguage\":\"es\"},{\"@type\":\"ImageObject\",\"@id\":\"https:\/\/www.comercialanma.es\/?product=paleta-chamuscada-konduroc-dionisio-sanchez#primaryimage\",\"inLanguage\":\"es\",\"url\":\"https:\/\/i0.wp.com\/www.comercialanma.es\/wp-content\/uploads\/2023\/09\/Paleta-konduroc-dionisio-sanchez.jpg?fit=1080%2C1080&ssl=1\",\"width\":1080,\"height\":1080},{\"@type\":\"WebPage\",\"@id\":\"https:\/\/www.comercialanma.es\/?product=paleta-chamuscada-konduroc-dionisio-sanchez#webpage\",\"url\":\"https:\/\/www.comercialanma.es\/?product=paleta-chamuscada-konduroc-dionisio-sanchez\",\"name\":\"Paleta Chamuscada Konduroc Dionisio Sanchez - Comercial de Hosteleria Anma\",\"isPartOf\":{\"@id\":\"https:\/\/www.comercialanma.es\/#website\"},\"primaryImageOfPage\":{\"@id\":\"https:\/\/www.comercialanma.es\/?product=paleta-chamuscada-konduroc-dionisio-sanchez#primaryimage\"},\"datePublished\":\"2023-09-25T15:13:31+00:00\",\"dateModified\":\"2023-09-25T15:40:32+00:00\",\"description\":\"Paleta chamuscada Konduroc | 4-4,5kg.\/ Aprox. | Dionisio S\\u00e1nchez | Se cr\\u00edan en libertad, aliment\\u00e1ndose de los recursos naturales.\",\"breadcrumb\":{\"@id\":\"https:\/\/www.comercialanma.es\/?product=paleta-chamuscada-konduroc-dionisio-sanchez#breadcrumb\"},\"inLanguage\":\"es\",\"potentialAction\":[{\"@type\":\"ReadAction\",\"target\":[\"https:\/\/www.comercialanma.es\/?product=paleta-chamuscada-konduroc-dionisio-sanchez\"]}]},{\"@type\":\"BreadcrumbList\",\"@id\":\"https:\/\/www.comercialanma.es\/?product=paleta-chamuscada-konduroc-dionisio-sanchez#breadcrumb\",\"itemListElement\":[{\"@type\":\"ListItem\",\"position\":1,\"item\":{\"@type\":\"WebPage\",\"@id\":\"https:\/\/www.comercialanma.es\/\",\"url\":\"https:\/\/www.comercialanma.es\/\",\"name\":\"Portada\"}},{\"@type\":\"ListItem\",\"position\":2,\"item\":{\"@type\":\"WebPage\",\"@id\":\"https:\/\/www.comercialanma.es\/?page_id=3963\",\"url\":\"https:\/\/www.comercialanma.es\/?page_id=3963\",\"name\":\"Cat\\u00e1logo de Productos\"}},{\"@type\":\"ListItem\",\"position\":3,\"item\":{\"@type\":\"WebPage\",\"@id\":\"https:\/\/www.comercialanma.es\/?product=paleta-chamuscada-konduroc-dionisio-sanchez\",\"url\":\"https:\/\/www.comercialanma.es\/?product=paleta-chamuscada-konduroc-dionisio-sanchez\",\"name\":\"Paleta Chamuscada Konduroc Dionisio Sanchez\"}}]}]}<\/script>\n<!-- \/ Yoast SEO plugin. -->","_links":{"self":[{"href":"https:\/\/www.comercialanma.es\/index.php?rest_route=\/wp\/v2\/product\/22709"}],"collection":[{"href":"https:\/\/www.comercialanma.es\/index.php?rest_route=\/wp\/v2\/product"}],"about":[{"href":"https:\/\/www.comercialanma.es\/index.php?rest_route=\/wp\/v2\/types\/product"}],"version-history":[{"count":1,"href":"https:\/\/www.comercialanma.es\/index.php?rest_route=\/wp\/v2\/product\/22709\/revisions"}],"predecessor-version":[{"id":22711,"href":"https:\/\/www.comercialanma.es\/index.php?rest_route=\/wp\/v2\/product\/22709\/revisions\/22711"}],"wp:featuredmedia":[{"embeddable":true,"href":"https:\/\/www.comercialanma.es\/index.php?rest_route=\/wp\/v2\/media\/22710"}],"wp:attachment":[{"href":"https:\/\/www.comercialanma.es\/index.php?rest_route=%2Fwp%2Fv2%2Fmedia&parent=22709"}],"curies":[{"name":"wp","href":"https:\/\/api.w.org\/{rel}","templated":true}]}}