
{"id":22745,"date":"2023-09-26T16:38:53","date_gmt":"2023-09-26T14:38:53","guid":{"rendered":"https:\/\/www.comercialanma.es\/?post_type=product&#038;p=22745"},"modified":"2023-09-26T16:54:42","modified_gmt":"2023-09-26T14:54:42","slug":"lomos-de-bonito-miau-190gr","status":"publish","type":"product","link":"https:\/\/www.comercialanma.es\/?product=lomos-de-bonito-miau-190gr","title":{"rendered":"Lomos de bonito en aceite de oliva Miau 190gr."},"content":{"rendered":"<ul>\n<li>Marca: Miau<\/li>\n<li>Descripci\u00f3n:Lomos de bonito del Norte en aceite de oliva<\/li>\n<li>Formato: Tarro cristal 190gr.<\/li>\n<\/ul>\n","protected":false},"excerpt":{"rendered":"<p>Elaborados a mano con lomos de calidad extraordinaria y tama\u00f1o perfecto para extraer lascas y preparar deliciosas recetas con bonito del norte. Muy c\u00f3modo para abrir, consumir y conservar para pr\u00f3ximos usos.<\/p>\n","protected":false},"featured_media":22746,"template":"","meta":{"spay_email":""},"yoast_head":"<!-- This site is optimized with the Yoast SEO plugin v15.9 - https:\/\/yoast.com\/wordpress\/plugins\/seo\/ -->\n<title>Lomos de bonito en aceite de oliva Miau 190gr. - Comercial de Hosteleria Anma<\/title>\n<meta name=\"description\" content=\"Lomos de bonito del Norte en aceite de oliva | Miau | 190gr. | Elaborados a mano con lomos de calidad extraordinaria y tama\u00f1o perfecto.\" \/>\n<meta name=\"robots\" content=\"index, follow, max-snippet:-1, max-image-preview:large, max-video-preview:-1\" \/>\n<link rel=\"canonical\" href=\"https:\/\/www.comercialanma.es\/?product=lomos-de-bonito-miau-190gr\" \/>\n<meta property=\"og:locale\" content=\"es_ES\" \/>\n<meta property=\"og:type\" content=\"article\" \/>\n<meta property=\"og:title\" content=\"Lomos de bonito en aceite de oliva Miau 190gr. - Comercial de Hosteleria Anma\" \/>\n<meta property=\"og:description\" content=\"Lomos de bonito del Norte en aceite de oliva | Miau | 190gr. | Elaborados a mano con lomos de calidad extraordinaria y tama\u00f1o perfecto.\" \/>\n<meta property=\"og:url\" content=\"https:\/\/www.comercialanma.es\/?product=lomos-de-bonito-miau-190gr\" \/>\n<meta property=\"og:site_name\" content=\"Comercial de Hosteleria Anma\" \/>\n<meta property=\"article:publisher\" content=\"https:\/\/www.facebook.com\/AnmaHosteleria\" \/>\n<meta property=\"article:modified_time\" content=\"2023-09-26T14:54:42+00:00\" \/>\n<meta property=\"og:image\" content=\"https:\/\/i0.wp.com\/www.comercialanma.es\/wp-content\/uploads\/2023\/09\/Miau-lomos-de-bonito-190gr.jpg?fit=1080%2C1080&#038;ssl=1\" \/>\n\t<meta property=\"og:image:width\" content=\"1080\" \/>\n\t<meta property=\"og:image:height\" content=\"1080\" \/>\n<meta name=\"twitter:card\" content=\"summary_large_image\" \/>\n<meta name=\"twitter:label1\" content=\"Tiempo de lectura\">\n\t<meta name=\"twitter:data1\" content=\"1 minuto\">\n<script type=\"application\/ld+json\" class=\"yoast-schema-graph\">{\"@context\":\"https:\/\/schema.org\",\"@graph\":[{\"@type\":\"Organization\",\"@id\":\"https:\/\/www.comercialanma.es\/#organization\",\"name\":\"Comercial Anma\",\"url\":\"https:\/\/www.comercialanma.es\/\",\"sameAs\":[\"https:\/\/www.facebook.com\/AnmaHosteleria\",\"https:\/\/www.instagram.com\/anmahosteleria\/?hl=es\",\"https:\/\/www.youtube.com\/channel\/UCT2nmn08Ntks0hmpZPnDgCA\"],\"logo\":{\"@type\":\"ImageObject\",\"@id\":\"https:\/\/www.comercialanma.es\/#logo\",\"inLanguage\":\"es\",\"url\":\"https:\/\/i2.wp.com\/www.comercialanma.es\/wp-content\/uploads\/2019\/06\/logo-anma-color.png?fit=247%2C101&ssl=1\",\"width\":247,\"height\":101,\"caption\":\"Comercial Anma\"},\"image\":{\"@id\":\"https:\/\/www.comercialanma.es\/#logo\"}},{\"@type\":\"WebSite\",\"@id\":\"https:\/\/www.comercialanma.es\/#website\",\"url\":\"https:\/\/www.comercialanma.es\/\",\"name\":\"Comercial de Hosteleria Anma\",\"description\":\"\",\"publisher\":{\"@id\":\"https:\/\/www.comercialanma.es\/#organization\"},\"potentialAction\":[{\"@type\":\"SearchAction\",\"target\":\"https:\/\/www.comercialanma.es\/?s={search_term_string}\",\"query-input\":\"required name=search_term_string\"}],\"inLanguage\":\"es\"},{\"@type\":\"ImageObject\",\"@id\":\"https:\/\/www.comercialanma.es\/?product=lomos-de-bonito-miau-190gr#primaryimage\",\"inLanguage\":\"es\",\"url\":\"https:\/\/i0.wp.com\/www.comercialanma.es\/wp-content\/uploads\/2023\/09\/Miau-lomos-de-bonito-190gr.jpg?fit=1080%2C1080&ssl=1\",\"width\":1080,\"height\":1080},{\"@type\":\"WebPage\",\"@id\":\"https:\/\/www.comercialanma.es\/?product=lomos-de-bonito-miau-190gr#webpage\",\"url\":\"https:\/\/www.comercialanma.es\/?product=lomos-de-bonito-miau-190gr\",\"name\":\"Lomos de bonito en aceite de oliva Miau 190gr. - Comercial de Hosteleria Anma\",\"isPartOf\":{\"@id\":\"https:\/\/www.comercialanma.es\/#website\"},\"primaryImageOfPage\":{\"@id\":\"https:\/\/www.comercialanma.es\/?product=lomos-de-bonito-miau-190gr#primaryimage\"},\"datePublished\":\"2023-09-26T14:38:53+00:00\",\"dateModified\":\"2023-09-26T14:54:42+00:00\",\"description\":\"Lomos de bonito del Norte en aceite de oliva | Miau | 190gr. | Elaborados a mano con lomos de calidad extraordinaria y tama\\u00f1o perfecto.\",\"breadcrumb\":{\"@id\":\"https:\/\/www.comercialanma.es\/?product=lomos-de-bonito-miau-190gr#breadcrumb\"},\"inLanguage\":\"es\",\"potentialAction\":[{\"@type\":\"ReadAction\",\"target\":[\"https:\/\/www.comercialanma.es\/?product=lomos-de-bonito-miau-190gr\"]}]},{\"@type\":\"BreadcrumbList\",\"@id\":\"https:\/\/www.comercialanma.es\/?product=lomos-de-bonito-miau-190gr#breadcrumb\",\"itemListElement\":[{\"@type\":\"ListItem\",\"position\":1,\"item\":{\"@type\":\"WebPage\",\"@id\":\"https:\/\/www.comercialanma.es\/\",\"url\":\"https:\/\/www.comercialanma.es\/\",\"name\":\"Portada\"}},{\"@type\":\"ListItem\",\"position\":2,\"item\":{\"@type\":\"WebPage\",\"@id\":\"https:\/\/www.comercialanma.es\/?page_id=3963\",\"url\":\"https:\/\/www.comercialanma.es\/?page_id=3963\",\"name\":\"Cat\\u00e1logo de Productos\"}},{\"@type\":\"ListItem\",\"position\":3,\"item\":{\"@type\":\"WebPage\",\"@id\":\"https:\/\/www.comercialanma.es\/?product=lomos-de-bonito-miau-190gr\",\"url\":\"https:\/\/www.comercialanma.es\/?product=lomos-de-bonito-miau-190gr\",\"name\":\"Lomos de bonito en aceite de oliva Miau 190gr.\"}}]}]}<\/script>\n<!-- \/ Yoast SEO plugin. -->","_links":{"self":[{"href":"https:\/\/www.comercialanma.es\/index.php?rest_route=\/wp\/v2\/product\/22745"}],"collection":[{"href":"https:\/\/www.comercialanma.es\/index.php?rest_route=\/wp\/v2\/product"}],"about":[{"href":"https:\/\/www.comercialanma.es\/index.php?rest_route=\/wp\/v2\/types\/product"}],"version-history":[{"count":1,"href":"https:\/\/www.comercialanma.es\/index.php?rest_route=\/wp\/v2\/product\/22745\/revisions"}],"predecessor-version":[{"id":22747,"href":"https:\/\/www.comercialanma.es\/index.php?rest_route=\/wp\/v2\/product\/22745\/revisions\/22747"}],"wp:featuredmedia":[{"embeddable":true,"href":"https:\/\/www.comercialanma.es\/index.php?rest_route=\/wp\/v2\/media\/22746"}],"wp:attachment":[{"href":"https:\/\/www.comercialanma.es\/index.php?rest_route=%2Fwp%2Fv2%2Fmedia&parent=22745"}],"curies":[{"name":"wp","href":"https:\/\/api.w.org\/{rel}","templated":true}]}}