
{"id":22755,"date":"2023-09-26T17:37:43","date_gmt":"2023-09-26T15:37:43","guid":{"rendered":"https:\/\/www.comercialanma.es\/?post_type=product&#038;p=22755"},"modified":"2023-09-26T17:51:44","modified_gmt":"2023-09-26T15:51:44","slug":"champinon-entero-la-fragua","status":"publish","type":"product","link":"https:\/\/www.comercialanma.es\/?product=champinon-entero-la-fragua","title":{"rendered":"Champi\u00f1\u00f3n La Fragua entero 500gr."},"content":{"rendered":"<h3>Ingredientes:<\/h3>\n<p>Champi\u00f1\u00f3n cultivado primera, agua, sal, ACIDULZANTE: E-330, ANTIOXIDANTE: E-300<\/p>\n<p>&nbsp;<\/p>\n","protected":false},"excerpt":{"rendered":"<p>Nuestra localizaci\u00f3n es privilegiada para el cultivo de setas y champi\u00f1ones. Contienen importantes caracter\u00edsticas antioxidantes y su consumo se asocia a propiedades anticancer\u00edgenas. Son hongos de primera calidad y su uso puede ser\u00a0 tan variado como rellenos, salteados, al horno, etc<\/p>\n<p>&nbsp;<\/p>\n","protected":false},"featured_media":22756,"template":"","meta":{"spay_email":""},"yoast_head":"<!-- This site is optimized with the Yoast SEO plugin v15.9 - https:\/\/yoast.com\/wordpress\/plugins\/seo\/ -->\n<title>Champi\u00f1\u00f3n La Fragua entero 500gr. - Comercial de Hosteleria Anma<\/title>\n<meta name=\"description\" content=\"Champi\u00f1\u00f3n cultivado entero. | La Fragua | 500gr. | Es un hongo rico en vitamina B y f\u00f3sforo. Es ideal en dietas de control de peso.\" \/>\n<meta name=\"robots\" content=\"index, follow, max-snippet:-1, max-image-preview:large, max-video-preview:-1\" \/>\n<link rel=\"canonical\" href=\"https:\/\/www.comercialanma.es\/?product=champinon-entero-la-fragua\" \/>\n<meta property=\"og:locale\" content=\"es_ES\" \/>\n<meta property=\"og:type\" content=\"article\" \/>\n<meta property=\"og:title\" content=\"Champi\u00f1\u00f3n La Fragua entero 500gr. - Comercial de Hosteleria Anma\" \/>\n<meta property=\"og:description\" content=\"Champi\u00f1\u00f3n cultivado entero. | La Fragua | 500gr. | Es un hongo rico en vitamina B y f\u00f3sforo. Es ideal en dietas de control de peso.\" \/>\n<meta property=\"og:url\" content=\"https:\/\/www.comercialanma.es\/?product=champinon-entero-la-fragua\" \/>\n<meta property=\"og:site_name\" content=\"Comercial de Hosteleria Anma\" \/>\n<meta property=\"article:publisher\" content=\"https:\/\/www.facebook.com\/AnmaHosteleria\" \/>\n<meta property=\"article:modified_time\" content=\"2023-09-26T15:51:44+00:00\" \/>\n<meta property=\"og:image\" content=\"https:\/\/i1.wp.com\/www.comercialanma.es\/wp-content\/uploads\/2023\/09\/Champin\u0303on-entero-la-fragua-500gr.jpg?fit=1080%2C1080&#038;ssl=1\" \/>\n\t<meta property=\"og:image:width\" content=\"1080\" \/>\n\t<meta property=\"og:image:height\" content=\"1080\" \/>\n<meta name=\"twitter:card\" content=\"summary_large_image\" \/>\n<script type=\"application\/ld+json\" class=\"yoast-schema-graph\">{\"@context\":\"https:\/\/schema.org\",\"@graph\":[{\"@type\":\"Organization\",\"@id\":\"https:\/\/www.comercialanma.es\/#organization\",\"name\":\"Comercial Anma\",\"url\":\"https:\/\/www.comercialanma.es\/\",\"sameAs\":[\"https:\/\/www.facebook.com\/AnmaHosteleria\",\"https:\/\/www.instagram.com\/anmahosteleria\/?hl=es\",\"https:\/\/www.youtube.com\/channel\/UCT2nmn08Ntks0hmpZPnDgCA\"],\"logo\":{\"@type\":\"ImageObject\",\"@id\":\"https:\/\/www.comercialanma.es\/#logo\",\"inLanguage\":\"es\",\"url\":\"https:\/\/i2.wp.com\/www.comercialanma.es\/wp-content\/uploads\/2019\/06\/logo-anma-color.png?fit=247%2C101&ssl=1\",\"width\":247,\"height\":101,\"caption\":\"Comercial Anma\"},\"image\":{\"@id\":\"https:\/\/www.comercialanma.es\/#logo\"}},{\"@type\":\"WebSite\",\"@id\":\"https:\/\/www.comercialanma.es\/#website\",\"url\":\"https:\/\/www.comercialanma.es\/\",\"name\":\"Comercial de Hosteleria Anma\",\"description\":\"\",\"publisher\":{\"@id\":\"https:\/\/www.comercialanma.es\/#organization\"},\"potentialAction\":[{\"@type\":\"SearchAction\",\"target\":\"https:\/\/www.comercialanma.es\/?s={search_term_string}\",\"query-input\":\"required name=search_term_string\"}],\"inLanguage\":\"es\"},{\"@type\":\"ImageObject\",\"@id\":\"https:\/\/www.comercialanma.es\/?product=champinon-entero-la-fragua#primaryimage\",\"inLanguage\":\"es\",\"url\":\"https:\/\/i1.wp.com\/www.comercialanma.es\/wp-content\/uploads\/2023\/09\/Champin\\u0303on-entero-la-fragua-500gr.jpg?fit=1080%2C1080&ssl=1\",\"width\":1080,\"height\":1080},{\"@type\":\"WebPage\",\"@id\":\"https:\/\/www.comercialanma.es\/?product=champinon-entero-la-fragua#webpage\",\"url\":\"https:\/\/www.comercialanma.es\/?product=champinon-entero-la-fragua\",\"name\":\"Champi\\u00f1\\u00f3n La Fragua entero 500gr. - Comercial de Hosteleria Anma\",\"isPartOf\":{\"@id\":\"https:\/\/www.comercialanma.es\/#website\"},\"primaryImageOfPage\":{\"@id\":\"https:\/\/www.comercialanma.es\/?product=champinon-entero-la-fragua#primaryimage\"},\"datePublished\":\"2023-09-26T15:37:43+00:00\",\"dateModified\":\"2023-09-26T15:51:44+00:00\",\"description\":\"Champi\\u00f1\\u00f3n cultivado entero. | La Fragua | 500gr. | Es un hongo rico en vitamina B y f\\u00f3sforo. Es ideal en dietas de control de peso.\",\"breadcrumb\":{\"@id\":\"https:\/\/www.comercialanma.es\/?product=champinon-entero-la-fragua#breadcrumb\"},\"inLanguage\":\"es\",\"potentialAction\":[{\"@type\":\"ReadAction\",\"target\":[\"https:\/\/www.comercialanma.es\/?product=champinon-entero-la-fragua\"]}]},{\"@type\":\"BreadcrumbList\",\"@id\":\"https:\/\/www.comercialanma.es\/?product=champinon-entero-la-fragua#breadcrumb\",\"itemListElement\":[{\"@type\":\"ListItem\",\"position\":1,\"item\":{\"@type\":\"WebPage\",\"@id\":\"https:\/\/www.comercialanma.es\/\",\"url\":\"https:\/\/www.comercialanma.es\/\",\"name\":\"Portada\"}},{\"@type\":\"ListItem\",\"position\":2,\"item\":{\"@type\":\"WebPage\",\"@id\":\"https:\/\/www.comercialanma.es\/?page_id=3963\",\"url\":\"https:\/\/www.comercialanma.es\/?page_id=3963\",\"name\":\"Cat\\u00e1logo de Productos\"}},{\"@type\":\"ListItem\",\"position\":3,\"item\":{\"@type\":\"WebPage\",\"@id\":\"https:\/\/www.comercialanma.es\/?product=champinon-entero-la-fragua\",\"url\":\"https:\/\/www.comercialanma.es\/?product=champinon-entero-la-fragua\",\"name\":\"Champi\\u00f1\\u00f3n La Fragua entero 500gr.\"}}]}]}<\/script>\n<!-- \/ Yoast SEO plugin. -->","_links":{"self":[{"href":"https:\/\/www.comercialanma.es\/index.php?rest_route=\/wp\/v2\/product\/22755"}],"collection":[{"href":"https:\/\/www.comercialanma.es\/index.php?rest_route=\/wp\/v2\/product"}],"about":[{"href":"https:\/\/www.comercialanma.es\/index.php?rest_route=\/wp\/v2\/types\/product"}],"version-history":[{"count":1,"href":"https:\/\/www.comercialanma.es\/index.php?rest_route=\/wp\/v2\/product\/22755\/revisions"}],"predecessor-version":[{"id":22757,"href":"https:\/\/www.comercialanma.es\/index.php?rest_route=\/wp\/v2\/product\/22755\/revisions\/22757"}],"wp:featuredmedia":[{"embeddable":true,"href":"https:\/\/www.comercialanma.es\/index.php?rest_route=\/wp\/v2\/media\/22756"}],"wp:attachment":[{"href":"https:\/\/www.comercialanma.es\/index.php?rest_route=%2Fwp%2Fv2%2Fmedia&parent=22755"}],"curies":[{"name":"wp","href":"https:\/\/api.w.org\/{rel}","templated":true}]}}