
{"id":22763,"date":"2023-09-28T11:49:50","date_gmt":"2023-09-28T09:49:50","guid":{"rendered":"https:\/\/www.comercialanma.es\/?post_type=product&#038;p=22763"},"modified":"2023-09-28T12:26:22","modified_gmt":"2023-09-28T10:26:22","slug":"salsa-de-tomate-para-pizza-villa-sarnago","status":"publish","type":"product","link":"https:\/\/www.comercialanma.es\/?product=salsa-de-tomate-para-pizza-villa-sarnago","title":{"rendered":"Salsa de tomate para pizza Villa Sarnago 5kg."},"content":{"rendered":"<h3>Ingredientes:<\/h3>\n<p>Tomate, agua, almid\u00f3n modificado de ma\u00edz, az\u00facar, sal, aceite de girasol, cebolla, hierbas arom\u00e1ticas, especias y acidulzante, \u00e1cido c\u00edtrico.<\/p>\n","protected":false},"excerpt":{"rendered":"<div class=\"cls_prodDescription\">\n<div tabindex=\"0\" aria-label=\"En Orlando elaboramos el tomate triturado con tomates frescos seleccionados en su punto de madurez, y lo envasamos enseguida para mantener toda su riqueza nutritiva. Por su exquisito sabor, aroma y consistencia puede usarse como base para elaborar salsas o como ingrediente para cocinar los platos m\u00e1s diversos.\">Salsa casera y llena de sabor. Este tomate se caracteriza por su textura espesa y suave, ideal para untar en la base de la pizza.<\/div>\n<\/div>\n","protected":false},"featured_media":22764,"template":"","meta":{"spay_email":""},"yoast_head":"<!-- This site is optimized with the Yoast SEO plugin v15.9 - https:\/\/yoast.com\/wordpress\/plugins\/seo\/ -->\n<title>Salsa de tomate para pizza Villa Sarnago 5kg. - Comercial de Hosteleria Anma<\/title>\n<meta name=\"description\" content=\"Salsa de tomate para pizza | Villa Sarnago | 5kg. | Salsa casera y llena de sabor. Ideal para untar en la base de la pizza.\" \/>\n<meta name=\"robots\" content=\"index, follow, max-snippet:-1, max-image-preview:large, max-video-preview:-1\" \/>\n<link rel=\"canonical\" href=\"https:\/\/www.comercialanma.es\/?product=salsa-de-tomate-para-pizza-villa-sarnago\" \/>\n<meta property=\"og:locale\" content=\"es_ES\" \/>\n<meta property=\"og:type\" content=\"article\" \/>\n<meta property=\"og:title\" content=\"Salsa de tomate para pizza Villa Sarnago 5kg. - Comercial de Hosteleria Anma\" \/>\n<meta property=\"og:description\" content=\"Salsa de tomate para pizza | Villa Sarnago | 5kg. | Salsa casera y llena de sabor. Ideal para untar en la base de la pizza.\" \/>\n<meta property=\"og:url\" content=\"https:\/\/www.comercialanma.es\/?product=salsa-de-tomate-para-pizza-villa-sarnago\" \/>\n<meta property=\"og:site_name\" content=\"Comercial de Hosteleria Anma\" \/>\n<meta property=\"article:publisher\" content=\"https:\/\/www.facebook.com\/AnmaHosteleria\" \/>\n<meta property=\"article:modified_time\" content=\"2023-09-28T10:26:22+00:00\" \/>\n<meta property=\"og:image\" content=\"https:\/\/i2.wp.com\/www.comercialanma.es\/wp-content\/uploads\/2023\/09\/Salsa-de-tomate-para-pizza-villa-sarnago-5kg.jpg?fit=1080%2C1080&#038;ssl=1\" \/>\n\t<meta property=\"og:image:width\" content=\"1080\" \/>\n\t<meta property=\"og:image:height\" content=\"1080\" \/>\n<meta name=\"twitter:card\" content=\"summary_large_image\" \/>\n<meta name=\"twitter:label1\" content=\"Tiempo de lectura\">\n\t<meta name=\"twitter:data1\" content=\"1 minuto\">\n<script type=\"application\/ld+json\" class=\"yoast-schema-graph\">{\"@context\":\"https:\/\/schema.org\",\"@graph\":[{\"@type\":\"Organization\",\"@id\":\"https:\/\/www.comercialanma.es\/#organization\",\"name\":\"Comercial Anma\",\"url\":\"https:\/\/www.comercialanma.es\/\",\"sameAs\":[\"https:\/\/www.facebook.com\/AnmaHosteleria\",\"https:\/\/www.instagram.com\/anmahosteleria\/?hl=es\",\"https:\/\/www.youtube.com\/channel\/UCT2nmn08Ntks0hmpZPnDgCA\"],\"logo\":{\"@type\":\"ImageObject\",\"@id\":\"https:\/\/www.comercialanma.es\/#logo\",\"inLanguage\":\"es\",\"url\":\"https:\/\/i2.wp.com\/www.comercialanma.es\/wp-content\/uploads\/2019\/06\/logo-anma-color.png?fit=247%2C101&ssl=1\",\"width\":247,\"height\":101,\"caption\":\"Comercial Anma\"},\"image\":{\"@id\":\"https:\/\/www.comercialanma.es\/#logo\"}},{\"@type\":\"WebSite\",\"@id\":\"https:\/\/www.comercialanma.es\/#website\",\"url\":\"https:\/\/www.comercialanma.es\/\",\"name\":\"Comercial de Hosteleria Anma\",\"description\":\"\",\"publisher\":{\"@id\":\"https:\/\/www.comercialanma.es\/#organization\"},\"potentialAction\":[{\"@type\":\"SearchAction\",\"target\":\"https:\/\/www.comercialanma.es\/?s={search_term_string}\",\"query-input\":\"required name=search_term_string\"}],\"inLanguage\":\"es\"},{\"@type\":\"ImageObject\",\"@id\":\"https:\/\/www.comercialanma.es\/?product=salsa-de-tomate-para-pizza-villa-sarnago#primaryimage\",\"inLanguage\":\"es\",\"url\":\"https:\/\/i2.wp.com\/www.comercialanma.es\/wp-content\/uploads\/2023\/09\/Salsa-de-tomate-para-pizza-villa-sarnago-5kg.jpg?fit=1080%2C1080&ssl=1\",\"width\":1080,\"height\":1080},{\"@type\":\"WebPage\",\"@id\":\"https:\/\/www.comercialanma.es\/?product=salsa-de-tomate-para-pizza-villa-sarnago#webpage\",\"url\":\"https:\/\/www.comercialanma.es\/?product=salsa-de-tomate-para-pizza-villa-sarnago\",\"name\":\"Salsa de tomate para pizza Villa Sarnago 5kg. - Comercial de Hosteleria Anma\",\"isPartOf\":{\"@id\":\"https:\/\/www.comercialanma.es\/#website\"},\"primaryImageOfPage\":{\"@id\":\"https:\/\/www.comercialanma.es\/?product=salsa-de-tomate-para-pizza-villa-sarnago#primaryimage\"},\"datePublished\":\"2023-09-28T09:49:50+00:00\",\"dateModified\":\"2023-09-28T10:26:22+00:00\",\"description\":\"Salsa de tomate para pizza | Villa Sarnago | 5kg. | Salsa casera y llena de sabor. Ideal para untar en la base de la pizza.\",\"breadcrumb\":{\"@id\":\"https:\/\/www.comercialanma.es\/?product=salsa-de-tomate-para-pizza-villa-sarnago#breadcrumb\"},\"inLanguage\":\"es\",\"potentialAction\":[{\"@type\":\"ReadAction\",\"target\":[\"https:\/\/www.comercialanma.es\/?product=salsa-de-tomate-para-pizza-villa-sarnago\"]}]},{\"@type\":\"BreadcrumbList\",\"@id\":\"https:\/\/www.comercialanma.es\/?product=salsa-de-tomate-para-pizza-villa-sarnago#breadcrumb\",\"itemListElement\":[{\"@type\":\"ListItem\",\"position\":1,\"item\":{\"@type\":\"WebPage\",\"@id\":\"https:\/\/www.comercialanma.es\/\",\"url\":\"https:\/\/www.comercialanma.es\/\",\"name\":\"Portada\"}},{\"@type\":\"ListItem\",\"position\":2,\"item\":{\"@type\":\"WebPage\",\"@id\":\"https:\/\/www.comercialanma.es\/?page_id=3963\",\"url\":\"https:\/\/www.comercialanma.es\/?page_id=3963\",\"name\":\"Cat\\u00e1logo de Productos\"}},{\"@type\":\"ListItem\",\"position\":3,\"item\":{\"@type\":\"WebPage\",\"@id\":\"https:\/\/www.comercialanma.es\/?product=salsa-de-tomate-para-pizza-villa-sarnago\",\"url\":\"https:\/\/www.comercialanma.es\/?product=salsa-de-tomate-para-pizza-villa-sarnago\",\"name\":\"Salsa de tomate para pizza Villa Sarnago 5kg.\"}}]}]}<\/script>\n<!-- \/ Yoast SEO plugin. -->","_links":{"self":[{"href":"https:\/\/www.comercialanma.es\/index.php?rest_route=\/wp\/v2\/product\/22763"}],"collection":[{"href":"https:\/\/www.comercialanma.es\/index.php?rest_route=\/wp\/v2\/product"}],"about":[{"href":"https:\/\/www.comercialanma.es\/index.php?rest_route=\/wp\/v2\/types\/product"}],"version-history":[{"count":1,"href":"https:\/\/www.comercialanma.es\/index.php?rest_route=\/wp\/v2\/product\/22763\/revisions"}],"predecessor-version":[{"id":22765,"href":"https:\/\/www.comercialanma.es\/index.php?rest_route=\/wp\/v2\/product\/22763\/revisions\/22765"}],"wp:featuredmedia":[{"embeddable":true,"href":"https:\/\/www.comercialanma.es\/index.php?rest_route=\/wp\/v2\/media\/22764"}],"wp:attachment":[{"href":"https:\/\/www.comercialanma.es\/index.php?rest_route=%2Fwp%2Fv2%2Fmedia&parent=22763"}],"curies":[{"name":"wp","href":"https:\/\/api.w.org\/{rel}","templated":true}]}}