
{"id":23721,"date":"2024-04-26T11:37:07","date_gmt":"2024-04-26T09:37:07","guid":{"rendered":"https:\/\/www.comercialanma.es\/?post_type=product&#038;p=23721"},"modified":"2024-04-26T11:47:00","modified_gmt":"2024-04-26T09:47:00","slug":"sommos-coleccion-syrah-tinto","status":"publish","type":"product","link":"https:\/\/www.comercialanma.es\/?product=sommos-coleccion-syrah-tinto","title":{"rendered":"Sommos Colecci\u00f3n Syrah tinto 75cl."},"content":{"rendered":"<h3>D.O.:<\/h3>\n<ul>\n<li>Somontano<\/li>\n<\/ul>\n<h3>Variedades de uva:<\/h3>\n<ul>\n<li>Syrah.<\/li>\n<\/ul>\n<h3>Graduaci\u00f3n:<\/h3>\n<ul>\n<li>Graduaci\u00f3n: 14,0 % vol.<\/li>\n<\/ul>\n<h3>Nota de cata:<\/h3>\n<div class=\"field\">\n<div class=\"wpb_column vc_column_container vc_col-sm-4\">\n<div class=\"vc_column-inner vc_custom_1562151285845\">\n<div class=\"wpb_wrapper\">\n<ul>\n<li class=\"vc_acf vc_txt_align_center field_5d1c80cc72f2c\"><strong>Vista:<\/strong> Rojo con matices p\u00farpuras de gran profundidad.<\/li>\n<li class=\"vc_acf vc_txt_align_center field_5d1c80cc72f2c\"><strong>Aromas:<\/strong>\u00a0Frutas rojas maduras y frutas del bosque. Con notas florales y algunas especias como laurel y pimienta rosa.<\/li>\n<li class=\"vc_acf vc_txt_align_center field_5d1c80cc72f2c\"><strong>Boca:<\/strong>\u00a0Afrutada, con una acidez equilibrada y de largo recorrido.<\/li>\n<\/ul>\n<h3>Maridaje:<\/h3>\n<ul>\n<li>\n<div class=\"wpb_text_column wpb_content_element \">\n<div class=\"wpb_wrapper\">\n<p>Ideal con carnes rojas y de caza, comidas especiadas y quesos azules.<\/p>\n<\/div>\n<\/div>\n<\/li>\n<\/ul>\n<h3>T\u00aa Servicio:<\/h3>\n<ul>\n<li>14 &#8211; 16\u00baC.<\/li>\n<\/ul>\n<\/div>\n<\/div>\n<\/div>\n<\/div>\n","protected":false},"excerpt":{"rendered":"<div data-animate-type=\"transition.flipYIn\">\n<p><em>SOMMOS COLECCI\u00d3N SYRAH, un vino con personalidad \u00fanica, muy vers\u00e1til, complejo y elegante.<\/em><\/p>\n<\/div>\n","protected":false},"featured_media":23722,"template":"","meta":{"spay_email":""},"yoast_head":"<!-- This site is optimized with the Yoast SEO plugin v15.9 - https:\/\/yoast.com\/wordpress\/plugins\/seo\/ -->\n<title>Sommos Colecci\u00f3n Syrah tinto 75cl. - Comercial de Hosteleria Anma<\/title>\n<meta name=\"description\" content=\"Sommos Colecci\u00f3n Syrah tinto | 75cl. | D.O Somontano | Un vino con personalidad \u00fanica, muy vers\u00e1til, complejo y elegante.\" \/>\n<meta name=\"robots\" content=\"index, follow, max-snippet:-1, max-image-preview:large, max-video-preview:-1\" \/>\n<link rel=\"canonical\" href=\"https:\/\/www.comercialanma.es\/?product=sommos-coleccion-syrah-tinto\" \/>\n<meta property=\"og:locale\" content=\"es_ES\" \/>\n<meta property=\"og:type\" content=\"article\" \/>\n<meta property=\"og:title\" content=\"Sommos Colecci\u00f3n Syrah tinto 75cl. - Comercial de Hosteleria Anma\" \/>\n<meta property=\"og:description\" content=\"Sommos Colecci\u00f3n Syrah tinto | 75cl. | D.O Somontano | Un vino con personalidad \u00fanica, muy vers\u00e1til, complejo y elegante.\" \/>\n<meta property=\"og:url\" content=\"https:\/\/www.comercialanma.es\/?product=sommos-coleccion-syrah-tinto\" \/>\n<meta property=\"og:site_name\" content=\"Comercial de Hosteleria Anma\" \/>\n<meta property=\"article:publisher\" content=\"https:\/\/www.facebook.com\/AnmaHosteleria\" \/>\n<meta property=\"article:modified_time\" content=\"2024-04-26T09:47:00+00:00\" \/>\n<meta property=\"og:image\" content=\"https:\/\/i2.wp.com\/www.comercialanma.es\/wp-content\/uploads\/2024\/04\/Sommos-coleccion-syrah.jpg?fit=1080%2C1080&#038;ssl=1\" \/>\n\t<meta property=\"og:image:width\" content=\"1080\" \/>\n\t<meta property=\"og:image:height\" content=\"1080\" \/>\n<meta name=\"twitter:card\" content=\"summary_large_image\" \/>\n<meta name=\"twitter:label1\" content=\"Tiempo de lectura\">\n\t<meta name=\"twitter:data1\" content=\"1 minuto\">\n<script type=\"application\/ld+json\" class=\"yoast-schema-graph\">{\"@context\":\"https:\/\/schema.org\",\"@graph\":[{\"@type\":\"Organization\",\"@id\":\"https:\/\/www.comercialanma.es\/#organization\",\"name\":\"Comercial Anma\",\"url\":\"https:\/\/www.comercialanma.es\/\",\"sameAs\":[\"https:\/\/www.facebook.com\/AnmaHosteleria\",\"https:\/\/www.instagram.com\/anmahosteleria\/?hl=es\",\"https:\/\/www.youtube.com\/channel\/UCT2nmn08Ntks0hmpZPnDgCA\"],\"logo\":{\"@type\":\"ImageObject\",\"@id\":\"https:\/\/www.comercialanma.es\/#logo\",\"inLanguage\":\"es\",\"url\":\"https:\/\/i2.wp.com\/www.comercialanma.es\/wp-content\/uploads\/2019\/06\/logo-anma-color.png?fit=247%2C101&ssl=1\",\"width\":247,\"height\":101,\"caption\":\"Comercial Anma\"},\"image\":{\"@id\":\"https:\/\/www.comercialanma.es\/#logo\"}},{\"@type\":\"WebSite\",\"@id\":\"https:\/\/www.comercialanma.es\/#website\",\"url\":\"https:\/\/www.comercialanma.es\/\",\"name\":\"Comercial de Hosteleria Anma\",\"description\":\"\",\"publisher\":{\"@id\":\"https:\/\/www.comercialanma.es\/#organization\"},\"potentialAction\":[{\"@type\":\"SearchAction\",\"target\":\"https:\/\/www.comercialanma.es\/?s={search_term_string}\",\"query-input\":\"required name=search_term_string\"}],\"inLanguage\":\"es\"},{\"@type\":\"ImageObject\",\"@id\":\"https:\/\/www.comercialanma.es\/?product=sommos-coleccion-syrah-tinto#primaryimage\",\"inLanguage\":\"es\",\"url\":\"https:\/\/i2.wp.com\/www.comercialanma.es\/wp-content\/uploads\/2024\/04\/Sommos-coleccion-syrah.jpg?fit=1080%2C1080&ssl=1\",\"width\":1080,\"height\":1080},{\"@type\":\"WebPage\",\"@id\":\"https:\/\/www.comercialanma.es\/?product=sommos-coleccion-syrah-tinto#webpage\",\"url\":\"https:\/\/www.comercialanma.es\/?product=sommos-coleccion-syrah-tinto\",\"name\":\"Sommos Colecci\\u00f3n Syrah tinto 75cl. - Comercial de Hosteleria Anma\",\"isPartOf\":{\"@id\":\"https:\/\/www.comercialanma.es\/#website\"},\"primaryImageOfPage\":{\"@id\":\"https:\/\/www.comercialanma.es\/?product=sommos-coleccion-syrah-tinto#primaryimage\"},\"datePublished\":\"2024-04-26T09:37:07+00:00\",\"dateModified\":\"2024-04-26T09:47:00+00:00\",\"description\":\"Sommos Colecci\\u00f3n Syrah tinto | 75cl. | D.O Somontano | Un vino con personalidad \\u00fanica, muy vers\\u00e1til, complejo y elegante.\",\"breadcrumb\":{\"@id\":\"https:\/\/www.comercialanma.es\/?product=sommos-coleccion-syrah-tinto#breadcrumb\"},\"inLanguage\":\"es\",\"potentialAction\":[{\"@type\":\"ReadAction\",\"target\":[\"https:\/\/www.comercialanma.es\/?product=sommos-coleccion-syrah-tinto\"]}]},{\"@type\":\"BreadcrumbList\",\"@id\":\"https:\/\/www.comercialanma.es\/?product=sommos-coleccion-syrah-tinto#breadcrumb\",\"itemListElement\":[{\"@type\":\"ListItem\",\"position\":1,\"item\":{\"@type\":\"WebPage\",\"@id\":\"https:\/\/www.comercialanma.es\/\",\"url\":\"https:\/\/www.comercialanma.es\/\",\"name\":\"Portada\"}},{\"@type\":\"ListItem\",\"position\":2,\"item\":{\"@type\":\"WebPage\",\"@id\":\"https:\/\/www.comercialanma.es\/?page_id=3963\",\"url\":\"https:\/\/www.comercialanma.es\/?page_id=3963\",\"name\":\"Cat\\u00e1logo de Productos\"}},{\"@type\":\"ListItem\",\"position\":3,\"item\":{\"@type\":\"WebPage\",\"@id\":\"https:\/\/www.comercialanma.es\/?product=sommos-coleccion-syrah-tinto\",\"url\":\"https:\/\/www.comercialanma.es\/?product=sommos-coleccion-syrah-tinto\",\"name\":\"Sommos Colecci\\u00f3n Syrah tinto 75cl.\"}}]}]}<\/script>\n<!-- \/ Yoast SEO plugin. -->","_links":{"self":[{"href":"https:\/\/www.comercialanma.es\/index.php?rest_route=\/wp\/v2\/product\/23721"}],"collection":[{"href":"https:\/\/www.comercialanma.es\/index.php?rest_route=\/wp\/v2\/product"}],"about":[{"href":"https:\/\/www.comercialanma.es\/index.php?rest_route=\/wp\/v2\/types\/product"}],"version-history":[{"count":1,"href":"https:\/\/www.comercialanma.es\/index.php?rest_route=\/wp\/v2\/product\/23721\/revisions"}],"predecessor-version":[{"id":23723,"href":"https:\/\/www.comercialanma.es\/index.php?rest_route=\/wp\/v2\/product\/23721\/revisions\/23723"}],"wp:featuredmedia":[{"embeddable":true,"href":"https:\/\/www.comercialanma.es\/index.php?rest_route=\/wp\/v2\/media\/23722"}],"wp:attachment":[{"href":"https:\/\/www.comercialanma.es\/index.php?rest_route=%2Fwp%2Fv2%2Fmedia&parent=23721"}],"curies":[{"name":"wp","href":"https:\/\/api.w.org\/{rel}","templated":true}]}}