
{"id":23756,"date":"2024-04-26T17:13:04","date_gmt":"2024-04-26T15:13:04","guid":{"rendered":"https:\/\/www.comercialanma.es\/?post_type=product&#038;p=23756"},"modified":"2024-04-26T17:27:48","modified_gmt":"2024-04-26T15:27:48","slug":"torello-especial-edition-costa-brava-2019","status":"publish","type":"product","link":"https:\/\/www.comercialanma.es\/?product=torello-especial-edition-costa-brava-2019","title":{"rendered":"Torell\u00f3 Special Edition Costra brava 2019 75cl."},"content":{"rendered":"<h3>D.O.:<\/h3>\n<ul>\n<li>Corpinnat<\/li>\n<\/ul>\n<h3>Variedad:<\/h3>\n<ul>\n<li>Xarel\u00b7lo, Macabeo, Parellada.<\/li>\n<\/ul>\n<h3>Nota de cata:<\/h3>\n<div id=\"tabs_content_container\">\n<div id=\"tab_cata_2006\" class=\"tab_content catas_review_container\">\n<ul>\n<li class=\"sp catas_review col-xs-12 nopadding\">Color amarillo oro nuevo, con reflejos grises dorados. Limpio y transparente, con formaci\u00f3n de rosario constante.<\/li>\n<li class=\"sp catas_review col-xs-12 nopadding\">En nariz aporta aromas golosos y verdes, que llevan al campo, como la almendra, arcilla seca y la flor de margen. Notas frescas de menta y hinojo, conjuntamente con fruta confitada de torta, bollo y levadura, sobre un sutil aroma mineral.<\/li>\n<li class=\"sp catas_review col-xs-12 nopadding\">Entrada en boca con nervio, frescura y un paso r\u00e1pido. Notas golosas, gran estructura.<\/li>\n<\/ul>\n<ul>\n<li class=\"sp catas_review col-xs-12 nopadding\">Graduaci\u00f3n: 12,0% vol.<\/li>\n<\/ul>\n<\/div>\n<\/div>\n","protected":false},"excerpt":{"rendered":"<p>Torell\u00f3 Brut Special Edition Costa Brava est\u00e1 elaborado con xarel\u00b7lo, macabeu y parellada de cepas de la finca Can Mart\u00ed con una larga crianza en rima de 4 a\u00f1os. Un refrescante y complejo espumoso perfecto para acompa\u00f1ar pescados a la brasa y arroces de marisco.<\/p>\n","protected":false},"featured_media":23757,"template":"","meta":{"spay_email":""},"yoast_head":"<!-- This site is optimized with the Yoast SEO plugin v15.9 - https:\/\/yoast.com\/wordpress\/plugins\/seo\/ -->\n<title>Torell\u00f3 Special Edition Costra brava 2019 75cl. - Comercial de Hosteleria Anma<\/title>\n<meta name=\"description\" content=\"Torell\u00f3 Special Edition costa brava 2019 | 75cl.| D.O Corpinnat | Espumoso con una larga crianza en rima de 4 a\u00f1os.\" \/>\n<meta name=\"robots\" content=\"index, follow, max-snippet:-1, max-image-preview:large, max-video-preview:-1\" \/>\n<link rel=\"canonical\" href=\"https:\/\/www.comercialanma.es\/?product=torello-especial-edition-costa-brava-2019\" \/>\n<meta property=\"og:locale\" content=\"es_ES\" \/>\n<meta property=\"og:type\" content=\"article\" \/>\n<meta property=\"og:title\" content=\"Torell\u00f3 Special Edition Costra brava 2019 75cl. - Comercial de Hosteleria Anma\" \/>\n<meta property=\"og:description\" content=\"Torell\u00f3 Special Edition costa brava 2019 | 75cl.| D.O Corpinnat | Espumoso con una larga crianza en rima de 4 a\u00f1os.\" \/>\n<meta property=\"og:url\" content=\"https:\/\/www.comercialanma.es\/?product=torello-especial-edition-costa-brava-2019\" \/>\n<meta property=\"og:site_name\" content=\"Comercial de Hosteleria Anma\" \/>\n<meta property=\"article:publisher\" content=\"https:\/\/www.facebook.com\/AnmaHosteleria\" \/>\n<meta property=\"article:modified_time\" content=\"2024-04-26T15:27:48+00:00\" \/>\n<meta property=\"og:image\" content=\"https:\/\/i0.wp.com\/www.comercialanma.es\/wp-content\/uploads\/2024\/04\/Torello\u0301-edicion-especial-costa-brava-2019.jpg?fit=1080%2C1080&#038;ssl=1\" \/>\n\t<meta property=\"og:image:width\" content=\"1080\" \/>\n\t<meta property=\"og:image:height\" content=\"1080\" \/>\n<meta name=\"twitter:card\" content=\"summary_large_image\" \/>\n<meta name=\"twitter:label1\" content=\"Tiempo de lectura\">\n\t<meta name=\"twitter:data1\" content=\"1 minuto\">\n<script type=\"application\/ld+json\" class=\"yoast-schema-graph\">{\"@context\":\"https:\/\/schema.org\",\"@graph\":[{\"@type\":\"Organization\",\"@id\":\"https:\/\/www.comercialanma.es\/#organization\",\"name\":\"Comercial Anma\",\"url\":\"https:\/\/www.comercialanma.es\/\",\"sameAs\":[\"https:\/\/www.facebook.com\/AnmaHosteleria\",\"https:\/\/www.instagram.com\/anmahosteleria\/?hl=es\",\"https:\/\/www.youtube.com\/channel\/UCT2nmn08Ntks0hmpZPnDgCA\"],\"logo\":{\"@type\":\"ImageObject\",\"@id\":\"https:\/\/www.comercialanma.es\/#logo\",\"inLanguage\":\"es\",\"url\":\"https:\/\/i2.wp.com\/www.comercialanma.es\/wp-content\/uploads\/2019\/06\/logo-anma-color.png?fit=247%2C101&ssl=1\",\"width\":247,\"height\":101,\"caption\":\"Comercial Anma\"},\"image\":{\"@id\":\"https:\/\/www.comercialanma.es\/#logo\"}},{\"@type\":\"WebSite\",\"@id\":\"https:\/\/www.comercialanma.es\/#website\",\"url\":\"https:\/\/www.comercialanma.es\/\",\"name\":\"Comercial de Hosteleria Anma\",\"description\":\"\",\"publisher\":{\"@id\":\"https:\/\/www.comercialanma.es\/#organization\"},\"potentialAction\":[{\"@type\":\"SearchAction\",\"target\":\"https:\/\/www.comercialanma.es\/?s={search_term_string}\",\"query-input\":\"required name=search_term_string\"}],\"inLanguage\":\"es\"},{\"@type\":\"ImageObject\",\"@id\":\"https:\/\/www.comercialanma.es\/?product=torello-especial-edition-costa-brava-2019#primaryimage\",\"inLanguage\":\"es\",\"url\":\"https:\/\/i0.wp.com\/www.comercialanma.es\/wp-content\/uploads\/2024\/04\/Torello\\u0301-edicion-especial-costa-brava-2019.jpg?fit=1080%2C1080&ssl=1\",\"width\":1080,\"height\":1080},{\"@type\":\"WebPage\",\"@id\":\"https:\/\/www.comercialanma.es\/?product=torello-especial-edition-costa-brava-2019#webpage\",\"url\":\"https:\/\/www.comercialanma.es\/?product=torello-especial-edition-costa-brava-2019\",\"name\":\"Torell\\u00f3 Special Edition Costra brava 2019 75cl. - Comercial de Hosteleria Anma\",\"isPartOf\":{\"@id\":\"https:\/\/www.comercialanma.es\/#website\"},\"primaryImageOfPage\":{\"@id\":\"https:\/\/www.comercialanma.es\/?product=torello-especial-edition-costa-brava-2019#primaryimage\"},\"datePublished\":\"2024-04-26T15:13:04+00:00\",\"dateModified\":\"2024-04-26T15:27:48+00:00\",\"description\":\"Torell\\u00f3 Special Edition costa brava 2019 | 75cl.| D.O Corpinnat | Espumoso con una larga crianza en rima de 4 a\\u00f1os.\",\"breadcrumb\":{\"@id\":\"https:\/\/www.comercialanma.es\/?product=torello-especial-edition-costa-brava-2019#breadcrumb\"},\"inLanguage\":\"es\",\"potentialAction\":[{\"@type\":\"ReadAction\",\"target\":[\"https:\/\/www.comercialanma.es\/?product=torello-especial-edition-costa-brava-2019\"]}]},{\"@type\":\"BreadcrumbList\",\"@id\":\"https:\/\/www.comercialanma.es\/?product=torello-especial-edition-costa-brava-2019#breadcrumb\",\"itemListElement\":[{\"@type\":\"ListItem\",\"position\":1,\"item\":{\"@type\":\"WebPage\",\"@id\":\"https:\/\/www.comercialanma.es\/\",\"url\":\"https:\/\/www.comercialanma.es\/\",\"name\":\"Portada\"}},{\"@type\":\"ListItem\",\"position\":2,\"item\":{\"@type\":\"WebPage\",\"@id\":\"https:\/\/www.comercialanma.es\/?page_id=3963\",\"url\":\"https:\/\/www.comercialanma.es\/?page_id=3963\",\"name\":\"Cat\\u00e1logo de Productos\"}},{\"@type\":\"ListItem\",\"position\":3,\"item\":{\"@type\":\"WebPage\",\"@id\":\"https:\/\/www.comercialanma.es\/?product=torello-especial-edition-costa-brava-2019\",\"url\":\"https:\/\/www.comercialanma.es\/?product=torello-especial-edition-costa-brava-2019\",\"name\":\"Torell\\u00f3 Special Edition Costra brava 2019 75cl.\"}}]}]}<\/script>\n<!-- \/ Yoast SEO plugin. -->","_links":{"self":[{"href":"https:\/\/www.comercialanma.es\/index.php?rest_route=\/wp\/v2\/product\/23756"}],"collection":[{"href":"https:\/\/www.comercialanma.es\/index.php?rest_route=\/wp\/v2\/product"}],"about":[{"href":"https:\/\/www.comercialanma.es\/index.php?rest_route=\/wp\/v2\/types\/product"}],"version-history":[{"count":1,"href":"https:\/\/www.comercialanma.es\/index.php?rest_route=\/wp\/v2\/product\/23756\/revisions"}],"predecessor-version":[{"id":23758,"href":"https:\/\/www.comercialanma.es\/index.php?rest_route=\/wp\/v2\/product\/23756\/revisions\/23758"}],"wp:featuredmedia":[{"embeddable":true,"href":"https:\/\/www.comercialanma.es\/index.php?rest_route=\/wp\/v2\/media\/23757"}],"wp:attachment":[{"href":"https:\/\/www.comercialanma.es\/index.php?rest_route=%2Fwp%2Fv2%2Fmedia&parent=23756"}],"curies":[{"name":"wp","href":"https:\/\/api.w.org\/{rel}","templated":true}]}}