
{"id":23850,"date":"2024-06-21T12:08:36","date_gmt":"2024-06-21T10:08:36","guid":{"rendered":"https:\/\/www.comercialanma.es\/?post_type=product&#038;p=23850"},"modified":"2024-06-21T12:19:20","modified_gmt":"2024-06-21T10:19:20","slug":"montesierpe-pisco-acholado","status":"publish","type":"product","link":"https:\/\/www.comercialanma.es\/?product=montesierpe-pisco-acholado","title":{"rendered":"Montesierpe Pisco Acholado 70cl."},"content":{"rendered":"<p><strong>Datos T\u00e9cnicos:<\/strong><br \/>\nGrado alcoh\u00f3lico: 40%<\/p>\n<p><strong>Formatos disponibles:<\/strong> 70 cl<\/p>\n<p><strong>Nota de Cata<\/strong><br \/>\nEl\u00a0Pisco Acholado Montesierpe\u00a0es el resultado de la mezcla de uva Quebranta y uvas arom\u00e1ticas. La Quebranta aporta la densidad, mientras que las arom\u00e1ticas brindan la fragancia y el bouquet.<\/p>\n","protected":false},"excerpt":{"rendered":"<p>Pisco Acholado Montesierpe, casa fundada en 1776. En el siglo XVII en el Per\u00fa ya era conocido el proceso de la elaboraci\u00f3n del aguardiente de uva. En este tiempo, dicho aguardiente brot\u00f3 de la falca campera, porque a\u00fan no exist\u00edan los alambiques. Pisco Montesierpe toma este nombre porque la primera bodega fundada en 1776 estuvo ubicada en el\u00a0Cerro Montesierpe, en el Departamento de Ica.<\/p>\n","protected":false},"featured_media":23851,"template":"","meta":{"spay_email":""},"yoast_head":"<!-- This site is optimized with the Yoast SEO plugin v15.9 - https:\/\/yoast.com\/wordpress\/plugins\/seo\/ -->\n<title>Montesierpe Pisco Acholado 70cl. - Comercial de Hosteleria Anma<\/title>\n<meta name=\"description\" content=\"Montesierpe Pisco Acholado | 40% | 70% | El\u00a0Pisco Acholado Montesierpe\u00a0es el resultado de la mezcla de uva Quebranta y uvas arom\u00e1ticas.\" \/>\n<meta name=\"robots\" content=\"index, follow, max-snippet:-1, max-image-preview:large, max-video-preview:-1\" \/>\n<link rel=\"canonical\" href=\"https:\/\/www.comercialanma.es\/?product=montesierpe-pisco-acholado\" \/>\n<meta property=\"og:locale\" content=\"es_ES\" \/>\n<meta property=\"og:type\" content=\"article\" \/>\n<meta property=\"og:title\" content=\"Montesierpe Pisco Acholado 70cl. - Comercial de Hosteleria Anma\" \/>\n<meta property=\"og:description\" content=\"Montesierpe Pisco Acholado | 40% | 70% | El\u00a0Pisco Acholado Montesierpe\u00a0es el resultado de la mezcla de uva Quebranta y uvas arom\u00e1ticas.\" \/>\n<meta property=\"og:url\" content=\"https:\/\/www.comercialanma.es\/?product=montesierpe-pisco-acholado\" \/>\n<meta property=\"og:site_name\" content=\"Comercial de Hosteleria Anma\" \/>\n<meta property=\"article:publisher\" content=\"https:\/\/www.facebook.com\/AnmaHosteleria\" \/>\n<meta property=\"article:modified_time\" content=\"2024-06-21T10:19:20+00:00\" \/>\n<meta property=\"og:image\" content=\"https:\/\/i1.wp.com\/www.comercialanma.es\/wp-content\/uploads\/2024\/06\/PIsco-Montesierpe-Acholado.jpg?fit=1080%2C1080&#038;ssl=1\" \/>\n\t<meta property=\"og:image:width\" content=\"1080\" \/>\n\t<meta property=\"og:image:height\" content=\"1080\" \/>\n<meta name=\"twitter:card\" content=\"summary_large_image\" \/>\n<meta name=\"twitter:label1\" content=\"Tiempo de lectura\">\n\t<meta name=\"twitter:data1\" content=\"1 minuto\">\n<script type=\"application\/ld+json\" class=\"yoast-schema-graph\">{\"@context\":\"https:\/\/schema.org\",\"@graph\":[{\"@type\":\"Organization\",\"@id\":\"https:\/\/www.comercialanma.es\/#organization\",\"name\":\"Comercial Anma\",\"url\":\"https:\/\/www.comercialanma.es\/\",\"sameAs\":[\"https:\/\/www.facebook.com\/AnmaHosteleria\",\"https:\/\/www.instagram.com\/anmahosteleria\/?hl=es\",\"https:\/\/www.youtube.com\/channel\/UCT2nmn08Ntks0hmpZPnDgCA\"],\"logo\":{\"@type\":\"ImageObject\",\"@id\":\"https:\/\/www.comercialanma.es\/#logo\",\"inLanguage\":\"es\",\"url\":\"https:\/\/i2.wp.com\/www.comercialanma.es\/wp-content\/uploads\/2019\/06\/logo-anma-color.png?fit=247%2C101&ssl=1\",\"width\":247,\"height\":101,\"caption\":\"Comercial Anma\"},\"image\":{\"@id\":\"https:\/\/www.comercialanma.es\/#logo\"}},{\"@type\":\"WebSite\",\"@id\":\"https:\/\/www.comercialanma.es\/#website\",\"url\":\"https:\/\/www.comercialanma.es\/\",\"name\":\"Comercial de Hosteleria Anma\",\"description\":\"\",\"publisher\":{\"@id\":\"https:\/\/www.comercialanma.es\/#organization\"},\"potentialAction\":[{\"@type\":\"SearchAction\",\"target\":\"https:\/\/www.comercialanma.es\/?s={search_term_string}\",\"query-input\":\"required name=search_term_string\"}],\"inLanguage\":\"es\"},{\"@type\":\"ImageObject\",\"@id\":\"https:\/\/www.comercialanma.es\/?product=montesierpe-pisco-acholado#primaryimage\",\"inLanguage\":\"es\",\"url\":\"https:\/\/i1.wp.com\/www.comercialanma.es\/wp-content\/uploads\/2024\/06\/PIsco-Montesierpe-Acholado.jpg?fit=1080%2C1080&ssl=1\",\"width\":1080,\"height\":1080},{\"@type\":\"WebPage\",\"@id\":\"https:\/\/www.comercialanma.es\/?product=montesierpe-pisco-acholado#webpage\",\"url\":\"https:\/\/www.comercialanma.es\/?product=montesierpe-pisco-acholado\",\"name\":\"Montesierpe Pisco Acholado 70cl. - Comercial de Hosteleria Anma\",\"isPartOf\":{\"@id\":\"https:\/\/www.comercialanma.es\/#website\"},\"primaryImageOfPage\":{\"@id\":\"https:\/\/www.comercialanma.es\/?product=montesierpe-pisco-acholado#primaryimage\"},\"datePublished\":\"2024-06-21T10:08:36+00:00\",\"dateModified\":\"2024-06-21T10:19:20+00:00\",\"description\":\"Montesierpe Pisco Acholado | 40% | 70% | El\\u00a0Pisco Acholado Montesierpe\\u00a0es el resultado de la mezcla de uva Quebranta y uvas arom\\u00e1ticas.\",\"breadcrumb\":{\"@id\":\"https:\/\/www.comercialanma.es\/?product=montesierpe-pisco-acholado#breadcrumb\"},\"inLanguage\":\"es\",\"potentialAction\":[{\"@type\":\"ReadAction\",\"target\":[\"https:\/\/www.comercialanma.es\/?product=montesierpe-pisco-acholado\"]}]},{\"@type\":\"BreadcrumbList\",\"@id\":\"https:\/\/www.comercialanma.es\/?product=montesierpe-pisco-acholado#breadcrumb\",\"itemListElement\":[{\"@type\":\"ListItem\",\"position\":1,\"item\":{\"@type\":\"WebPage\",\"@id\":\"https:\/\/www.comercialanma.es\/\",\"url\":\"https:\/\/www.comercialanma.es\/\",\"name\":\"Portada\"}},{\"@type\":\"ListItem\",\"position\":2,\"item\":{\"@type\":\"WebPage\",\"@id\":\"https:\/\/www.comercialanma.es\/?page_id=3963\",\"url\":\"https:\/\/www.comercialanma.es\/?page_id=3963\",\"name\":\"Cat\\u00e1logo de Productos\"}},{\"@type\":\"ListItem\",\"position\":3,\"item\":{\"@type\":\"WebPage\",\"@id\":\"https:\/\/www.comercialanma.es\/?product=montesierpe-pisco-acholado\",\"url\":\"https:\/\/www.comercialanma.es\/?product=montesierpe-pisco-acholado\",\"name\":\"Montesierpe Pisco Acholado 70cl.\"}}]}]}<\/script>\n<!-- \/ Yoast SEO plugin. -->","_links":{"self":[{"href":"https:\/\/www.comercialanma.es\/index.php?rest_route=\/wp\/v2\/product\/23850"}],"collection":[{"href":"https:\/\/www.comercialanma.es\/index.php?rest_route=\/wp\/v2\/product"}],"about":[{"href":"https:\/\/www.comercialanma.es\/index.php?rest_route=\/wp\/v2\/types\/product"}],"version-history":[{"count":1,"href":"https:\/\/www.comercialanma.es\/index.php?rest_route=\/wp\/v2\/product\/23850\/revisions"}],"predecessor-version":[{"id":23852,"href":"https:\/\/www.comercialanma.es\/index.php?rest_route=\/wp\/v2\/product\/23850\/revisions\/23852"}],"wp:featuredmedia":[{"embeddable":true,"href":"https:\/\/www.comercialanma.es\/index.php?rest_route=\/wp\/v2\/media\/23851"}],"wp:attachment":[{"href":"https:\/\/www.comercialanma.es\/index.php?rest_route=%2Fwp%2Fv2%2Fmedia&parent=23850"}],"curies":[{"name":"wp","href":"https:\/\/api.w.org\/{rel}","templated":true}]}}