
{"id":23869,"date":"2024-06-21T17:47:47","date_gmt":"2024-06-21T15:47:47","guid":{"rendered":"https:\/\/www.comercialanma.es\/?post_type=product&#038;p=23869"},"modified":"2024-06-21T17:54:36","modified_gmt":"2024-06-21T15:54:36","slug":"greenalls-gin","status":"publish","type":"product","link":"https:\/\/www.comercialanma.es\/?product=greenalls-gin","title":{"rendered":"Greenall\u00b4s Gin 70cl."},"content":{"rendered":"<p><strong>Tipo:<\/strong><strong>\u00a0<\/strong><strong><span lang=\"es\" xml:lang=\"es\">London<\/span><\/strong><span class=\"apple-converted-space\"><b>\u00a0<\/b><\/span><span lang=\"ca\" xml:lang=\"ca\">Dry\u00a0<\/span><\/p>\n<p><strong>Procedencia:<\/strong><span class=\"apple-converted-space\"><b>\u00a0<\/b><\/span><span lang=\"ca\" xml:lang=\"ca\">Reino Unido<\/span><\/p>\n<p><strong>Productor:<\/strong><span class=\"apple-converted-space\"><b>\u00a0<\/b><\/span><span class=\"apple-converted-space\"><span lang=\"ca\" xml:lang=\"ca\">Greenall\u2019s<\/span><\/span><\/p>\n<p><strong>Graduaci\u00f3n:<\/strong><span class=\"apple-converted-space\"><b>\u00a0<\/b><\/span><span lang=\"es\" xml:lang=\"es\">40<\/span>% vol.<\/p>\n<p><strong>Capacidad botella:<\/strong><span class=\"apple-converted-space\"><b>\u00a0<\/b><\/span><span lang=\"es\" xml:lang=\"es\">0,70 L<\/span>.<\/p>\n<p><strong>Cata:<\/strong> Cuerpo medio, sedoso y suave. Consigue un perfecto equilibrio entre dulce y amargo, pero levemente picante. N\u00edtida. Aroma suave a lim\u00f3n y enebro.<\/p>\n<p><strong>Destilaci\u00f3n:<\/strong><strong>\u00a0<\/strong><strong><span lang=\"es\" xml:lang=\"es\">ginebra elaborada a trav\u00e9s de una triple destilaci\u00f3n tradicional\u00a0\u00a0<\/span><\/strong><\/p>\n","protected":false},"excerpt":{"rendered":"<p>Producida en la destiler\u00eda m\u00e1s antigua de Reino Unido, siguiendo la receta familiar creada en 1761, esta ginebra tipo London Dry ha llegado a pr\u00e1cticamente todo el mundo. De su receta s\u00f3lo nos desvelan la presencia de enebro, ra\u00edz de ang\u00e9lica, piel de lim\u00f3n y semillas de corianto. Los dem\u00e1s bot\u00e1nicos que configuran esta mezcla perfecta est\u00e1n guardados bajo llave para que adquiera un sabor \u00fanico e inimitable<\/p>\n","protected":false},"featured_media":23870,"template":"","meta":{"spay_email":""},"yoast_head":"<!-- This site is optimized with the Yoast SEO plugin v15.9 - https:\/\/yoast.com\/wordpress\/plugins\/seo\/ -->\n<title>Greenall\u00b4s Gin 70cl. - Comercial de Hosteleria Anma<\/title>\n<meta name=\"description\" content=\"Greenall\u00b4s Gin | 70cl.| Producida en la destiler\u00eda m\u00e1s antigua de Reino Unido, siguiendo la receta familiar creada en 1761.\" \/>\n<meta name=\"robots\" content=\"index, follow, max-snippet:-1, max-image-preview:large, max-video-preview:-1\" \/>\n<link rel=\"canonical\" href=\"https:\/\/www.comercialanma.es\/?product=greenalls-gin\" \/>\n<meta property=\"og:locale\" content=\"es_ES\" \/>\n<meta property=\"og:type\" content=\"article\" \/>\n<meta property=\"og:title\" content=\"Greenall\u00b4s Gin 70cl. - Comercial de Hosteleria Anma\" \/>\n<meta property=\"og:description\" content=\"Greenall\u00b4s Gin | 70cl.| Producida en la destiler\u00eda m\u00e1s antigua de Reino Unido, siguiendo la receta familiar creada en 1761.\" \/>\n<meta property=\"og:url\" content=\"https:\/\/www.comercialanma.es\/?product=greenalls-gin\" \/>\n<meta property=\"og:site_name\" content=\"Comercial de Hosteleria Anma\" \/>\n<meta property=\"article:publisher\" content=\"https:\/\/www.facebook.com\/AnmaHosteleria\" \/>\n<meta property=\"article:modified_time\" content=\"2024-06-21T15:54:36+00:00\" \/>\n<meta property=\"og:image\" content=\"https:\/\/i0.wp.com\/www.comercialanma.es\/wp-content\/uploads\/2024\/06\/grenalls-original-gin.jpg?fit=1080%2C1080&#038;ssl=1\" \/>\n\t<meta property=\"og:image:width\" content=\"1080\" \/>\n\t<meta property=\"og:image:height\" content=\"1080\" \/>\n<meta name=\"twitter:card\" content=\"summary_large_image\" \/>\n<meta name=\"twitter:label1\" content=\"Tiempo de lectura\">\n\t<meta name=\"twitter:data1\" content=\"1 minuto\">\n<script type=\"application\/ld+json\" class=\"yoast-schema-graph\">{\"@context\":\"https:\/\/schema.org\",\"@graph\":[{\"@type\":\"Organization\",\"@id\":\"https:\/\/www.comercialanma.es\/#organization\",\"name\":\"Comercial Anma\",\"url\":\"https:\/\/www.comercialanma.es\/\",\"sameAs\":[\"https:\/\/www.facebook.com\/AnmaHosteleria\",\"https:\/\/www.instagram.com\/anmahosteleria\/?hl=es\",\"https:\/\/www.youtube.com\/channel\/UCT2nmn08Ntks0hmpZPnDgCA\"],\"logo\":{\"@type\":\"ImageObject\",\"@id\":\"https:\/\/www.comercialanma.es\/#logo\",\"inLanguage\":\"es\",\"url\":\"https:\/\/i2.wp.com\/www.comercialanma.es\/wp-content\/uploads\/2019\/06\/logo-anma-color.png?fit=247%2C101&ssl=1\",\"width\":247,\"height\":101,\"caption\":\"Comercial Anma\"},\"image\":{\"@id\":\"https:\/\/www.comercialanma.es\/#logo\"}},{\"@type\":\"WebSite\",\"@id\":\"https:\/\/www.comercialanma.es\/#website\",\"url\":\"https:\/\/www.comercialanma.es\/\",\"name\":\"Comercial de Hosteleria Anma\",\"description\":\"\",\"publisher\":{\"@id\":\"https:\/\/www.comercialanma.es\/#organization\"},\"potentialAction\":[{\"@type\":\"SearchAction\",\"target\":\"https:\/\/www.comercialanma.es\/?s={search_term_string}\",\"query-input\":\"required name=search_term_string\"}],\"inLanguage\":\"es\"},{\"@type\":\"ImageObject\",\"@id\":\"https:\/\/www.comercialanma.es\/?product=greenalls-gin#primaryimage\",\"inLanguage\":\"es\",\"url\":\"https:\/\/i0.wp.com\/www.comercialanma.es\/wp-content\/uploads\/2024\/06\/grenalls-original-gin.jpg?fit=1080%2C1080&ssl=1\",\"width\":1080,\"height\":1080},{\"@type\":\"WebPage\",\"@id\":\"https:\/\/www.comercialanma.es\/?product=greenalls-gin#webpage\",\"url\":\"https:\/\/www.comercialanma.es\/?product=greenalls-gin\",\"name\":\"Greenall\\u00b4s Gin 70cl. - Comercial de Hosteleria Anma\",\"isPartOf\":{\"@id\":\"https:\/\/www.comercialanma.es\/#website\"},\"primaryImageOfPage\":{\"@id\":\"https:\/\/www.comercialanma.es\/?product=greenalls-gin#primaryimage\"},\"datePublished\":\"2024-06-21T15:47:47+00:00\",\"dateModified\":\"2024-06-21T15:54:36+00:00\",\"description\":\"Greenall\\u00b4s Gin | 70cl.| Producida en la destiler\\u00eda m\\u00e1s antigua de Reino Unido, siguiendo la receta familiar creada en 1761.\",\"breadcrumb\":{\"@id\":\"https:\/\/www.comercialanma.es\/?product=greenalls-gin#breadcrumb\"},\"inLanguage\":\"es\",\"potentialAction\":[{\"@type\":\"ReadAction\",\"target\":[\"https:\/\/www.comercialanma.es\/?product=greenalls-gin\"]}]},{\"@type\":\"BreadcrumbList\",\"@id\":\"https:\/\/www.comercialanma.es\/?product=greenalls-gin#breadcrumb\",\"itemListElement\":[{\"@type\":\"ListItem\",\"position\":1,\"item\":{\"@type\":\"WebPage\",\"@id\":\"https:\/\/www.comercialanma.es\/\",\"url\":\"https:\/\/www.comercialanma.es\/\",\"name\":\"Portada\"}},{\"@type\":\"ListItem\",\"position\":2,\"item\":{\"@type\":\"WebPage\",\"@id\":\"https:\/\/www.comercialanma.es\/?page_id=3963\",\"url\":\"https:\/\/www.comercialanma.es\/?page_id=3963\",\"name\":\"Cat\\u00e1logo de Productos\"}},{\"@type\":\"ListItem\",\"position\":3,\"item\":{\"@type\":\"WebPage\",\"@id\":\"https:\/\/www.comercialanma.es\/?product=greenalls-gin\",\"url\":\"https:\/\/www.comercialanma.es\/?product=greenalls-gin\",\"name\":\"Greenall\\u00b4s Gin 70cl.\"}}]}]}<\/script>\n<!-- \/ Yoast SEO plugin. -->","_links":{"self":[{"href":"https:\/\/www.comercialanma.es\/index.php?rest_route=\/wp\/v2\/product\/23869"}],"collection":[{"href":"https:\/\/www.comercialanma.es\/index.php?rest_route=\/wp\/v2\/product"}],"about":[{"href":"https:\/\/www.comercialanma.es\/index.php?rest_route=\/wp\/v2\/types\/product"}],"version-history":[{"count":1,"href":"https:\/\/www.comercialanma.es\/index.php?rest_route=\/wp\/v2\/product\/23869\/revisions"}],"predecessor-version":[{"id":23871,"href":"https:\/\/www.comercialanma.es\/index.php?rest_route=\/wp\/v2\/product\/23869\/revisions\/23871"}],"wp:featuredmedia":[{"embeddable":true,"href":"https:\/\/www.comercialanma.es\/index.php?rest_route=\/wp\/v2\/media\/23870"}],"wp:attachment":[{"href":"https:\/\/www.comercialanma.es\/index.php?rest_route=%2Fwp%2Fv2%2Fmedia&parent=23869"}],"curies":[{"name":"wp","href":"https:\/\/api.w.org\/{rel}","templated":true}]}}