
{"id":23897,"date":"2024-07-29T09:58:06","date_gmt":"2024-07-29T07:58:06","guid":{"rendered":"https:\/\/www.comercialanma.es\/?post_type=product&#038;p=23897"},"modified":"2024-07-29T10:10:35","modified_gmt":"2024-07-29T08:10:35","slug":"smirnoff-tamarindo","status":"publish","type":"product","link":"https:\/\/www.comercialanma.es\/?product=smirnoff-tamarindo","title":{"rendered":"Smirnoff Tamarindo Picante 70cl."},"content":{"rendered":"<p><strong>Tipo:<\/strong>\u00a0Vodka<br \/>\n<strong>Denominaci\u00f3n:<\/strong>\u00a0Rusia.<br \/>\n<strong>Formato:\u00a0<\/strong>70 cl<br \/>\n<strong>Grado Alcoh\u00f3lico:<\/strong>\u00a030\u00ba<\/p>\n<p><strong><u>Nota de Cata<\/u><\/strong><br \/>\n<strong>Vista:<\/strong>\u00a0Cristalino.<br \/>\n<strong>Nariz:\u00a0<\/strong>Limpio con notas de tamarindo fresco.<br \/>\n<strong>Boca:\u00a0<\/strong>Infusionado con notas de tamarindo con matices de picante.<\/p>\n","protected":false},"excerpt":{"rendered":"<p>Es el cl\u00e1sico Mexicano inspirado en el sabor agridulce del Tamarindo. Con notas dulces de fruta de tamarindo, frescas de lima y picantes de chile. Una fusi\u00f3n salvaje de sabores inesperados, la sensaci\u00f3n de dulce picante encender\u00e1 todos tus sentidos.<\/p>\n","protected":false},"featured_media":23898,"template":"","meta":{"spay_email":""},"yoast_head":"<!-- This site is optimized with the Yoast SEO plugin v15.9 - https:\/\/yoast.com\/wordpress\/plugins\/seo\/ -->\n<title>Smirnoff Tamarindo Picante 70cl. - Comercial de Hosteleria Anma<\/title>\n<meta name=\"description\" content=\"Vodka Smirnoff Tamarindo | 70cl.| 30\u00ba Vol. | Es el cl\u00e1sico Mexicano inspirado en el sabor agridulce del Tamarindo.\" \/>\n<meta name=\"robots\" content=\"index, follow, max-snippet:-1, max-image-preview:large, max-video-preview:-1\" \/>\n<link rel=\"canonical\" href=\"https:\/\/www.comercialanma.es\/?product=smirnoff-tamarindo\" \/>\n<meta property=\"og:locale\" content=\"es_ES\" \/>\n<meta property=\"og:type\" content=\"article\" \/>\n<meta property=\"og:title\" content=\"Smirnoff Tamarindo Picante 70cl. - Comercial de Hosteleria Anma\" \/>\n<meta property=\"og:description\" content=\"Vodka Smirnoff Tamarindo | 70cl.| 30\u00ba Vol. | Es el cl\u00e1sico Mexicano inspirado en el sabor agridulce del Tamarindo.\" \/>\n<meta property=\"og:url\" content=\"https:\/\/www.comercialanma.es\/?product=smirnoff-tamarindo\" \/>\n<meta property=\"og:site_name\" content=\"Comercial de Hosteleria Anma\" \/>\n<meta property=\"article:publisher\" content=\"https:\/\/www.facebook.com\/AnmaHosteleria\" \/>\n<meta property=\"article:modified_time\" content=\"2024-07-29T08:10:35+00:00\" \/>\n<meta property=\"og:image\" content=\"https:\/\/i2.wp.com\/www.comercialanma.es\/wp-content\/uploads\/2024\/07\/SMIRNOFF-TAMARINDO.jpg?fit=1080%2C1080&#038;ssl=1\" \/>\n\t<meta property=\"og:image:width\" content=\"1080\" \/>\n\t<meta property=\"og:image:height\" content=\"1080\" \/>\n<meta name=\"twitter:card\" content=\"summary_large_image\" \/>\n<meta name=\"twitter:label1\" content=\"Tiempo de lectura\">\n\t<meta name=\"twitter:data1\" content=\"1 minuto\">\n<script type=\"application\/ld+json\" class=\"yoast-schema-graph\">{\"@context\":\"https:\/\/schema.org\",\"@graph\":[{\"@type\":\"Organization\",\"@id\":\"https:\/\/www.comercialanma.es\/#organization\",\"name\":\"Comercial Anma\",\"url\":\"https:\/\/www.comercialanma.es\/\",\"sameAs\":[\"https:\/\/www.facebook.com\/AnmaHosteleria\",\"https:\/\/www.instagram.com\/anmahosteleria\/?hl=es\",\"https:\/\/www.youtube.com\/channel\/UCT2nmn08Ntks0hmpZPnDgCA\"],\"logo\":{\"@type\":\"ImageObject\",\"@id\":\"https:\/\/www.comercialanma.es\/#logo\",\"inLanguage\":\"es\",\"url\":\"https:\/\/i2.wp.com\/www.comercialanma.es\/wp-content\/uploads\/2019\/06\/logo-anma-color.png?fit=247%2C101&ssl=1\",\"width\":247,\"height\":101,\"caption\":\"Comercial Anma\"},\"image\":{\"@id\":\"https:\/\/www.comercialanma.es\/#logo\"}},{\"@type\":\"WebSite\",\"@id\":\"https:\/\/www.comercialanma.es\/#website\",\"url\":\"https:\/\/www.comercialanma.es\/\",\"name\":\"Comercial de Hosteleria Anma\",\"description\":\"\",\"publisher\":{\"@id\":\"https:\/\/www.comercialanma.es\/#organization\"},\"potentialAction\":[{\"@type\":\"SearchAction\",\"target\":\"https:\/\/www.comercialanma.es\/?s={search_term_string}\",\"query-input\":\"required name=search_term_string\"}],\"inLanguage\":\"es\"},{\"@type\":\"ImageObject\",\"@id\":\"https:\/\/www.comercialanma.es\/?product=smirnoff-tamarindo#primaryimage\",\"inLanguage\":\"es\",\"url\":\"https:\/\/i2.wp.com\/www.comercialanma.es\/wp-content\/uploads\/2024\/07\/SMIRNOFF-TAMARINDO.jpg?fit=1080%2C1080&ssl=1\",\"width\":1080,\"height\":1080},{\"@type\":\"WebPage\",\"@id\":\"https:\/\/www.comercialanma.es\/?product=smirnoff-tamarindo#webpage\",\"url\":\"https:\/\/www.comercialanma.es\/?product=smirnoff-tamarindo\",\"name\":\"Smirnoff Tamarindo Picante 70cl. - Comercial de Hosteleria Anma\",\"isPartOf\":{\"@id\":\"https:\/\/www.comercialanma.es\/#website\"},\"primaryImageOfPage\":{\"@id\":\"https:\/\/www.comercialanma.es\/?product=smirnoff-tamarindo#primaryimage\"},\"datePublished\":\"2024-07-29T07:58:06+00:00\",\"dateModified\":\"2024-07-29T08:10:35+00:00\",\"description\":\"Vodka Smirnoff Tamarindo | 70cl.| 30\\u00ba Vol. | Es el cl\\u00e1sico Mexicano inspirado en el sabor agridulce del Tamarindo.\",\"breadcrumb\":{\"@id\":\"https:\/\/www.comercialanma.es\/?product=smirnoff-tamarindo#breadcrumb\"},\"inLanguage\":\"es\",\"potentialAction\":[{\"@type\":\"ReadAction\",\"target\":[\"https:\/\/www.comercialanma.es\/?product=smirnoff-tamarindo\"]}]},{\"@type\":\"BreadcrumbList\",\"@id\":\"https:\/\/www.comercialanma.es\/?product=smirnoff-tamarindo#breadcrumb\",\"itemListElement\":[{\"@type\":\"ListItem\",\"position\":1,\"item\":{\"@type\":\"WebPage\",\"@id\":\"https:\/\/www.comercialanma.es\/\",\"url\":\"https:\/\/www.comercialanma.es\/\",\"name\":\"Portada\"}},{\"@type\":\"ListItem\",\"position\":2,\"item\":{\"@type\":\"WebPage\",\"@id\":\"https:\/\/www.comercialanma.es\/?page_id=3963\",\"url\":\"https:\/\/www.comercialanma.es\/?page_id=3963\",\"name\":\"Cat\\u00e1logo de Productos\"}},{\"@type\":\"ListItem\",\"position\":3,\"item\":{\"@type\":\"WebPage\",\"@id\":\"https:\/\/www.comercialanma.es\/?product=smirnoff-tamarindo\",\"url\":\"https:\/\/www.comercialanma.es\/?product=smirnoff-tamarindo\",\"name\":\"Smirnoff Tamarindo Picante 70cl.\"}}]}]}<\/script>\n<!-- \/ Yoast SEO plugin. -->","_links":{"self":[{"href":"https:\/\/www.comercialanma.es\/index.php?rest_route=\/wp\/v2\/product\/23897"}],"collection":[{"href":"https:\/\/www.comercialanma.es\/index.php?rest_route=\/wp\/v2\/product"}],"about":[{"href":"https:\/\/www.comercialanma.es\/index.php?rest_route=\/wp\/v2\/types\/product"}],"version-history":[{"count":1,"href":"https:\/\/www.comercialanma.es\/index.php?rest_route=\/wp\/v2\/product\/23897\/revisions"}],"predecessor-version":[{"id":23899,"href":"https:\/\/www.comercialanma.es\/index.php?rest_route=\/wp\/v2\/product\/23897\/revisions\/23899"}],"wp:featuredmedia":[{"embeddable":true,"href":"https:\/\/www.comercialanma.es\/index.php?rest_route=\/wp\/v2\/media\/23898"}],"wp:attachment":[{"href":"https:\/\/www.comercialanma.es\/index.php?rest_route=%2Fwp%2Fv2%2Fmedia&parent=23897"}],"curies":[{"name":"wp","href":"https:\/\/api.w.org\/{rel}","templated":true}]}}