
{"id":23903,"date":"2024-08-01T11:26:49","date_gmt":"2024-08-01T09:26:49","guid":{"rendered":"https:\/\/www.comercialanma.es\/?post_type=product&#038;p=23903"},"modified":"2024-08-01T11:47:42","modified_gmt":"2024-08-01T09:47:42","slug":"anis-zoco","status":"publish","type":"product","link":"https:\/\/www.comercialanma.es\/?product=anis-zoco","title":{"rendered":"An\u00eds Zoco 70cl."},"content":{"rendered":"<section>\n<h2>Informaci\u00f3n y detalles de Licor Zoco An\u00eds Dulce<\/h2>\n<div class=\"features_div\">\n<table>\n<tbody>\n<tr>\n<td>Grado alcoh\u00f3lico<\/td>\n<td>35%<\/td>\n<\/tr>\n<tr>\n<td>Tipo<\/td>\n<td>Anisado<\/td>\n<\/tr>\n<tr>\n<td>Pa\u00eds<\/td>\n<td>Espa\u00f1a<\/td>\n<\/tr>\n<tr>\n<td>Volumen<\/td>\n<td>70cl<\/td>\n<\/tr>\n<tr>\n<td>Categor\u00eda<\/td>\n<td>Licor<\/td>\n<\/tr>\n<\/tbody>\n<\/table>\n<\/div>\n<\/section>\n<div id=\"InfoTab\" class=\"rte\">\n<section>\n<h2>Licor Zoco An\u00eds Dulce<\/h2>\n<div class=\"short-description\">\n<p><strong>An\u00eds Zoco<\/strong>\u00a0es un licor de\u00a0<strong>alta calidad elaborado a partir de semillas de an\u00eds<\/strong>\u00a0seleccionadas y otros ingredientes naturales, siguiendo\u00a0<strong>m\u00e9todos artesanales.<\/strong><\/p>\n<\/div>\n<p>Su receta ha sido\u00a0<strong>perfeccionada desde 1816<\/strong>. Este an\u00eds, transparente y cristalino, destaca por su sabor suave y equilibrado, ideal para disfrutar solo, con agua o en c\u00f3cteles.<\/p>\n<p>Adem\u00e1s, este mismo an\u00eds se utiliza para producir el famoso\u00a0<strong>Pachar\u00e1n de Zoco<\/strong>, consolidando su reputaci\u00f3n de calidad y tradici\u00f3n en la elaboraci\u00f3n de bebidas espirituosas. Disfruta de su herencia y sabor en cada sorbo.<\/p>\n<p>&nbsp;<\/p>\n<\/section>\n<section>\n<h2>Notas de cata<\/h2>\n<p>El <strong>An\u00eds Zoco<\/strong>\u00a0presenta un color<strong>\u00a0transparente y cristalino<\/strong>. Su aroma es intenso y fresco, con predominantes notas de an\u00eds y un sutil toque de dulzura. En boca, ofrece un sabor dulce, con un perfil suave que equilibra perfectamente las notas de an\u00eds.<\/p>\n<p>&nbsp;<\/p>\n<\/section>\n<section>\n<h2>Maridaje<\/h2>\n<p><strong>An\u00eds Zoco<\/strong>\u00a0es perfecto como digestivo despu\u00e9s de las comidas,\u00a0<strong>servido solo o con hielo<\/strong>.<\/p>\n<p>Adem\u00e1s, es un excelente ingrediente para\u00a0<strong>c\u00f3cteles cl\u00e1sicos y modernos<\/strong>, aportando un toque distintivo y arom\u00e1tico. En la cocina, puede utilizarse para aromatizar postres y platos dulces, realzando sus sabores.<\/p>\n<\/section>\n<\/div>\n","protected":false},"excerpt":{"rendered":"<p>An\u00eds Zoco\u00a0es un licor de\u00a0alta calidad elaborado a partir de semillas de an\u00eds\u00a0seleccionadas y otros ingredientes naturales, siguiendo\u00a0m\u00e9todos artesanales.<\/p>\n","protected":false},"featured_media":23904,"template":"","meta":{"spay_email":""},"yoast_head":"<!-- This site is optimized with the Yoast SEO plugin v15.9 - https:\/\/yoast.com\/wordpress\/plugins\/seo\/ -->\n<title>An\u00eds Zoco 70cl. - Comercial de Hosteleria Anma<\/title>\n<meta name=\"description\" content=\"Anis Zoco | 70cl. | An\u00eds Zoco\u00a0es un licor de\u00a0alta calidad elaborado a partir de semillas de an\u00eds\u00a0seleccionadas y otros ingredientes naturales.\" \/>\n<meta name=\"robots\" content=\"index, follow, max-snippet:-1, max-image-preview:large, max-video-preview:-1\" \/>\n<link rel=\"canonical\" href=\"https:\/\/www.comercialanma.es\/?product=anis-zoco\" \/>\n<meta property=\"og:locale\" content=\"es_ES\" \/>\n<meta property=\"og:type\" content=\"article\" \/>\n<meta property=\"og:title\" content=\"An\u00eds Zoco 70cl. - Comercial de Hosteleria Anma\" \/>\n<meta property=\"og:description\" content=\"Anis Zoco | 70cl. | An\u00eds Zoco\u00a0es un licor de\u00a0alta calidad elaborado a partir de semillas de an\u00eds\u00a0seleccionadas y otros ingredientes naturales.\" \/>\n<meta property=\"og:url\" content=\"https:\/\/www.comercialanma.es\/?product=anis-zoco\" \/>\n<meta property=\"og:site_name\" content=\"Comercial de Hosteleria Anma\" \/>\n<meta property=\"article:publisher\" content=\"https:\/\/www.facebook.com\/AnmaHosteleria\" \/>\n<meta property=\"article:modified_time\" content=\"2024-08-01T09:47:42+00:00\" \/>\n<meta property=\"og:image\" content=\"https:\/\/i1.wp.com\/www.comercialanma.es\/wp-content\/uploads\/2024\/08\/anis-zoco.jpg?fit=1080%2C1080&#038;ssl=1\" \/>\n\t<meta property=\"og:image:width\" content=\"1080\" \/>\n\t<meta property=\"og:image:height\" content=\"1080\" \/>\n<meta name=\"twitter:card\" content=\"summary_large_image\" \/>\n<meta name=\"twitter:label1\" content=\"Tiempo de lectura\">\n\t<meta name=\"twitter:data1\" content=\"1 minuto\">\n<script type=\"application\/ld+json\" class=\"yoast-schema-graph\">{\"@context\":\"https:\/\/schema.org\",\"@graph\":[{\"@type\":\"Organization\",\"@id\":\"https:\/\/www.comercialanma.es\/#organization\",\"name\":\"Comercial Anma\",\"url\":\"https:\/\/www.comercialanma.es\/\",\"sameAs\":[\"https:\/\/www.facebook.com\/AnmaHosteleria\",\"https:\/\/www.instagram.com\/anmahosteleria\/?hl=es\",\"https:\/\/www.youtube.com\/channel\/UCT2nmn08Ntks0hmpZPnDgCA\"],\"logo\":{\"@type\":\"ImageObject\",\"@id\":\"https:\/\/www.comercialanma.es\/#logo\",\"inLanguage\":\"es\",\"url\":\"https:\/\/i2.wp.com\/www.comercialanma.es\/wp-content\/uploads\/2019\/06\/logo-anma-color.png?fit=247%2C101&ssl=1\",\"width\":247,\"height\":101,\"caption\":\"Comercial Anma\"},\"image\":{\"@id\":\"https:\/\/www.comercialanma.es\/#logo\"}},{\"@type\":\"WebSite\",\"@id\":\"https:\/\/www.comercialanma.es\/#website\",\"url\":\"https:\/\/www.comercialanma.es\/\",\"name\":\"Comercial de Hosteleria Anma\",\"description\":\"\",\"publisher\":{\"@id\":\"https:\/\/www.comercialanma.es\/#organization\"},\"potentialAction\":[{\"@type\":\"SearchAction\",\"target\":\"https:\/\/www.comercialanma.es\/?s={search_term_string}\",\"query-input\":\"required name=search_term_string\"}],\"inLanguage\":\"es\"},{\"@type\":\"ImageObject\",\"@id\":\"https:\/\/www.comercialanma.es\/?product=anis-zoco#primaryimage\",\"inLanguage\":\"es\",\"url\":\"https:\/\/i1.wp.com\/www.comercialanma.es\/wp-content\/uploads\/2024\/08\/anis-zoco.jpg?fit=1080%2C1080&ssl=1\",\"width\":1080,\"height\":1080},{\"@type\":\"WebPage\",\"@id\":\"https:\/\/www.comercialanma.es\/?product=anis-zoco#webpage\",\"url\":\"https:\/\/www.comercialanma.es\/?product=anis-zoco\",\"name\":\"An\\u00eds Zoco 70cl. - Comercial de Hosteleria Anma\",\"isPartOf\":{\"@id\":\"https:\/\/www.comercialanma.es\/#website\"},\"primaryImageOfPage\":{\"@id\":\"https:\/\/www.comercialanma.es\/?product=anis-zoco#primaryimage\"},\"datePublished\":\"2024-08-01T09:26:49+00:00\",\"dateModified\":\"2024-08-01T09:47:42+00:00\",\"description\":\"Anis Zoco | 70cl. | An\\u00eds Zoco\\u00a0es un licor de\\u00a0alta calidad elaborado a partir de semillas de an\\u00eds\\u00a0seleccionadas y otros ingredientes naturales.\",\"breadcrumb\":{\"@id\":\"https:\/\/www.comercialanma.es\/?product=anis-zoco#breadcrumb\"},\"inLanguage\":\"es\",\"potentialAction\":[{\"@type\":\"ReadAction\",\"target\":[\"https:\/\/www.comercialanma.es\/?product=anis-zoco\"]}]},{\"@type\":\"BreadcrumbList\",\"@id\":\"https:\/\/www.comercialanma.es\/?product=anis-zoco#breadcrumb\",\"itemListElement\":[{\"@type\":\"ListItem\",\"position\":1,\"item\":{\"@type\":\"WebPage\",\"@id\":\"https:\/\/www.comercialanma.es\/\",\"url\":\"https:\/\/www.comercialanma.es\/\",\"name\":\"Portada\"}},{\"@type\":\"ListItem\",\"position\":2,\"item\":{\"@type\":\"WebPage\",\"@id\":\"https:\/\/www.comercialanma.es\/?page_id=3963\",\"url\":\"https:\/\/www.comercialanma.es\/?page_id=3963\",\"name\":\"Cat\\u00e1logo de Productos\"}},{\"@type\":\"ListItem\",\"position\":3,\"item\":{\"@type\":\"WebPage\",\"@id\":\"https:\/\/www.comercialanma.es\/?product=anis-zoco\",\"url\":\"https:\/\/www.comercialanma.es\/?product=anis-zoco\",\"name\":\"An\\u00eds Zoco 70cl.\"}}]}]}<\/script>\n<!-- \/ Yoast SEO plugin. -->","_links":{"self":[{"href":"https:\/\/www.comercialanma.es\/index.php?rest_route=\/wp\/v2\/product\/23903"}],"collection":[{"href":"https:\/\/www.comercialanma.es\/index.php?rest_route=\/wp\/v2\/product"}],"about":[{"href":"https:\/\/www.comercialanma.es\/index.php?rest_route=\/wp\/v2\/types\/product"}],"version-history":[{"count":1,"href":"https:\/\/www.comercialanma.es\/index.php?rest_route=\/wp\/v2\/product\/23903\/revisions"}],"predecessor-version":[{"id":23905,"href":"https:\/\/www.comercialanma.es\/index.php?rest_route=\/wp\/v2\/product\/23903\/revisions\/23905"}],"wp:featuredmedia":[{"embeddable":true,"href":"https:\/\/www.comercialanma.es\/index.php?rest_route=\/wp\/v2\/media\/23904"}],"wp:attachment":[{"href":"https:\/\/www.comercialanma.es\/index.php?rest_route=%2Fwp%2Fv2%2Fmedia&parent=23903"}],"curies":[{"name":"wp","href":"https:\/\/api.w.org\/{rel}","templated":true}]}}