
{"id":23943,"date":"2024-09-26T17:11:46","date_gmt":"2024-09-26T15:11:46","guid":{"rendered":"https:\/\/www.comercialanma.es\/?post_type=product&#038;p=23943"},"modified":"2024-09-26T17:16:42","modified_gmt":"2024-09-26T15:16:42","slug":"ratafia-hostia-5l","status":"publish","type":"product","link":"https:\/\/www.comercialanma.es\/?product=ratafia-hostia-5l","title":{"rendered":"Rataf\u00eda L\u00b4H\u00f2stia Bidon 5L."},"content":{"rendered":"<p>La Rataf\u00eda es un licor dulce digestivo muy tradicional en Catalu\u00f1a, aqu\u00ed la elaboraci\u00f3n familiar de la propia Rataf\u00eda est\u00e1 muy arraigada y las recetas familiares se suelen pasar de generaci\u00f3n en generaci\u00f3n.<\/p>\n<p>L&#8217;H\u00f2stia es una Ratafia Hardcore, llamada a ser el nuevo licor de moda entre los jovenes catalanes. Detr\u00e1s de este proyecto est\u00e1n los gemelos Alex y Albert Virgili (Virgili Bross), de la Bodega familiar del Pened\u00e8s Can Virgili en Sant Miquel d&#8217;Ol\u00e8rdola. Su finalidad es acercar al mundo de los licores y los vinos a los nuevos consumidores atrav\u00e9s del humor, el dise\u00f1o y el gamberrismo ilustrado.<\/p>\n","protected":false},"excerpt":{"rendered":"<p><strong>Productor:\u00a0\u00a0<\/strong>Virgili Brothers SL<\/p>\n<p><strong>Regi\u00f3n<\/strong>: Catalu\u00f1a<\/p>\n<p><strong>Botella:<\/strong>\u00a0 5 Litro.<\/p>\n<p><strong>Tipo:<\/strong>\u00a0Licor dulce de nueces y Hierbas<\/p>\n<p><strong>Alcohol:<\/strong>\u00a032% Vol<\/p>\n","protected":false},"featured_media":23944,"template":"","meta":{"spay_email":""},"yoast_head":"<!-- This site is optimized with the Yoast SEO plugin v15.9 - https:\/\/yoast.com\/wordpress\/plugins\/seo\/ -->\n<title>Rataf\u00eda L\u00b4H\u00f2stia Bidon 5L. - Comercial de Hosteleria Anma<\/title>\n<meta name=\"description\" content=\"Rataf\u00eda L\u00b4H\u00f2stia | Bid\u00f3n 5L. | La Rataf\u00eda L\u00b4H\u00f2stia es un licor dulce digestivo muy tradicional en Catalu\u00f1a.\" \/>\n<meta name=\"robots\" content=\"index, follow, max-snippet:-1, max-image-preview:large, max-video-preview:-1\" \/>\n<link rel=\"canonical\" href=\"https:\/\/www.comercialanma.es\/?product=ratafia-hostia-5l\" \/>\n<meta property=\"og:locale\" content=\"es_ES\" \/>\n<meta property=\"og:type\" content=\"article\" \/>\n<meta property=\"og:title\" content=\"Rataf\u00eda L\u00b4H\u00f2stia Bidon 5L. - Comercial de Hosteleria Anma\" \/>\n<meta property=\"og:description\" content=\"Rataf\u00eda L\u00b4H\u00f2stia | Bid\u00f3n 5L. | La Rataf\u00eda L\u00b4H\u00f2stia es un licor dulce digestivo muy tradicional en Catalu\u00f1a.\" \/>\n<meta property=\"og:url\" content=\"https:\/\/www.comercialanma.es\/?product=ratafia-hostia-5l\" \/>\n<meta property=\"og:site_name\" content=\"Comercial de Hosteleria Anma\" \/>\n<meta property=\"article:publisher\" content=\"https:\/\/www.facebook.com\/AnmaHosteleria\" \/>\n<meta property=\"article:modified_time\" content=\"2024-09-26T15:16:42+00:00\" \/>\n<meta property=\"og:image\" content=\"https:\/\/i2.wp.com\/www.comercialanma.es\/wp-content\/uploads\/2024\/09\/RATAFIA-HOSTIA-5L-BIDON.jpg?fit=1080%2C1080&#038;ssl=1\" \/>\n\t<meta property=\"og:image:width\" content=\"1080\" \/>\n\t<meta property=\"og:image:height\" content=\"1080\" \/>\n<meta name=\"twitter:card\" content=\"summary_large_image\" \/>\n<meta name=\"twitter:label1\" content=\"Tiempo de lectura\">\n\t<meta name=\"twitter:data1\" content=\"1 minuto\">\n<script type=\"application\/ld+json\" class=\"yoast-schema-graph\">{\"@context\":\"https:\/\/schema.org\",\"@graph\":[{\"@type\":\"Organization\",\"@id\":\"https:\/\/www.comercialanma.es\/#organization\",\"name\":\"Comercial Anma\",\"url\":\"https:\/\/www.comercialanma.es\/\",\"sameAs\":[\"https:\/\/www.facebook.com\/AnmaHosteleria\",\"https:\/\/www.instagram.com\/anmahosteleria\/?hl=es\",\"https:\/\/www.youtube.com\/channel\/UCT2nmn08Ntks0hmpZPnDgCA\"],\"logo\":{\"@type\":\"ImageObject\",\"@id\":\"https:\/\/www.comercialanma.es\/#logo\",\"inLanguage\":\"es\",\"url\":\"https:\/\/i2.wp.com\/www.comercialanma.es\/wp-content\/uploads\/2019\/06\/logo-anma-color.png?fit=247%2C101&ssl=1\",\"width\":247,\"height\":101,\"caption\":\"Comercial Anma\"},\"image\":{\"@id\":\"https:\/\/www.comercialanma.es\/#logo\"}},{\"@type\":\"WebSite\",\"@id\":\"https:\/\/www.comercialanma.es\/#website\",\"url\":\"https:\/\/www.comercialanma.es\/\",\"name\":\"Comercial de Hosteleria Anma\",\"description\":\"\",\"publisher\":{\"@id\":\"https:\/\/www.comercialanma.es\/#organization\"},\"potentialAction\":[{\"@type\":\"SearchAction\",\"target\":\"https:\/\/www.comercialanma.es\/?s={search_term_string}\",\"query-input\":\"required name=search_term_string\"}],\"inLanguage\":\"es\"},{\"@type\":\"ImageObject\",\"@id\":\"https:\/\/www.comercialanma.es\/?product=ratafia-hostia-5l#primaryimage\",\"inLanguage\":\"es\",\"url\":\"https:\/\/i2.wp.com\/www.comercialanma.es\/wp-content\/uploads\/2024\/09\/RATAFIA-HOSTIA-5L-BIDON.jpg?fit=1080%2C1080&ssl=1\",\"width\":1080,\"height\":1080},{\"@type\":\"WebPage\",\"@id\":\"https:\/\/www.comercialanma.es\/?product=ratafia-hostia-5l#webpage\",\"url\":\"https:\/\/www.comercialanma.es\/?product=ratafia-hostia-5l\",\"name\":\"Rataf\\u00eda L\\u00b4H\\u00f2stia Bidon 5L. - Comercial de Hosteleria Anma\",\"isPartOf\":{\"@id\":\"https:\/\/www.comercialanma.es\/#website\"},\"primaryImageOfPage\":{\"@id\":\"https:\/\/www.comercialanma.es\/?product=ratafia-hostia-5l#primaryimage\"},\"datePublished\":\"2024-09-26T15:11:46+00:00\",\"dateModified\":\"2024-09-26T15:16:42+00:00\",\"description\":\"Rataf\\u00eda L\\u00b4H\\u00f2stia | Bid\\u00f3n 5L. | La Rataf\\u00eda L\\u00b4H\\u00f2stia es un licor dulce digestivo muy tradicional en Catalu\\u00f1a.\",\"breadcrumb\":{\"@id\":\"https:\/\/www.comercialanma.es\/?product=ratafia-hostia-5l#breadcrumb\"},\"inLanguage\":\"es\",\"potentialAction\":[{\"@type\":\"ReadAction\",\"target\":[\"https:\/\/www.comercialanma.es\/?product=ratafia-hostia-5l\"]}]},{\"@type\":\"BreadcrumbList\",\"@id\":\"https:\/\/www.comercialanma.es\/?product=ratafia-hostia-5l#breadcrumb\",\"itemListElement\":[{\"@type\":\"ListItem\",\"position\":1,\"item\":{\"@type\":\"WebPage\",\"@id\":\"https:\/\/www.comercialanma.es\/\",\"url\":\"https:\/\/www.comercialanma.es\/\",\"name\":\"Portada\"}},{\"@type\":\"ListItem\",\"position\":2,\"item\":{\"@type\":\"WebPage\",\"@id\":\"https:\/\/www.comercialanma.es\/?page_id=3963\",\"url\":\"https:\/\/www.comercialanma.es\/?page_id=3963\",\"name\":\"Cat\\u00e1logo de Productos\"}},{\"@type\":\"ListItem\",\"position\":3,\"item\":{\"@type\":\"WebPage\",\"@id\":\"https:\/\/www.comercialanma.es\/?product=ratafia-hostia-5l\",\"url\":\"https:\/\/www.comercialanma.es\/?product=ratafia-hostia-5l\",\"name\":\"Rataf\\u00eda L\\u00b4H\\u00f2stia Bidon 5L.\"}}]}]}<\/script>\n<!-- \/ Yoast SEO plugin. -->","_links":{"self":[{"href":"https:\/\/www.comercialanma.es\/index.php?rest_route=\/wp\/v2\/product\/23943"}],"collection":[{"href":"https:\/\/www.comercialanma.es\/index.php?rest_route=\/wp\/v2\/product"}],"about":[{"href":"https:\/\/www.comercialanma.es\/index.php?rest_route=\/wp\/v2\/types\/product"}],"version-history":[{"count":1,"href":"https:\/\/www.comercialanma.es\/index.php?rest_route=\/wp\/v2\/product\/23943\/revisions"}],"predecessor-version":[{"id":23945,"href":"https:\/\/www.comercialanma.es\/index.php?rest_route=\/wp\/v2\/product\/23943\/revisions\/23945"}],"wp:featuredmedia":[{"embeddable":true,"href":"https:\/\/www.comercialanma.es\/index.php?rest_route=\/wp\/v2\/media\/23944"}],"wp:attachment":[{"href":"https:\/\/www.comercialanma.es\/index.php?rest_route=%2Fwp%2Fv2%2Fmedia&parent=23943"}],"curies":[{"name":"wp","href":"https:\/\/api.w.org\/{rel}","templated":true}]}}