
{"id":23946,"date":"2024-09-27T10:37:40","date_gmt":"2024-09-27T08:37:40","guid":{"rendered":"https:\/\/www.comercialanma.es\/?post_type=product&#038;p=23946"},"modified":"2026-01-07T15:11:59","modified_gmt":"2026-01-07T14:11:59","slug":"early-harvest","status":"publish","type":"product","link":"https:\/\/www.comercialanma.es\/?product=early-harvest","title":{"rendered":"Ram\u00f3n Bilbao Edici\u00f3n Limitada Early Harvest Rosado 75cl."},"content":{"rendered":"<h3>D.O:<\/h3>\n<ul>\n<li>Rioja<\/li>\n<\/ul>\n<h3>Variedades de uva:<\/h3>\n<ul>\n<li><span class=\"tlid-translation translation\" lang=\"es\"><span title=\"\"><span class=\"tablaValorContenido\">Tempranillo blanco<\/span><\/span><\/span><\/li>\n<\/ul>\n<h3>Graduaci\u00f3n:<\/h3>\n<ul>\n<li>Graduaci\u00f3n: 11,0% vol.<\/li>\n<\/ul>\n<h3>Nota de Cata:<\/h3>\n<ul>\n<li>Vino de color rosa p\u00e1lido, fluido, refrescante, y con menor graduaci\u00f3n alcoh\u00f3lica.<\/li>\n<li>Tiene una marcada sensaci\u00f3n c\u00edtrica, cuerpo ligero y tensi\u00f3n.<\/li>\n<\/ul>\n","protected":false},"excerpt":{"rendered":"<p>\u00bfA qu\u00e9 saben las primeras uvas en ser vendimiadas? Curiosos por naturaleza decidimos seleccionar unos vi\u00f1edos para vendimiarlos un poco antes. As\u00ed nacen nuestras Ediciones Limitadas Early Harvest, y con ellas un estilo m\u00e1s ligero, delicado, de vibrante acidez y sensaciones c\u00edtricas y refrescantes.<\/p>\n","protected":false},"featured_media":24554,"template":"","meta":{"spay_email":""},"yoast_head":"<!-- This site is optimized with the Yoast SEO plugin v15.9 - https:\/\/yoast.com\/wordpress\/plugins\/seo\/ -->\n<title>Ram\u00f3n Bilbao Edici\u00f3n Limitada Early Harvest Rosado 75cl. - Comercial de Hosteleria Anma<\/title>\n<meta name=\"description\" content=\"Ram\u00f3n Bilbao Edici\u00f3n Limitada Early Harvest Rosado | 75cl.| vino de color rosa p\u00e1lido, fluido, refrescante, marcada sensaci\u00f3n c\u00edtrica.\" \/>\n<meta name=\"robots\" content=\"index, follow, max-snippet:-1, max-image-preview:large, max-video-preview:-1\" \/>\n<link rel=\"canonical\" href=\"https:\/\/www.comercialanma.es\/?product=early-harvest\" \/>\n<meta property=\"og:locale\" content=\"es_ES\" \/>\n<meta property=\"og:type\" content=\"article\" \/>\n<meta property=\"og:title\" content=\"Ram\u00f3n Bilbao Edici\u00f3n Limitada Early Harvest Rosado 75cl. - Comercial de Hosteleria Anma\" \/>\n<meta property=\"og:description\" content=\"Ram\u00f3n Bilbao Edici\u00f3n Limitada Early Harvest Rosado | 75cl.| vino de color rosa p\u00e1lido, fluido, refrescante, marcada sensaci\u00f3n c\u00edtrica.\" \/>\n<meta property=\"og:url\" content=\"https:\/\/www.comercialanma.es\/?product=early-harvest\" \/>\n<meta property=\"og:site_name\" content=\"Comercial de Hosteleria Anma\" \/>\n<meta property=\"article:publisher\" content=\"https:\/\/www.facebook.com\/AnmaHosteleria\" \/>\n<meta property=\"article:modified_time\" content=\"2026-01-07T14:11:59+00:00\" \/>\n<meta property=\"og:image\" content=\"https:\/\/i1.wp.com\/www.comercialanma.es\/wp-content\/uploads\/2024\/09\/Early-harvest-rosado-26.jpg?fit=1080%2C1080&#038;ssl=1\" \/>\n\t<meta property=\"og:image:width\" content=\"1080\" \/>\n\t<meta property=\"og:image:height\" content=\"1080\" \/>\n<meta name=\"twitter:card\" content=\"summary_large_image\" \/>\n<meta name=\"twitter:label1\" content=\"Tiempo de lectura\">\n\t<meta name=\"twitter:data1\" content=\"1 minuto\">\n<script type=\"application\/ld+json\" class=\"yoast-schema-graph\">{\"@context\":\"https:\/\/schema.org\",\"@graph\":[{\"@type\":\"Organization\",\"@id\":\"https:\/\/www.comercialanma.es\/#organization\",\"name\":\"Comercial Anma\",\"url\":\"https:\/\/www.comercialanma.es\/\",\"sameAs\":[\"https:\/\/www.facebook.com\/AnmaHosteleria\",\"https:\/\/www.instagram.com\/anmahosteleria\/?hl=es\",\"https:\/\/www.youtube.com\/channel\/UCT2nmn08Ntks0hmpZPnDgCA\"],\"logo\":{\"@type\":\"ImageObject\",\"@id\":\"https:\/\/www.comercialanma.es\/#logo\",\"inLanguage\":\"es\",\"url\":\"https:\/\/i2.wp.com\/www.comercialanma.es\/wp-content\/uploads\/2019\/06\/logo-anma-color.png?fit=247%2C101&ssl=1\",\"width\":247,\"height\":101,\"caption\":\"Comercial Anma\"},\"image\":{\"@id\":\"https:\/\/www.comercialanma.es\/#logo\"}},{\"@type\":\"WebSite\",\"@id\":\"https:\/\/www.comercialanma.es\/#website\",\"url\":\"https:\/\/www.comercialanma.es\/\",\"name\":\"Comercial de Hosteleria Anma\",\"description\":\"\",\"publisher\":{\"@id\":\"https:\/\/www.comercialanma.es\/#organization\"},\"potentialAction\":[{\"@type\":\"SearchAction\",\"target\":\"https:\/\/www.comercialanma.es\/?s={search_term_string}\",\"query-input\":\"required name=search_term_string\"}],\"inLanguage\":\"es\"},{\"@type\":\"ImageObject\",\"@id\":\"https:\/\/www.comercialanma.es\/?product=early-harvest#primaryimage\",\"inLanguage\":\"es\",\"url\":\"https:\/\/i1.wp.com\/www.comercialanma.es\/wp-content\/uploads\/2024\/09\/Early-harvest-rosado-26.jpg?fit=1080%2C1080&ssl=1\",\"width\":1080,\"height\":1080},{\"@type\":\"WebPage\",\"@id\":\"https:\/\/www.comercialanma.es\/?product=early-harvest#webpage\",\"url\":\"https:\/\/www.comercialanma.es\/?product=early-harvest\",\"name\":\"Ram\\u00f3n Bilbao Edici\\u00f3n Limitada Early Harvest Rosado 75cl. - Comercial de Hosteleria Anma\",\"isPartOf\":{\"@id\":\"https:\/\/www.comercialanma.es\/#website\"},\"primaryImageOfPage\":{\"@id\":\"https:\/\/www.comercialanma.es\/?product=early-harvest#primaryimage\"},\"datePublished\":\"2024-09-27T08:37:40+00:00\",\"dateModified\":\"2026-01-07T14:11:59+00:00\",\"description\":\"Ram\\u00f3n Bilbao Edici\\u00f3n Limitada Early Harvest Rosado | 75cl.| vino de color rosa p\\u00e1lido, fluido, refrescante, marcada sensaci\\u00f3n c\\u00edtrica.\",\"breadcrumb\":{\"@id\":\"https:\/\/www.comercialanma.es\/?product=early-harvest#breadcrumb\"},\"inLanguage\":\"es\",\"potentialAction\":[{\"@type\":\"ReadAction\",\"target\":[\"https:\/\/www.comercialanma.es\/?product=early-harvest\"]}]},{\"@type\":\"BreadcrumbList\",\"@id\":\"https:\/\/www.comercialanma.es\/?product=early-harvest#breadcrumb\",\"itemListElement\":[{\"@type\":\"ListItem\",\"position\":1,\"item\":{\"@type\":\"WebPage\",\"@id\":\"https:\/\/www.comercialanma.es\/\",\"url\":\"https:\/\/www.comercialanma.es\/\",\"name\":\"Portada\"}},{\"@type\":\"ListItem\",\"position\":2,\"item\":{\"@type\":\"WebPage\",\"@id\":\"https:\/\/www.comercialanma.es\/?page_id=3963\",\"url\":\"https:\/\/www.comercialanma.es\/?page_id=3963\",\"name\":\"Cat\\u00e1logo de Productos\"}},{\"@type\":\"ListItem\",\"position\":3,\"item\":{\"@type\":\"WebPage\",\"@id\":\"https:\/\/www.comercialanma.es\/?product=early-harvest\",\"url\":\"https:\/\/www.comercialanma.es\/?product=early-harvest\",\"name\":\"Ram\\u00f3n Bilbao Edici\\u00f3n Limitada Early Harvest Rosado 75cl.\"}}]}]}<\/script>\n<!-- \/ Yoast SEO plugin. -->","_links":{"self":[{"href":"https:\/\/www.comercialanma.es\/index.php?rest_route=\/wp\/v2\/product\/23946"}],"collection":[{"href":"https:\/\/www.comercialanma.es\/index.php?rest_route=\/wp\/v2\/product"}],"about":[{"href":"https:\/\/www.comercialanma.es\/index.php?rest_route=\/wp\/v2\/types\/product"}],"version-history":[{"count":1,"href":"https:\/\/www.comercialanma.es\/index.php?rest_route=\/wp\/v2\/product\/23946\/revisions"}],"predecessor-version":[{"id":23948,"href":"https:\/\/www.comercialanma.es\/index.php?rest_route=\/wp\/v2\/product\/23946\/revisions\/23948"}],"wp:featuredmedia":[{"embeddable":true,"href":"https:\/\/www.comercialanma.es\/index.php?rest_route=\/wp\/v2\/media\/24554"}],"wp:attachment":[{"href":"https:\/\/www.comercialanma.es\/index.php?rest_route=%2Fwp%2Fv2%2Fmedia&parent=23946"}],"curies":[{"name":"wp","href":"https:\/\/api.w.org\/{rel}","templated":true}]}}