
{"id":23961,"date":"2024-10-01T12:33:16","date_gmt":"2024-10-01T10:33:16","guid":{"rendered":"https:\/\/www.comercialanma.es\/?post_type=product&#038;p=23961"},"modified":"2024-10-01T12:45:33","modified_gmt":"2024-10-01T10:45:33","slug":"sierra-antiguo","status":"publish","type":"product","link":"https:\/\/www.comercialanma.es\/?product=sierra-antiguo","title":{"rendered":"Tequila Sierra Antiguo A\u00f1ejo (100% Agave) 70cl."},"content":{"rendered":"<h3>Nota de cata:<\/h3>\n<ul>\n<li>Hecho al 100 % de agave<\/li>\n<li>Con agave Weber azul recogido a mano<\/li>\n<li>Madurado en viejas cubas de roble de Bourbon<\/li>\n<li>Aroma a agave con mucho cuerpo<\/li>\n<li>Notas de vainilla, pimienta y naranja<\/li>\n<li>Preferiblemente disfrutado como un c\u00f3ctel Margarita<\/li>\n<\/ul>\n<h3>Graduaci\u00f3n:<\/h3>\n<ul>\n<li>40% vol.<\/li>\n<\/ul>\n","protected":false},"excerpt":{"rendered":"<p>Sierra Antiguo A\u00f1ejo: envejecido en barriles de roble durante hasta dos a\u00f1os para conseguir su aroma \u00fanico.<\/p>\n<p>Un proceso de producci\u00f3n tradicional, una meticulosa artesan\u00eda, 100\u00a0% exquisitos agaves y una suave destilaci\u00f3n doble en alambiques con el subsiguiente envejecimiento en barriles de roble de Bourbon garantizan el sabor \u00fanico e intensivo del Sierra Antiguo A\u00f1ejo.<\/p>\n<p>El tequila 100\u00a0% de agave destaca por su c\u00e1lido color dorado profundo y se caracteriza por un sabor arom\u00e1tico y con mucho cuerpo. En cuanto se abre una botella de Sierra Antiguo A\u00f1ejo se percibe toda una variedad de aromas. Gracias a su calidad especial, a su aroma con mucho cuerpo y a su perfil de sabor afrutado, el Sierra Antiguo A\u00f1ejo es ideal para crear numerosas c\u00f3cteles.<\/p>\n","protected":false},"featured_media":23963,"template":"","meta":{"spay_email":""},"yoast_head":"<!-- This site is optimized with the Yoast SEO plugin v15.9 - https:\/\/yoast.com\/wordpress\/plugins\/seo\/ -->\n<title>Tequila Sierra Antiguo A\u00f1ejo (100% Agave) 70cl. - Comercial de Hosteleria Anma<\/title>\n<meta name=\"description\" content=\"Tequila Sierra Antiguo A\u00f1ejo | 40\u00ba | Destaca por un aroma pleno, fresco y afrutado con una ligera nota de chile, reforzado por el agave Weber azul.\" \/>\n<meta name=\"robots\" content=\"index, follow, max-snippet:-1, max-image-preview:large, max-video-preview:-1\" \/>\n<link rel=\"canonical\" href=\"https:\/\/www.comercialanma.es\/?product=sierra-antiguo\" \/>\n<meta property=\"og:locale\" content=\"es_ES\" \/>\n<meta property=\"og:type\" content=\"article\" \/>\n<meta property=\"og:title\" content=\"Tequila Sierra Antiguo A\u00f1ejo (100% Agave) 70cl. - Comercial de Hosteleria Anma\" \/>\n<meta property=\"og:description\" content=\"Tequila Sierra Antiguo A\u00f1ejo | 40\u00ba | Destaca por un aroma pleno, fresco y afrutado con una ligera nota de chile, reforzado por el agave Weber azul.\" \/>\n<meta property=\"og:url\" content=\"https:\/\/www.comercialanma.es\/?product=sierra-antiguo\" \/>\n<meta property=\"og:site_name\" content=\"Comercial de Hosteleria Anma\" \/>\n<meta property=\"article:publisher\" content=\"https:\/\/www.facebook.com\/AnmaHosteleria\" \/>\n<meta property=\"article:modified_time\" content=\"2024-10-01T10:45:33+00:00\" \/>\n<meta property=\"og:image\" content=\"https:\/\/i0.wp.com\/www.comercialanma.es\/wp-content\/uploads\/2024\/10\/tequila-sierra-antiguo-an\u0303ejo.jpg?fit=1080%2C1080&#038;ssl=1\" \/>\n\t<meta property=\"og:image:width\" content=\"1080\" \/>\n\t<meta property=\"og:image:height\" content=\"1080\" \/>\n<meta name=\"twitter:card\" content=\"summary_large_image\" \/>\n<meta name=\"twitter:label1\" content=\"Tiempo de lectura\">\n\t<meta name=\"twitter:data1\" content=\"1 minuto\">\n<script type=\"application\/ld+json\" class=\"yoast-schema-graph\">{\"@context\":\"https:\/\/schema.org\",\"@graph\":[{\"@type\":\"Organization\",\"@id\":\"https:\/\/www.comercialanma.es\/#organization\",\"name\":\"Comercial Anma\",\"url\":\"https:\/\/www.comercialanma.es\/\",\"sameAs\":[\"https:\/\/www.facebook.com\/AnmaHosteleria\",\"https:\/\/www.instagram.com\/anmahosteleria\/?hl=es\",\"https:\/\/www.youtube.com\/channel\/UCT2nmn08Ntks0hmpZPnDgCA\"],\"logo\":{\"@type\":\"ImageObject\",\"@id\":\"https:\/\/www.comercialanma.es\/#logo\",\"inLanguage\":\"es\",\"url\":\"https:\/\/i2.wp.com\/www.comercialanma.es\/wp-content\/uploads\/2019\/06\/logo-anma-color.png?fit=247%2C101&ssl=1\",\"width\":247,\"height\":101,\"caption\":\"Comercial Anma\"},\"image\":{\"@id\":\"https:\/\/www.comercialanma.es\/#logo\"}},{\"@type\":\"WebSite\",\"@id\":\"https:\/\/www.comercialanma.es\/#website\",\"url\":\"https:\/\/www.comercialanma.es\/\",\"name\":\"Comercial de Hosteleria Anma\",\"description\":\"\",\"publisher\":{\"@id\":\"https:\/\/www.comercialanma.es\/#organization\"},\"potentialAction\":[{\"@type\":\"SearchAction\",\"target\":\"https:\/\/www.comercialanma.es\/?s={search_term_string}\",\"query-input\":\"required name=search_term_string\"}],\"inLanguage\":\"es\"},{\"@type\":\"ImageObject\",\"@id\":\"https:\/\/www.comercialanma.es\/?product=sierra-antiguo#primaryimage\",\"inLanguage\":\"es\",\"url\":\"https:\/\/i0.wp.com\/www.comercialanma.es\/wp-content\/uploads\/2024\/10\/tequila-sierra-antiguo-an\\u0303ejo.jpg?fit=1080%2C1080&ssl=1\",\"width\":1080,\"height\":1080},{\"@type\":\"WebPage\",\"@id\":\"https:\/\/www.comercialanma.es\/?product=sierra-antiguo#webpage\",\"url\":\"https:\/\/www.comercialanma.es\/?product=sierra-antiguo\",\"name\":\"Tequila Sierra Antiguo A\\u00f1ejo (100% Agave) 70cl. - Comercial de Hosteleria Anma\",\"isPartOf\":{\"@id\":\"https:\/\/www.comercialanma.es\/#website\"},\"primaryImageOfPage\":{\"@id\":\"https:\/\/www.comercialanma.es\/?product=sierra-antiguo#primaryimage\"},\"datePublished\":\"2024-10-01T10:33:16+00:00\",\"dateModified\":\"2024-10-01T10:45:33+00:00\",\"description\":\"Tequila Sierra Antiguo A\\u00f1ejo | 40\\u00ba | Destaca por un aroma pleno, fresco y afrutado con una ligera nota de chile, reforzado por el agave Weber azul.\",\"breadcrumb\":{\"@id\":\"https:\/\/www.comercialanma.es\/?product=sierra-antiguo#breadcrumb\"},\"inLanguage\":\"es\",\"potentialAction\":[{\"@type\":\"ReadAction\",\"target\":[\"https:\/\/www.comercialanma.es\/?product=sierra-antiguo\"]}]},{\"@type\":\"BreadcrumbList\",\"@id\":\"https:\/\/www.comercialanma.es\/?product=sierra-antiguo#breadcrumb\",\"itemListElement\":[{\"@type\":\"ListItem\",\"position\":1,\"item\":{\"@type\":\"WebPage\",\"@id\":\"https:\/\/www.comercialanma.es\/\",\"url\":\"https:\/\/www.comercialanma.es\/\",\"name\":\"Portada\"}},{\"@type\":\"ListItem\",\"position\":2,\"item\":{\"@type\":\"WebPage\",\"@id\":\"https:\/\/www.comercialanma.es\/?page_id=3963\",\"url\":\"https:\/\/www.comercialanma.es\/?page_id=3963\",\"name\":\"Cat\\u00e1logo de Productos\"}},{\"@type\":\"ListItem\",\"position\":3,\"item\":{\"@type\":\"WebPage\",\"@id\":\"https:\/\/www.comercialanma.es\/?product=sierra-antiguo\",\"url\":\"https:\/\/www.comercialanma.es\/?product=sierra-antiguo\",\"name\":\"Tequila Sierra Antiguo A\\u00f1ejo (100% Agave) 70cl.\"}}]}]}<\/script>\n<!-- \/ Yoast SEO plugin. -->","_links":{"self":[{"href":"https:\/\/www.comercialanma.es\/index.php?rest_route=\/wp\/v2\/product\/23961"}],"collection":[{"href":"https:\/\/www.comercialanma.es\/index.php?rest_route=\/wp\/v2\/product"}],"about":[{"href":"https:\/\/www.comercialanma.es\/index.php?rest_route=\/wp\/v2\/types\/product"}],"version-history":[{"count":1,"href":"https:\/\/www.comercialanma.es\/index.php?rest_route=\/wp\/v2\/product\/23961\/revisions"}],"predecessor-version":[{"id":23964,"href":"https:\/\/www.comercialanma.es\/index.php?rest_route=\/wp\/v2\/product\/23961\/revisions\/23964"}],"wp:featuredmedia":[{"embeddable":true,"href":"https:\/\/www.comercialanma.es\/index.php?rest_route=\/wp\/v2\/media\/23963"}],"wp:attachment":[{"href":"https:\/\/www.comercialanma.es\/index.php?rest_route=%2Fwp%2Fv2%2Fmedia&parent=23961"}],"curies":[{"name":"wp","href":"https:\/\/api.w.org\/{rel}","templated":true}]}}